{"id":1111,"date":"2023-07-21T18:41:36","date_gmt":"2023-07-21T18:41:36","guid":{"rendered":"https:\/\/www.esportsbets.com\/br\/?page_id=1111"},"modified":"2024-01-25T22:54:57","modified_gmt":"2024-01-25T22:54:57","slug":"cassino","status":"publish","type":"page","link":"https:\/\/www.esportsbets.com\/br\/reviews\/ggbet\/cassino\/","title":{"rendered":"O Cassino GG.Bet \u00e9 confi\u00e1vel? App, b\u00f4nus e muito mais!"},"content":{"rendered":"<p><span style=\"font-weight: 400;\">Se voc\u00ea est\u00e1 em busca de uma experi\u00eancia de cassino online emocionante e confi\u00e1vel, chegou ao lugar certo! Nesta an\u00e1lise detalhada, exploraremos todos os aspectos do <\/span><b>Cassino GG.Bet<\/b><span style=\"font-weight: 400;\">, respondendo tamb\u00e9m na quest\u00e3o crucial:<\/span><b> &#8220;O<\/b><b> Cassino GG.Bet \u00e9 confi\u00e1vel?<\/b><b>&#8220;<\/b><\/p>\n[cta id=3556 type=cta]\n<p><span style=\"font-weight: 400;\">Aqui, examinaremos cuidadosamente os servi\u00e7os do Cassino, para que voc\u00ea possa tomar decis\u00f5es informadas e seguras ao escolher seu local de entretenimento. Vamos descobrir todos os segredos do Cassino GG.Bet, al\u00e9m de explorar os recursos exclusivos que o tornam uma op\u00e7\u00e3o atraente para os entusiastas de jogos de cassino online.<\/span><\/p>\n<h2 id='todos-os-jogos-do-cassino-gg-bet'>Todos os jogos do Cassino GG.Bet<\/h2>\n<p><span style=\"font-weight: 400;\">O <\/span><span style=\"font-weight: 400;\">Cassino GG.Bet<\/span><span style=\"font-weight: 400;\"> oferece uma extensa sele\u00e7\u00e3o de jogos emocionantes para os entusiastas de cassino. Entre as principais categorias de jogos dispon\u00edveis, destacam-se:<\/span><\/p>\n<figure id=\"attachment_1113\" aria-describedby=\"caption-attachment-1113\" style=\"width: 800px\" class=\"wp-caption aligncenter\"><img loading=\"lazy\" decoding=\"async\" class=\"size-full wp-image-1113\" src=\"https:\/\/www.esportsbets.com\/br\/wp-content\/uploads\/sites\/2\/2023\/07\/cassino-da-ggbet-brasil-2023.webp\" alt=\"cassino-da-ggbet-brasil-2023\" width=\"800\" height=\"450\" srcset=\"https:\/\/www.esportsbets.com\/br\/wp-content\/uploads\/sites\/2\/2023\/07\/cassino-da-ggbet-brasil-2023.webp 800w, https:\/\/www.esportsbets.com\/br\/wp-content\/uploads\/sites\/2\/2023\/07\/cassino-da-ggbet-brasil-2023-300x169.webp 300w, https:\/\/www.esportsbets.com\/br\/wp-content\/uploads\/sites\/2\/2023\/07\/cassino-da-ggbet-brasil-2023-768x432.webp 768w\" sizes=\"auto, (max-width: 800px) 100vw, 800px\" \/><figcaption id=\"caption-attachment-1113\" class=\"wp-caption-text\">Divulga\u00e7\u00e3o: GG.BET<\/figcaption><\/figure>\n<h3 id='slots'>Slots<\/h3>\n<p><span style=\"font-weight: 400;\">Os Slots s\u00e3o o destaque do cassino, com uma ampla variedade de op\u00e7\u00f5es para todos os gostos. Os jogadores encontrar\u00e3o uma cole\u00e7\u00e3o diversificada de jogos modernos, cl\u00e1ssicos e tem\u00e1ticos, com recursos especiais, rodadas b\u00f4nus e jackpots progressivos.<\/span><\/p>\n<p><span style=\"font-weight: 400;\">Alguns t\u00edtulos populares incluem<\/span><b> &#8220;GG.Bet Book of Demi Gods&#8221;<\/b><span style=\"font-weight: 400;\">,<\/span><b> &#8220;Game of Thrones Power Stacks&#8221;<\/b><span style=\"font-weight: 400;\">,<\/span><b> &#8220;Thunder Struck Wild Lightning&#8221;<\/b><span style=\"font-weight: 400;\"> e muitos outros. Todos os t\u00edtulos com fornecedores de renome, como Microgaming e Betsoft.<\/span><\/p>\n<h3 id='jogos-de-mesa'>Jogos de Mesa<\/h3>\n<p><span style=\"font-weight: 400;\">Os amantes dos jogos cl\u00e1ssicos de mesa t\u00eam v\u00e1rias op\u00e7\u00f5es \u00e0 disposi\u00e7\u00e3o. O <\/span><span style=\"font-weight: 400;\">Cassino GG.Bet<\/span><span style=\"font-weight: 400;\"> oferece v\u00e1rias varia\u00e7\u00f5es de jogos como <\/span><b>Blackjack<\/b><span style=\"font-weight: 400;\">, <\/span><b>Bacar\u00e1 <\/b><span style=\"font-weight: 400;\">e <\/span><b>Poker<\/b><span style=\"font-weight: 400;\">.\u00a0<\/span><span style=\"font-weight: 400;\">Os jogadores podem testar suas habilidades em diferentes vers\u00f5es desses jogos tradicionais de cassino e desfrutar de uma experi\u00eancia aut\u00eantica.<\/span><\/p>\n<p><span style=\"font-weight: 400;\">Quer mais emo\u00e7\u00e3o nas suas apostas? Veja como funcionam os <\/span><a href=\"https:\/\/www.esportsbets.com\/br\/noticias\/ggbet-codigo-promocional\/\"><span style=\"font-weight: 400;\">c\u00f3digos promocionais da GG.Bet<\/span><\/a><span style=\"font-weight: 400;\"> e ganhe b\u00f4nus imperd\u00edveis. Leia e confira agora!<\/span><\/p>\n<h3 id='cassino-ao-vivo'>Cassino ao Vivo<\/h3>\n<p><span style=\"font-weight: 400;\">Para aqueles que buscam a atmosfera emocionante de um cassino real, o<\/span><span style=\"font-weight: 400;\"> Cassino GG.Bet<\/span><span style=\"font-weight: 400;\"> oferece uma se\u00e7\u00e3o de cassino ao vivo. Os jogadores podem<\/span><b> interagir com dealers humanos<\/b><span style=\"font-weight: 400;\"> e participar de jogos como <\/span><b>Roleta<\/b><span style=\"font-weight: 400;\">, <\/span><b>Blackjack<\/b><span style=\"font-weight: 400;\">, <\/span><b>Casino Hold&#8217;em<\/b><span style=\"font-weight: 400;\">, <\/span><b>Keno <\/b><span style=\"font-weight: 400;\">e muito mais, atrav\u00e9s de transmiss\u00f5es ao vivo de alta qualidade.<\/span><\/p>\n<p><span style=\"font-weight: 400;\">A variedade de jogos oferecidos pelo <\/span><span style=\"font-weight: 400;\">Cassino GG.Bet<\/span><span style=\"font-weight: 400;\"> garante que todos os jogadores encontrem algo que atenda \u00e0s suas prefer\u00eancias e interesses. Desde os jogos cl\u00e1ssicos de cassino at\u00e9 os slots tem\u00e1ticos mais modernos, o<\/span><span style=\"font-weight: 400;\"> Cassino da GG.Bet<\/span><span style=\"font-weight: 400;\"> \u00e9 um destino completo para entusiastas que buscam uma experi\u00eancia empolgante e divertida.<\/span><\/p>\n[cta id=3556 type=cta]\n<h2 id='app-do-cassino-gg-bet'>App do Cassino GG.Bet<\/h2>\n<p><span style=\"font-weight: 400;\">O <\/span><span style=\"font-weight: 400;\">Cassino GG.Bet oferece um <a href=\"https:\/\/www.esportsbets.com\/br\/guias\/como-baixar-o-app-ggbet\/\">app da GG.Bet<\/a> dedicado<\/span><span style=\"font-weight: 400;\"> para proporcionar uma experi\u00eancia de jogo conveniente e envolvente aos seus usu\u00e1rios. O aplicativo foi <\/span><b>desenvolvido para dispositivos Android<\/b><span style=\"font-weight: 400;\">, permitindo que os jogadores acessem seus jogos de cassino favoritos em qualquer lugar e a qualquer momento.<\/span><\/p>\n<p><span style=\"font-weight: 400;\">O processo de obten\u00e7\u00e3o do aplicativo \u00e9 simples e direto. <\/span><b>Os usu\u00e1rios de dispositivos Android podem baixar o aplicativo diretamente do site oficial do<\/b><b> Cassino GG.Bet<\/b><span style=\"font-weight: 400;\">. Ap\u00f3s a instala\u00e7\u00e3o, basta fazer login com as credenciais da conta existente ou criar uma nova conta para come\u00e7ar a desfrutar dos jogos dispon\u00edveis.<\/span><\/p>\n<p><span style=\"font-weight: 400;\">Para <\/span><b>usu\u00e1rios de dispositivos iOS<\/b><span style=\"font-weight: 400;\">, embora o aplicativo dedicado n\u00e3o esteja dispon\u00edvel, o Cassino GG.Bet oferece uma solu\u00e7\u00e3o alternativa. Os usu\u00e1rios de dispositivos iOS podem criar um <\/span><b>atalho para o site m\u00f3vel da GG.Bet<\/b><span style=\"font-weight: 400;\"> em seus dispositivos, proporcionando um acesso r\u00e1pido e f\u00e1cil ao cassino.<\/span><\/p>\n<figure id=\"attachment_1112\" aria-describedby=\"caption-attachment-1112\" style=\"width: 800px\" class=\"wp-caption aligncenter\"><img loading=\"lazy\" decoding=\"async\" class=\"size-full wp-image-1112\" src=\"https:\/\/www.esportsbets.com\/br\/wp-content\/uploads\/sites\/2\/2023\/07\/ggbet-cassino-2023.webp\" alt=\"ggbet-cassino-2023\" width=\"800\" height=\"450\" srcset=\"https:\/\/www.esportsbets.com\/br\/wp-content\/uploads\/sites\/2\/2023\/07\/ggbet-cassino-2023.webp 800w, https:\/\/www.esportsbets.com\/br\/wp-content\/uploads\/sites\/2\/2023\/07\/ggbet-cassino-2023-300x169.webp 300w, https:\/\/www.esportsbets.com\/br\/wp-content\/uploads\/sites\/2\/2023\/07\/ggbet-cassino-2023-768x432.webp 768w\" sizes=\"auto, (max-width: 800px) 100vw, 800px\" \/><figcaption id=\"caption-attachment-1112\" class=\"wp-caption-text\">Divulga\u00e7\u00e3o: GG.BET<\/figcaption><\/figure>\n<h2 id='b%c3%b4nus-do-cassino-gg-bet'>B\u00f4nus do Cassino GG.Bet<\/h2>\n<p><span style=\"font-weight: 400;\">Veja como obter os b\u00f4nus e rodadas gr\u00e1tis ao se <\/span><a href=\"https:\/\/www.esportsbets.com\/br\/guias\/como-criar-uma-conta-na-ggbet\/\"><span style=\"font-weight: 400;\">cadastrar na GG.Bet<\/span><\/a><span style=\"font-weight: 400;\"> e fazer seus primeiros dep\u00f3sitos:<\/span><\/p>\n<ul>\n<li style=\"font-weight: 400;\"><b>B\u00f4nus de Primeiro Dep\u00f3sito<\/b><span style=\"font-weight: 400;\">: Fa\u00e7a um primeiro dep\u00f3sito de pelo menos 35 R$ e receba um b\u00f4nus de dep\u00f3sito de 100% e 75 rodadas gr\u00e1tis no <\/span><b>jogo Big Bass Splash<\/b><span style=\"font-weight: 400;\">. O montante m\u00e1ximo do b\u00f4nus \u00e9 de 2.500 R$.<\/span><\/li>\n<li style=\"font-weight: 400;\"><b>B\u00f4nus de Segundo Dep\u00f3sito<\/b><span style=\"font-weight: 400;\">: Realize um segundo dep\u00f3sito de pelo menos 50 R$ e receba um b\u00f4nus de dep\u00f3sito de 125% e 100 rodadas gr\u00e1tis no<\/span><b> jogo Book of GG.Bet<\/b><span style=\"font-weight: 400;\">. O montante m\u00e1ximo do b\u00f4nus \u00e9 de 1.000 R$.<\/span><\/li>\n<li style=\"font-weight: 400;\"><b>B\u00f4nus de Terceiro Dep\u00f3sit<\/b><span style=\"font-weight: 400;\">o: Efetue um terceiro dep\u00f3sito de pelo menos 50 R$ e receba um b\u00f4nus de dep\u00f3sito de 150% e 100 rodadas gr\u00e1tis no<\/span><b> jogo Gates of Olympus<\/b><span style=\"font-weight: 400;\">. O montante m\u00e1ximo do b\u00f4nus \u00e9 de 1.500 R$.<\/span><\/li>\n<li style=\"font-weight: 400;\"><b>B\u00f4nus de Quarto Dep\u00f3sit<\/b><span style=\"font-weight: 400;\">o: Fa\u00e7a um quarto dep\u00f3sito de pelo menos 80 R$ e receba um b\u00f4nus de dep\u00f3sito de 175% e 25 rodadas gr\u00e1tis no<\/span><b> jogo Hot Volcano<\/b><span style=\"font-weight: 400;\">. O montante m\u00e1ximo do b\u00f4nus \u00e9 de 2.500 R$.<\/span><\/li>\n<\/ul>\n<h2 id='o-cassino-gg-bet-%c3%a9-confi%c3%a1vel'>O Cassino GG.Bet \u00e9 confi\u00e1vel?<\/h2>\n<p><span style=\"font-weight: 400;\">Sim. <\/span><b>A <\/b><a href=\"https:\/\/www.esportsbets.com\/br\/reviews\/ggbet\/\"><b>GG.Bet Brasil<\/b><\/a><b> \u00e9 uma casa de apostas confi\u00e1vel<\/b><span style=\"font-weight: 400;\"> e com excelente reputa\u00e7\u00e3o no territ\u00f3rio nacional. Ela \u00e9 uma marca criada pela <\/span><b>Brivio Limited<\/b><span style=\"font-weight: 400;\">, fundada em 2016.\u00a0<\/span><\/p>\n<p><span style=\"font-weight: 400;\">Al\u00e9m disso, \u00e9 importante destacar que todos os servi\u00e7os de apostas e cassinos oferecidos pela GG.Bet s\u00e3o devidamente <\/span><b>licenciados pela Invicta Networks<\/b><span style=\"font-weight: 400;\">, garantindo uma experi\u00eancia segura e regulamentada para os jogadores.<\/span><\/p>\n[cta id=3556 type=cta]\n<h2 id='se-divirta-com-o-cassino-gg-bet'>Se divirta com o Cassino GG.Bet!<\/h2>\n<p><span style=\"font-weight: 400;\">Com uma grande sele\u00e7\u00e3o de jogos, b\u00f4nus generosos e uma reputa\u00e7\u00e3o confi\u00e1vel, <\/span><b>a GG.Bet possui um dos melhores Cassinos <\/b><span style=\"font-weight: 400;\">para se divertir com seguran\u00e7a. Fa\u00e7a seu cadastro e desfrute de toda a divers\u00e3o que o Cassino GG.Bet tem para oferecer, boa sorte!<\/span><\/p>\n<h2 id='perguntas-frequentes'>Perguntas Frequentes<\/h2>\n<section class=\"faq-container\" itemscope itemtype=\"http:\/\/schema.org\/FAQPage\">\n<div class=\"faq-wrapper\" itemscope itemprop=\"mainEntity\" itemtype=\"https:\/\/schema.org\/Question\">\n                      <h3 class=\"faq-question\" itemprop=\"name\" class=\"faq-title\">O Cassino GG.Bet oferece suporte ao cliente? <\/h3>\n                        <div itemscope itemprop=\"acceptedAnswer\" itemtype=\"https:\/\/schema.org\/Answer\">\n                            <div class=\"faq-answer\" itemprop=\"text\">\nSim, o Cassino GG.Bet oferece suporte ao cliente 24\/7 por meio de chat ao vivo e e-mail. Os jogadores podem obter assist\u00eancia com dep\u00f3sitos, saques, b\u00f4nus, jogos e outras d\u00favidas relacionadas ao cassino. <\/div>\n                        <\/div>\n                   <\/div>\n<div class=\"faq-wrapper\" itemscope itemprop=\"mainEntity\" itemtype=\"https:\/\/schema.org\/Question\">\n                      <h3 class=\"faq-question\" itemprop=\"name\" class=\"faq-title\">Como receber o b\u00f4nus de boas-vindas no Cassino GG.Bet? <\/h3>\n                        <div itemscope itemprop=\"acceptedAnswer\" itemtype=\"https:\/\/schema.org\/Answer\">\n                            <div class=\"faq-answer\" itemprop=\"text\">\nBasta se registrar ou fazer login no Cassino GG.Bet. Em seguida, acesse o seu perfil e ative a oferta na se\u00e7\u00e3o &#8220;B\u00f4nus&#8221; dentro dos primeiros 5 dias ap\u00f3s o cadastro. Os fundos de b\u00f4nus e as rodadas gr\u00e1tis ser\u00e3o automaticamente creditados ao fazer um dep\u00f3sito eleg\u00edvel. <\/div>\n                        <\/div>\n                   <\/div>\n<div class=\"faq-wrapper\" itemscope itemprop=\"mainEntity\" itemtype=\"https:\/\/schema.org\/Question\">\n                      <h3 class=\"faq-question\" itemprop=\"name\" class=\"faq-title\">Posso acessar o Cassino GG.Bet em dispositivos m\u00f3veis? <\/h3>\n                        <div itemscope itemprop=\"acceptedAnswer\" itemtype=\"https:\/\/schema.org\/Answer\">\n                            <div class=\"faq-answer\" itemprop=\"text\">\nSim, o Cassino GG.Bet \u00e9 compat\u00edvel com dispositivos m\u00f3veis e pode ser acessado atrav\u00e9s de smartphones e tablets, tanto em dispositivos Android quanto iOS. Os usu\u00e1rios de Android t\u00eam a op\u00e7\u00e3o de baixar o aplicativo para uma experi\u00eancia ainda mais conveniente. <\/div>\n                        <\/div>\n                   <\/div>\n<div class=\"faq-wrapper\" itemscope itemprop=\"mainEntity\" itemtype=\"https:\/\/schema.org\/Question\">\n                      <h3 class=\"faq-question\" itemprop=\"name\" class=\"faq-title\">O Cassino da GG.Bet \u00e9 seguro e confi\u00e1vel? <\/h3>\n                        <div itemscope itemprop=\"acceptedAnswer\" itemtype=\"https:\/\/schema.org\/Answer\">\n                            <div class=\"faq-answer\" itemprop=\"text\">\nSim, o Cassino GG.Bet \u00e9 conhecido por sua reputa\u00e7\u00e3o de seguran\u00e7a e confiabilidade. Possuindo licen\u00e7as de opera\u00e7\u00e3o por autoridades competentes, a GG.Bet garante a prote\u00e7\u00e3o de dados dos jogadores e a justi\u00e7a nos jogos. <\/div>\n                        <\/div>\n                   <\/div>\n<\/section>\n[cta id=3556 type=cta]\n","protected":false},"excerpt":{"rendered":"<p>Se voc\u00ea est\u00e1 em busca de uma experi\u00eancia de cassino online emocionante e confi\u00e1vel, chegou ao lugar certo! Nesta an\u00e1lise detalhada,&hellip;<\/p>\n","protected":false},"author":98,"featured_media":1112,"parent":359,"menu_order":0,"comment_status":"closed","ping_status":"closed","template":"","meta":{"_stopmodifiedupdate":false,"_modified_date":"","footnotes":""},"class_list":["post-1111","page","type-page","status-publish","has-post-thumbnail","hentry"],"acf":[],"yoast_head":"<!-- This site is optimized with the Yoast SEO plugin v20.11 - https:\/\/yoast.com\/wordpress\/plugins\/seo\/ -->\n<title>Cassino GG.Bet \u25b7 Como cadastrar, b\u00f4nus e ofertas<\/title>\n<meta name=\"description\" content=\"Explore o empolgante Cassino GG.Bet em 2024! \u2192 Nossa an\u00e1lise detalhada abrange toda a variedade de jogos, app, b\u00f4nus e mais. Leia e confira!\" \/>\n<meta name=\"robots\" content=\"index, follow, max-snippet:-1, max-image-preview:large, max-video-preview:-1\" \/>\n<link rel=\"canonical\" href=\"https:\/\/www.esportsbets.com\/br\/reviews\/ggbet\/cassino\/\" \/>\n<meta property=\"og:locale\" content=\"pt_BR\" \/>\n<meta property=\"og:type\" content=\"article\" \/>\n<meta property=\"og:title\" content=\"Cassino GG.Bet \u25b7 Como cadastrar, b\u00f4nus e ofertas\" \/>\n<meta property=\"og:description\" content=\"Explore o empolgante Cassino GG.Bet em 2024! \u2192 Nossa an\u00e1lise detalhada abrange toda a variedade de jogos, app, b\u00f4nus e mais. Leia e confira!\" \/>\n<meta property=\"og:url\" content=\"https:\/\/www.esportsbets.com\/br\/reviews\/ggbet\/cassino\/\" \/>\n<meta property=\"og:site_name\" content=\"EsportsBets BR\" \/>\n<meta property=\"article:modified_time\" content=\"2024-01-25T22:54:57+00:00\" \/>\n<meta property=\"og:image\" content=\"https:\/\/www.esportsbets.com\/br\/wp-content\/uploads\/sites\/2\/2023\/07\/ggbet-cassino-2023.webp\" \/>\n\t<meta property=\"og:image:width\" content=\"800\" \/>\n\t<meta property=\"og:image:height\" content=\"450\" \/>\n\t<meta property=\"og:image:type\" content=\"image\/webp\" \/>\n<meta name=\"twitter:card\" content=\"summary_large_image\" \/>\n<meta name=\"twitter:label1\" content=\"Est. tempo de leitura\" \/>\n\t<meta name=\"twitter:data1\" content=\"7 minutos\" \/>\n<script type=\"application\/ld+json\" class=\"yoast-schema-graph\">{\"@context\":\"https:\/\/schema.org\",\"@graph\":[{\"@type\":\"WebPage\",\"@id\":\"https:\/\/www.esportsbets.com\/br\/reviews\/ggbet\/cassino\/\",\"url\":\"https:\/\/www.esportsbets.com\/br\/reviews\/ggbet\/cassino\/\",\"name\":\"Cassino GG.Bet \u25b7 Como cadastrar, b\u00f4nus e ofertas\",\"isPartOf\":{\"@id\":\"https:\/\/www.esportsbets.com\/br\/#website\"},\"datePublished\":\"2023-07-21T18:41:36+00:00\",\"dateModified\":\"2024-01-25T22:54:57+00:00\",\"description\":\"Explore o empolgante Cassino GG.Bet em 2024! \u2192 Nossa an\u00e1lise detalhada abrange toda a variedade de jogos, app, b\u00f4nus e mais. Leia e confira!\",\"breadcrumb\":{\"@id\":\"https:\/\/www.esportsbets.com\/br\/reviews\/ggbet\/cassino\/#breadcrumb\"},\"inLanguage\":\"pt-BR\",\"potentialAction\":[{\"@type\":\"ReadAction\",\"target\":[\"https:\/\/www.esportsbets.com\/br\/reviews\/ggbet\/cassino\/\"]}]},{\"@type\":\"BreadcrumbList\",\"@id\":\"https:\/\/www.esportsbets.com\/br\/reviews\/ggbet\/cassino\/#breadcrumb\",\"itemListElement\":[{\"@type\":\"ListItem\",\"position\":1,\"name\":\"Home\",\"item\":\"https:\/\/www.esportsbets.com\/br\/\"},{\"@type\":\"ListItem\",\"position\":2,\"name\":\"Melhores sites de apostas em esports: veja casas de apostas confi\u00e1veis\",\"item\":\"https:\/\/www.esportsbets.com\/br\/reviews\/\"},{\"@type\":\"ListItem\",\"position\":3,\"name\":\"GG.BET \u00e9 conf\u00edavel? Veja como apostar, resgatar b\u00f4nus e m\u00e9todos de pagamento em nossa an\u00e1lise!\",\"item\":\"https:\/\/www.esportsbets.com\/br\/reviews\/ggbet\/\"},{\"@type\":\"ListItem\",\"position\":4,\"name\":\"O Cassino GG.Bet \u00e9 confi\u00e1vel? App, b\u00f4nus e muito mais!\"}]},{\"@type\":\"WebSite\",\"@id\":\"https:\/\/www.esportsbets.com\/br\/#website\",\"url\":\"https:\/\/www.esportsbets.com\/br\/\",\"name\":\"EsportsBets BR\",\"description\":\"\",\"publisher\":{\"@id\":\"https:\/\/www.esportsbets.com\/br\/#organization\"},\"potentialAction\":[{\"@type\":\"SearchAction\",\"target\":{\"@type\":\"EntryPoint\",\"urlTemplate\":\"https:\/\/www.esportsbets.com\/br\/?s={search_term_string}\"},\"query-input\":\"required name=search_term_string\"}],\"inLanguage\":\"pt-BR\"},{\"@type\":\"Organization\",\"@id\":\"https:\/\/www.esportsbets.com\/br\/#organization\",\"name\":\"EsportsBets BR\",\"url\":\"https:\/\/www.esportsbets.com\/br\/\",\"logo\":{\"@type\":\"ImageObject\",\"inLanguage\":\"pt-BR\",\"@id\":\"https:\/\/www.esportsbets.com\/br\/#\/schema\/logo\/image\/\",\"url\":\"https:\/\/www.esportsbets.com\/br\/wp-content\/uploads\/sites\/2\/2024\/01\/logo.svg\",\"contentUrl\":\"https:\/\/www.esportsbets.com\/br\/wp-content\/uploads\/sites\/2\/2024\/01\/logo.svg\",\"width\":\"469\",\"height\":\"80\",\"caption\":\"EsportsBets BR\"},\"image\":{\"@id\":\"https:\/\/www.esportsbets.com\/br\/#\/schema\/logo\/image\/\"}}]}<\/script>\n<!-- \/ Yoast SEO plugin. -->","yoast_head_json":{"title":"Cassino GG.Bet \u25b7 Como cadastrar, b\u00f4nus e ofertas","description":"Explore o empolgante Cassino GG.Bet em 2024! \u2192 Nossa an\u00e1lise detalhada abrange toda a variedade de jogos, app, b\u00f4nus e mais. Leia e confira!","robots":{"index":"index","follow":"follow","max-snippet":"max-snippet:-1","max-image-preview":"max-image-preview:large","max-video-preview":"max-video-preview:-1"},"canonical":"https:\/\/www.esportsbets.com\/br\/reviews\/ggbet\/cassino\/","og_locale":"pt_BR","og_type":"article","og_title":"Cassino GG.Bet \u25b7 Como cadastrar, b\u00f4nus e ofertas","og_description":"Explore o empolgante Cassino GG.Bet em 2024! \u2192 Nossa an\u00e1lise detalhada abrange toda a variedade de jogos, app, b\u00f4nus e mais. Leia e confira!","og_url":"https:\/\/www.esportsbets.com\/br\/reviews\/ggbet\/cassino\/","og_site_name":"EsportsBets BR","article_modified_time":"2024-01-25T22:54:57+00:00","og_image":[{"width":"800","height":"450","url":"https:\/\/www.esportsbets.com\/br\/wp-content\/uploads\/sites\/2\/2023\/07\/ggbet-cassino-2023.webp","type":"image\/webp"}],"twitter_card":"summary_large_image","twitter_misc":{"Est. tempo de leitura":"7 minutos"},"schema":{"@context":"https:\/\/schema.org","@graph":[{"@type":"WebPage","@id":"https:\/\/www.esportsbets.com\/br\/reviews\/ggbet\/cassino\/","url":"https:\/\/www.esportsbets.com\/br\/reviews\/ggbet\/cassino\/","name":"Cassino GG.Bet \u25b7 Como cadastrar, b\u00f4nus e ofertas","isPartOf":{"@id":"https:\/\/www.esportsbets.com\/br\/#website"},"datePublished":"2023-07-21T18:41:36+00:00","dateModified":"2024-01-25T22:54:57+00:00","description":"Explore o empolgante Cassino GG.Bet em 2024! \u2192 Nossa an\u00e1lise detalhada abrange toda a variedade de jogos, app, b\u00f4nus e mais. Leia e confira!","breadcrumb":{"@id":"https:\/\/www.esportsbets.com\/br\/reviews\/ggbet\/cassino\/#breadcrumb"},"inLanguage":"pt-BR","potentialAction":[{"@type":"ReadAction","target":["https:\/\/www.esportsbets.com\/br\/reviews\/ggbet\/cassino\/"]}]},{"@type":"BreadcrumbList","@id":"https:\/\/www.esportsbets.com\/br\/reviews\/ggbet\/cassino\/#breadcrumb","itemListElement":[{"@type":"ListItem","position":1,"name":"Home","item":"https:\/\/www.esportsbets.com\/br\/"},{"@type":"ListItem","position":2,"name":"Melhores sites de apostas em esports: veja casas de apostas confi\u00e1veis","item":"https:\/\/www.esportsbets.com\/br\/reviews\/"},{"@type":"ListItem","position":3,"name":"GG.BET \u00e9 conf\u00edavel? Veja como apostar, resgatar b\u00f4nus e m\u00e9todos de pagamento em nossa an\u00e1lise!","item":"https:\/\/www.esportsbets.com\/br\/reviews\/ggbet\/"},{"@type":"ListItem","position":4,"name":"O Cassino GG.Bet \u00e9 confi\u00e1vel? App, b\u00f4nus e muito mais!"}]},{"@type":"WebSite","@id":"https:\/\/www.esportsbets.com\/br\/#website","url":"https:\/\/www.esportsbets.com\/br\/","name":"EsportsBets BR","description":"","publisher":{"@id":"https:\/\/www.esportsbets.com\/br\/#organization"},"potentialAction":[{"@type":"SearchAction","target":{"@type":"EntryPoint","urlTemplate":"https:\/\/www.esportsbets.com\/br\/?s={search_term_string}"},"query-input":"required name=search_term_string"}],"inLanguage":"pt-BR"},{"@type":"Organization","@id":"https:\/\/www.esportsbets.com\/br\/#organization","name":"EsportsBets BR","url":"https:\/\/www.esportsbets.com\/br\/","logo":{"@type":"ImageObject","inLanguage":"pt-BR","@id":"https:\/\/www.esportsbets.com\/br\/#\/schema\/logo\/image\/","url":"https:\/\/www.esportsbets.com\/br\/wp-content\/uploads\/sites\/2\/2024\/01\/logo.svg","contentUrl":"https:\/\/www.esportsbets.com\/br\/wp-content\/uploads\/sites\/2\/2024\/01\/logo.svg","width":"469","height":"80","caption":"EsportsBets BR"},"image":{"@id":"https:\/\/www.esportsbets.com\/br\/#\/schema\/logo\/image\/"}}]}},"_links":{"self":[{"href":"https:\/\/www.esportsbets.com\/br\/wp-json\/wp\/v2\/pages\/1111","targetHints":{"allow":["GET"]}}],"collection":[{"href":"https:\/\/www.esportsbets.com\/br\/wp-json\/wp\/v2\/pages"}],"about":[{"href":"https:\/\/www.esportsbets.com\/br\/wp-json\/wp\/v2\/types\/page"}],"author":[{"embeddable":true,"href":"https:\/\/www.esportsbets.com\/br\/wp-json\/wp\/v2\/users\/98"}],"replies":[{"embeddable":true,"href":"https:\/\/www.esportsbets.com\/br\/wp-json\/wp\/v2\/comments?post=1111"}],"version-history":[{"count":0,"href":"https:\/\/www.esportsbets.com\/br\/wp-json\/wp\/v2\/pages\/1111\/revisions"}],"up":[{"embeddable":true,"href":"https:\/\/www.esportsbets.com\/br\/wp-json\/wp\/v2\/pages\/359"}],"wp:featuredmedia":[{"embeddable":true,"href":"https:\/\/www.esportsbets.com\/br\/wp-json\/wp\/v2\/media\/1112"}],"wp:attachment":[{"href":"https:\/\/www.esportsbets.com\/br\/wp-json\/wp\/v2\/media?parent=1111"}],"curies":[{"name":"wp","href":"https:\/\/api.w.org\/{rel}","templated":true}]}}