{"id":1426,"date":"2023-09-05T18:05:40","date_gmt":"2023-09-05T18:05:40","guid":{"rendered":"https:\/\/www.esportsbets.com\/br\/?page_id=1426"},"modified":"2025-01-10T12:13:59","modified_gmt":"2025-01-10T12:13:59","slug":"como-obter-rakeback-stake-com","status":"publish","type":"page","link":"https:\/\/www.esportsbets.com\/br\/guias\/como-obter-rakeback-stake-com\/","title":{"rendered":"O que \u00e9 Rakeback Stake? Como obter Rakeback no Stake de forma r\u00e1pida e simples!"},"content":{"rendered":"<p>Obter rakeback Stake \u00e9 uma forma de receber uma parte das taxas cobradas nas apostas pela plataforma de volta. Isso pode melhorar seus ganhos e reduzir os custos associados \u00e0s apostas. O rakeback varia de acordo com a atividade do jogador e \u00e9 uma recompensa pela lealdade.<\/p>\n<p data-pm-slice=\"1 1 []\">[cta id=4469 type=cta]\n<p>Neste guia, discutiremos como obter rakeback no Stake, os tipos de jogos que geram rakeback e como aproveitar ao m\u00e1ximo essa oportunidade para aumentar seus ganhos enquanto se diverte no site. Vamos tamb\u00e9m oferecer dicas para otimizar sua experi\u00eancia de jogo na Stake e maximizar o rakeback dispon\u00edvel.<\/p>\n<h2 id='o-que-%c3%a9-o-rakeback-stake'>O que \u00e9 o Rakeback Stake?<\/h2>\n<p><strong>O Rakeback Stake \u00e9 um programa de recompensas oferecido aos jogadores que participam de jogos de poker ou em apostas na plataforma.<\/strong> Ele representa uma forma de reembolso, onde os jogadores recebem de volta uma porcentagem das taxas cobradas pela Stake como parte do rake (comiss\u00e3o) gerado em cada m\u00e3o de poker, torneios e tamb\u00e9m nas apostas. Al\u00e9m de utilizar o <a href=\"https:\/\/www.esportsbets.com\/br\/bonus\/stake-codigo-promocional\/\">Stake c\u00f3digo promocional<\/a>, o objetivo principal do Rakeback \u00e9 incentivar a lealdade dos jogadores e recompensar aqueles que s\u00e3o ativos na plataforma.<\/p>\n<figure id=\"attachment_1428\" aria-describedby=\"caption-attachment-1428\" style=\"width: 800px\" class=\"wp-caption aligncenter\"><img loading=\"lazy\" decoding=\"async\" class=\"wp-image-1428 size-full\" src=\"https:\/\/www.esportsbets.com\/br\/wp-content\/uploads\/sites\/2\/2023\/09\/rackback-stake.webp\" alt=\"Rackback Stake\" width=\"800\" height=\"450\" srcset=\"https:\/\/www.esportsbets.com\/br\/wp-content\/uploads\/sites\/2\/2023\/09\/rackback-stake.webp 800w, https:\/\/www.esportsbets.com\/br\/wp-content\/uploads\/sites\/2\/2023\/09\/rackback-stake-300x169.webp 300w, https:\/\/www.esportsbets.com\/br\/wp-content\/uploads\/sites\/2\/2023\/09\/rackback-stake-768x432.webp 768w\" sizes=\"auto, (max-width: 800px) 100vw, 800px\" \/><figcaption id=\"caption-attachment-1428\" class=\"wp-caption-text\">Divulga\u00e7\u00e3o\/Stake<\/figcaption><\/figure>\n<p>Esse sistema permite que os jogadores recebam de volta uma parte dessa comiss\u00e3o. Essa porcentagem de reembolso pode variar dependendo da plataforma e das promo\u00e7\u00f5es em vigor, mas geralmente varia de 1% a 5% do valor do rake gerado. Deposi de entender como obter rakeback no Stake, ele<strong>\u00a0\u00e9 creditado na conta do jogador em intervalos regulares<\/strong>, como semanalmente ou mensalmente, e \u00e9 calculado com base na quantidade de rake gerado pelo jogador durante o per\u00edodo determinado. Quanto mais um jogador joga e contribui para o rake, maior ser\u00e1 o valor do Rakeback que ele recebe.<\/p>\n<h2 id='como-obter-rakeback-no-stake'>Como obter Rakeback no Stake?<\/h2>\n<p>Primeiramente, \u00e9 importante que o apostador v\u00e1 at\u00e9 a aba de <a href=\"https:\/\/www.esportsbets.com\/br\/bonus\/stake-vip-beneficios\/\">Stake VIP<\/a>, ali ter\u00e1 uma p\u00e1gina completa focada em como obter rakeback no Stake. Mas atualmente, a pergunta de como obter Rakeback no Stake \u00e9 feita por muitos usu\u00e1rios, e h\u00e1 duas maneiras de obter essa recompensa.<\/p>\n<ol>\n<li><strong>Programa de Fidelidade:<\/strong> A consist\u00eancia \u00e9 crucial, como \u00e9 comum em muitos programas de fidelidade. Na Stake, ao subir a escada para o n\u00edvel VIP Bronze, voc\u00ea n\u00e3o apenas desbloqueia o rakeback, mas tamb\u00e9m encontra uma variedade de outros benef\u00edcios \u00e0 sua espera.<\/li>\n<li><strong>Parceria de Afiliados:<\/strong> Se um afiliado o encaminhou para a Stake, especialmente atrav\u00e9s de plataformas como Twitch ou YouTube, voc\u00ea pode ativar rapidamente o recurso de rakeback para sua conta. Isso \u00e9 especialmente v\u00e1lido se o afiliado mantiver uma estreita colabora\u00e7\u00e3o com a Stake.<\/li>\n<\/ol>\n<h2 id='dicas-para-se-dar-bem-com-rakeback-stake'>Dicas para se dar bem com Rakeback Stake<\/h2>\n<p>Separamos algumas dicas para otimizar seus ganhos com rakeback Stake. Lembre-se de verificar as pol\u00edticas e promo\u00e7\u00f5es atuais da Stake para obter informa\u00e7\u00f5es atualizadas:<\/p>\n<ul>\n<li>Compreenda as promo\u00e7\u00f5es;<\/li>\n<li>Participe do programa de fidelidade;<\/li>\n<li>Seja ativo;<\/li>\n<li>Gerencie sua banca;<\/li>\n<li>Escolha jogos com rake reduzido;<\/li>\n<li>Acompanhe seu progresso;<\/li>\n<li>Mantenha-se informado;<\/li>\n<li>Jogue estrategicamente.<\/li>\n<\/ul>\n<p>Para otimizar seus ganhos com rakeback na Stake, \u00e9 fundamental compreender as promo\u00e7\u00f5es oferecidas pela plataforma, participar ativamente do programa de fidelidade, e estar atento \u00e0s oportunidades sazonais de rakeback. Al\u00e9m disso, <strong>a consist\u00eancia em sua atividade de jogo \u00e9 essencial<\/strong>, pois quanto mais voc\u00ea joga e aposta, maior ser\u00e1 o seu rakeback acumulado.<\/p>\n<figure id=\"attachment_1427\" aria-describedby=\"caption-attachment-1427\" style=\"width: 800px\" class=\"wp-caption aligncenter\"><img loading=\"lazy\" decoding=\"async\" class=\"wp-image-1427 size-full\" src=\"https:\/\/www.esportsbets.com\/br\/wp-content\/uploads\/sites\/2\/2023\/09\/stake-rakeback.webp\" alt=\"Rackback Stake \u00e9 uma \u00f3tima op\u00e7\u00e3o para lucrar\" width=\"800\" height=\"450\" srcset=\"https:\/\/www.esportsbets.com\/br\/wp-content\/uploads\/sites\/2\/2023\/09\/stake-rakeback.webp 800w, https:\/\/www.esportsbets.com\/br\/wp-content\/uploads\/sites\/2\/2023\/09\/stake-rakeback-300x169.webp 300w, https:\/\/www.esportsbets.com\/br\/wp-content\/uploads\/sites\/2\/2023\/09\/stake-rakeback-768x432.webp 768w\" sizes=\"auto, (max-width: 800px) 100vw, 800px\" \/><figcaption id=\"caption-attachment-1427\" class=\"wp-caption-text\">Divulga\u00e7\u00e3o\/Stake<\/figcaption><\/figure>\n<p>Gerenciar sua banca de maneira respons\u00e1vel, escolher jogos com taxas de rake mais baixas e acompanhar seu progresso em rela\u00e7\u00e3o aos requisitos de rakeback s\u00e3o pr\u00e1ticas recomendadas. Essas pr\u00e1ticas est\u00e3o totalmente vinculadas com o m\u00e9todo de <a href=\"https:\/\/www.esportsbets.com\/br\/guias\/como-ganhar-dinhero-na-stake\/\">como ganhar dinheiro na Stake<\/a>. <strong>Manter-se informado sobre atualiza\u00e7\u00f5es e estrat\u00e9gias de jogo tamb\u00e9m \u00e9 fundamental<\/strong>, assim como jogar estrategicamente em jogos de habilidade, como o poker, para melhorar seu desempenho e aumentar seus ganhos.<\/p>\n<h2 id='aproveite-todos-os-benef%c3%adcios-do-rakeback-stake'>Aproveite todos os benef\u00edcios do Rakeback Stake<\/h2>\n<p>Em conclus\u00e3o, a plataforma oferece oportunidades de recompensas por meio de seu programa de fidelidade e promo\u00e7\u00f5es especiais. Para otimizar seus ganhos, os jogadores devem estar atentos a essas ofertas, ser consistentes em suas atividades de jogo, gerenciar suas bancas com responsabilidade e escolher jogos com taxas mais baixas quando poss\u00edvel.<\/p>\n<p>Lembre-se de verificar as pol\u00edticas e promo\u00e7\u00f5es atuais diretamente na Stake para obter as informa\u00e7\u00f5es mais atualizadas sobre oportunidades de recompensas, tanto nas apostas como tamb\u00e9m no <a href=\"https:\/\/www.esportsbets.com\/br\/reviews\/stake\/casino\/\">Stake Casino<\/a> atrav\u00e9s do modo Poker.<\/p>\n<p data-pm-slice=\"1 1 []\">[cta id=4469 type=cta]\n","protected":false},"excerpt":{"rendered":"<p>Obter rakeback Stake \u00e9 uma forma de receber uma parte das taxas cobradas nas apostas pela plataforma de volta. Isso pode&hellip;<\/p>\n","protected":false},"author":113,"featured_media":1428,"parent":275,"menu_order":0,"comment_status":"closed","ping_status":"closed","template":"","meta":{"_stopmodifiedupdate":false,"_modified_date":"","footnotes":""},"class_list":["post-1426","page","type-page","status-publish","has-post-thumbnail","hentry"],"acf":[],"yoast_head":"<!-- This site is optimized with the Yoast SEO plugin v20.11 - https:\/\/yoast.com\/wordpress\/plugins\/seo\/ -->\n<title>Rakeback Stake: o que \u00e9 e como obter Rakeback | GR\u00c1TIS 2025<\/title>\n<meta name=\"description\" content=\"O Rakeback Stake est\u00e1 dispon\u00edvel para todos os apostadores, com isso, separamos um guia completo com todas as informa\u00e7\u00f5es, confira\" \/>\n<meta name=\"robots\" content=\"index, follow, max-snippet:-1, max-image-preview:large, max-video-preview:-1\" \/>\n<link rel=\"canonical\" href=\"https:\/\/www.esportsbets.com\/br\/guias\/como-obter-rakeback-stake-com\/\" \/>\n<meta property=\"og:locale\" content=\"pt_BR\" \/>\n<meta property=\"og:type\" content=\"article\" \/>\n<meta property=\"og:title\" content=\"Rakeback Stake: o que \u00e9 e como obter Rakeback | GR\u00c1TIS 2025\" \/>\n<meta property=\"og:description\" content=\"O Rakeback Stake est\u00e1 dispon\u00edvel para todos os apostadores, com isso, separamos um guia completo com todas as informa\u00e7\u00f5es, confira\" \/>\n<meta property=\"og:url\" content=\"https:\/\/www.esportsbets.com\/br\/guias\/como-obter-rakeback-stake-com\/\" \/>\n<meta property=\"og:site_name\" content=\"EsportsBets BR\" \/>\n<meta property=\"article:modified_time\" content=\"2025-01-10T12:13:59+00:00\" \/>\n<meta property=\"og:image\" content=\"https:\/\/www.esportsbets.com\/br\/wp-content\/uploads\/sites\/2\/2023\/09\/rackback-stake.webp\" \/>\n\t<meta property=\"og:image:width\" content=\"800\" \/>\n\t<meta property=\"og:image:height\" content=\"450\" \/>\n\t<meta property=\"og:image:type\" content=\"image\/webp\" \/>\n<meta name=\"twitter:card\" content=\"summary_large_image\" \/>\n<meta name=\"twitter:label1\" content=\"Est. tempo de leitura\" \/>\n\t<meta name=\"twitter:data1\" content=\"5 minutos\" \/>\n<script type=\"application\/ld+json\" class=\"yoast-schema-graph\">{\"@context\":\"https:\/\/schema.org\",\"@graph\":[{\"@type\":\"WebPage\",\"@id\":\"https:\/\/www.esportsbets.com\/br\/guias\/como-obter-rakeback-stake-com\/\",\"url\":\"https:\/\/www.esportsbets.com\/br\/guias\/como-obter-rakeback-stake-com\/\",\"name\":\"Rakeback Stake: o que \u00e9 e como obter Rakeback | GR\u00c1TIS 2025\",\"isPartOf\":{\"@id\":\"https:\/\/www.esportsbets.com\/br\/#website\"},\"datePublished\":\"2023-09-05T18:05:40+00:00\",\"dateModified\":\"2025-01-10T12:13:59+00:00\",\"description\":\"O Rakeback Stake est\u00e1 dispon\u00edvel para todos os apostadores, com isso, separamos um guia completo com todas as informa\u00e7\u00f5es, confira\",\"breadcrumb\":{\"@id\":\"https:\/\/www.esportsbets.com\/br\/guias\/como-obter-rakeback-stake-com\/#breadcrumb\"},\"inLanguage\":\"pt-BR\",\"potentialAction\":[{\"@type\":\"ReadAction\",\"target\":[\"https:\/\/www.esportsbets.com\/br\/guias\/como-obter-rakeback-stake-com\/\"]}]},{\"@type\":\"BreadcrumbList\",\"@id\":\"https:\/\/www.esportsbets.com\/br\/guias\/como-obter-rakeback-stake-com\/#breadcrumb\",\"itemListElement\":[{\"@type\":\"ListItem\",\"position\":1,\"name\":\"Home\",\"item\":\"https:\/\/www.esportsbets.com\/br\/\"},{\"@type\":\"ListItem\",\"position\":2,\"name\":\"Academias das Apostas: tudo sobre o guia de apostas em Esports\",\"item\":\"https:\/\/www.esportsbets.com\/br\/guias\/\"},{\"@type\":\"ListItem\",\"position\":3,\"name\":\"O que \u00e9 Rakeback Stake? Como obter Rakeback no Stake de forma r\u00e1pida e simples!\"}]},{\"@type\":\"WebSite\",\"@id\":\"https:\/\/www.esportsbets.com\/br\/#website\",\"url\":\"https:\/\/www.esportsbets.com\/br\/\",\"name\":\"EsportsBets BR\",\"description\":\"\",\"publisher\":{\"@id\":\"https:\/\/www.esportsbets.com\/br\/#organization\"},\"potentialAction\":[{\"@type\":\"SearchAction\",\"target\":{\"@type\":\"EntryPoint\",\"urlTemplate\":\"https:\/\/www.esportsbets.com\/br\/?s={search_term_string}\"},\"query-input\":\"required name=search_term_string\"}],\"inLanguage\":\"pt-BR\"},{\"@type\":\"Organization\",\"@id\":\"https:\/\/www.esportsbets.com\/br\/#organization\",\"name\":\"EsportsBets BR\",\"url\":\"https:\/\/www.esportsbets.com\/br\/\",\"logo\":{\"@type\":\"ImageObject\",\"inLanguage\":\"pt-BR\",\"@id\":\"https:\/\/www.esportsbets.com\/br\/#\/schema\/logo\/image\/\",\"url\":\"https:\/\/www.esportsbets.com\/br\/wp-content\/uploads\/sites\/2\/2024\/01\/logo.svg\",\"contentUrl\":\"https:\/\/www.esportsbets.com\/br\/wp-content\/uploads\/sites\/2\/2024\/01\/logo.svg\",\"width\":\"469\",\"height\":\"80\",\"caption\":\"EsportsBets BR\"},\"image\":{\"@id\":\"https:\/\/www.esportsbets.com\/br\/#\/schema\/logo\/image\/\"}}]}<\/script>\n<!-- \/ Yoast SEO plugin. -->","yoast_head_json":{"title":"Rakeback Stake: o que \u00e9 e como obter Rakeback | GR\u00c1TIS 2025","description":"O Rakeback Stake est\u00e1 dispon\u00edvel para todos os apostadores, com isso, separamos um guia completo com todas as informa\u00e7\u00f5es, confira","robots":{"index":"index","follow":"follow","max-snippet":"max-snippet:-1","max-image-preview":"max-image-preview:large","max-video-preview":"max-video-preview:-1"},"canonical":"https:\/\/www.esportsbets.com\/br\/guias\/como-obter-rakeback-stake-com\/","og_locale":"pt_BR","og_type":"article","og_title":"Rakeback Stake: o que \u00e9 e como obter Rakeback | GR\u00c1TIS 2025","og_description":"O Rakeback Stake est\u00e1 dispon\u00edvel para todos os apostadores, com isso, separamos um guia completo com todas as informa\u00e7\u00f5es, confira","og_url":"https:\/\/www.esportsbets.com\/br\/guias\/como-obter-rakeback-stake-com\/","og_site_name":"EsportsBets BR","article_modified_time":"2025-01-10T12:13:59+00:00","og_image":[{"width":"800","height":"450","url":"https:\/\/www.esportsbets.com\/br\/wp-content\/uploads\/sites\/2\/2023\/09\/rackback-stake.webp","type":"image\/webp"}],"twitter_card":"summary_large_image","twitter_misc":{"Est. tempo de leitura":"5 minutos"},"schema":{"@context":"https:\/\/schema.org","@graph":[{"@type":"WebPage","@id":"https:\/\/www.esportsbets.com\/br\/guias\/como-obter-rakeback-stake-com\/","url":"https:\/\/www.esportsbets.com\/br\/guias\/como-obter-rakeback-stake-com\/","name":"Rakeback Stake: o que \u00e9 e como obter Rakeback | GR\u00c1TIS 2025","isPartOf":{"@id":"https:\/\/www.esportsbets.com\/br\/#website"},"datePublished":"2023-09-05T18:05:40+00:00","dateModified":"2025-01-10T12:13:59+00:00","description":"O Rakeback Stake est\u00e1 dispon\u00edvel para todos os apostadores, com isso, separamos um guia completo com todas as informa\u00e7\u00f5es, confira","breadcrumb":{"@id":"https:\/\/www.esportsbets.com\/br\/guias\/como-obter-rakeback-stake-com\/#breadcrumb"},"inLanguage":"pt-BR","potentialAction":[{"@type":"ReadAction","target":["https:\/\/www.esportsbets.com\/br\/guias\/como-obter-rakeback-stake-com\/"]}]},{"@type":"BreadcrumbList","@id":"https:\/\/www.esportsbets.com\/br\/guias\/como-obter-rakeback-stake-com\/#breadcrumb","itemListElement":[{"@type":"ListItem","position":1,"name":"Home","item":"https:\/\/www.esportsbets.com\/br\/"},{"@type":"ListItem","position":2,"name":"Academias das Apostas: tudo sobre o guia de apostas em Esports","item":"https:\/\/www.esportsbets.com\/br\/guias\/"},{"@type":"ListItem","position":3,"name":"O que \u00e9 Rakeback Stake? Como obter Rakeback no Stake de forma r\u00e1pida e simples!"}]},{"@type":"WebSite","@id":"https:\/\/www.esportsbets.com\/br\/#website","url":"https:\/\/www.esportsbets.com\/br\/","name":"EsportsBets BR","description":"","publisher":{"@id":"https:\/\/www.esportsbets.com\/br\/#organization"},"potentialAction":[{"@type":"SearchAction","target":{"@type":"EntryPoint","urlTemplate":"https:\/\/www.esportsbets.com\/br\/?s={search_term_string}"},"query-input":"required name=search_term_string"}],"inLanguage":"pt-BR"},{"@type":"Organization","@id":"https:\/\/www.esportsbets.com\/br\/#organization","name":"EsportsBets BR","url":"https:\/\/www.esportsbets.com\/br\/","logo":{"@type":"ImageObject","inLanguage":"pt-BR","@id":"https:\/\/www.esportsbets.com\/br\/#\/schema\/logo\/image\/","url":"https:\/\/www.esportsbets.com\/br\/wp-content\/uploads\/sites\/2\/2024\/01\/logo.svg","contentUrl":"https:\/\/www.esportsbets.com\/br\/wp-content\/uploads\/sites\/2\/2024\/01\/logo.svg","width":"469","height":"80","caption":"EsportsBets BR"},"image":{"@id":"https:\/\/www.esportsbets.com\/br\/#\/schema\/logo\/image\/"}}]}},"_links":{"self":[{"href":"https:\/\/www.esportsbets.com\/br\/wp-json\/wp\/v2\/pages\/1426","targetHints":{"allow":["GET"]}}],"collection":[{"href":"https:\/\/www.esportsbets.com\/br\/wp-json\/wp\/v2\/pages"}],"about":[{"href":"https:\/\/www.esportsbets.com\/br\/wp-json\/wp\/v2\/types\/page"}],"author":[{"embeddable":true,"href":"https:\/\/www.esportsbets.com\/br\/wp-json\/wp\/v2\/users\/113"}],"replies":[{"embeddable":true,"href":"https:\/\/www.esportsbets.com\/br\/wp-json\/wp\/v2\/comments?post=1426"}],"version-history":[{"count":1,"href":"https:\/\/www.esportsbets.com\/br\/wp-json\/wp\/v2\/pages\/1426\/revisions"}],"predecessor-version":[{"id":4357,"href":"https:\/\/www.esportsbets.com\/br\/wp-json\/wp\/v2\/pages\/1426\/revisions\/4357"}],"up":[{"embeddable":true,"href":"https:\/\/www.esportsbets.com\/br\/wp-json\/wp\/v2\/pages\/275"}],"wp:featuredmedia":[{"embeddable":true,"href":"https:\/\/www.esportsbets.com\/br\/wp-json\/wp\/v2\/media\/1428"}],"wp:attachment":[{"href":"https:\/\/www.esportsbets.com\/br\/wp-json\/wp\/v2\/media?parent=1426"}],"curies":[{"name":"wp","href":"https:\/\/api.w.org\/{rel}","templated":true}]}}