{"id":1975,"date":"2023-11-27T18:33:04","date_gmt":"2023-11-27T18:33:04","guid":{"rendered":"https:\/\/www.esportsbets.com\/br\/?page_id=1975"},"modified":"2024-10-22T20:18:27","modified_gmt":"2024-10-22T20:18:27","slug":"como-ganhar-dinheiro-no-bc-game","status":"publish","type":"page","link":"https:\/\/www.esportsbets.com\/br\/guias\/como-ganhar-dinheiro-no-bc-game\/","title":{"rendered":"Confira as melhores dicas para ganhar dinheiro no BC.Game!"},"content":{"rendered":"<p>Ap\u00f3s criar a conta em BC.Game, os jogadores buscam tra\u00e7ar algumas estrat\u00e9gias com objetivo de lucrar, e isso pode ser uma tarefa desafiadora. N\u00e3o existe uma receita para que isso tenha sucesso, e sim, estudos e an\u00e1lises apuradas visando um lucro. Com isso, esse guia de como ganhar dinheiro no BC.Game pode ser muito \u00fatil para jogadores mais novos que buscam ter um bom retorno financeiro, confira as dicas abaixo.<\/p>\n[cta id=3837 type=cta]\n<h2 id='dicas-de-como-ganhar-dinheiro-no-bc-game'>Dicas de como ganhar dinheiro no BC.Game<\/h2>\n<p>Os apostadores devem sempre manter a calma e ter a cabe\u00e7a no lugar na hora de apostar e jogar. Isso \u00e9 uma das virtudes b\u00e1sicas, por\u00e9m, algumas outras dicas s\u00e3o muito importantes para que o sucesso seja alcan\u00e7ado. \u00c9 com esse objetivo que esse guia completo de como ganhar dinheiro no BC.Game est\u00e1 aqui. Sete dicas essenciais para ter sucesso nos jogos e apostas.<\/p>\n<figure id=\"attachment_1977\" aria-describedby=\"caption-attachment-1977\" style=\"width: 800px\" class=\"wp-caption aligncenter\"><img loading=\"lazy\" decoding=\"async\" class=\"wp-image-1977 size-full\" src=\"https:\/\/www.esportsbets.com\/br\/wp-content\/uploads\/sites\/2\/2023\/11\/bc-game-dinheiro.webp\" alt=\"Como ganhar dinheiro no BC.Game e lucrar muito\" width=\"800\" height=\"450\" srcset=\"https:\/\/www.esportsbets.com\/br\/wp-content\/uploads\/sites\/2\/2023\/11\/bc-game-dinheiro.webp 800w, https:\/\/www.esportsbets.com\/br\/wp-content\/uploads\/sites\/2\/2023\/11\/bc-game-dinheiro-300x169.webp 300w, https:\/\/www.esportsbets.com\/br\/wp-content\/uploads\/sites\/2\/2023\/11\/bc-game-dinheiro-768x432.webp 768w\" sizes=\"auto, (max-width: 800px) 100vw, 800px\" \/><figcaption id=\"caption-attachment-1977\" class=\"wp-caption-text\">Divulga\u00e7\u00e3o\/BC.Game<\/figcaption><\/figure>\n<h3 id='jogar-jogos-de-habilidades'>Jogar jogos de habilidades<\/h3>\n<p>Vimos que o <a href=\"https:\/\/www.esportsbets.com\/br\/reviews\/bc-game\/\">BC.Game review<\/a> consegue oferecer uma extensa lista de t\u00edtulos de poker, blackjack, baccarat e entre outros tipos. <strong>Esses jogos exigem que os jogadores aprendam estrat\u00e9gicas mais apuradas para maximizar as oportunidades de vit\u00f3ria.<\/strong> Por\u00e9m, se tornando um especialista, voc\u00ea poder\u00e1 reduzir consideravelmente a vantagem da casa, permitindo que seu lucro seja maior e voc\u00ea ter\u00e1 um dom\u00ednio mais apurado desses jogos.<\/p>\n<h3 id='aproveitando-b%c3%b4nus-bc-game'>Aproveitando b\u00f4nus BC.Game<\/h3>\n<p>Novos clientes em BC.Game podem usufruir de alguns b\u00f4nus de boas-vindas para lucrar mais. Essa \u00e9 uma das melhores dicas de como ganhar dinheiro no BC.Game e voc\u00ea deve aproveitar. Mesmo que voc\u00ea n\u00e3o seja novo membro, <strong>poder\u00e1 aproveitar outros b\u00f4nus de retorno contendo miss\u00f5es di\u00e1rias, competi\u00e7\u00f5es, giros da sorte e a\u00ed por diante<\/strong>. Al\u00e9m disso, <a href=\"https:\/\/www.esportsbets.com\/br\/reviews\/bc-game\/vip-club\/\">BC.Game VIP Club<\/a> oferece cashback nos dias 15 de cada m\u00eas. Voc\u00ea precisa apenas atender aos requisitos do b\u00f4nus para que o dinheiro resgatado entre na sua conta como dinheiro real.<\/p>\n<figure id=\"attachment_1978\" aria-describedby=\"caption-attachment-1978\" style=\"width: 800px\" class=\"wp-caption aligncenter\"><img loading=\"lazy\" decoding=\"async\" class=\"wp-image-1978 size-full\" src=\"https:\/\/www.esportsbets.com\/br\/wp-content\/uploads\/sites\/2\/2023\/11\/ganhar-dinheiro-bc-game.webp\" alt=\"siga as dicas de como ganhar dinheiro no BC.Game\" width=\"800\" height=\"450\" srcset=\"https:\/\/www.esportsbets.com\/br\/wp-content\/uploads\/sites\/2\/2023\/11\/ganhar-dinheiro-bc-game.webp 800w, https:\/\/www.esportsbets.com\/br\/wp-content\/uploads\/sites\/2\/2023\/11\/ganhar-dinheiro-bc-game-300x169.webp 300w, https:\/\/www.esportsbets.com\/br\/wp-content\/uploads\/sites\/2\/2023\/11\/ganhar-dinheiro-bc-game-768x432.webp 768w\" sizes=\"auto, (max-width: 800px) 100vw, 800px\" \/><figcaption id=\"caption-attachment-1978\" class=\"wp-caption-text\">Divulga\u00e7\u00e3o\/BC.Game<\/figcaption><\/figure>\n<h3 id='gerenciamento-de-banca'>Gerenciamento de banca<\/h3>\n<p>Essa \u00e9 uma dica primordial na hora de tra\u00e7ar a estrat\u00e9gia de como ganhar dinheiro no BC.Game. Na verdade, essa dica serve para todos os sites de apostas e cassinos. Apostadores necessitam de disciplina para gerenciar sua banca para minimizar o impacto de jogos perdidos ou apostas mal sucedidas. No site existem diversas formas para controlar os seus gastos, <strong>desde configurar um limite para dep\u00f3sito, perdas e tamb\u00e9m limita\u00e7\u00e3o de tempo<\/strong>. Todas essas configura\u00e7\u00f5es respeitam o guia de jogo respons\u00e1vel do site.<\/p>\n<h3 id='compreendendo-as-odds-e-probabilidades'>Compreendendo as odds e probabilidades<\/h3>\n<p>O entendimento das <a href=\"https:\/\/www.esportsbets.com\/br\/odds\/\">odds esports<\/a> e probabilidades em cassinos \u00e9 de extrema import\u00e2ncia. <strong>A forma mais vitoriosa de lucrar nas apostas \u00e9 conhecendo as equipes\/jogador que voc\u00ea estar\u00e1 apostando<\/strong>, isso \u00e9 chave fundamental na hora de selecionar sua aposta. Para as probabilidades isso tamb\u00e9m se aplica, por exemplo, Existem alguns jogos de slots que cont\u00e9m probabilidades, como o Fortune Tiger, que possui uma RTP de 96,81%. Isso significa que a cada R$ 100,00 que voc\u00ea jogar, deve perder cerca de R$ 3,19. Jogos com RTP mais pr\u00f3ximos de 100% podem render bons frutos ao longo do tempo.<\/p>\n<h3 id='apostas-ao-vivo'>Apostas ao vivo<\/h3>\n<p>Apostar ao vivo pode ser muito lucrativo. Isso se aplica nas apostas em esportes convencionais e tamb\u00e9m nos jogos de cassinos ao vivo. Durante as partidas, as odds flutuam e isso pode ser uma \u00f3tima estrat\u00e9gia para lucrar mais. Assim como conhecer as odds \u00e9 importante, <strong>apostar ao vivo requer um conhecimento espec\u00edfico na modalidade ainda mais apurado<\/strong>. As mudan\u00e7as nas <a href=\"https:\/\/www.esportsbets.com\/br\/cs2\/odds\/\">odds CS2<\/a> por exemplo, podem ser ben\u00e9ficas para apostadores com experi\u00eancia. Mas claro, isso depender\u00e1 se voc\u00ea conseguir prever corretamente o potencial retorno.<\/p>\n<h3 id='aposte-somente-onde-h%c3%a1-conhecimento'>Aposte somente onde h\u00e1 conhecimento<\/h3>\n<p>Um dos erros que os apostadores mais cometem \u00e9 apostar onde n\u00e3o conhecem. Quando voc\u00ea est\u00e1 colocando dinheiro em algum mercado onde n\u00e3o h\u00e1 conhecimento, a chance de dar errado aumenta significativamente. Para os cassinos isso tamb\u00e9m se aplica, <strong>e o interessante \u00e9 procurar por jogos onde h\u00e1 vers\u00f5es demonstrativas<\/strong>, assim, voc\u00ea consegue conhecer o jogo e aprimorar estrat\u00e9gias de apostas para depois disso jogar com dinheiro real.<\/p>\n<h3 id='torneios-e-promo%c3%a7%c3%b5es-de-gra%c3%a7a'>Torneios e promo\u00e7\u00f5es de gra\u00e7a<\/h3>\n<p>Os cassinos online como o <strong>BC.Game Cassino<\/strong> oferecem em algumas oportunidades torneios de gra\u00e7a. Ao participar de torneios assim, <strong>os jogadores elevam suas chances de lucrarem sem gastar nada<\/strong>. Al\u00e9m disso, rodadas gr\u00e1tis podem ser conferidas nesses jogos, aumentando ainda mais as chances. Nas apostas esportivas, aproveitar as apostas gr\u00e1tis fornecidas pelo site \u00e9 de extrema import\u00e2ncia.<\/p>\n<figure id=\"attachment_1979\" aria-describedby=\"caption-attachment-1979\" style=\"width: 800px\" class=\"wp-caption aligncenter\"><img loading=\"lazy\" decoding=\"async\" class=\"wp-image-1979 size-full\" src=\"https:\/\/www.esportsbets.com\/br\/wp-content\/uploads\/sites\/2\/2023\/11\/como-ganhar-dinheiro-no-bc-game.webp\" alt=\"Como ganhar dinheiro no BC.Game\" width=\"800\" height=\"450\" srcset=\"https:\/\/www.esportsbets.com\/br\/wp-content\/uploads\/sites\/2\/2023\/11\/como-ganhar-dinheiro-no-bc-game.webp 800w, https:\/\/www.esportsbets.com\/br\/wp-content\/uploads\/sites\/2\/2023\/11\/como-ganhar-dinheiro-no-bc-game-300x169.webp 300w, https:\/\/www.esportsbets.com\/br\/wp-content\/uploads\/sites\/2\/2023\/11\/como-ganhar-dinheiro-no-bc-game-768x432.webp 768w\" sizes=\"auto, (max-width: 800px) 100vw, 800px\" \/><figcaption id=\"caption-attachment-1979\" class=\"wp-caption-text\">Divulga\u00e7\u00e3o\/BC.Game<\/figcaption><\/figure>\n<h2 id='como-ganhar-dinheiro-no-bc-game'>Como ganhar dinheiro no BC.Game?<\/h2>\n<p>Em conclus\u00e3o, esse guia de como ganhar dinheiro no BC.Game \u00e9 muito \u00fatil para novos jogadores, podendo ser utilizado tamb\u00e9m por jogadores que normalmente tomam muitas decis\u00f5es precipitadas. O site oferece uma abordagem interessante, desde a diversifica\u00e7\u00e3o dos jogos e aproveitamento at\u00e9 os b\u00f4nus e gerenciamento de banca. Ter uma participa\u00e7\u00e3o consciente para incentivar de forma positiva os jogadores a apostar pode ser uma \u00f3tima op\u00e7\u00e3o.<\/p>\n<p>Por fim, a estrat\u00e9gia de apostas ao vivo \u00e9 uma oportunidade muito lucrativa, por\u00e9m, necessita de um conhecimento sobre o mercado de apostas e cassinos mais especializado. Citamos tamb\u00e9m que os jogadores devem aproveitar todas as oportunidades de participa\u00e7\u00e3o de torneios gratuitos e promo\u00e7\u00f5es, aumentando as chances de potencializa\u00e7\u00e3o de ganhos.<\/p>\n<p data-pm-slice=\"1 1 []\">[cta id=3837 type=cta]\n","protected":false},"excerpt":{"rendered":"<p>Ap\u00f3s criar a conta em BC.Game, os jogadores buscam tra\u00e7ar algumas estrat\u00e9gias com objetivo de lucrar, e isso pode ser uma&hellip;<\/p>\n","protected":false},"author":113,"featured_media":1977,"parent":275,"menu_order":0,"comment_status":"closed","ping_status":"closed","template":"","meta":{"_stopmodifiedupdate":false,"_modified_date":"","footnotes":""},"class_list":["post-1975","page","type-page","status-publish","has-post-thumbnail","hentry"],"acf":[],"yoast_head":"<!-- This site is optimized with the Yoast SEO plugin v20.11 - https:\/\/yoast.com\/wordpress\/plugins\/seo\/ -->\n<title>Como ganhar dinheiro no BC.Game? Dicas para lucrar no site<\/title>\n<meta name=\"description\" content=\"Como ganhar dinheiro no BC.Game \u00e9 uma das perguntas mais utilizadas na internet. Separamos esse guia completo com dicas para lucrar no site.\" \/>\n<meta name=\"robots\" content=\"index, follow, max-snippet:-1, max-image-preview:large, max-video-preview:-1\" \/>\n<link rel=\"canonical\" href=\"https:\/\/www.esportsbets.com\/br\/guias\/como-ganhar-dinheiro-no-bc-game\/\" \/>\n<meta property=\"og:locale\" content=\"pt_BR\" \/>\n<meta property=\"og:type\" content=\"article\" \/>\n<meta property=\"og:title\" content=\"Como ganhar dinheiro no BC.Game? Dicas para lucrar no site\" \/>\n<meta property=\"og:description\" content=\"Como ganhar dinheiro no BC.Game \u00e9 uma das perguntas mais utilizadas na internet. Separamos esse guia completo com dicas para lucrar no site.\" \/>\n<meta property=\"og:url\" content=\"https:\/\/www.esportsbets.com\/br\/guias\/como-ganhar-dinheiro-no-bc-game\/\" \/>\n<meta property=\"og:site_name\" content=\"EsportsBets BR\" \/>\n<meta property=\"article:modified_time\" content=\"2024-10-22T20:18:27+00:00\" \/>\n<meta property=\"og:image\" content=\"https:\/\/www.esportsbets.com\/br\/wp-content\/uploads\/sites\/2\/2023\/11\/bc-game-dinheiro.webp\" \/>\n\t<meta property=\"og:image:width\" content=\"800\" \/>\n\t<meta property=\"og:image:height\" content=\"450\" \/>\n\t<meta property=\"og:image:type\" content=\"image\/webp\" \/>\n<meta name=\"twitter:card\" content=\"summary_large_image\" \/>\n<meta name=\"twitter:label1\" content=\"Est. tempo de leitura\" \/>\n\t<meta name=\"twitter:data1\" content=\"6 minutos\" \/>\n<script type=\"application\/ld+json\" class=\"yoast-schema-graph\">{\"@context\":\"https:\/\/schema.org\",\"@graph\":[{\"@type\":\"WebPage\",\"@id\":\"https:\/\/www.esportsbets.com\/br\/guias\/como-ganhar-dinheiro-no-bc-game\/\",\"url\":\"https:\/\/www.esportsbets.com\/br\/guias\/como-ganhar-dinheiro-no-bc-game\/\",\"name\":\"Como ganhar dinheiro no BC.Game? Dicas para lucrar no site\",\"isPartOf\":{\"@id\":\"https:\/\/www.esportsbets.com\/br\/#website\"},\"datePublished\":\"2023-11-27T18:33:04+00:00\",\"dateModified\":\"2024-10-22T20:18:27+00:00\",\"description\":\"Como ganhar dinheiro no BC.Game \u00e9 uma das perguntas mais utilizadas na internet. Separamos esse guia completo com dicas para lucrar no site.\",\"breadcrumb\":{\"@id\":\"https:\/\/www.esportsbets.com\/br\/guias\/como-ganhar-dinheiro-no-bc-game\/#breadcrumb\"},\"inLanguage\":\"pt-BR\",\"potentialAction\":[{\"@type\":\"ReadAction\",\"target\":[\"https:\/\/www.esportsbets.com\/br\/guias\/como-ganhar-dinheiro-no-bc-game\/\"]}]},{\"@type\":\"BreadcrumbList\",\"@id\":\"https:\/\/www.esportsbets.com\/br\/guias\/como-ganhar-dinheiro-no-bc-game\/#breadcrumb\",\"itemListElement\":[{\"@type\":\"ListItem\",\"position\":1,\"name\":\"Home\",\"item\":\"https:\/\/www.esportsbets.com\/br\/\"},{\"@type\":\"ListItem\",\"position\":2,\"name\":\"Academias das Apostas: tudo sobre o guia de apostas em Esports\",\"item\":\"https:\/\/www.esportsbets.com\/br\/guias\/\"},{\"@type\":\"ListItem\",\"position\":3,\"name\":\"Confira as melhores dicas para ganhar dinheiro no BC.Game!\"}]},{\"@type\":\"WebSite\",\"@id\":\"https:\/\/www.esportsbets.com\/br\/#website\",\"url\":\"https:\/\/www.esportsbets.com\/br\/\",\"name\":\"EsportsBets BR\",\"description\":\"\",\"publisher\":{\"@id\":\"https:\/\/www.esportsbets.com\/br\/#organization\"},\"potentialAction\":[{\"@type\":\"SearchAction\",\"target\":{\"@type\":\"EntryPoint\",\"urlTemplate\":\"https:\/\/www.esportsbets.com\/br\/?s={search_term_string}\"},\"query-input\":\"required name=search_term_string\"}],\"inLanguage\":\"pt-BR\"},{\"@type\":\"Organization\",\"@id\":\"https:\/\/www.esportsbets.com\/br\/#organization\",\"name\":\"EsportsBets BR\",\"url\":\"https:\/\/www.esportsbets.com\/br\/\",\"logo\":{\"@type\":\"ImageObject\",\"inLanguage\":\"pt-BR\",\"@id\":\"https:\/\/www.esportsbets.com\/br\/#\/schema\/logo\/image\/\",\"url\":\"https:\/\/www.esportsbets.com\/br\/wp-content\/uploads\/sites\/2\/2024\/01\/logo.svg\",\"contentUrl\":\"https:\/\/www.esportsbets.com\/br\/wp-content\/uploads\/sites\/2\/2024\/01\/logo.svg\",\"width\":\"469\",\"height\":\"80\",\"caption\":\"EsportsBets BR\"},\"image\":{\"@id\":\"https:\/\/www.esportsbets.com\/br\/#\/schema\/logo\/image\/\"}}]}<\/script>\n<!-- \/ Yoast SEO plugin. -->","yoast_head_json":{"title":"Como ganhar dinheiro no BC.Game? Dicas para lucrar no site","description":"Como ganhar dinheiro no BC.Game \u00e9 uma das perguntas mais utilizadas na internet. Separamos esse guia completo com dicas para lucrar no site.","robots":{"index":"index","follow":"follow","max-snippet":"max-snippet:-1","max-image-preview":"max-image-preview:large","max-video-preview":"max-video-preview:-1"},"canonical":"https:\/\/www.esportsbets.com\/br\/guias\/como-ganhar-dinheiro-no-bc-game\/","og_locale":"pt_BR","og_type":"article","og_title":"Como ganhar dinheiro no BC.Game? Dicas para lucrar no site","og_description":"Como ganhar dinheiro no BC.Game \u00e9 uma das perguntas mais utilizadas na internet. Separamos esse guia completo com dicas para lucrar no site.","og_url":"https:\/\/www.esportsbets.com\/br\/guias\/como-ganhar-dinheiro-no-bc-game\/","og_site_name":"EsportsBets BR","article_modified_time":"2024-10-22T20:18:27+00:00","og_image":[{"width":"800","height":"450","url":"https:\/\/www.esportsbets.com\/br\/wp-content\/uploads\/sites\/2\/2023\/11\/bc-game-dinheiro.webp","type":"image\/webp"}],"twitter_card":"summary_large_image","twitter_misc":{"Est. tempo de leitura":"6 minutos"},"schema":{"@context":"https:\/\/schema.org","@graph":[{"@type":"WebPage","@id":"https:\/\/www.esportsbets.com\/br\/guias\/como-ganhar-dinheiro-no-bc-game\/","url":"https:\/\/www.esportsbets.com\/br\/guias\/como-ganhar-dinheiro-no-bc-game\/","name":"Como ganhar dinheiro no BC.Game? Dicas para lucrar no site","isPartOf":{"@id":"https:\/\/www.esportsbets.com\/br\/#website"},"datePublished":"2023-11-27T18:33:04+00:00","dateModified":"2024-10-22T20:18:27+00:00","description":"Como ganhar dinheiro no BC.Game \u00e9 uma das perguntas mais utilizadas na internet. Separamos esse guia completo com dicas para lucrar no site.","breadcrumb":{"@id":"https:\/\/www.esportsbets.com\/br\/guias\/como-ganhar-dinheiro-no-bc-game\/#breadcrumb"},"inLanguage":"pt-BR","potentialAction":[{"@type":"ReadAction","target":["https:\/\/www.esportsbets.com\/br\/guias\/como-ganhar-dinheiro-no-bc-game\/"]}]},{"@type":"BreadcrumbList","@id":"https:\/\/www.esportsbets.com\/br\/guias\/como-ganhar-dinheiro-no-bc-game\/#breadcrumb","itemListElement":[{"@type":"ListItem","position":1,"name":"Home","item":"https:\/\/www.esportsbets.com\/br\/"},{"@type":"ListItem","position":2,"name":"Academias das Apostas: tudo sobre o guia de apostas em Esports","item":"https:\/\/www.esportsbets.com\/br\/guias\/"},{"@type":"ListItem","position":3,"name":"Confira as melhores dicas para ganhar dinheiro no BC.Game!"}]},{"@type":"WebSite","@id":"https:\/\/www.esportsbets.com\/br\/#website","url":"https:\/\/www.esportsbets.com\/br\/","name":"EsportsBets BR","description":"","publisher":{"@id":"https:\/\/www.esportsbets.com\/br\/#organization"},"potentialAction":[{"@type":"SearchAction","target":{"@type":"EntryPoint","urlTemplate":"https:\/\/www.esportsbets.com\/br\/?s={search_term_string}"},"query-input":"required name=search_term_string"}],"inLanguage":"pt-BR"},{"@type":"Organization","@id":"https:\/\/www.esportsbets.com\/br\/#organization","name":"EsportsBets BR","url":"https:\/\/www.esportsbets.com\/br\/","logo":{"@type":"ImageObject","inLanguage":"pt-BR","@id":"https:\/\/www.esportsbets.com\/br\/#\/schema\/logo\/image\/","url":"https:\/\/www.esportsbets.com\/br\/wp-content\/uploads\/sites\/2\/2024\/01\/logo.svg","contentUrl":"https:\/\/www.esportsbets.com\/br\/wp-content\/uploads\/sites\/2\/2024\/01\/logo.svg","width":"469","height":"80","caption":"EsportsBets BR"},"image":{"@id":"https:\/\/www.esportsbets.com\/br\/#\/schema\/logo\/image\/"}}]}},"_links":{"self":[{"href":"https:\/\/www.esportsbets.com\/br\/wp-json\/wp\/v2\/pages\/1975","targetHints":{"allow":["GET"]}}],"collection":[{"href":"https:\/\/www.esportsbets.com\/br\/wp-json\/wp\/v2\/pages"}],"about":[{"href":"https:\/\/www.esportsbets.com\/br\/wp-json\/wp\/v2\/types\/page"}],"author":[{"embeddable":true,"href":"https:\/\/www.esportsbets.com\/br\/wp-json\/wp\/v2\/users\/113"}],"replies":[{"embeddable":true,"href":"https:\/\/www.esportsbets.com\/br\/wp-json\/wp\/v2\/comments?post=1975"}],"version-history":[{"count":1,"href":"https:\/\/www.esportsbets.com\/br\/wp-json\/wp\/v2\/pages\/1975\/revisions"}],"predecessor-version":[{"id":4068,"href":"https:\/\/www.esportsbets.com\/br\/wp-json\/wp\/v2\/pages\/1975\/revisions\/4068"}],"up":[{"embeddable":true,"href":"https:\/\/www.esportsbets.com\/br\/wp-json\/wp\/v2\/pages\/275"}],"wp:featuredmedia":[{"embeddable":true,"href":"https:\/\/www.esportsbets.com\/br\/wp-json\/wp\/v2\/media\/1977"}],"wp:attachment":[{"href":"https:\/\/www.esportsbets.com\/br\/wp-json\/wp\/v2\/media?parent=1975"}],"curies":[{"name":"wp","href":"https:\/\/api.w.org\/{rel}","templated":true}]}}