{"id":201,"date":"2023-03-23T18:25:25","date_gmt":"2023-03-23T18:25:25","guid":{"rendered":"https:\/\/www.esportsbets.com\/br\/?page_id=201"},"modified":"2025-01-10T12:45:01","modified_gmt":"2025-01-10T12:45:01","slug":"pubg","status":"publish","type":"page","link":"https:\/\/www.esportsbets.com\/br\/pubg\/","title":{"rendered":"Apostas PUBG: veja como fazer apostas, ganhar b\u00f4nus e dicas"},"content":{"rendered":"<p>Os jogos de batalha royal em que todos enfrentam a todos se tornaram um dos maiores fen\u00f4menos da hist\u00f3ria dos esports. As modalidades j\u00e1 existiam em alguns jogos de tiro em primeira pessoa, mas n\u00e3o era a principal atra\u00e7\u00e3o.<\/p>\n[cta id=3624 type=list]\n<p>Gosta de esports e quer fazer apostas PUBG? Quer come\u00e7ar a <a href=\"https:\/\/www.esportsbets.com\/br\/\">apostar em esports<\/a>? Gosta de PUBG e quer usar seu conhecimento para fazer apostas? N\u00f3s preparamos um texto especial para voc\u00ea. Confira abaixo um guia completo para come\u00e7ar no mundo das apostas PUBG.<\/p>\n<h2 id='como-funciona-o-pubg'>Como funciona o PUBG<\/h2>\n<p>A proposta geral do PUBG \u00e9 ser um campo de batalha em que todos enfrentam todos at\u00e9 que apenas um seja o vencedor. H\u00e1 modalidades de jogos em equipe, mas o principal atrativo do jogo \u00e9 a batalha royal.<\/p>\n<figure id=\"attachment_202\" aria-describedby=\"caption-attachment-202\" style=\"width: 800px\" class=\"wp-caption alignnone\"><img loading=\"lazy\" decoding=\"async\" class=\"size-full wp-image-202\" src=\"https:\/\/www.esportsbets.com\/br\/wp-content\/uploads\/sites\/2\/2023\/03\/pugb.webp\" alt=\"pugb\" width=\"800\" height=\"450\" srcset=\"https:\/\/www.esportsbets.com\/br\/wp-content\/uploads\/sites\/2\/2023\/03\/pugb.webp 800w, https:\/\/www.esportsbets.com\/br\/wp-content\/uploads\/sites\/2\/2023\/03\/pugb-300x169.webp 300w, https:\/\/www.esportsbets.com\/br\/wp-content\/uploads\/sites\/2\/2023\/03\/pugb-768x432.webp 768w\" sizes=\"auto, (max-width: 800px) 100vw, 800px\" \/><figcaption id=\"caption-attachment-202\" class=\"wp-caption-text\">Divulga\u00e7\u00e3o: PUBG<\/figcaption><\/figure>\n<p>O PUBG \u00e9 o sexto esports que mais distribuiu premia\u00e7\u00e3o at\u00e9 2023. No total, somando os campeonatos disputados em computador e os centrados em partidas de celular, os campeonatos de PUGB <strong>distribu\u00edram mais de 100 milh\u00f5es de d\u00f3lares.<\/strong><\/p>\n<p>O PUGB tamb\u00e9m \u00e9 uma das modalidades de esports que mais rendeu para jogadores e organiza\u00e7\u00f5es de esports no Brasil. No total, desde seu lan\u00e7amento, os representantes do Brasil receberam mais de 2 milh\u00f5es de d\u00f3lares em premia\u00e7\u00f5es no PUBG.<\/p>\n<p>Esse montante s\u00f3 fica atr\u00e1s de CS:GO, Rainbow Six Siege, Fortnite, Free Fire e Dota 2. S\u00f3 esse n\u00famero j\u00e1 <strong>mostra a relev\u00e2ncia do PUGB no Brasil<\/strong> e o tamanho das oportunidades que existem no mundo das apostas PUBG.<\/p>\n<h2 id='melhores-sites-de-apostas-pubg'>Melhores sites de apostas PUBG<\/h2>\n<p>As plataformas de apostas est\u00e3o se multiplicando. O fortalecimento, profissionaliza\u00e7\u00e3o e crescimento dos esports \u00e9 um dos principais fatores nesse movimento. Por isso, as plataformas t\u00eam focado suas aten\u00e7\u00f5es no p\u00fablico dos esports.<\/p>\n<p>Mas h\u00e1 uma coisa que \u00e9 universal: <strong>voc\u00ea precisa escolher uma plataforma segura!<\/strong> N\u00e3o importa qual seu jogo ou esports favorito. Para que suas apostas possam ser divertidas, voc\u00ea precisa usar uma plataforma que garanta a seguran\u00e7a dos seus fundos.<\/p>\n<p>Na hora de escolher quais s\u00e3o os sites de apostas PUBG que voc\u00ea vai usar, coloque a seguran\u00e7a em primeiro lugar. Se tiver d\u00favidas, d\u00ea uma olhada na nossa lista com os <a href=\"https:\/\/www.esportsbets.com\/br\/reviews\/\">melhores sites de apostas<\/a> e escolha aquele que melhor se encaixa no seu perfil.<\/p>\n<figure id=\"attachment_203\" aria-describedby=\"caption-attachment-203\" style=\"width: 800px\" class=\"wp-caption alignnone\"><img loading=\"lazy\" decoding=\"async\" class=\"size-full wp-image-203\" src=\"https:\/\/www.esportsbets.com\/br\/wp-content\/uploads\/sites\/2\/2023\/03\/pobg-3.webp\" alt=\"pobg-3\" width=\"800\" height=\"550\" srcset=\"https:\/\/www.esportsbets.com\/br\/wp-content\/uploads\/sites\/2\/2023\/03\/pobg-3.webp 800w, https:\/\/www.esportsbets.com\/br\/wp-content\/uploads\/sites\/2\/2023\/03\/pobg-3-300x206.webp 300w, https:\/\/www.esportsbets.com\/br\/wp-content\/uploads\/sites\/2\/2023\/03\/pobg-3-768x528.webp 768w\" sizes=\"auto, (max-width: 800px) 100vw, 800px\" \/><figcaption id=\"caption-attachment-203\" class=\"wp-caption-text\">Divulga\u00e7\u00e3o: PUBG<\/figcaption><\/figure>\n<h2 id='dicas-de-apostas-pubg'>Dicas de apostas PUBG<\/h2>\n<p>A primeira coisa a considerar \u00e9 a plataforma que voc\u00ea vai usar: computador ou celular. A din\u00e2mica das partidas \u00e9 a mesma, mas h\u00e1 algumas diferen\u00e7as mec\u00e2nicas que precisam ser consideradas.<\/p>\n<p>Agora que voc\u00ea j\u00e1 escolheu a melhor plataforma para as suas necessidades e<strong> j\u00e1 sabe qual plataforma de jogos vai usar<\/strong>, chegou a hora de pegar algumas dicas b\u00e1sicas que podem te ajudar muito na hora de fazer suas apostas PUBG.<\/p>\n<h3 id='conhe%c3%a7a-os-melhores-jogadores'>Conhe\u00e7a os melhores jogadores<\/h3>\n<p>As melhores equipes e os melhores jogadores do mundo <strong>definem como as partidas s\u00e3o jogadas<\/strong>. S\u00e3o eles que descobrem os atalhos e as melhores maneiras de usar os recursos do jogo.<\/p>\n<p>Conhe\u00e7a os <a href=\"https:\/\/www.esportsbets.com\/br\/pubg\/melhores-jogadores\/\">melhores jogadores de PUBG<\/a> e tente adequar as t\u00e1ticas usadas por eles nos seus jogos. Se voc\u00ea joga no celular, pode emular as estrat\u00e9gias do <a href=\"https:\/\/www.esportsbets.com\/br\/pubg\/melhor-jogador-mobile\/\">melhor jogador de PUGB mobile<\/a> para melhorar sua porcentagem de vit\u00f3rias.<\/p>\n<h3 id='s%c3%b3-aposte-nos-melhores-sites-de-apostas-pubg'>S\u00f3 aposte nos melhores sites de apostas PUBG<\/h3>\n<p>Na hora de apostar, muitas pessoas buscam apenas o resultado e se esquecem da seguran\u00e7a. Algumas plataformas prometem lucros muito maiores do que a m\u00e9dia e isso atrai muita gente. Mas \u00e9 preciso se perguntar uma coisa: essa plataforma \u00e9 segura? Suas apostas e seu dinheiro est\u00e3o seguros ali?<\/p>\n<p>S\u00f3 aposte em sites confi\u00e1veis e que est\u00e3o no mercado h\u00e1 bastante tempo. Fuja das novidades mirabolantes e se concentre em aprender o jogo.<\/p>\n<h3 id='use-as-odds-a-seu-favor'>Use as odds a seu favor<\/h3>\n<p>Quanto mais voc\u00ea souber sobre o jogo, <strong>mais poder\u00e1 usar as PUBG odds a seu favor<\/strong>. As odds s\u00e3o as probabilidades de que um evento aconte\u00e7a dentro do jogo. Por exemplo: a chance de que um time ven\u00e7a a partida, a chance de que um jogador termine com mais abates do que os advers\u00e1rios, etc.<\/p>\n<p>Quanto mais voc\u00ea conhecer o jogo, quanto mais pr\u00f3ximo estiver das estrat\u00e9gias e t\u00e1ticas usadas pelos profissionais e quanto mais voc\u00ea jogar, mais chance ter\u00e1 de acertar as <a href=\"https:\/\/www.esportsbets.com\/br\/odds\/\">odds esports<\/a>. Coloque as PUBG odds a seu favor aprendendo cada vez mais sobre o jogo.<\/p>\n[cta id=3623 type=cta]\n<h2 id='apostas-pubg-mobile'>Apostas PUBG mobile<\/h2>\n<p>As apostas nas vers\u00f5es para celular dos torneios e partidas de PUBG seguem as mesmas regras das apostas PUBG para computador. O jogo n\u00e3o muda. Por isso, as apostas PUBG e as PUBG odds tamb\u00e9m n\u00e3o mudam.<strong> As apostas para jogos de PUBG no computador e no celular seguem todas as mesmas din\u00e2micas.<\/strong><\/p>\n<p>Se voc\u00ea quer apostar em partidas e torneios de PUBG mobile, a \u00fanica coisa para a qual precisa se atentar s\u00e3o as diferen\u00e7as nas equipes e jogadores. As equipes e atletas das modalidades de computador e celular s\u00e3o diferentes.<\/p>\n<p>Use o conhecimento que voc\u00ea tem sobre as melhores equipes e jogadores de PUBG mobile na hora que for fazer apostas PUBG que tenham suas odds baseadas em partidas e jogos disputados na vers\u00e3o mobile.<\/p>\n<h2 id='conclus%c3%a3o'>Conclus\u00e3o<\/h2>\n<p>Fazer apostas PUBG <strong>est\u00e1 se tornando cada vez mais f\u00e1cil<\/strong>. O aumento no n\u00famero de torneios e partidas profissionais faz com que os apostadores tenham cada vez mais chances de colocar seus conhecimentos em pr\u00e1tica.<\/p>\n<p>Al\u00e9m disso, o crescente apelo que os PUBG t\u00eam entre os brasileiros faz com que cada vez mais pessoas assistam e apostem nas partidas. Esses dois fatores somados tornam as apostas PUBG uma das modalidades de apostas em esports mais interessantes do cen\u00e1rio.<\/p>\n<p>Para tirar o m\u00e1ximo de divers\u00e3o e lucro das suas apostas, utilize apenas os melhores sites de apostas e conhe\u00e7a a din\u00e2mica dos torneios e das partidas. Se tiver qualquer d\u00favida, basta voltar ao nosso guia quando precisar.<\/p>\n<h2 id='perguntas-frequentes'>Perguntas Frequentes<\/h2>\n<section class=\"faq-container\" itemscope itemtype=\"http:\/\/schema.org\/FAQPage\">\n<div class=\"faq-wrapper\" itemscope itemprop=\"mainEntity\" itemtype=\"https:\/\/schema.org\/Question\">\n                      <h3 class=\"faq-question\" itemprop=\"name\" class=\"faq-title\">Quais tipos de apostas posso fazer em PUBG? <\/h3>\n                        <div itemscope itemprop=\"acceptedAnswer\" itemtype=\"https:\/\/schema.org\/Answer\">\n                            <div class=\"faq-answer\" itemprop=\"text\">\nAs apostas em PUBG geralmente incluem apostas em qual equipe ou jogador vai vencer uma partida ou campeonato, handicaps, over\/under, al\u00e9m de apostas em mercados como o n\u00famero de abates ou o tempo de sobreviv\u00eancia na partida. <\/div>\n                        <\/div>\n                   <\/div>\n<div class=\"faq-wrapper\" itemscope itemprop=\"mainEntity\" itemtype=\"https:\/\/schema.org\/Question\">\n                      <h3 class=\"faq-question\" itemprop=\"name\" class=\"faq-title\">\u00c9 legal fazer apostas em jogos de PUBG? <\/h3>\n                        <div itemscope itemprop=\"acceptedAnswer\" itemtype=\"https:\/\/schema.org\/Answer\">\n                            <div class=\"faq-answer\" itemprop=\"text\">\nAs apostas esportivas online s\u00e3o autorizadas no Brasil segundo a Lei 13.756\/18, que prev\u00ea a atua\u00e7\u00e3o de casas de apostas online, desde que os sites estejam hospedados em outros pa\u00edses e que n\u00e3o tenham pontos de vendas f\u00edsicos em territ\u00f3rio nacional. <\/div>\n                        <\/div>\n                   <\/div>\n<div class=\"faq-wrapper\" itemscope itemprop=\"mainEntity\" itemtype=\"https:\/\/schema.org\/Question\">\n                      <h3 class=\"faq-question\" itemprop=\"name\" class=\"faq-title\">Como fa\u00e7o para depositar dinheiro em um site de apostas em PUBG? <\/h3>\n                        <div itemscope itemprop=\"acceptedAnswer\" itemtype=\"https:\/\/schema.org\/Answer\">\n                            <div class=\"faq-answer\" itemprop=\"text\">\nA maioria dos sites de apostas em PUBG permite que voc\u00ea deposite dinheiro usando cart\u00f5es de cr\u00e9dito, PIX, boleto, carteiras eletr\u00f4nicas ou transfer\u00eancias banc\u00e1rias. Se certifique de verificar as op\u00e7\u00f5es de pagamento oferecidas pelo site antes de fazer um dep\u00f3sito. <\/div>\n                        <\/div>\n                   <\/div>\n<div class=\"faq-wrapper\" itemscope itemprop=\"mainEntity\" itemtype=\"https:\/\/schema.org\/Question\">\n                      <h3 class=\"faq-question\" itemprop=\"name\" class=\"faq-title\">Quais s\u00e3o as dicas para melhorar nas apostas em PUBG? <\/h3>\n                        <div itemscope itemprop=\"acceptedAnswer\" itemtype=\"https:\/\/schema.org\/Answer\">\n                            <div class=\"faq-answer\" itemprop=\"text\">\nPara melhorar o desempenhos das suas apostas em PUBG, voc\u00ea deve fazer uma pesquisa cuidadosa sobre as equipes e jogadores, verificar o desempenho anterior dos times em torneios passados, acompanhar as mudan\u00e7as no meta do jogo e os patches de atualiza\u00e7\u00e3o, al\u00e9m de acompanhar as tend\u00eancias de apostas para ter uma ideia das escolhas populares. <\/div>\n                        <\/div>\n                   <\/div>\n<\/section>\n","protected":false},"excerpt":{"rendered":"<p>Os jogos de batalha royal em que todos enfrentam a todos se tornaram um dos maiores fen\u00f4menos da hist\u00f3ria dos esports.&hellip;<\/p>\n","protected":false},"author":98,"featured_media":202,"parent":0,"menu_order":0,"comment_status":"closed","ping_status":"closed","template":"","meta":{"_stopmodifiedupdate":false,"_modified_date":"","footnotes":""},"class_list":["post-201","page","type-page","status-publish","has-post-thumbnail","hentry"],"acf":[],"yoast_head":"<!-- This site is optimized with the Yoast SEO plugin v20.11 - https:\/\/yoast.com\/wordpress\/plugins\/seo\/ -->\n<title>Apostas PUBG \u27a4 Sites de Apostas, Dicas e B\u00f4nus | 2025<\/title>\n<meta name=\"description\" content=\"Quer aprender a apostar em PUBG? \u27a4 Ent\u00e3o, te convidamos a conhecer nosso guia completo de apostas para iniciantes \u271a os melhores sites de apostas!\" \/>\n<meta name=\"robots\" content=\"index, follow, max-snippet:-1, max-image-preview:large, max-video-preview:-1\" \/>\n<link rel=\"canonical\" href=\"https:\/\/www.esportsbets.com\/br\/pubg\/\" \/>\n<meta property=\"og:locale\" content=\"pt_BR\" \/>\n<meta property=\"og:type\" content=\"article\" \/>\n<meta property=\"og:title\" content=\"Apostas PUBG \u27a4 Sites de Apostas, Dicas e B\u00f4nus | 2025\" \/>\n<meta property=\"og:description\" content=\"Quer aprender a apostar em PUBG? \u27a4 Ent\u00e3o, te convidamos a conhecer nosso guia completo de apostas para iniciantes \u271a os melhores sites de apostas!\" \/>\n<meta property=\"og:url\" content=\"https:\/\/www.esportsbets.com\/br\/pubg\/\" \/>\n<meta property=\"og:site_name\" content=\"EsportsBets BR\" \/>\n<meta property=\"article:modified_time\" content=\"2025-01-10T12:45:01+00:00\" \/>\n<meta property=\"og:image\" content=\"https:\/\/www.esportsbets.com\/br\/wp-content\/uploads\/sites\/2\/2023\/03\/pugb.webp\" \/>\n\t<meta property=\"og:image:width\" content=\"800\" \/>\n\t<meta property=\"og:image:height\" content=\"450\" \/>\n\t<meta property=\"og:image:type\" content=\"image\/webp\" \/>\n<meta name=\"twitter:card\" content=\"summary_large_image\" \/>\n<meta name=\"twitter:label1\" content=\"Est. tempo de leitura\" \/>\n\t<meta name=\"twitter:data1\" content=\"7 minutos\" \/>\n<script type=\"application\/ld+json\" class=\"yoast-schema-graph\">{\"@context\":\"https:\/\/schema.org\",\"@graph\":[{\"@type\":\"WebPage\",\"@id\":\"https:\/\/www.esportsbets.com\/br\/pubg\/\",\"url\":\"https:\/\/www.esportsbets.com\/br\/pubg\/\",\"name\":\"Apostas PUBG \u27a4 Sites de Apostas, Dicas e B\u00f4nus | 2025\",\"isPartOf\":{\"@id\":\"https:\/\/www.esportsbets.com\/br\/#website\"},\"datePublished\":\"2023-03-23T18:25:25+00:00\",\"dateModified\":\"2025-01-10T12:45:01+00:00\",\"description\":\"Quer aprender a apostar em PUBG? \u27a4 Ent\u00e3o, te convidamos a conhecer nosso guia completo de apostas para iniciantes \u271a os melhores sites de apostas!\",\"breadcrumb\":{\"@id\":\"https:\/\/www.esportsbets.com\/br\/pubg\/#breadcrumb\"},\"inLanguage\":\"pt-BR\",\"potentialAction\":[{\"@type\":\"ReadAction\",\"target\":[\"https:\/\/www.esportsbets.com\/br\/pubg\/\"]}]},{\"@type\":\"BreadcrumbList\",\"@id\":\"https:\/\/www.esportsbets.com\/br\/pubg\/#breadcrumb\",\"itemListElement\":[{\"@type\":\"ListItem\",\"position\":1,\"name\":\"Home\",\"item\":\"https:\/\/www.esportsbets.com\/br\/\"},{\"@type\":\"ListItem\",\"position\":2,\"name\":\"Apostas PUBG: veja como fazer apostas, ganhar b\u00f4nus e dicas\"}]},{\"@type\":\"WebSite\",\"@id\":\"https:\/\/www.esportsbets.com\/br\/#website\",\"url\":\"https:\/\/www.esportsbets.com\/br\/\",\"name\":\"EsportsBets BR\",\"description\":\"\",\"publisher\":{\"@id\":\"https:\/\/www.esportsbets.com\/br\/#organization\"},\"potentialAction\":[{\"@type\":\"SearchAction\",\"target\":{\"@type\":\"EntryPoint\",\"urlTemplate\":\"https:\/\/www.esportsbets.com\/br\/?s={search_term_string}\"},\"query-input\":\"required name=search_term_string\"}],\"inLanguage\":\"pt-BR\"},{\"@type\":\"Organization\",\"@id\":\"https:\/\/www.esportsbets.com\/br\/#organization\",\"name\":\"EsportsBets BR\",\"url\":\"https:\/\/www.esportsbets.com\/br\/\",\"logo\":{\"@type\":\"ImageObject\",\"inLanguage\":\"pt-BR\",\"@id\":\"https:\/\/www.esportsbets.com\/br\/#\/schema\/logo\/image\/\",\"url\":\"https:\/\/www.esportsbets.com\/br\/wp-content\/uploads\/sites\/2\/2024\/01\/logo.svg\",\"contentUrl\":\"https:\/\/www.esportsbets.com\/br\/wp-content\/uploads\/sites\/2\/2024\/01\/logo.svg\",\"width\":\"469\",\"height\":\"80\",\"caption\":\"EsportsBets BR\"},\"image\":{\"@id\":\"https:\/\/www.esportsbets.com\/br\/#\/schema\/logo\/image\/\"}}]}<\/script>\n<!-- \/ Yoast SEO plugin. -->","yoast_head_json":{"title":"Apostas PUBG \u27a4 Sites de Apostas, Dicas e B\u00f4nus | 2025","description":"Quer aprender a apostar em PUBG? \u27a4 Ent\u00e3o, te convidamos a conhecer nosso guia completo de apostas para iniciantes \u271a os melhores sites de apostas!","robots":{"index":"index","follow":"follow","max-snippet":"max-snippet:-1","max-image-preview":"max-image-preview:large","max-video-preview":"max-video-preview:-1"},"canonical":"https:\/\/www.esportsbets.com\/br\/pubg\/","og_locale":"pt_BR","og_type":"article","og_title":"Apostas PUBG \u27a4 Sites de Apostas, Dicas e B\u00f4nus | 2025","og_description":"Quer aprender a apostar em PUBG? \u27a4 Ent\u00e3o, te convidamos a conhecer nosso guia completo de apostas para iniciantes \u271a os melhores sites de apostas!","og_url":"https:\/\/www.esportsbets.com\/br\/pubg\/","og_site_name":"EsportsBets BR","article_modified_time":"2025-01-10T12:45:01+00:00","og_image":[{"width":"800","height":"450","url":"https:\/\/www.esportsbets.com\/br\/wp-content\/uploads\/sites\/2\/2023\/03\/pugb.webp","type":"image\/webp"}],"twitter_card":"summary_large_image","twitter_misc":{"Est. tempo de leitura":"7 minutos"},"schema":{"@context":"https:\/\/schema.org","@graph":[{"@type":"WebPage","@id":"https:\/\/www.esportsbets.com\/br\/pubg\/","url":"https:\/\/www.esportsbets.com\/br\/pubg\/","name":"Apostas PUBG \u27a4 Sites de Apostas, Dicas e B\u00f4nus | 2025","isPartOf":{"@id":"https:\/\/www.esportsbets.com\/br\/#website"},"datePublished":"2023-03-23T18:25:25+00:00","dateModified":"2025-01-10T12:45:01+00:00","description":"Quer aprender a apostar em PUBG? \u27a4 Ent\u00e3o, te convidamos a conhecer nosso guia completo de apostas para iniciantes \u271a os melhores sites de apostas!","breadcrumb":{"@id":"https:\/\/www.esportsbets.com\/br\/pubg\/#breadcrumb"},"inLanguage":"pt-BR","potentialAction":[{"@type":"ReadAction","target":["https:\/\/www.esportsbets.com\/br\/pubg\/"]}]},{"@type":"BreadcrumbList","@id":"https:\/\/www.esportsbets.com\/br\/pubg\/#breadcrumb","itemListElement":[{"@type":"ListItem","position":1,"name":"Home","item":"https:\/\/www.esportsbets.com\/br\/"},{"@type":"ListItem","position":2,"name":"Apostas PUBG: veja como fazer apostas, ganhar b\u00f4nus e dicas"}]},{"@type":"WebSite","@id":"https:\/\/www.esportsbets.com\/br\/#website","url":"https:\/\/www.esportsbets.com\/br\/","name":"EsportsBets BR","description":"","publisher":{"@id":"https:\/\/www.esportsbets.com\/br\/#organization"},"potentialAction":[{"@type":"SearchAction","target":{"@type":"EntryPoint","urlTemplate":"https:\/\/www.esportsbets.com\/br\/?s={search_term_string}"},"query-input":"required name=search_term_string"}],"inLanguage":"pt-BR"},{"@type":"Organization","@id":"https:\/\/www.esportsbets.com\/br\/#organization","name":"EsportsBets BR","url":"https:\/\/www.esportsbets.com\/br\/","logo":{"@type":"ImageObject","inLanguage":"pt-BR","@id":"https:\/\/www.esportsbets.com\/br\/#\/schema\/logo\/image\/","url":"https:\/\/www.esportsbets.com\/br\/wp-content\/uploads\/sites\/2\/2024\/01\/logo.svg","contentUrl":"https:\/\/www.esportsbets.com\/br\/wp-content\/uploads\/sites\/2\/2024\/01\/logo.svg","width":"469","height":"80","caption":"EsportsBets BR"},"image":{"@id":"https:\/\/www.esportsbets.com\/br\/#\/schema\/logo\/image\/"}}]}},"_links":{"self":[{"href":"https:\/\/www.esportsbets.com\/br\/wp-json\/wp\/v2\/pages\/201","targetHints":{"allow":["GET"]}}],"collection":[{"href":"https:\/\/www.esportsbets.com\/br\/wp-json\/wp\/v2\/pages"}],"about":[{"href":"https:\/\/www.esportsbets.com\/br\/wp-json\/wp\/v2\/types\/page"}],"author":[{"embeddable":true,"href":"https:\/\/www.esportsbets.com\/br\/wp-json\/wp\/v2\/users\/98"}],"replies":[{"embeddable":true,"href":"https:\/\/www.esportsbets.com\/br\/wp-json\/wp\/v2\/comments?post=201"}],"version-history":[{"count":1,"href":"https:\/\/www.esportsbets.com\/br\/wp-json\/wp\/v2\/pages\/201\/revisions"}],"predecessor-version":[{"id":4370,"href":"https:\/\/www.esportsbets.com\/br\/wp-json\/wp\/v2\/pages\/201\/revisions\/4370"}],"wp:featuredmedia":[{"embeddable":true,"href":"https:\/\/www.esportsbets.com\/br\/wp-json\/wp\/v2\/media\/202"}],"wp:attachment":[{"href":"https:\/\/www.esportsbets.com\/br\/wp-json\/wp\/v2\/media?parent=201"}],"curies":[{"name":"wp","href":"https:\/\/api.w.org\/{rel}","templated":true}]}}