{"id":2057,"date":"2023-12-01T13:52:38","date_gmt":"2023-12-01T13:52:38","guid":{"rendered":"https:\/\/www.esportsbets.com\/br\/?page_id=2057"},"modified":"2024-09-04T18:28:11","modified_gmt":"2024-09-04T18:28:11","slug":"melhores-jogos-bc-originals","status":"publish","type":"page","link":"https:\/\/www.esportsbets.com\/br\/reviews\/bc-game\/melhores-jogos-bc-originals\/","title":{"rendered":"BC Originals: Veja o TOP 5 melhores jogos da BC.Game!"},"content":{"rendered":"<p>O BC.Game vem se destacando como um dos cassinos mais completos da atualidade. Entre os pontos fortes do site, se destacam os jogos originais BC.Game. Essa se\u00e7\u00e3o \u00e9 dedicada aos jogos que foram projetados pela empresa, exclusivos e de qualidade confirmada. \u00c9 com isso que separamos esse guia completo com os melhores jogos BC Originals, falando um pouco sobre cada um deles e apontando suas caracter\u00edsticas.<\/p>\n[cta id=3837 type=cta]\n<h2 id='melhores-jogos-bc-originals'>Melhores jogos BC Originals<\/h2>\n<p>Atualmente o <a href=\"https:\/\/www.esportsbets.com\/br\/reviews\/bc-game\/cassino\/\">BC.Game cassino<\/a> oferece 33 jogos originais. Esses jogos v\u00e3o desde blackjacks, bacar\u00e1, roleta, video poker at\u00e9 os mais acessados, como o Crash, Limbo e Plinko. Com isso, separamos um top 5 dos melhores jogos BC Originals abaixo.<\/p>\n<h3 id='crash'>Crash<\/h3>\n<p>Se voc\u00ea gosta de adrenalina, o Crash ser\u00e1 uma \u00f3tima experi\u00eancia para voc\u00ea. O<strong> objetivo desse jogo \u00e9 sacar a sua aposta antes que o foguete virtual caia, permitindo que os jogadores multipliquem todos os ganhos.<\/strong> Esse jogo oferece uma alta taxa de RTP que \u00e9 o retorno que o jogador tem jogando, cerca de 99%. Ou seja, os jogadores ter\u00e3o uma grande chance de receber de volta uma boa parte das apostas.<\/p>\n<figure id=\"attachment_2059\" aria-describedby=\"caption-attachment-2059\" style=\"width: 800px\" class=\"wp-caption aligncenter\"><img loading=\"lazy\" decoding=\"async\" class=\"size-full wp-image-2059\" src=\"https:\/\/www.esportsbets.com\/br\/wp-content\/uploads\/sites\/2\/2023\/12\/crash-bc-game.webp\" alt=\"Crash \u00e9 um dos melhores jogos BC Originais\" width=\"800\" height=\"450\" srcset=\"https:\/\/www.esportsbets.com\/br\/wp-content\/uploads\/sites\/2\/2023\/12\/crash-bc-game.webp 800w, https:\/\/www.esportsbets.com\/br\/wp-content\/uploads\/sites\/2\/2023\/12\/crash-bc-game-300x169.webp 300w, https:\/\/www.esportsbets.com\/br\/wp-content\/uploads\/sites\/2\/2023\/12\/crash-bc-game-768x432.webp 768w\" sizes=\"auto, (max-width: 800px) 100vw, 800px\" \/><figcaption id=\"caption-attachment-2059\" class=\"wp-caption-text\">Divulga\u00e7\u00e3o\/BC.Game<\/figcaption><\/figure>\n<p>O jogador que jogar o jogo Crash, poder\u00e1 apostar valores entre US$ 0.01 at\u00e9 US$ 100.000, colocando em risco diferentes bankrolls. Por\u00e9m, o poss\u00edvel ganho \u00e9 limitado em US$ 1.000.000. Vimos no <a href=\"https:\/\/www.esportsbets.com\/br\/reviews\/bc-game\/\">BC.Game review<\/a> que esses limites podem variar de jogo para jogo, mas com o Crash esses limites se aplicam.<\/p>\n<h3 id='limbo'>Limbo<\/h3>\n<p>Limbo \u00e9 um dos melhores jogos BC Originals. Esse jogo envolve elementos de sorte e estrat\u00e9gia, o jogador ter\u00e1 que tra\u00e7ar sua estrat\u00e9gia desde o come\u00e7o da rodada para conseguir ter sucesso. Neste jogo voc\u00ea deve selecionar o valor da aposta e escolher o multiplicador que deseja atingir. <strong>\u00c9 necess\u00e1rio prever se o pr\u00f3ximo n\u00famero ser\u00e1 menor ou maior, e com base nisso voc\u00ea ir\u00e1 ajustar o n\u00edvel do risco.<\/strong> Conforme o jogo avan\u00e7a e o multiplicador vai aumentando, voc\u00ea poder\u00e1 sacar e garantir os ganhos ou continuar arriscando para multiplicar ainda mais a sua aposta.<\/p>\n<figure id=\"attachment_2060\" aria-describedby=\"caption-attachment-2060\" style=\"width: 800px\" class=\"wp-caption aligncenter\"><img loading=\"lazy\" decoding=\"async\" class=\"size-full wp-image-2060\" src=\"https:\/\/www.esportsbets.com\/br\/wp-content\/uploads\/sites\/2\/2023\/12\/limbo-bc-game.webp\" alt=\"Limbo \u00e9 um dos melhores jogos BC Originais\" width=\"800\" height=\"450\" srcset=\"https:\/\/www.esportsbets.com\/br\/wp-content\/uploads\/sites\/2\/2023\/12\/limbo-bc-game.webp 800w, https:\/\/www.esportsbets.com\/br\/wp-content\/uploads\/sites\/2\/2023\/12\/limbo-bc-game-300x169.webp 300w, https:\/\/www.esportsbets.com\/br\/wp-content\/uploads\/sites\/2\/2023\/12\/limbo-bc-game-768x432.webp 768w\" sizes=\"auto, (max-width: 800px) 100vw, 800px\" \/><figcaption id=\"caption-attachment-2060\" class=\"wp-caption-text\">Divulga\u00e7\u00e3o\/BC.Game<\/figcaption><\/figure>\n<p>Assim como o Crash, esse jogo tem uma taxa de retorno de 99%. Com essa taxa bem alta, <strong>os jogadores podem se envolver ainda mais no jogo, elevando a experi\u00eancia e torcendo pelos lucros<\/strong>. Ainda \u00e9 poss\u00edvel encontrar o modo de aposta Turbo, permitindo que os jogadores aumentem a velocidade do jogo, tornando o processo do jogo mais r\u00e1pido e com maios emo\u00e7\u00e3o.<\/p>\n<h3 id='roda'>Roda<\/h3>\n<p>A Roda \u00e9 mais um dos jogos mais procurados no BC.Game. Neste jogo, os jogadores fazem apostas em determinadas se\u00e7\u00f5es de uma roda colorida. A roda ir\u00e1 girar at\u00e9 cair em um multiplicador de alto pagamento. Esse jogo consiste em uma jogabilidade bem simples e direta, mas o entretenimento \u00e9 garantindo. <strong>O jogo tamb\u00e9m tem uma taxa de retorno ao jogador de 99%.<\/strong> Aqui os jogadores n\u00e3o ter\u00e3o grandes vit\u00f3rias com frequ\u00eancia, visto que a vit\u00f3ria m\u00e1xima \u00e9 de 49,5%, por\u00e9m, o jogo oferece mais vit\u00f3rias regulares com valores menores, que com o tempo podem acumular um \u00f3timo valor.<\/p>\n<figure id=\"attachment_2061\" aria-describedby=\"caption-attachment-2061\" style=\"width: 800px\" class=\"wp-caption aligncenter\"><img loading=\"lazy\" decoding=\"async\" class=\"wp-image-2061 size-full\" src=\"https:\/\/www.esportsbets.com\/br\/wp-content\/uploads\/sites\/2\/2023\/12\/roda-bc-game.webp\" alt=\"Roda \u00e9 um dos melhores jogos BC Originais\" width=\"800\" height=\"450\" srcset=\"https:\/\/www.esportsbets.com\/br\/wp-content\/uploads\/sites\/2\/2023\/12\/roda-bc-game.webp 800w, https:\/\/www.esportsbets.com\/br\/wp-content\/uploads\/sites\/2\/2023\/12\/roda-bc-game-300x169.webp 300w, https:\/\/www.esportsbets.com\/br\/wp-content\/uploads\/sites\/2\/2023\/12\/roda-bc-game-768x432.webp 768w\" sizes=\"auto, (max-width: 800px) 100vw, 800px\" \/><figcaption id=\"caption-attachment-2061\" class=\"wp-caption-text\">Divulga\u00e7\u00e3o\/BC.Game<\/figcaption><\/figure>\n<h3 id='plinko'>Plinko<\/h3>\n<p>Estamos falando de um dos melhores jogos BC Originals, o Plinko. Aqui neste jogo, <strong>um tabuleiro vertical contendo alguns pinos que formam uma pir\u00e2mide ter\u00e3o extrema import\u00e2ncia, juntamente com as bolas que ser\u00e3o lan\u00e7adas.<\/strong> Quando soltas, as bolas v\u00e3o passando entre meio os pinos, caindo em um determinado espa\u00e7o com b\u00f4nus de multiplicador para o valor apostado.<\/p>\n<figure id=\"attachment_2062\" aria-describedby=\"caption-attachment-2062\" style=\"width: 800px\" class=\"wp-caption aligncenter\"><img loading=\"lazy\" decoding=\"async\" class=\"size-full wp-image-2062\" src=\"https:\/\/www.esportsbets.com\/br\/wp-content\/uploads\/sites\/2\/2023\/12\/plinko-bc-game.webp\" alt=\"Plinko \u00e9 um dos melhores jogos BC Originais\" width=\"800\" height=\"450\" srcset=\"https:\/\/www.esportsbets.com\/br\/wp-content\/uploads\/sites\/2\/2023\/12\/plinko-bc-game.webp 800w, https:\/\/www.esportsbets.com\/br\/wp-content\/uploads\/sites\/2\/2023\/12\/plinko-bc-game-300x169.webp 300w, https:\/\/www.esportsbets.com\/br\/wp-content\/uploads\/sites\/2\/2023\/12\/plinko-bc-game-768x432.webp 768w\" sizes=\"auto, (max-width: 800px) 100vw, 800px\" \/><figcaption id=\"caption-attachment-2062\" class=\"wp-caption-text\">Divulga\u00e7\u00e3o\/BC.Game<\/figcaption><\/figure>\n<p>Esse jogo tamb\u00e9m oferece uma taxa de retorno ao jogador de 99%, com uma vit\u00f3ria m\u00e1xima de 1000x de multiplicador. Isso significa que voc\u00ea poder\u00e1 ter pagamentos muito altos dependendo da rodada. Um dos motivos que fazem o Plinko popular \u00e9 a op\u00e7\u00e3o de personaliza\u00e7\u00e3o que os jogadores podem realizar, podendo escolher entre 8 e 16 linhas de pinos na pir\u00e2mide, <strong>o que altera totalmente a mec\u00e2nica do jogo e os multiplicadores.<\/strong><\/p>\n<h3 id='dados-cl%c3%a1ssicos'>Dados Cl\u00e1ssicos<\/h3>\n<p>Para finalizar a lista dos 5 melhores jogos BC Originals, os Dados Cl\u00e1ssicos oferecem uma experi\u00eancia agrad\u00e1vel, de maneira simples quando comparado aos outros jogos de dados. Neste jogo, <strong>os jogadores dever\u00e3o lan\u00e7ar um dado virtual de 100 lados, por\u00e9m, pode ser personalizado de acordo com as prefer\u00eancias de jogo.<\/strong> Antes de rolar os dados os jogadores devem definir um valor m\u00e1ximo ou rolar abaixo do valor, fazendo com que a quantia que foi escolhida seja utilizada como meta para definir o resultado do jogo.<\/p>\n<figure id=\"attachment_2064\" aria-describedby=\"caption-attachment-2064\" style=\"width: 800px\" class=\"wp-caption aligncenter\"><img loading=\"lazy\" decoding=\"async\" class=\"size-full wp-image-2064\" src=\"https:\/\/www.esportsbets.com\/br\/wp-content\/uploads\/sites\/2\/2023\/12\/dados-classicos-bc-game.webp\" alt=\"Dados cl\u00e1ssicos BC.Game\" width=\"800\" height=\"450\" srcset=\"https:\/\/www.esportsbets.com\/br\/wp-content\/uploads\/sites\/2\/2023\/12\/dados-classicos-bc-game.webp 800w, https:\/\/www.esportsbets.com\/br\/wp-content\/uploads\/sites\/2\/2023\/12\/dados-classicos-bc-game-300x169.webp 300w, https:\/\/www.esportsbets.com\/br\/wp-content\/uploads\/sites\/2\/2023\/12\/dados-classicos-bc-game-768x432.webp 768w\" sizes=\"auto, (max-width: 800px) 100vw, 800px\" \/><figcaption id=\"caption-attachment-2064\" class=\"wp-caption-text\">Divulga\u00e7\u00e3o\/BC.Game<\/figcaption><\/figure>\n<p>Ao final, os jogadores devem alcan\u00e7ar um resultado que esteja dentro da \u00e1rea verde para vencer. Assim como os outros jogos apresentados aqui, a taxa de retorno do jogador tamb\u00e9m \u00e9 de 99%. Ap\u00f3s lucrar, saiba <a href=\"https:\/\/www.esportsbets.com\/br\/guias\/como-sacar-na-bcgame\/\">como sacar na BC.Game<\/a> para retirar todos os seus lucros.<\/p>\n<h2 id='bc-originals-jogos-%c3%b3timas-op%c3%a7%c3%b5es-para-o-entretenimento'>BC originals jogos: \u00f3timas op\u00e7\u00f5es para o entretenimento<\/h2>\n<p>Em conclus\u00e3o, os BC originals jogos s\u00e3o \u00f3timas op\u00e7\u00f5es de entretenimento para os jogadores interessantes em experi\u00eancias \u00fanicas dentro do site. Essa se\u00e7\u00e3o dos melhores jogos BC Originals oferece uma experi\u00eancia de jogo \u00fanica que cativa todos os usu\u00e1rios. Desde o Dado Cl\u00e1ssico at\u00e9 o Crash, esses jogos possuem uma alta taxa de retorno para os jogadores, fazendo com que as chances de vencer aumentem.<\/p>\n<p>Caso voc\u00ea queira ter a experi\u00eancia de jogar os jogos originais do site, saiba como\u00a0 realizar o <a href=\"https:\/\/www.esportsbets.com\/br\/guias\/como-criar-conta-na-bc-game\/\">BC.Game cadastro<\/a> e criar sua conta. A BC.Game estabeleceu-se entre as melhores casas de apostas e jogos e esses jogos exclusivos s\u00e3o a prova disso. Jogue agora e tenha grandes chances de lucrar!<\/p>\n[cta id=3837 type=cta]\n","protected":false},"excerpt":{"rendered":"<p>O BC.Game vem se destacando como um dos cassinos mais completos da atualidade. Entre os pontos fortes do site, se destacam&hellip;<\/p>\n","protected":false},"author":113,"featured_media":2065,"parent":95,"menu_order":0,"comment_status":"closed","ping_status":"closed","template":"","meta":{"_stopmodifiedupdate":true,"_modified_date":"","footnotes":""},"class_list":["post-2057","page","type-page","status-publish","has-post-thumbnail","hentry"],"acf":[],"yoast_head":"<!-- This site is optimized with the Yoast SEO plugin v20.11 - https:\/\/yoast.com\/wordpress\/plugins\/seo\/ -->\n<title>Melhores jogos BC Originals: TOP 5 dos melhores jogos BC.Game<\/title>\n<meta name=\"description\" content=\"Separamos esse guia completo com os melhores jogos BC.Game Originals. Os 5 jogos mais buscados pelos jogadores, confira!\" \/>\n<meta name=\"robots\" content=\"index, follow, max-snippet:-1, max-image-preview:large, max-video-preview:-1\" \/>\n<link rel=\"canonical\" href=\"https:\/\/www.esportsbets.com\/br\/reviews\/bc-game\/melhores-jogos-bc-originals\/\" \/>\n<meta property=\"og:locale\" content=\"pt_BR\" \/>\n<meta property=\"og:type\" content=\"article\" \/>\n<meta property=\"og:title\" content=\"Melhores jogos BC Originals: TOP 5 dos melhores jogos BC.Game\" \/>\n<meta property=\"og:description\" content=\"Separamos esse guia completo com os melhores jogos BC.Game Originals. Os 5 jogos mais buscados pelos jogadores, confira!\" \/>\n<meta property=\"og:url\" content=\"https:\/\/www.esportsbets.com\/br\/reviews\/bc-game\/melhores-jogos-bc-originals\/\" \/>\n<meta property=\"og:site_name\" content=\"EsportsBets BR\" \/>\n<meta property=\"article:modified_time\" content=\"2024-09-04T18:28:11+00:00\" \/>\n<meta property=\"og:image\" content=\"https:\/\/www.esportsbets.com\/br\/wp-content\/uploads\/sites\/2\/2023\/12\/melhores-jogos-bc-originais.webp\" \/>\n\t<meta property=\"og:image:width\" content=\"800\" \/>\n\t<meta property=\"og:image:height\" content=\"450\" \/>\n\t<meta property=\"og:image:type\" content=\"image\/webp\" \/>\n<meta name=\"twitter:card\" content=\"summary_large_image\" \/>\n<meta name=\"twitter:label1\" content=\"Est. tempo de leitura\" \/>\n\t<meta name=\"twitter:data1\" content=\"7 minutos\" \/>\n<script type=\"application\/ld+json\" class=\"yoast-schema-graph\">{\"@context\":\"https:\/\/schema.org\",\"@graph\":[{\"@type\":\"WebPage\",\"@id\":\"https:\/\/www.esportsbets.com\/br\/reviews\/bc-game\/melhores-jogos-bc-originals\/\",\"url\":\"https:\/\/www.esportsbets.com\/br\/reviews\/bc-game\/melhores-jogos-bc-originals\/\",\"name\":\"Melhores jogos BC Originals: TOP 5 dos melhores jogos BC.Game\",\"isPartOf\":{\"@id\":\"https:\/\/www.esportsbets.com\/br\/#website\"},\"datePublished\":\"2023-12-01T13:52:38+00:00\",\"dateModified\":\"2024-09-04T18:28:11+00:00\",\"description\":\"Separamos esse guia completo com os melhores jogos BC.Game Originals. Os 5 jogos mais buscados pelos jogadores, confira!\",\"breadcrumb\":{\"@id\":\"https:\/\/www.esportsbets.com\/br\/reviews\/bc-game\/melhores-jogos-bc-originals\/#breadcrumb\"},\"inLanguage\":\"pt-BR\",\"potentialAction\":[{\"@type\":\"ReadAction\",\"target\":[\"https:\/\/www.esportsbets.com\/br\/reviews\/bc-game\/melhores-jogos-bc-originals\/\"]}]},{\"@type\":\"BreadcrumbList\",\"@id\":\"https:\/\/www.esportsbets.com\/br\/reviews\/bc-game\/melhores-jogos-bc-originals\/#breadcrumb\",\"itemListElement\":[{\"@type\":\"ListItem\",\"position\":1,\"name\":\"Home\",\"item\":\"https:\/\/www.esportsbets.com\/br\/\"},{\"@type\":\"ListItem\",\"position\":2,\"name\":\"Melhores sites de apostas em esports: veja casas de apostas confi\u00e1veis\",\"item\":\"https:\/\/www.esportsbets.com\/br\/reviews\/\"},{\"@type\":\"ListItem\",\"position\":3,\"name\":\"BC.Game Brasil Review: Veja se o site \u00e9 confi\u00e1vel, confira como resgatar o b\u00f4nus e mais!\",\"item\":\"https:\/\/www.esportsbets.com\/br\/reviews\/bc-game\/\"},{\"@type\":\"ListItem\",\"position\":4,\"name\":\"BC Originals: Veja o TOP 5 melhores jogos da BC.Game!\"}]},{\"@type\":\"WebSite\",\"@id\":\"https:\/\/www.esportsbets.com\/br\/#website\",\"url\":\"https:\/\/www.esportsbets.com\/br\/\",\"name\":\"EsportsBets BR\",\"description\":\"\",\"publisher\":{\"@id\":\"https:\/\/www.esportsbets.com\/br\/#organization\"},\"potentialAction\":[{\"@type\":\"SearchAction\",\"target\":{\"@type\":\"EntryPoint\",\"urlTemplate\":\"https:\/\/www.esportsbets.com\/br\/?s={search_term_string}\"},\"query-input\":\"required name=search_term_string\"}],\"inLanguage\":\"pt-BR\"},{\"@type\":\"Organization\",\"@id\":\"https:\/\/www.esportsbets.com\/br\/#organization\",\"name\":\"EsportsBets BR\",\"url\":\"https:\/\/www.esportsbets.com\/br\/\",\"logo\":{\"@type\":\"ImageObject\",\"inLanguage\":\"pt-BR\",\"@id\":\"https:\/\/www.esportsbets.com\/br\/#\/schema\/logo\/image\/\",\"url\":\"https:\/\/www.esportsbets.com\/br\/wp-content\/uploads\/sites\/2\/2024\/01\/logo.svg\",\"contentUrl\":\"https:\/\/www.esportsbets.com\/br\/wp-content\/uploads\/sites\/2\/2024\/01\/logo.svg\",\"width\":\"469\",\"height\":\"80\",\"caption\":\"EsportsBets BR\"},\"image\":{\"@id\":\"https:\/\/www.esportsbets.com\/br\/#\/schema\/logo\/image\/\"}}]}<\/script>\n<!-- \/ Yoast SEO plugin. -->","yoast_head_json":{"title":"Melhores jogos BC Originals: TOP 5 dos melhores jogos BC.Game","description":"Separamos esse guia completo com os melhores jogos BC.Game Originals. Os 5 jogos mais buscados pelos jogadores, confira!","robots":{"index":"index","follow":"follow","max-snippet":"max-snippet:-1","max-image-preview":"max-image-preview:large","max-video-preview":"max-video-preview:-1"},"canonical":"https:\/\/www.esportsbets.com\/br\/reviews\/bc-game\/melhores-jogos-bc-originals\/","og_locale":"pt_BR","og_type":"article","og_title":"Melhores jogos BC Originals: TOP 5 dos melhores jogos BC.Game","og_description":"Separamos esse guia completo com os melhores jogos BC.Game Originals. Os 5 jogos mais buscados pelos jogadores, confira!","og_url":"https:\/\/www.esportsbets.com\/br\/reviews\/bc-game\/melhores-jogos-bc-originals\/","og_site_name":"EsportsBets BR","article_modified_time":"2024-09-04T18:28:11+00:00","og_image":[{"width":"800","height":"450","url":"https:\/\/www.esportsbets.com\/br\/wp-content\/uploads\/sites\/2\/2023\/12\/melhores-jogos-bc-originais.webp","type":"image\/webp"}],"twitter_card":"summary_large_image","twitter_misc":{"Est. tempo de leitura":"7 minutos"},"schema":{"@context":"https:\/\/schema.org","@graph":[{"@type":"WebPage","@id":"https:\/\/www.esportsbets.com\/br\/reviews\/bc-game\/melhores-jogos-bc-originals\/","url":"https:\/\/www.esportsbets.com\/br\/reviews\/bc-game\/melhores-jogos-bc-originals\/","name":"Melhores jogos BC Originals: TOP 5 dos melhores jogos BC.Game","isPartOf":{"@id":"https:\/\/www.esportsbets.com\/br\/#website"},"datePublished":"2023-12-01T13:52:38+00:00","dateModified":"2024-09-04T18:28:11+00:00","description":"Separamos esse guia completo com os melhores jogos BC.Game Originals. Os 5 jogos mais buscados pelos jogadores, confira!","breadcrumb":{"@id":"https:\/\/www.esportsbets.com\/br\/reviews\/bc-game\/melhores-jogos-bc-originals\/#breadcrumb"},"inLanguage":"pt-BR","potentialAction":[{"@type":"ReadAction","target":["https:\/\/www.esportsbets.com\/br\/reviews\/bc-game\/melhores-jogos-bc-originals\/"]}]},{"@type":"BreadcrumbList","@id":"https:\/\/www.esportsbets.com\/br\/reviews\/bc-game\/melhores-jogos-bc-originals\/#breadcrumb","itemListElement":[{"@type":"ListItem","position":1,"name":"Home","item":"https:\/\/www.esportsbets.com\/br\/"},{"@type":"ListItem","position":2,"name":"Melhores sites de apostas em esports: veja casas de apostas confi\u00e1veis","item":"https:\/\/www.esportsbets.com\/br\/reviews\/"},{"@type":"ListItem","position":3,"name":"BC.Game Brasil Review: Veja se o site \u00e9 confi\u00e1vel, confira como resgatar o b\u00f4nus e mais!","item":"https:\/\/www.esportsbets.com\/br\/reviews\/bc-game\/"},{"@type":"ListItem","position":4,"name":"BC Originals: Veja o TOP 5 melhores jogos da BC.Game!"}]},{"@type":"WebSite","@id":"https:\/\/www.esportsbets.com\/br\/#website","url":"https:\/\/www.esportsbets.com\/br\/","name":"EsportsBets BR","description":"","publisher":{"@id":"https:\/\/www.esportsbets.com\/br\/#organization"},"potentialAction":[{"@type":"SearchAction","target":{"@type":"EntryPoint","urlTemplate":"https:\/\/www.esportsbets.com\/br\/?s={search_term_string}"},"query-input":"required name=search_term_string"}],"inLanguage":"pt-BR"},{"@type":"Organization","@id":"https:\/\/www.esportsbets.com\/br\/#organization","name":"EsportsBets BR","url":"https:\/\/www.esportsbets.com\/br\/","logo":{"@type":"ImageObject","inLanguage":"pt-BR","@id":"https:\/\/www.esportsbets.com\/br\/#\/schema\/logo\/image\/","url":"https:\/\/www.esportsbets.com\/br\/wp-content\/uploads\/sites\/2\/2024\/01\/logo.svg","contentUrl":"https:\/\/www.esportsbets.com\/br\/wp-content\/uploads\/sites\/2\/2024\/01\/logo.svg","width":"469","height":"80","caption":"EsportsBets BR"},"image":{"@id":"https:\/\/www.esportsbets.com\/br\/#\/schema\/logo\/image\/"}}]}},"_links":{"self":[{"href":"https:\/\/www.esportsbets.com\/br\/wp-json\/wp\/v2\/pages\/2057","targetHints":{"allow":["GET"]}}],"collection":[{"href":"https:\/\/www.esportsbets.com\/br\/wp-json\/wp\/v2\/pages"}],"about":[{"href":"https:\/\/www.esportsbets.com\/br\/wp-json\/wp\/v2\/types\/page"}],"author":[{"embeddable":true,"href":"https:\/\/www.esportsbets.com\/br\/wp-json\/wp\/v2\/users\/113"}],"replies":[{"embeddable":true,"href":"https:\/\/www.esportsbets.com\/br\/wp-json\/wp\/v2\/comments?post=2057"}],"version-history":[{"count":1,"href":"https:\/\/www.esportsbets.com\/br\/wp-json\/wp\/v2\/pages\/2057\/revisions"}],"predecessor-version":[{"id":4104,"href":"https:\/\/www.esportsbets.com\/br\/wp-json\/wp\/v2\/pages\/2057\/revisions\/4104"}],"up":[{"embeddable":true,"href":"https:\/\/www.esportsbets.com\/br\/wp-json\/wp\/v2\/pages\/95"}],"wp:featuredmedia":[{"embeddable":true,"href":"https:\/\/www.esportsbets.com\/br\/wp-json\/wp\/v2\/media\/2065"}],"wp:attachment":[{"href":"https:\/\/www.esportsbets.com\/br\/wp-json\/wp\/v2\/media?parent=2057"}],"curies":[{"name":"wp","href":"https:\/\/api.w.org\/{rel}","templated":true}]}}