{"id":219,"date":"2024-02-22T19:16:57","date_gmt":"2024-02-22T19:16:57","guid":{"rendered":"https:\/\/www.esportsbets.com\/br\/?page_id=219"},"modified":"2025-01-10T12:45:50","modified_gmt":"2025-01-10T12:45:50","slug":"rainbow-six","status":"publish","type":"page","link":"https:\/\/www.esportsbets.com\/br\/rainbow-six\/","title":{"rendered":"Sites de apostas em Rainbow Six: como apostar em R6, dicas de aposta e mais!"},"content":{"rendered":"<p>O <strong>Rainbow Six<\/strong> \u00e9 uma das franquias de jogos mais antigas e famosas do mundo. A primeira vers\u00e3o\n        <span class=\"e-light-read-more-tag\">\n            ...Ler mais        <\/span>\n        <span class=\"e-light-read-more none\">\n             foi lan\u00e7ada em 1998 com o nome Rainbow Six. O jogo de tiro em primeira pessoa da Ubisoft, pela sua longevidade, \u00e9 tamb\u00e9m uma das franquias mais bem-sucedidas da hist\u00f3ria. Em todas as suas vers\u00f5es, o jogo j\u00e1 ultrapassou a barreira das milh\u00f5es de c\u00f3pias vendidas.        <\/span>\n\n        \n[cta id=4379 type=list]\n<p>Desde o processo mais agudo de profissionaliza\u00e7\u00e3o dos esports, o Rainbow Six \u00e9 um das modalidades que mais cresce. E isso atrai f\u00e3s, patrocinadores, premia\u00e7\u00f5es e apostas. O cen\u00e1rio de apostas em R6 \u00e9 enorme. Por isso, vamos listar algumas dicas para que voc\u00ea possa lucrar mais e se divertir mais com suas apostas Rainbow Six.<\/p>\n<h2 id='como-apostar-em-rainbow-six'>Como apostar em Rainbow Six<\/h2>\n<p>Como apostar em Rainbow Six \u00e9 como apostar em qualquer outro jogo, seja ele virtual ou tradicional. A quantidade de sites de apostas est\u00e1 maior a cada dia. Tudo o que voc\u00ea precisa \u00e9 escolher a plataforma que ofere\u00e7a aquilo que voc\u00ea busca.<strong> E n\u00e3o se esquecer de s\u00f3 usar plataformas confi\u00e1veis e seguras.<\/strong><\/p>\n<p>As maiores plataformas do mundo j\u00e1 est\u00e3o se adequando ao mercado brasileiro e come\u00e7ando a oferecer transfer\u00eancias por PIX. Caso voc\u00ea busque agilidade e comodidade, sem perder de vista a seguran\u00e7a, procure sites que ofere\u00e7am saques e dep\u00f3sitos em reais e de forma r\u00e1pida.<\/p>\n<p>J\u00e1 escolheu sua plataforma e gosta de <a href=\"https:\/\/www.esportsbets.com\/br\/\">apostar em esports<\/a>? Agora \u00e9 s\u00f3 acompanhar os jogos e campeonatos de Rainbow Six e come\u00e7ar a fazer suas apostas.<\/p>\n<h2 id='mercados-para-se-apostar-em-rainbow-six'>Mercados para se apostar em Rainbow Six<\/h2>\n<p>N\u00e3o sabe em qual campeonato apostar? D\u00ea uma olhada na nossa lista de campeonatos esports. Mas se voc\u00ea j\u00e1 sabe em qual jogo quer apostar, vamos listar algumas dicas para te ajudar.<\/p>\n<h3 id='dispute-partidas-de-rainbow-six'>Dispute partidas de Rainbow Six<\/h3>\n<p>Se voc\u00ea \u00e9 novato, comece disputando algumas partidas casuais. Sinta o jogo, <strong>entenda as mec\u00e2nicas e mercados para se apostar em Rainbow Six<\/strong>. Isso vai melhorar seu entendimento e tornar suas apostas mais certeiras.<\/p>\n<p>Se voc\u00ea j\u00e1 sabe como funciona o jogo, escolha o site de apostas em R6 que mais se adapta ao que voc\u00ea busca e use seu conhecimento na hora das apostas. Se precisar, confira nossa lista de <a href=\"https:\/\/www.esportsbets.com\/br\/reviews\/\">casas de apostas confi\u00e1veis<\/a>.<\/p>\n<figure id=\"attachment_223\" aria-describedby=\"caption-attachment-223\" style=\"width: 800px\" class=\"wp-caption aligncenter\"><img loading=\"lazy\" decoding=\"async\" class=\"wp-image-223 size-full\" src=\"https:\/\/www.esportsbets.com\/br\/wp-content\/uploads\/sites\/2\/2023\/03\/rainbow-six.webp\" alt=\"Apostas Rainbow Six:\" width=\"800\" height=\"450\" srcset=\"https:\/\/www.esportsbets.com\/br\/wp-content\/uploads\/sites\/2\/2023\/03\/rainbow-six.webp 800w, https:\/\/www.esportsbets.com\/br\/wp-content\/uploads\/sites\/2\/2023\/03\/rainbow-six-300x169.webp 300w, https:\/\/www.esportsbets.com\/br\/wp-content\/uploads\/sites\/2\/2023\/03\/rainbow-six-768x432.webp 768w\" sizes=\"auto, (max-width: 800px) 100vw, 800px\" \/><figcaption id=\"caption-attachment-223\" class=\"wp-caption-text\">Divulga\u00e7\u00e3o: Ubisoft<\/figcaption><\/figure>\n<h3 id='n%c3%a3o-aposte-tudo-de-uma-vez'>N\u00e3o aposte tudo de uma vez<\/h3>\n<p>H\u00e1 v\u00e1rias formas de apostar no Rainbow Six. Voc\u00ea pode colocar suas apostas em v\u00e1rias partes do jogo. Isso \u00e9 chamado de odds. Existem odds para quase tudo: quem vai ganhar, quem vai ser o melhor jogador, <strong>quanto tempo o jogo vai durar e assim por diante<\/strong>. Por isso, n\u00e3o aposte tudo em apenas uma odd. Distribua suas apostas em v\u00e1rias odds. Isso vai diminuir seu risco.<\/p>\n<h3 id='use-as-rainbow-six-siege-odds-para-lucrar-mais'>Use as Rainbow Six Siege odds para lucrar mais<\/h3>\n<p>Suas chances de vit\u00f3rias ser\u00e3o maiores se voc\u00ea conseguir distribuir suas apostas entre v\u00e1rias odds. Quanto mais dilu\u00edda for sua aposta, menor ser\u00e1 sua chance de perder. O melhor jeito de colocar as odds a seu favor \u00e9 apostando naquelas que voc\u00ea conhece.<\/p>\n<p>Quanto mais voc\u00ea jogar, mais conhecimento ter\u00e1 das probabilidades de que algo aconte\u00e7a durante as partidas. \u00c9 por isso que conhecer o jogo por dentro \u00e9 t\u00e3o importante. As pessoas mais bem-sucedidas nos cen\u00e1rios de apostas s\u00e3o aquelas que dominam melhor os v\u00e1rios aspectos do jogo.<\/p>\n<h3 id='se-concentre-nos-grandes-eventos'>Se concentre nos grandes eventos<\/h3>\n<p>As <a href=\"https:\/\/www.esportsbets.com\/br\/odds\/\">melhores probabilidades de apostas em esports<\/a> est\u00e3o nos grandes eventos. Cada modalidade possui seu evento principal. E eles s\u00e3o, geralmente, acompanhados de diversos classificat\u00f3rios e qualificat\u00f3rios. \u00c9 nesses eventos que est\u00e3o suas melhores chances. S\u00e3o neles que est\u00e3o concentradas as maiores premia\u00e7\u00f5es e, consequentemente, tamb\u00e9m s\u00e3o neles em que acontecem as maiores apostas.<\/p>\n<figure id=\"attachment_222\" aria-describedby=\"caption-attachment-222\" style=\"width: 800px\" class=\"wp-caption aligncenter\"><img loading=\"lazy\" decoding=\"async\" class=\"size-full wp-image-222\" src=\"https:\/\/www.esportsbets.com\/br\/wp-content\/uploads\/sites\/2\/2023\/03\/rainbow-six-4.webp\" alt=\"rainbow-six-4\" width=\"800\" height=\"450\" srcset=\"https:\/\/www.esportsbets.com\/br\/wp-content\/uploads\/sites\/2\/2023\/03\/rainbow-six-4.webp 800w, https:\/\/www.esportsbets.com\/br\/wp-content\/uploads\/sites\/2\/2023\/03\/rainbow-six-4-300x169.webp 300w, https:\/\/www.esportsbets.com\/br\/wp-content\/uploads\/sites\/2\/2023\/03\/rainbow-six-4-768x432.webp 768w\" sizes=\"auto, (max-width: 800px) 100vw, 800px\" \/><figcaption id=\"caption-attachment-222\" class=\"wp-caption-text\">Divulga\u00e7\u00e3o: Ubisoft<\/figcaption><\/figure>\n<h2 id='qual-o-melhor-site-de-apostas-em-rainbow-six-siege'>Qual o melhor site de apostas em Rainbow Six Siege?<\/h2>\n[cta id=3623 type=cta]\n<p>A resposta para essa pergunta \u00e9 muito subjetiva. <strong>As plataformas de apostas oferecem diversos servi\u00e7os diferentes.<\/strong> Muitas delas se focam em uma modalidade espec\u00edfica, outras t\u00eam menos formas de saque e dep\u00f3sito e outras apostam mais no p\u00fablico de um determinado pa\u00eds.<\/p>\n<p>Um excelente exemplo de bom site \u00e9 a Bet365 Rainbow Six que oferece para seus usu\u00e1rios os melhores m\u00e9todos de aposta para o jogo.<\/p>\n<p>O melhor site de apostas em Rainbow Six Siege vai ser aquele que atender ao maior n\u00famero de crit\u00e9rios que voc\u00ea adotar. O mais importante \u00e9 que seja uma plataforma conhecida, segura e respons\u00e1vel. Se voc\u00ea quiser, n\u00f3s temos uma lista com as <a href=\"https:\/\/www.esportsbets.com\/br\/bonus\/\">casas de apostas que d\u00e3o b\u00f4nus ao se cadastrar<\/a>.<\/p>\n<h2 id='hist%c3%b3ria-do-rainbow-six'>Hist\u00f3ria do Rainbow Six<\/h2>\n<p>O contexto geral dos jogos da s\u00e9rie Rainbow Six \u00e9 bastante conhecido. De modo geral, as hist\u00f3rias giram em torno de um grupo de for\u00e7as especiais que tem como objetivo prevenir ataques terroristas.<\/p>\n<p>Na primeira vers\u00e3o, esse grupo era chamado de Rainbow. De l\u00e1 para c\u00e1, a franquia mudou bastante, <strong>mas o nome e todo o horizonte que cerca os modos de jogo continuou o mesmo.<\/strong> A vers\u00e3o mais atual do Rainbow Six foi lan\u00e7ada em 2015 e \u00e9 chamada de Rainbow Six Siege. Essa \u00e9 a vers\u00e3o utilizada nos torneios profissionais.<\/p>\n<p>A \u00eanfase dessa vers\u00e3o est\u00e1 no dom\u00ednio de mapa e na coopera\u00e7\u00e3o entre os jogadores. No geral, os modos de jogo giram em torno de duas equipes que se enfrentam em um mapa espec\u00edfico. Cada jogador assume <strong>o controle de um personagem com habilidades determinadas.<\/strong><\/p>\n<p>As modalidades de apostas em R6 mais comuns nos jogos profissionais s\u00e3o aquelas em que as equipes precisam assumir o controle de um objetivo espec\u00edfico no mapa, resgatar um ref\u00e9m ou desarmar uma bomba.<\/p>\n<h2 id='use-nossas-dicas-de-apostas-rainbow-six'>Use nossas dicas de apostas Rainbow Six<\/h2>\n<p>Voc\u00ea gosta de jogos de tiro em primeira pessoa e quer come\u00e7ar a fazer apostas Rainbow Six? Voc\u00ea \u00e9 f\u00e3 da s\u00e9rie produzida pela Ubisoft e quer come\u00e7ar a apostar no seu time favorito? Como mostramos, o processo \u00e9 f\u00e1cil e muito simples.<\/p>\n<p>Escolha uma plataforma segura e confi\u00e1vel, dispute partidas casuais de Rainbow Six para discernir quais s\u00e3o as melhores odds e pronto. Agora \u00e9 s\u00f3 come\u00e7ar a apostar. Coloque seus conhecimentos em pr\u00e1tica e una o \u00fatil ao agrad\u00e1vel. Quando precisar, \u00e9 s\u00f3 voltar ao nosso guia e tirar suas d\u00favidas. Tenha uma boa divers\u00e3o.<\/p>\n<h2 id='perguntas-frequentes'>Perguntas Frequentes<\/h2>\n<section class=\"faq-container\" itemscope itemtype=\"http:\/\/schema.org\/FAQPage\">\n<div class=\"faq-wrapper\" itemscope itemprop=\"mainEntity\" itemtype=\"https:\/\/schema.org\/Question\">\n                      <h3 class=\"faq-question\" itemprop=\"name\" class=\"faq-title\">O que s\u00e3o apostas em Rainbow Six? <\/h3>\n                        <div itemscope itemprop=\"acceptedAnswer\" itemtype=\"https:\/\/schema.org\/Answer\">\n                            <div class=\"faq-answer\" itemprop=\"text\">\nApostas em Rainbow Six s\u00e3o o ato de colocar dinheiro em um palpite no jogo, no intuito de tentar prever o resultado de uma partida. Existem diversas op\u00e7\u00f5es de apostas, desde escolher o vencedor da partida, at\u00e9 prever o n\u00famero de rodadas que a partida ir\u00e1 durar. <\/div>\n                        <\/div>\n                   <\/div>\n<div class=\"faq-wrapper\" itemscope itemprop=\"mainEntity\" itemtype=\"https:\/\/schema.org\/Question\">\n                      <h3 class=\"faq-question\" itemprop=\"name\" class=\"faq-title\">Onde posso fazer apostas em Rainbow Six? <\/h3>\n                        <div itemscope itemprop=\"acceptedAnswer\" itemtype=\"https:\/\/schema.org\/Answer\">\n                            <div class=\"faq-answer\" itemprop=\"text\">\nExistem diversas plataformas de apostas online que oferecem op\u00e7\u00f5es para apostar em partidas de Rainbow Six. No entanto, \u00e9 importante escolher uma plataforma confi\u00e1vel, com licen\u00e7as emitidas por \u00f3rg\u00e3os respeit\u00e1veis, uma boa reputa\u00e7\u00e3o e seguran\u00e7a, para garantir uma experi\u00eancia de apostas positiva. <\/div>\n                        <\/div>\n                   <\/div>\n<div class=\"faq-wrapper\" itemscope itemprop=\"mainEntity\" itemtype=\"https:\/\/schema.org\/Question\">\n                      <h3 class=\"faq-question\" itemprop=\"name\" class=\"faq-title\">Como fa\u00e7o para acompanhar as partidas que apostei em Rainbow Six? <\/h3>\n                        <div itemscope itemprop=\"acceptedAnswer\" itemtype=\"https:\/\/schema.org\/Answer\">\n                            <div class=\"faq-answer\" itemprop=\"text\">\nExistem diversas formas de acompanhar as partidas em que voc\u00ea apostou em Rainbow Six, desde assistir \u00e0s transmiss\u00f5es ao vivo, at\u00e9 seguir os resultados em tempo real em sites especializados. Tamb\u00e9m \u00e9 importante manter registros detalhados de todas as suas apostas e resultados para ajudar a tomar decis\u00f5es futuras de apostas. <\/div>\n                        <\/div>\n                   <\/div>\n<div class=\"faq-wrapper\" itemscope itemprop=\"mainEntity\" itemtype=\"https:\/\/schema.org\/Question\">\n                      <h3 class=\"faq-question\" itemprop=\"name\" class=\"faq-title\">Como fa\u00e7o para escolher uma equipe para apostar em Rainbow Six? <\/h3>\n                        <div itemscope itemprop=\"acceptedAnswer\" itemtype=\"https:\/\/schema.org\/Answer\">\n                            <div class=\"faq-answer\" itemprop=\"text\">\nPara escolher uma equipe para apostar em Rainbow Six, \u00e9 importante fazer uma pesquisa detalhada sobre o desempenho da equipe em partidas anteriores, a habilidade individual dos jogadores e a estrat\u00e9gia de jogo. Tamb\u00e9m \u00e9 importante considerar as condi\u00e7\u00f5es da partida, como o mapa em que a partida ser\u00e1 jogada e a fase da competi\u00e7\u00e3o. <\/div>\n                        <\/div>\n                   <\/div>\n<\/section>\n<p>&nbsp;<\/p>\n[cta id=3837 type=cta]\n","protected":false},"excerpt":{"rendered":"<p>O Rainbow Six \u00e9 uma das franquias de jogos mais antigas e famosas do mundo. A primeira vers\u00e3o [cta id=4379 type=list]&hellip;<\/p>\n","protected":false},"author":98,"featured_media":223,"parent":0,"menu_order":0,"comment_status":"closed","ping_status":"closed","template":"","meta":{"_stopmodifiedupdate":false,"_modified_date":"","footnotes":""},"class_list":["post-219","page","type-page","status-publish","has-post-thumbnail","hentry"],"acf":[],"yoast_head":"<!-- This site is optimized with the Yoast SEO plugin v20.11 - https:\/\/yoast.com\/wordpress\/plugins\/seo\/ -->\n<title>Apostas Rainbow Six \u00bb Dicas de apostas Rainbow Six | 2025<\/title>\n<meta name=\"description\" content=\"Venha conhecer nosso guia para come\u00e7ar a apostar em Rainbow Six. \u27a4 Quais s\u00e3o os melhores sites de apostas para R6? \u27a4 Clique aqui e confira!\" \/>\n<meta name=\"robots\" content=\"index, follow, max-snippet:-1, max-image-preview:large, max-video-preview:-1\" \/>\n<link rel=\"canonical\" href=\"https:\/\/www.esportsbets.com\/br\/rainbow-six\/\" \/>\n<meta property=\"og:locale\" content=\"pt_BR\" \/>\n<meta property=\"og:type\" content=\"article\" \/>\n<meta property=\"og:title\" content=\"Apostas Rainbow Six \u00bb Dicas de apostas Rainbow Six | 2025\" \/>\n<meta property=\"og:description\" content=\"Venha conhecer nosso guia para come\u00e7ar a apostar em Rainbow Six. \u27a4 Quais s\u00e3o os melhores sites de apostas para R6? \u27a4 Clique aqui e confira!\" \/>\n<meta property=\"og:url\" content=\"https:\/\/www.esportsbets.com\/br\/rainbow-six\/\" \/>\n<meta property=\"og:site_name\" content=\"EsportsBets BR\" \/>\n<meta property=\"article:modified_time\" content=\"2025-01-10T12:45:50+00:00\" \/>\n<meta property=\"og:image\" content=\"https:\/\/www.esportsbets.com\/br\/wp-content\/uploads\/sites\/2\/2023\/03\/rainbow-six.webp\" \/>\n\t<meta property=\"og:image:width\" content=\"800\" \/>\n\t<meta property=\"og:image:height\" content=\"450\" \/>\n\t<meta property=\"og:image:type\" content=\"image\/webp\" \/>\n<meta name=\"twitter:card\" content=\"summary_large_image\" \/>\n<meta name=\"twitter:label1\" content=\"Est. tempo de leitura\" \/>\n\t<meta name=\"twitter:data1\" content=\"8 minutos\" \/>\n<script type=\"application\/ld+json\" class=\"yoast-schema-graph\">{\"@context\":\"https:\/\/schema.org\",\"@graph\":[{\"@type\":\"WebPage\",\"@id\":\"https:\/\/www.esportsbets.com\/br\/rainbow-six\/\",\"url\":\"https:\/\/www.esportsbets.com\/br\/rainbow-six\/\",\"name\":\"Apostas Rainbow Six \u00bb Dicas de apostas Rainbow Six | 2025\",\"isPartOf\":{\"@id\":\"https:\/\/www.esportsbets.com\/br\/#website\"},\"datePublished\":\"2024-02-22T19:16:57+00:00\",\"dateModified\":\"2025-01-10T12:45:50+00:00\",\"description\":\"Venha conhecer nosso guia para come\u00e7ar a apostar em Rainbow Six. \u27a4 Quais s\u00e3o os melhores sites de apostas para R6? \u27a4 Clique aqui e confira!\",\"breadcrumb\":{\"@id\":\"https:\/\/www.esportsbets.com\/br\/rainbow-six\/#breadcrumb\"},\"inLanguage\":\"pt-BR\",\"potentialAction\":[{\"@type\":\"ReadAction\",\"target\":[\"https:\/\/www.esportsbets.com\/br\/rainbow-six\/\"]}]},{\"@type\":\"BreadcrumbList\",\"@id\":\"https:\/\/www.esportsbets.com\/br\/rainbow-six\/#breadcrumb\",\"itemListElement\":[{\"@type\":\"ListItem\",\"position\":1,\"name\":\"Home\",\"item\":\"https:\/\/www.esportsbets.com\/br\/\"},{\"@type\":\"ListItem\",\"position\":2,\"name\":\"Sites de apostas em Rainbow Six: como apostar em R6, dicas de aposta e mais!\"}]},{\"@type\":\"WebSite\",\"@id\":\"https:\/\/www.esportsbets.com\/br\/#website\",\"url\":\"https:\/\/www.esportsbets.com\/br\/\",\"name\":\"EsportsBets BR\",\"description\":\"\",\"publisher\":{\"@id\":\"https:\/\/www.esportsbets.com\/br\/#organization\"},\"potentialAction\":[{\"@type\":\"SearchAction\",\"target\":{\"@type\":\"EntryPoint\",\"urlTemplate\":\"https:\/\/www.esportsbets.com\/br\/?s={search_term_string}\"},\"query-input\":\"required name=search_term_string\"}],\"inLanguage\":\"pt-BR\"},{\"@type\":\"Organization\",\"@id\":\"https:\/\/www.esportsbets.com\/br\/#organization\",\"name\":\"EsportsBets BR\",\"url\":\"https:\/\/www.esportsbets.com\/br\/\",\"logo\":{\"@type\":\"ImageObject\",\"inLanguage\":\"pt-BR\",\"@id\":\"https:\/\/www.esportsbets.com\/br\/#\/schema\/logo\/image\/\",\"url\":\"https:\/\/www.esportsbets.com\/br\/wp-content\/uploads\/sites\/2\/2024\/01\/logo.svg\",\"contentUrl\":\"https:\/\/www.esportsbets.com\/br\/wp-content\/uploads\/sites\/2\/2024\/01\/logo.svg\",\"width\":\"469\",\"height\":\"80\",\"caption\":\"EsportsBets BR\"},\"image\":{\"@id\":\"https:\/\/www.esportsbets.com\/br\/#\/schema\/logo\/image\/\"}}]}<\/script>\n<!-- \/ Yoast SEO plugin. -->","yoast_head_json":{"title":"Apostas Rainbow Six \u00bb Dicas de apostas Rainbow Six | 2025","description":"Venha conhecer nosso guia para come\u00e7ar a apostar em Rainbow Six. \u27a4 Quais s\u00e3o os melhores sites de apostas para R6? \u27a4 Clique aqui e confira!","robots":{"index":"index","follow":"follow","max-snippet":"max-snippet:-1","max-image-preview":"max-image-preview:large","max-video-preview":"max-video-preview:-1"},"canonical":"https:\/\/www.esportsbets.com\/br\/rainbow-six\/","og_locale":"pt_BR","og_type":"article","og_title":"Apostas Rainbow Six \u00bb Dicas de apostas Rainbow Six | 2025","og_description":"Venha conhecer nosso guia para come\u00e7ar a apostar em Rainbow Six. \u27a4 Quais s\u00e3o os melhores sites de apostas para R6? \u27a4 Clique aqui e confira!","og_url":"https:\/\/www.esportsbets.com\/br\/rainbow-six\/","og_site_name":"EsportsBets BR","article_modified_time":"2025-01-10T12:45:50+00:00","og_image":[{"width":"800","height":"450","url":"https:\/\/www.esportsbets.com\/br\/wp-content\/uploads\/sites\/2\/2023\/03\/rainbow-six.webp","type":"image\/webp"}],"twitter_card":"summary_large_image","twitter_misc":{"Est. tempo de leitura":"8 minutos"},"schema":{"@context":"https:\/\/schema.org","@graph":[{"@type":"WebPage","@id":"https:\/\/www.esportsbets.com\/br\/rainbow-six\/","url":"https:\/\/www.esportsbets.com\/br\/rainbow-six\/","name":"Apostas Rainbow Six \u00bb Dicas de apostas Rainbow Six | 2025","isPartOf":{"@id":"https:\/\/www.esportsbets.com\/br\/#website"},"datePublished":"2024-02-22T19:16:57+00:00","dateModified":"2025-01-10T12:45:50+00:00","description":"Venha conhecer nosso guia para come\u00e7ar a apostar em Rainbow Six. \u27a4 Quais s\u00e3o os melhores sites de apostas para R6? \u27a4 Clique aqui e confira!","breadcrumb":{"@id":"https:\/\/www.esportsbets.com\/br\/rainbow-six\/#breadcrumb"},"inLanguage":"pt-BR","potentialAction":[{"@type":"ReadAction","target":["https:\/\/www.esportsbets.com\/br\/rainbow-six\/"]}]},{"@type":"BreadcrumbList","@id":"https:\/\/www.esportsbets.com\/br\/rainbow-six\/#breadcrumb","itemListElement":[{"@type":"ListItem","position":1,"name":"Home","item":"https:\/\/www.esportsbets.com\/br\/"},{"@type":"ListItem","position":2,"name":"Sites de apostas em Rainbow Six: como apostar em R6, dicas de aposta e mais!"}]},{"@type":"WebSite","@id":"https:\/\/www.esportsbets.com\/br\/#website","url":"https:\/\/www.esportsbets.com\/br\/","name":"EsportsBets BR","description":"","publisher":{"@id":"https:\/\/www.esportsbets.com\/br\/#organization"},"potentialAction":[{"@type":"SearchAction","target":{"@type":"EntryPoint","urlTemplate":"https:\/\/www.esportsbets.com\/br\/?s={search_term_string}"},"query-input":"required name=search_term_string"}],"inLanguage":"pt-BR"},{"@type":"Organization","@id":"https:\/\/www.esportsbets.com\/br\/#organization","name":"EsportsBets BR","url":"https:\/\/www.esportsbets.com\/br\/","logo":{"@type":"ImageObject","inLanguage":"pt-BR","@id":"https:\/\/www.esportsbets.com\/br\/#\/schema\/logo\/image\/","url":"https:\/\/www.esportsbets.com\/br\/wp-content\/uploads\/sites\/2\/2024\/01\/logo.svg","contentUrl":"https:\/\/www.esportsbets.com\/br\/wp-content\/uploads\/sites\/2\/2024\/01\/logo.svg","width":"469","height":"80","caption":"EsportsBets BR"},"image":{"@id":"https:\/\/www.esportsbets.com\/br\/#\/schema\/logo\/image\/"}}]}},"_links":{"self":[{"href":"https:\/\/www.esportsbets.com\/br\/wp-json\/wp\/v2\/pages\/219","targetHints":{"allow":["GET"]}}],"collection":[{"href":"https:\/\/www.esportsbets.com\/br\/wp-json\/wp\/v2\/pages"}],"about":[{"href":"https:\/\/www.esportsbets.com\/br\/wp-json\/wp\/v2\/types\/page"}],"author":[{"embeddable":true,"href":"https:\/\/www.esportsbets.com\/br\/wp-json\/wp\/v2\/users\/98"}],"replies":[{"embeddable":true,"href":"https:\/\/www.esportsbets.com\/br\/wp-json\/wp\/v2\/comments?post=219"}],"version-history":[{"count":1,"href":"https:\/\/www.esportsbets.com\/br\/wp-json\/wp\/v2\/pages\/219\/revisions"}],"predecessor-version":[{"id":4371,"href":"https:\/\/www.esportsbets.com\/br\/wp-json\/wp\/v2\/pages\/219\/revisions\/4371"}],"wp:featuredmedia":[{"embeddable":true,"href":"https:\/\/www.esportsbets.com\/br\/wp-json\/wp\/v2\/media\/223"}],"wp:attachment":[{"href":"https:\/\/www.esportsbets.com\/br\/wp-json\/wp\/v2\/media?parent=219"}],"curies":[{"name":"wp","href":"https:\/\/api.w.org\/{rel}","templated":true}]}}