{"id":2478,"date":"2024-01-11T14:16:43","date_gmt":"2024-01-11T14:16:43","guid":{"rendered":"https:\/\/www.esportsbets.com\/br\/?page_id=2478"},"modified":"2024-08-08T10:29:43","modified_gmt":"2024-08-08T10:29:43","slug":"crossfire","status":"publish","type":"page","link":"https:\/\/www.esportsbets.com\/br\/crossfire\/","title":{"rendered":"Apostas CrossFire: Saiba os melhores sites e dicas para apostar em campeonatos!"},"content":{"rendered":"<p><span style=\"font-weight: 400;\">O CrossFire \u00e9 um ic\u00f4nico t\u00edtulo que marcou a hist\u00f3ria dos jogos eletr\u00f4nicos. Desenvolvido pela Smilegate, o FPS foi lan\u00e7ado em 2007 e por muitos anos foi um dos jogos mais jogados do mundo. E desde ent\u00e3o, \u00e9 muito procurado nos sites de apostas pelos usu\u00e1rios que desejam elevar as experi\u00eancias.<\/span><\/p>\n[cta id=3624 type=list]\n<p><span style=\"font-weight: 400;\">Dito isso, n\u00f3s separamos um guia completo sobre o Crossfire apostas, falando detalhes sobre todas as formas de apostar, dicas e tamb\u00e9m quais s\u00e3o os mercados dispon\u00edveis na modalidade, confira!<\/span><\/p>\n<figure id=\"attachment_2479\" aria-describedby=\"caption-attachment-2479\" style=\"width: 800px\" class=\"wp-caption alignnone\"><img loading=\"lazy\" decoding=\"async\" class=\"size-full wp-image-2479\" src=\"https:\/\/www.esportsbets.com\/br\/wp-content\/uploads\/sites\/2\/2024\/01\/crossfire-apostas.webp\" alt=\"apostas em crossfire\" width=\"800\" height=\"450\" srcset=\"https:\/\/www.esportsbets.com\/br\/wp-content\/uploads\/sites\/2\/2024\/01\/crossfire-apostas.webp 800w, https:\/\/www.esportsbets.com\/br\/wp-content\/uploads\/sites\/2\/2024\/01\/crossfire-apostas-300x169.webp 300w, https:\/\/www.esportsbets.com\/br\/wp-content\/uploads\/sites\/2\/2024\/01\/crossfire-apostas-768x432.webp 768w\" sizes=\"auto, (max-width: 800px) 100vw, 800px\" \/><figcaption id=\"caption-attachment-2479\" class=\"wp-caption-text\">Divulga\u00e7\u00e3o: Smilegate<\/figcaption><\/figure>\n<h2 id='como-realizar-apostas-no-crossfire'>Como realizar apostas no CrossFire?<\/h2>\n<p><span style=\"font-weight: 400;\">Realizar CrossFire apostas com certeza \u00e9 uma experi\u00eancia excelente, por\u00e9m, <\/span><b>\u00e9 necess\u00e1rio seguir alguns passos para garantir que esteja fazendo escolhas certas<\/b><span style=\"font-weight: 400;\">. Com isso, esse passo a passo que apresentamos abaixo \u00e9 uma \u00f3tima refer\u00eancia para voc\u00ea seguir e ter sucesso nas apostas.<\/span><\/p>\n<ol>\n<li style=\"font-weight: 400;\"><span style=\"font-weight: 400;\">Encontre o site de apostas que melhor te atender, de prefer\u00eancia com <\/span><a href=\"https:\/\/www.esportsbets.com\/br\/bonus\/\"><span style=\"font-weight: 400;\">b\u00f4nus de apostas<\/span><\/a><span style=\"font-weight: 400;\"> incluso;<\/span><\/li>\n<li style=\"font-weight: 400;\"><span style=\"font-weight: 400;\">Crie sua conta no site escolhido e aproveite a oportunidade para verific\u00e1-la;<\/span><\/li>\n<li style=\"font-weight: 400;\"><span style=\"font-weight: 400;\">Realize o seu primeiro dep\u00f3sito. Fique atento caso tenha algum b\u00f4nus de boas-vindas para dep\u00f3sito;<\/span><\/li>\n<li style=\"font-weight: 400;\"><span style=\"font-weight: 400;\">Depois de depositar, voc\u00ea deve encontrar a se\u00e7\u00e3o no site onde se encontram as apostas de CrossFire;<\/span><\/li>\n<li style=\"font-weight: 400;\"><span style=\"font-weight: 400;\">Selecione a aposta que ir\u00e1 apostar, coloque a quantia de dinheiro desejada e confirme a aposta;<\/span><\/li>\n<li style=\"font-weight: 400;\"><span style=\"font-weight: 400;\">Aguarde pelo t\u00e9rmino da partida e tor\u00e7a para que a aposta seja vencedora!<\/span><\/li>\n<\/ol>\n<h2 id='tipos-de-crossfire-apostas'>Tipos de CrossFire apostas<\/h2>\n<p><span style=\"font-weight: 400;\">O CrossFire apostas proporciona aos apostadores uma \u00f3tima experi\u00eancia. Dentro das op\u00e7\u00f5es, <\/span><b>h\u00e1 diversos mercados diferentes para explorar<\/b><span style=\"font-weight: 400;\">, onde as apostas v\u00e3o desde as mais simples at\u00e9 as mais complexas, onde exige um conhecimento mais apurado sobre as equipes e jogadores. Com isso, separamos abaixo algumas das op\u00e7\u00f5es de apostas do CrossFire Brasil.<\/span><\/p>\n<h3 id='aposta-no-vencedor-da-partida'>Aposta no vencedor da partida<\/h3>\n<p><span style=\"font-weight: 400;\">Essa \u00e9 a aposta mais simples e mais conhecida no mundo das apostas. Neste caso, <\/span><b>o jogador dever\u00e1 escolher uma das duas equipes no qual acredita que ir\u00e1 vencer o confronto<\/b><span style=\"font-weight: 400;\">. As <\/span><a href=\"https:\/\/www.esportsbets.com\/br\/odds\/\"><span style=\"font-weight: 400;\">odds esports<\/span><\/a><span style=\"font-weight: 400;\"> para esse tipo de aposta \u00e9 baseada na for\u00e7a das equipes, fazendo com que a equipe favorita tenha uma odd bem menor quando comparada \u00e0 outra equipe. Em confrontos equilibrados, as odds estar\u00e3o bem parecidas.<\/span><\/p>\n<h3 id='aposta-no-vencedor-do-torneio'>Aposta no vencedor do torneio<\/h3>\n<p><span style=\"font-weight: 400;\">Essa aposta exige um conhecimento mais apurado do apostador. \u00c9 necess\u00e1rio que o apostador estude as equipes que estar\u00e3o disputando a competi\u00e7\u00e3o, assim como os jogadores dessas equipes. Todas as informa\u00e7\u00f5es coletadas antes facilitam e muito na hora de prever qual equipe ter\u00e1 maiores chances de vencer o torneio. <\/span><b>Normalmente nesse tipo de aposta as odds s\u00e3o mais altas<\/b><span style=\"font-weight: 400;\">, ainda mais se voc\u00ea concluir que uma equipe que n\u00e3o \u00e9 a favorita ter\u00e1 boas chances de vencer.<\/span><\/p>\n<h3 id='aposta-no-handicap'>Aposta no handicap<\/h3>\n<p><span style=\"font-weight: 400;\"><a href=\"https:\/\/www.esportsbets.com\/br\/guias\/handicap\/\">O handicap<\/a> \u00e9 uma das formas de apostar que \u00e9 muito utilizada. Nessa aposta, o objetivo \u00e9 nivelar as chances entre equipes que s\u00e3o desiguais. Mas como? Por exemplo, se voc\u00ea apostar em uma equipe com handicap de -1.5, <\/span><b>isso significa que ela necessita vencer a partida por pelo menos dois rounds ou mapas de diferen\u00e7a<\/b><span style=\"font-weight: 400;\">. Por outro lado, a equipe que n\u00e3o \u00e9 favorita no confronto ter\u00e1 odds positivas, como +1.5 ou outro valor.<\/span><\/p>\n<h3 id='outras-op%c3%a7%c3%b5es-de-apostas'>Outras op\u00e7\u00f5es de apostas<\/h3>\n<p><span style=\"font-weight: 400;\">Existem outros mercados dispon\u00edveis em CrossFire apostas. Os apostadores poder\u00e3o apostar tamb\u00e9m em <\/span><b>&#8220;aposta no total de rounds&#8221;<\/b><span style=\"font-weight: 400;\">, prevendo o n\u00famero total de round de uma partida ou mapa espec\u00edfico. Ou no <\/span><b>&#8220;aposta no placar correto&#8221;<\/b><span style=\"font-weight: 400;\">, prevendo o placar correto de um mapa ou partida. Outras apostas mais complexas como <\/span><b>&#8220;aposta no total de kills&#8221;<\/b><span style=\"font-weight: 400;\"> ou <\/span><b>\u201caposta no MVP da partida\u201d<\/b><span style=\"font-weight: 400;\"> tamb\u00e9m podem ser encontradas em alguns sites de apostas.<\/span><\/p>\n<figure id=\"attachment_2480\" aria-describedby=\"caption-attachment-2480\" style=\"width: 800px\" class=\"wp-caption alignnone\"><img loading=\"lazy\" decoding=\"async\" class=\"size-full wp-image-2480\" src=\"https:\/\/www.esportsbets.com\/br\/wp-content\/uploads\/sites\/2\/2024\/01\/campeonatos-crossfire.webp\" alt=\"campeonatos de crossfire\" width=\"800\" height=\"450\" srcset=\"https:\/\/www.esportsbets.com\/br\/wp-content\/uploads\/sites\/2\/2024\/01\/campeonatos-crossfire.webp 800w, https:\/\/www.esportsbets.com\/br\/wp-content\/uploads\/sites\/2\/2024\/01\/campeonatos-crossfire-300x169.webp 300w, https:\/\/www.esportsbets.com\/br\/wp-content\/uploads\/sites\/2\/2024\/01\/campeonatos-crossfire-768x432.webp 768w\" sizes=\"auto, (max-width: 800px) 100vw, 800px\" \/><figcaption id=\"caption-attachment-2480\" class=\"wp-caption-text\">Divulga\u00e7\u00e3o: Smilegate<\/figcaption><\/figure>\n<h2 id='campeonatos-crossfire-para-apostar'>Campeonatos CrossFire para apostar<\/h2>\n<p><span style=\"font-weight: 400;\">O CrossFire apostas se destaca em diversos campeonatos pelo mundo. Os torneios CrossFire v\u00e3o desde os regionais at\u00e9 os mundiais, onde equipes da \u00c1sia, Europa e Am\u00e9rica se enfrentam. <\/span><b>\u00c9 importante ressaltar que os campeonatos CrossFire que citamos abaixo s\u00e3o os mais not\u00e1veis do cen\u00e1rio competitivo do jogo<\/b><span style=\"font-weight: 400;\">, h\u00e1 diversos outros campeonatos menores que agitam o calend\u00e1rio competitivo do FPS. Os mais conhecidos s\u00e3o:<\/span><\/p>\n<ul>\n<li style=\"font-weight: 400;\"><span style=\"font-weight: 400;\">CrossFire Stars (CFS);\u00a0<\/span><\/li>\n<li style=\"font-weight: 400;\"><span style=\"font-weight: 400;\">CrossFire Pro League (CFPL);\u00a0<\/span><\/li>\n<li style=\"font-weight: 400;\"><span style=\"font-weight: 400;\">CrossFire Elite League (CEL);\u00a0<\/span><\/li>\n<li style=\"font-weight: 400;\"><span style=\"font-weight: 400;\">CrossFire Masters Invitational (CFMI);\u00a0<\/span><\/li>\n<li style=\"font-weight: 400;\"><span style=\"font-weight: 400;\">CrossFire Stars Invitational (CFSI).<\/span><\/li>\n<\/ul>\n<h2 id='apostas-crossfire-vale-a-pena-apostar'>Apostas CrossFire: vale a pena apostar?<\/h2>\n<p><span style=\"font-weight: 400;\">Sim, vale a pena realizar CrossFire apostas. Essas apostas oferecem uma emocionante jornada para os f\u00e3s e apostadores do FPS. Ao explorar o universo competitivo do jogo, os jogadores ter\u00e3o \u00e0 disposi\u00e7\u00e3o uma ampla gama de op\u00e7\u00f5es de apostas, indo desde o vencedor da partida para apostas mais espec\u00edficas. A presen\u00e7a de grandes competi\u00e7\u00f5es pelo mundo aumenta ainda mais a popularidade e busca por apostas na modalidade.<\/span><\/p>\n<p><span style=\"font-weight: 400;\">Por fim, \u00e9 importante ressaltar que \u00e9 crucial realizar uma abordagem com responsabilidade na hora de apostar. Entender os riscos e ter um gerenciamento de caixa s\u00e3o dois fatores primordiais nas apostas, e claro, tra\u00e7ar as melhores estrat\u00e9gias para lucrar muito. Aproveite para entrar em uma das <\/span><a href=\"https:\/\/www.esportsbets.com\/br\/pix\/\"><span style=\"font-weight: 400;\">casas de apostas que pagam via PIX<\/span><\/a><span style=\"font-weight: 400;\"> e comece apostar agora mesmo!<\/span><\/p>\n","protected":false},"excerpt":{"rendered":"<p>O CrossFire \u00e9 um ic\u00f4nico t\u00edtulo que marcou a hist\u00f3ria dos jogos eletr\u00f4nicos. Desenvolvido pela Smilegate, o FPS foi lan\u00e7ado em&hellip;<\/p>\n","protected":false},"author":98,"featured_media":2479,"parent":0,"menu_order":0,"comment_status":"closed","ping_status":"closed","template":"","meta":{"_stopmodifiedupdate":false,"_modified_date":"","footnotes":""},"class_list":["post-2478","page","type-page","status-publish","has-post-thumbnail","hentry"],"acf":[],"yoast_head":"<!-- This site is optimized with the Yoast SEO plugin v20.11 - https:\/\/yoast.com\/wordpress\/plugins\/seo\/ -->\n<title>Apostas CrossFire: Como apostar em campeonatos gr\u00e1tis<\/title>\n<meta name=\"description\" content=\"Descubra a experi\u00eancia do CrossFire apostas e saiba como realizar as melhores apostas no jogo, confira o guia completo agora mesmo!\" \/>\n<meta name=\"robots\" content=\"index, follow, max-snippet:-1, max-image-preview:large, max-video-preview:-1\" \/>\n<link rel=\"canonical\" href=\"https:\/\/www.esportsbets.com\/br\/crossfire\/\" \/>\n<meta property=\"og:locale\" content=\"pt_BR\" \/>\n<meta property=\"og:type\" content=\"article\" \/>\n<meta property=\"og:title\" content=\"Apostas CrossFire: Como apostar em campeonatos gr\u00e1tis\" \/>\n<meta property=\"og:description\" content=\"Descubra a experi\u00eancia do CrossFire apostas e saiba como realizar as melhores apostas no jogo, confira o guia completo agora mesmo!\" \/>\n<meta property=\"og:url\" content=\"https:\/\/www.esportsbets.com\/br\/crossfire\/\" \/>\n<meta property=\"og:site_name\" content=\"EsportsBets BR\" \/>\n<meta property=\"article:modified_time\" content=\"2024-08-08T10:29:43+00:00\" \/>\n<meta property=\"og:image\" content=\"https:\/\/www.esportsbets.com\/br\/wp-content\/uploads\/sites\/2\/2024\/01\/crossfire-apostas.webp\" \/>\n\t<meta property=\"og:image:width\" content=\"800\" \/>\n\t<meta property=\"og:image:height\" content=\"450\" \/>\n\t<meta property=\"og:image:type\" content=\"image\/webp\" \/>\n<meta name=\"twitter:card\" content=\"summary_large_image\" \/>\n<meta name=\"twitter:label1\" content=\"Est. tempo de leitura\" \/>\n\t<meta name=\"twitter:data1\" content=\"5 minutos\" \/>\n<script type=\"application\/ld+json\" class=\"yoast-schema-graph\">{\"@context\":\"https:\/\/schema.org\",\"@graph\":[{\"@type\":\"WebPage\",\"@id\":\"https:\/\/www.esportsbets.com\/br\/crossfire\/\",\"url\":\"https:\/\/www.esportsbets.com\/br\/crossfire\/\",\"name\":\"Apostas CrossFire: Como apostar em campeonatos gr\u00e1tis\",\"isPartOf\":{\"@id\":\"https:\/\/www.esportsbets.com\/br\/#website\"},\"datePublished\":\"2024-01-11T14:16:43+00:00\",\"dateModified\":\"2024-08-08T10:29:43+00:00\",\"description\":\"Descubra a experi\u00eancia do CrossFire apostas e saiba como realizar as melhores apostas no jogo, confira o guia completo agora mesmo!\",\"breadcrumb\":{\"@id\":\"https:\/\/www.esportsbets.com\/br\/crossfire\/#breadcrumb\"},\"inLanguage\":\"pt-BR\",\"potentialAction\":[{\"@type\":\"ReadAction\",\"target\":[\"https:\/\/www.esportsbets.com\/br\/crossfire\/\"]}]},{\"@type\":\"BreadcrumbList\",\"@id\":\"https:\/\/www.esportsbets.com\/br\/crossfire\/#breadcrumb\",\"itemListElement\":[{\"@type\":\"ListItem\",\"position\":1,\"name\":\"Home\",\"item\":\"https:\/\/www.esportsbets.com\/br\/\"},{\"@type\":\"ListItem\",\"position\":2,\"name\":\"Apostas CrossFire: Saiba os melhores sites e dicas para apostar em campeonatos!\"}]},{\"@type\":\"WebSite\",\"@id\":\"https:\/\/www.esportsbets.com\/br\/#website\",\"url\":\"https:\/\/www.esportsbets.com\/br\/\",\"name\":\"EsportsBets BR\",\"description\":\"\",\"publisher\":{\"@id\":\"https:\/\/www.esportsbets.com\/br\/#organization\"},\"potentialAction\":[{\"@type\":\"SearchAction\",\"target\":{\"@type\":\"EntryPoint\",\"urlTemplate\":\"https:\/\/www.esportsbets.com\/br\/?s={search_term_string}\"},\"query-input\":\"required name=search_term_string\"}],\"inLanguage\":\"pt-BR\"},{\"@type\":\"Organization\",\"@id\":\"https:\/\/www.esportsbets.com\/br\/#organization\",\"name\":\"EsportsBets BR\",\"url\":\"https:\/\/www.esportsbets.com\/br\/\",\"logo\":{\"@type\":\"ImageObject\",\"inLanguage\":\"pt-BR\",\"@id\":\"https:\/\/www.esportsbets.com\/br\/#\/schema\/logo\/image\/\",\"url\":\"https:\/\/www.esportsbets.com\/br\/wp-content\/uploads\/sites\/2\/2024\/01\/logo.svg\",\"contentUrl\":\"https:\/\/www.esportsbets.com\/br\/wp-content\/uploads\/sites\/2\/2024\/01\/logo.svg\",\"width\":\"469\",\"height\":\"80\",\"caption\":\"EsportsBets BR\"},\"image\":{\"@id\":\"https:\/\/www.esportsbets.com\/br\/#\/schema\/logo\/image\/\"}}]}<\/script>\n<!-- \/ Yoast SEO plugin. -->","yoast_head_json":{"title":"Apostas CrossFire: Como apostar em campeonatos gr\u00e1tis","description":"Descubra a experi\u00eancia do CrossFire apostas e saiba como realizar as melhores apostas no jogo, confira o guia completo agora mesmo!","robots":{"index":"index","follow":"follow","max-snippet":"max-snippet:-1","max-image-preview":"max-image-preview:large","max-video-preview":"max-video-preview:-1"},"canonical":"https:\/\/www.esportsbets.com\/br\/crossfire\/","og_locale":"pt_BR","og_type":"article","og_title":"Apostas CrossFire: Como apostar em campeonatos gr\u00e1tis","og_description":"Descubra a experi\u00eancia do CrossFire apostas e saiba como realizar as melhores apostas no jogo, confira o guia completo agora mesmo!","og_url":"https:\/\/www.esportsbets.com\/br\/crossfire\/","og_site_name":"EsportsBets BR","article_modified_time":"2024-08-08T10:29:43+00:00","og_image":[{"width":"800","height":"450","url":"https:\/\/www.esportsbets.com\/br\/wp-content\/uploads\/sites\/2\/2024\/01\/crossfire-apostas.webp","type":"image\/webp"}],"twitter_card":"summary_large_image","twitter_misc":{"Est. tempo de leitura":"5 minutos"},"schema":{"@context":"https:\/\/schema.org","@graph":[{"@type":"WebPage","@id":"https:\/\/www.esportsbets.com\/br\/crossfire\/","url":"https:\/\/www.esportsbets.com\/br\/crossfire\/","name":"Apostas CrossFire: Como apostar em campeonatos gr\u00e1tis","isPartOf":{"@id":"https:\/\/www.esportsbets.com\/br\/#website"},"datePublished":"2024-01-11T14:16:43+00:00","dateModified":"2024-08-08T10:29:43+00:00","description":"Descubra a experi\u00eancia do CrossFire apostas e saiba como realizar as melhores apostas no jogo, confira o guia completo agora mesmo!","breadcrumb":{"@id":"https:\/\/www.esportsbets.com\/br\/crossfire\/#breadcrumb"},"inLanguage":"pt-BR","potentialAction":[{"@type":"ReadAction","target":["https:\/\/www.esportsbets.com\/br\/crossfire\/"]}]},{"@type":"BreadcrumbList","@id":"https:\/\/www.esportsbets.com\/br\/crossfire\/#breadcrumb","itemListElement":[{"@type":"ListItem","position":1,"name":"Home","item":"https:\/\/www.esportsbets.com\/br\/"},{"@type":"ListItem","position":2,"name":"Apostas CrossFire: Saiba os melhores sites e dicas para apostar em campeonatos!"}]},{"@type":"WebSite","@id":"https:\/\/www.esportsbets.com\/br\/#website","url":"https:\/\/www.esportsbets.com\/br\/","name":"EsportsBets BR","description":"","publisher":{"@id":"https:\/\/www.esportsbets.com\/br\/#organization"},"potentialAction":[{"@type":"SearchAction","target":{"@type":"EntryPoint","urlTemplate":"https:\/\/www.esportsbets.com\/br\/?s={search_term_string}"},"query-input":"required name=search_term_string"}],"inLanguage":"pt-BR"},{"@type":"Organization","@id":"https:\/\/www.esportsbets.com\/br\/#organization","name":"EsportsBets BR","url":"https:\/\/www.esportsbets.com\/br\/","logo":{"@type":"ImageObject","inLanguage":"pt-BR","@id":"https:\/\/www.esportsbets.com\/br\/#\/schema\/logo\/image\/","url":"https:\/\/www.esportsbets.com\/br\/wp-content\/uploads\/sites\/2\/2024\/01\/logo.svg","contentUrl":"https:\/\/www.esportsbets.com\/br\/wp-content\/uploads\/sites\/2\/2024\/01\/logo.svg","width":"469","height":"80","caption":"EsportsBets BR"},"image":{"@id":"https:\/\/www.esportsbets.com\/br\/#\/schema\/logo\/image\/"}}]}},"_links":{"self":[{"href":"https:\/\/www.esportsbets.com\/br\/wp-json\/wp\/v2\/pages\/2478","targetHints":{"allow":["GET"]}}],"collection":[{"href":"https:\/\/www.esportsbets.com\/br\/wp-json\/wp\/v2\/pages"}],"about":[{"href":"https:\/\/www.esportsbets.com\/br\/wp-json\/wp\/v2\/types\/page"}],"author":[{"embeddable":true,"href":"https:\/\/www.esportsbets.com\/br\/wp-json\/wp\/v2\/users\/98"}],"replies":[{"embeddable":true,"href":"https:\/\/www.esportsbets.com\/br\/wp-json\/wp\/v2\/comments?post=2478"}],"version-history":[{"count":0,"href":"https:\/\/www.esportsbets.com\/br\/wp-json\/wp\/v2\/pages\/2478\/revisions"}],"wp:featuredmedia":[{"embeddable":true,"href":"https:\/\/www.esportsbets.com\/br\/wp-json\/wp\/v2\/media\/2479"}],"wp:attachment":[{"href":"https:\/\/www.esportsbets.com\/br\/wp-json\/wp\/v2\/media?parent=2478"}],"curies":[{"name":"wp","href":"https:\/\/api.w.org\/{rel}","templated":true}]}}