{"id":3662,"date":"2024-07-24T18:18:26","date_gmt":"2024-07-24T18:18:26","guid":{"rendered":"https:\/\/www.esportsbets.com\/br\/?page_id=3662"},"modified":"2025-01-10T11:51:02","modified_gmt":"2025-01-10T11:51:02","slug":"casinos","status":"publish","type":"page","link":"https:\/\/www.esportsbets.com\/br\/casinos\/","title":{"rendered":"Casinos online confi\u00e1veis: Quais s\u00e3o os melhores casinos online de 2025?"},"content":{"rendered":"<p>Com a constante evolu\u00e7\u00e3o das plataformas de apostas e cassinos online, os jogadores procuram por benef\u00edcios ao desfrutar dos jogos favoritos. Contendo uma vasta gama de jogos dispon\u00edveis que v\u00e3o desde os slots at\u00e9 os jogos de mesa, os casinos online confi\u00e1veis costumam oferecer uma experi\u00eancia cheia de emo\u00e7\u00e3o e muito diversificada.<\/p>\n<p>No entanto, conforme a popularidade desses cassinos online aumenta, h\u00e1 um aumento no n\u00famero de plataformas lan\u00e7adas para atender essa demanda, e \u00e9 aqui onde os apostadores devem ter muita aten\u00e7\u00e3o. Escolher um cassino confi\u00e1vel \u00e9 essencial para garantir que todos os dados pessoais e financeiros fiquem em seguran\u00e7a, e que o jogo justo prevale\u00e7a. Com isso, neste guia completo falaremos sobre todos os fatores que devem ser analisados na hora de escolher a plataforma ideal.<\/p>\n[cta id=4380 type=list]\n<h2 id='crit%c3%a9rios-para-analisar-os-casinos-online-confi%c3%a1veis'>Crit\u00e9rios para analisar os casinos online confi\u00e1veis<\/h2>\n<p>Definir se um cassino online \u00e9 confi\u00e1vel ou n\u00e3o depende de diversos fatores, desde a licen\u00e7a, regulamenta\u00e7\u00e3o, seguran\u00e7a, prote\u00e7\u00e3o dos dados e diversos outros. Abaixo, separamos alguns itens essenciais que devem ser levados em considera\u00e7\u00e3o no momento da escolha do cassino ideal.<\/p>\n<h3 id='licenciamento-e-regula%c3%a7%c3%a3o'>Licenciamento e regula\u00e7\u00e3o<\/h3>\n<p>A primeira observa\u00e7\u00e3o que deve ser analisada \u00e9 a licen\u00e7a de opera\u00e7\u00e3o. As licen\u00e7as emitidas por jurisdi\u00e7\u00e3o de Malta, Reino Unido e Cura\u00e7ao s\u00e3o as mais confi\u00e1veis, indicando que os cassinos operam seguindo todos os padr\u00f5es de justi\u00e7a e seguran\u00e7a. Normalmente, no rodap\u00e9 do cassino em quest\u00e3o os jogadores podem encontrar o n\u00famero da licen\u00e7a ativa, e ap\u00f3s clicar, os usu\u00e1rios conseguem encontrar a validade da licen\u00e7a e diversas outras informa\u00e7\u00f5es importantes.<\/p>\n<figure id=\"attachment_3663\" aria-describedby=\"caption-attachment-3663\" style=\"width: 800px\" class=\"wp-caption aligncenter\"><img loading=\"lazy\" decoding=\"async\" class=\"size-full wp-image-3663\" src=\"https:\/\/www.esportsbets.com\/br\/wp-content\/uploads\/sites\/2\/2024\/07\/licenca-cassinos.webp\" alt=\"licen\u00e7as dos cassinos online confi\u00e1veis\" width=\"800\" height=\"450\" srcset=\"https:\/\/www.esportsbets.com\/br\/wp-content\/uploads\/sites\/2\/2024\/07\/licenca-cassinos.webp 800w, https:\/\/www.esportsbets.com\/br\/wp-content\/uploads\/sites\/2\/2024\/07\/licenca-cassinos-300x169.webp 300w, https:\/\/www.esportsbets.com\/br\/wp-content\/uploads\/sites\/2\/2024\/07\/licenca-cassinos-768x432.webp 768w\" sizes=\"auto, (max-width: 800px) 100vw, 800px\" \/><figcaption id=\"caption-attachment-3663\" class=\"wp-caption-text\">Divulga\u00e7\u00e3o\/Freepik<\/figcaption><\/figure>\n<h3 id='seguran%c3%a7a-e-prote%c3%a7%c3%a3o-de-dados'>Seguran\u00e7a e prote\u00e7\u00e3o de dados<\/h3>\n<p>Outra prioridade de um cassino confi\u00e1vel \u00e9 entregar prote\u00e7\u00e3o dos dados de maneira eficiente. Praticamente todos os cassinos confi\u00e1veis contam com criptografia SSL (Secure Socket Layer) que garante seguran\u00e7a em todas as informa\u00e7\u00f5es pessoais e financeiras entre o usu\u00e1rio e o cassino. Deve-se ressaltar que a pol\u00edtica de privacidade \u00e9 transparente e demonstra compromisso com os cassinos, protegendo todos os dados de maneira respons\u00e1vel.<\/p>\n<h3 id='jogo-justo-e-respons%c3%a1vel'>Jogo justo e respons\u00e1vel<\/h3>\n<p>Garantir justi\u00e7a nos jogos \u00e9 outro fator obrigat\u00f3rio dos casinos online confi\u00e1veis. A utiliza\u00e7\u00e3o de RNG (Geradores de n\u00fameros aleat\u00f3rios) auditados por empresas independentes asseguram que os resultados dos jogos sejam aleat\u00f3rios e justos, longe de qualquer manipula\u00e7\u00e3o.<\/p>\n<p>Outro fator muito importante est\u00e1 relacionado com o Jogo Respons\u00e1vel. Os cassinos oferecem ferramentas para que os jogadores possam limitar as atividades de jogo, definindo limites de dep\u00f3sitos, saques, apostas e um suporte especializado para quem estiver enfrentando problemas com v\u00edcio.<\/p>\n<h2 id='melhores-casinos-online-para-brasileiros'>Melhores casinos online para brasileiros<\/h2>\n<p>Com um cen\u00e1rio de constante evolu\u00e7\u00e3o, hoje o Brasil apresenta uma vasta lista de casinos online confi\u00e1veis. Por\u00e9m, separamos tr\u00eas dos melhores casinos online para brasileiros, falando um pouco sobre cada um deles.<\/p>\n<h3 id='bc-game'>BC.Game<\/h3>\n<p>A plataforma <a href=\"https:\/\/www.esportsbets.com\/br\/reviews\/bc-game\/\">BCGame<\/a> oferece aos usu\u00e1rios uma abordagem inovadora da possibilidade dos apostadores utilizarem as criptomoedas, desde o momento do dep\u00f3sito, saque e tamb\u00e9m nas apostas. A plataforma vem atraindo uma base s\u00f3lida de jogadores, muito por conta de sua vasta gama de jogos, b\u00f4nus e recursos exclusivos. Os destaques do cassino s\u00e3o:<\/p>\n<ul>\n<li><strong>Criptomoedas:<\/strong> H\u00e1 uma vasta disponibilidade de criptomoedas diferentes, incluindo os mais conhecidos como Bitcoin, Ethereum e Litecoin.<\/li>\n<li><strong>Variedade de jogos:<\/strong> Todos os jogos mais comuns de cassino est\u00e3o presentes, como os ca\u00e7a-n\u00edqueis, jogos de mesa e jogos ao vivo.<\/li>\n<li><strong>Promo\u00e7\u00f5es e b\u00f4nus:<\/strong> A plataforma oferece b\u00f4nus de boas-vindas de at\u00e9 1050% de b\u00f4nus nos quatro primeiros dep\u00f3sitos.<\/li>\n<li><strong>Seguran\u00e7a:<\/strong> Com uma licen\u00e7a emitida pelo Governo de Cura\u00e7ao, o site conta com criptografia SSL que protege todos os dados dos usu\u00e1rios.<\/li>\n<\/ul>\n<p><span data-sheets-root=\"1\" data-sheets-value=\"{&quot;1&quot;:2,&quot;2&quot;:&quot;[cta id=3837 type=cta]&quot;}\" data-sheets-userformat=\"{&quot;2&quot;:4737,&quot;3&quot;:{&quot;1&quot;:0},&quot;10&quot;:0,&quot;12&quot;:0,&quot;15&quot;:&quot;Arial&quot;}\">[cta id=3837 type=cta]<\/span><\/p>\n<h3 id='bitcasino-io'>Bitcasino.io<\/h3>\n<p>O <a href=\"https:\/\/www.esportsbets.com\/br\/reviews\/bitcasino\/\">Bitcasino<\/a> \u00e9 uma refer\u00eancia quando o assunto \u00e9 jogos de cassinos online e principalmente criptomoedas. <strong>O slogan da marca conta com a publicidade de ser o primeiro cassino cripto licenciado no mundo.<\/strong> \u00c9 o destino ideal para os apostadores que buscam \u00f3timas promo\u00e7\u00f5es, variedade de jogos de cassino e principalmente apostar utilizando criptomoedas. Entre os destaques da marca, podemos citar os seguintes:<\/p>\n<ul>\n<li><strong>Experi\u00eancia de jogo:<\/strong> O Bitcasino oferece uma experi\u00eancia de jogo completa, com imers\u00e3o e jogos com gr\u00e1ficos de alta qualidade, al\u00e9m da disponibilidade de um aplicativo m\u00f3vel.<\/li>\n<li><strong>B\u00f4nus e promo\u00e7\u00f5es:<\/strong> Para os novos usu\u00e1rios, at\u00e9 $1500 de b\u00f4nus de boas-vindas no primeiro dep\u00f3sito.<\/li>\n<li><strong>Suporte ao cliente:<\/strong> O atendimento ao cliente \u00e9 humanizado e dispon\u00edvel em portugu\u00eas, al\u00e9m de ser 24 horas por dia, 7 dias na semana.<\/li>\n<\/ul>\n[cta id=4287 type=cta]\n<h3 id='mystake'>Mystake<\/h3>\n<p>Vimos no <a href=\"https:\/\/www.esportsbets.com\/br\/reviews\/mystake\/\">Mystake review<\/a> que o cassino \u00e9 relativamente novo nesse mercado, por\u00e9m, conseguiu se estabelecer rapidamente devido sua vasta gama de jogos e \u00f3timas promo\u00e7\u00f5es. Com uma interface que favorece a acessibilidade, <strong>todos os jogos de cassinos podem ser encontrados com facilidade,<\/strong> tornando-o uma \u00f3tima op\u00e7\u00e3o para quem busca simplicidade. Para o Mystake, os destaques s\u00e3o:<\/p>\n<ul>\n<li><strong>Variedade de jogos:<\/strong> Logo de cara na p\u00e1gina principal voc\u00ea encontrar\u00e1 muitas categorias de jogos de cassinos, como os de slots, de mesa e ao vivo.<\/li>\n<li><strong>B\u00f4nus e promo\u00e7\u00f5es:<\/strong> Al\u00e9m do \u00f3timo b\u00f4nus de boas-vindas, os usu\u00e1rios poder\u00e3o receber porcentagem de b\u00f4nus de dep\u00f3sito e participar do sistema de fidelidade Mystake VIP.<\/li>\n<li><strong>Interface interativa:<\/strong> A interface \u00e9 moderna e muito f\u00e1cil de navegar, proporcionando a melhor experi\u00eancia aos usu\u00e1rios.<\/li>\n<\/ul>\n[cta id=4289 type=cta]\n<h2 id='variedade-e-qualidade-dos-jogos-oferecidos'>Variedade e qualidade dos jogos oferecidos<\/h2>\n<p>A qualidade dos jogos oferecidos pelos casinos online confi\u00e1veis est\u00e1 relacionada com os desenvolvedores de softwares. Cassinos como o BC.Game, Bitcasino e Mystake conseguem disponibilizar aos usu\u00e1rios uma s\u00e9rie de jogos de alta qualidade, garantindo que os jogadores tenham a melhor experi\u00eancia. Entre as desenvolvedoras podemos citar a <strong>Microgaming, NetEnt, Evolution Gaming, Play&#8217;n GO, Pragmatic Play e diversas outras.<\/strong> Quando falamos das diversidade de jogos podemos citar os seguintes:<\/p>\n<ol>\n<li><strong>Slots:<\/strong> Os slots ou ca\u00e7a-n\u00edqueis como tamb\u00e9m s\u00e3o conhecidos v\u00e3o desde os jogos cl\u00e1ssicos de tr\u00eas rolos ou at\u00e9 os mais modernos contendo cinco ou mais rolos. Nesses jogos, s\u00e3o diversos temas diferentes, desde aventuras \u00e9picas at\u00e9 mitologias e filmes. Em alguns desses jogos, h\u00e1 a possibilidade de maximizar os lucros com os jackpots progressivos.<\/li>\n<li><strong>Jogos de mesa:<\/strong> Aqui os jogadores poder\u00e3o desfrutar de conhecidos jogos como blackjack, roleta, baccarat e poker, todos contendo v\u00e1rias vers\u00f5es com suas pr\u00f3prias regras e apostas.<\/li>\n<li><strong>Jogos ao vivo:<\/strong> Para quem busca uma experi\u00eancia mais imersiva, os jogos ao vivo possibilitam que os jogadores interajam entre si e com os dealers reais. Nesta categoria, jogos como roleta, blackjack, baccarat e poker podem ser jogados de forma ao vivo, ficando com a sensa\u00e7\u00e3o de estar em um cassino f\u00edsico.<\/li>\n<li><strong>Outros jogos:<\/strong> \u00c9 poss\u00edvel jogar outros jogos nesses cassinos, como por exemplo os jogos crashes, onde o objetivo dos jogadores \u00e9 retirar a aposta com o maior multiplicador poss\u00edvel antes de ocorrer o crash.<\/li>\n<\/ol>\n<p><img loading=\"lazy\" decoding=\"async\" class=\"aligncenter size-full wp-image-3664\" src=\"https:\/\/www.esportsbets.com\/br\/wp-content\/uploads\/sites\/2\/2024\/07\/cassinos-online-confiaveis.webp\" alt=\"casinos online confi\u00e1veis\" width=\"800\" height=\"450\" srcset=\"https:\/\/www.esportsbets.com\/br\/wp-content\/uploads\/sites\/2\/2024\/07\/cassinos-online-confiaveis.webp 800w, https:\/\/www.esportsbets.com\/br\/wp-content\/uploads\/sites\/2\/2024\/07\/cassinos-online-confiaveis-300x169.webp 300w, https:\/\/www.esportsbets.com\/br\/wp-content\/uploads\/sites\/2\/2024\/07\/cassinos-online-confiaveis-768x432.webp 768w\" sizes=\"auto, (max-width: 800px) 100vw, 800px\" \/><\/p>\n<h2 id='conclus%c3%a3o-escolha-o-cassino-confi%c3%a1vel-ideal'>Conclus\u00e3o: escolha o cassino confi\u00e1vel ideal<\/h2>\n<p>Escolher a melhor op\u00e7\u00e3o entre os melhores casinos online confi\u00e1veis \u00e9 uma tarefa importante. Os usu\u00e1rios devem levar v\u00e1rios aspectos em considera\u00e7\u00e3o para garantir uma experi\u00eancia de jogo justa e agrad\u00e1vel, com isso, ao optar por cassinos licenciados e regulamentados, voc\u00ea ter\u00e1 acesso aos melhores casinos online para brasileiros. Cassinos como BC.Game, Bitcasino e Mystake s\u00e3o \u00f3timas op\u00e7\u00f5es, sendo considerados uma das melhores <a href=\"https:\/\/www.esportsbets.com\/br\/criptomoedas\/sites\/\">casas de apostas que aceitam criptomoedas<\/a>.<\/p>\n[cta id=4290 type=cta]\n","protected":false},"excerpt":{"rendered":"<p>Com a constante evolu\u00e7\u00e3o das plataformas de apostas e cassinos online, os jogadores procuram por benef\u00edcios ao desfrutar dos jogos favoritos.&hellip;<\/p>\n","protected":false},"author":113,"featured_media":3664,"parent":0,"menu_order":0,"comment_status":"closed","ping_status":"closed","template":"","meta":{"_stopmodifiedupdate":false,"_modified_date":"","footnotes":""},"class_list":["post-3662","page","type-page","status-publish","has-post-thumbnail","hentry"],"acf":[],"yoast_head":"<!-- This site is optimized with the Yoast SEO plugin v20.11 - https:\/\/yoast.com\/wordpress\/plugins\/seo\/ -->\n<title>Casinos online confi\u00e1veis | Melhores casinos online em 2025<\/title>\n<meta name=\"description\" content=\"Os casinos online confi\u00e1veis permitem que os apostadores joguem em seguran\u00e7a. Confira a lista com os melhores cassinos online de 2025.\" \/>\n<meta name=\"robots\" content=\"index, follow, max-snippet:-1, max-image-preview:large, max-video-preview:-1\" \/>\n<link rel=\"canonical\" href=\"https:\/\/www.esportsbets.com\/br\/casinos\/\" \/>\n<meta property=\"og:locale\" content=\"pt_BR\" \/>\n<meta property=\"og:type\" content=\"article\" \/>\n<meta property=\"og:title\" content=\"Casinos online confi\u00e1veis | Melhores casinos online em 2025\" \/>\n<meta property=\"og:description\" content=\"Os casinos online confi\u00e1veis permitem que os apostadores joguem em seguran\u00e7a. Confira a lista com os melhores cassinos online de 2025.\" \/>\n<meta property=\"og:url\" content=\"https:\/\/www.esportsbets.com\/br\/casinos\/\" \/>\n<meta property=\"og:site_name\" content=\"EsportsBets BR\" \/>\n<meta property=\"article:modified_time\" content=\"2025-01-10T11:51:02+00:00\" \/>\n<meta property=\"og:image\" content=\"https:\/\/www.esportsbets.com\/br\/wp-content\/uploads\/sites\/2\/2024\/07\/cassinos-online-confiaveis.webp\" \/>\n\t<meta property=\"og:image:width\" content=\"800\" \/>\n\t<meta property=\"og:image:height\" content=\"450\" \/>\n\t<meta property=\"og:image:type\" content=\"image\/webp\" \/>\n<meta name=\"twitter:card\" content=\"summary_large_image\" \/>\n<meta name=\"twitter:label1\" content=\"Est. tempo de leitura\" \/>\n\t<meta name=\"twitter:data1\" content=\"7 minutos\" \/>\n<script type=\"application\/ld+json\" class=\"yoast-schema-graph\">{\"@context\":\"https:\/\/schema.org\",\"@graph\":[{\"@type\":\"WebPage\",\"@id\":\"https:\/\/www.esportsbets.com\/br\/casinos\/\",\"url\":\"https:\/\/www.esportsbets.com\/br\/casinos\/\",\"name\":\"Casinos online confi\u00e1veis | Melhores casinos online em 2025\",\"isPartOf\":{\"@id\":\"https:\/\/www.esportsbets.com\/br\/#website\"},\"datePublished\":\"2024-07-24T18:18:26+00:00\",\"dateModified\":\"2025-01-10T11:51:02+00:00\",\"description\":\"Os casinos online confi\u00e1veis permitem que os apostadores joguem em seguran\u00e7a. Confira a lista com os melhores cassinos online de 2025.\",\"breadcrumb\":{\"@id\":\"https:\/\/www.esportsbets.com\/br\/casinos\/#breadcrumb\"},\"inLanguage\":\"pt-BR\",\"potentialAction\":[{\"@type\":\"ReadAction\",\"target\":[\"https:\/\/www.esportsbets.com\/br\/casinos\/\"]}]},{\"@type\":\"BreadcrumbList\",\"@id\":\"https:\/\/www.esportsbets.com\/br\/casinos\/#breadcrumb\",\"itemListElement\":[{\"@type\":\"ListItem\",\"position\":1,\"name\":\"Home\",\"item\":\"https:\/\/www.esportsbets.com\/br\/\"},{\"@type\":\"ListItem\",\"position\":2,\"name\":\"Casinos online confi\u00e1veis: Quais s\u00e3o os melhores casinos online de 2025?\"}]},{\"@type\":\"WebSite\",\"@id\":\"https:\/\/www.esportsbets.com\/br\/#website\",\"url\":\"https:\/\/www.esportsbets.com\/br\/\",\"name\":\"EsportsBets BR\",\"description\":\"\",\"publisher\":{\"@id\":\"https:\/\/www.esportsbets.com\/br\/#organization\"},\"potentialAction\":[{\"@type\":\"SearchAction\",\"target\":{\"@type\":\"EntryPoint\",\"urlTemplate\":\"https:\/\/www.esportsbets.com\/br\/?s={search_term_string}\"},\"query-input\":\"required name=search_term_string\"}],\"inLanguage\":\"pt-BR\"},{\"@type\":\"Organization\",\"@id\":\"https:\/\/www.esportsbets.com\/br\/#organization\",\"name\":\"EsportsBets BR\",\"url\":\"https:\/\/www.esportsbets.com\/br\/\",\"logo\":{\"@type\":\"ImageObject\",\"inLanguage\":\"pt-BR\",\"@id\":\"https:\/\/www.esportsbets.com\/br\/#\/schema\/logo\/image\/\",\"url\":\"https:\/\/www.esportsbets.com\/br\/wp-content\/uploads\/sites\/2\/2024\/01\/logo.svg\",\"contentUrl\":\"https:\/\/www.esportsbets.com\/br\/wp-content\/uploads\/sites\/2\/2024\/01\/logo.svg\",\"width\":\"469\",\"height\":\"80\",\"caption\":\"EsportsBets BR\"},\"image\":{\"@id\":\"https:\/\/www.esportsbets.com\/br\/#\/schema\/logo\/image\/\"}}]}<\/script>\n<!-- \/ Yoast SEO plugin. -->","yoast_head_json":{"title":"Casinos online confi\u00e1veis | Melhores casinos online em 2025","description":"Os casinos online confi\u00e1veis permitem que os apostadores joguem em seguran\u00e7a. Confira a lista com os melhores cassinos online de 2025.","robots":{"index":"index","follow":"follow","max-snippet":"max-snippet:-1","max-image-preview":"max-image-preview:large","max-video-preview":"max-video-preview:-1"},"canonical":"https:\/\/www.esportsbets.com\/br\/casinos\/","og_locale":"pt_BR","og_type":"article","og_title":"Casinos online confi\u00e1veis | Melhores casinos online em 2025","og_description":"Os casinos online confi\u00e1veis permitem que os apostadores joguem em seguran\u00e7a. Confira a lista com os melhores cassinos online de 2025.","og_url":"https:\/\/www.esportsbets.com\/br\/casinos\/","og_site_name":"EsportsBets BR","article_modified_time":"2025-01-10T11:51:02+00:00","og_image":[{"width":"800","height":"450","url":"https:\/\/www.esportsbets.com\/br\/wp-content\/uploads\/sites\/2\/2024\/07\/cassinos-online-confiaveis.webp","type":"image\/webp"}],"twitter_card":"summary_large_image","twitter_misc":{"Est. tempo de leitura":"7 minutos"},"schema":{"@context":"https:\/\/schema.org","@graph":[{"@type":"WebPage","@id":"https:\/\/www.esportsbets.com\/br\/casinos\/","url":"https:\/\/www.esportsbets.com\/br\/casinos\/","name":"Casinos online confi\u00e1veis | Melhores casinos online em 2025","isPartOf":{"@id":"https:\/\/www.esportsbets.com\/br\/#website"},"datePublished":"2024-07-24T18:18:26+00:00","dateModified":"2025-01-10T11:51:02+00:00","description":"Os casinos online confi\u00e1veis permitem que os apostadores joguem em seguran\u00e7a. Confira a lista com os melhores cassinos online de 2025.","breadcrumb":{"@id":"https:\/\/www.esportsbets.com\/br\/casinos\/#breadcrumb"},"inLanguage":"pt-BR","potentialAction":[{"@type":"ReadAction","target":["https:\/\/www.esportsbets.com\/br\/casinos\/"]}]},{"@type":"BreadcrumbList","@id":"https:\/\/www.esportsbets.com\/br\/casinos\/#breadcrumb","itemListElement":[{"@type":"ListItem","position":1,"name":"Home","item":"https:\/\/www.esportsbets.com\/br\/"},{"@type":"ListItem","position":2,"name":"Casinos online confi\u00e1veis: Quais s\u00e3o os melhores casinos online de 2025?"}]},{"@type":"WebSite","@id":"https:\/\/www.esportsbets.com\/br\/#website","url":"https:\/\/www.esportsbets.com\/br\/","name":"EsportsBets BR","description":"","publisher":{"@id":"https:\/\/www.esportsbets.com\/br\/#organization"},"potentialAction":[{"@type":"SearchAction","target":{"@type":"EntryPoint","urlTemplate":"https:\/\/www.esportsbets.com\/br\/?s={search_term_string}"},"query-input":"required name=search_term_string"}],"inLanguage":"pt-BR"},{"@type":"Organization","@id":"https:\/\/www.esportsbets.com\/br\/#organization","name":"EsportsBets BR","url":"https:\/\/www.esportsbets.com\/br\/","logo":{"@type":"ImageObject","inLanguage":"pt-BR","@id":"https:\/\/www.esportsbets.com\/br\/#\/schema\/logo\/image\/","url":"https:\/\/www.esportsbets.com\/br\/wp-content\/uploads\/sites\/2\/2024\/01\/logo.svg","contentUrl":"https:\/\/www.esportsbets.com\/br\/wp-content\/uploads\/sites\/2\/2024\/01\/logo.svg","width":"469","height":"80","caption":"EsportsBets BR"},"image":{"@id":"https:\/\/www.esportsbets.com\/br\/#\/schema\/logo\/image\/"}}]}},"_links":{"self":[{"href":"https:\/\/www.esportsbets.com\/br\/wp-json\/wp\/v2\/pages\/3662","targetHints":{"allow":["GET"]}}],"collection":[{"href":"https:\/\/www.esportsbets.com\/br\/wp-json\/wp\/v2\/pages"}],"about":[{"href":"https:\/\/www.esportsbets.com\/br\/wp-json\/wp\/v2\/types\/page"}],"author":[{"embeddable":true,"href":"https:\/\/www.esportsbets.com\/br\/wp-json\/wp\/v2\/users\/113"}],"replies":[{"embeddable":true,"href":"https:\/\/www.esportsbets.com\/br\/wp-json\/wp\/v2\/comments?post=3662"}],"version-history":[{"count":1,"href":"https:\/\/www.esportsbets.com\/br\/wp-json\/wp\/v2\/pages\/3662\/revisions"}],"predecessor-version":[{"id":4347,"href":"https:\/\/www.esportsbets.com\/br\/wp-json\/wp\/v2\/pages\/3662\/revisions\/4347"}],"wp:featuredmedia":[{"embeddable":true,"href":"https:\/\/www.esportsbets.com\/br\/wp-json\/wp\/v2\/media\/3664"}],"wp:attachment":[{"href":"https:\/\/www.esportsbets.com\/br\/wp-json\/wp\/v2\/media?parent=3662"}],"curies":[{"name":"wp","href":"https:\/\/api.w.org\/{rel}","templated":true}]}}