{"id":436,"date":"2023-03-25T15:40:22","date_gmt":"2023-03-25T15:40:22","guid":{"rendered":"https:\/\/www.esportsbets.com\/br\/?page_id=436"},"modified":"2025-01-10T11:53:13","modified_gmt":"2025-01-10T11:53:13","slug":"sites","status":"publish","type":"page","link":"https:\/\/www.esportsbets.com\/br\/criptomoedas\/sites\/","title":{"rendered":"Casas de apostas que aceitam Criptomoedas: como apostar e lista das melhores op\u00e7\u00f5es no mercado"},"content":{"rendered":"<p>Hoje em dia, apostas com Criptomoedas \u00e9 mais f\u00e1cil do que nunca. Existe uma gama de sites de apostas para escolher e mais deles est\u00e3o passando a aceitar dep\u00f3sitos e saques em moedas criptogr\u00e1ficas sem taxas extras.<\/p>\n[cta id=4291 type=list]\n<p>Para os apostadores, isso significa mais op\u00e7\u00f5es e flexibilidade quando se trata de financiar suas contas. Em resposta ao aumento dessa demanda, os melhores sites de apostas em Bitcoin agora oferecem mais b\u00f4nus e benef\u00edcios para atrair mais jogadores.<\/p>\n<figure id=\"attachment_437\" aria-describedby=\"caption-attachment-437\" style=\"width: 800px\" class=\"wp-caption alignnone\"><img loading=\"lazy\" decoding=\"async\" class=\"size-full wp-image-437\" src=\"https:\/\/www.esportsbets.com\/br\/wp-content\/uploads\/sites\/2\/2023\/03\/sites-cripto.webp\" alt=\"sites-cripto\" width=\"800\" height=\"450\" srcset=\"https:\/\/www.esportsbets.com\/br\/wp-content\/uploads\/sites\/2\/2023\/03\/sites-cripto.webp 800w, https:\/\/www.esportsbets.com\/br\/wp-content\/uploads\/sites\/2\/2023\/03\/sites-cripto-300x169.webp 300w, https:\/\/www.esportsbets.com\/br\/wp-content\/uploads\/sites\/2\/2023\/03\/sites-cripto-768x432.webp 768w\" sizes=\"auto, (max-width: 800px) 100vw, 800px\" \/><figcaption id=\"caption-attachment-437\" class=\"wp-caption-text\">Fonte: Pexels<\/figcaption><\/figure>\n<p>Este guia completo apresenta casas de apostas online que aceitam Criptomoedas como forma de pagamento. E mais, voc\u00ea tamb\u00e9m encontrar\u00e1 uma an\u00e1lise detalhada dos principais sites de apostas com Criptomoedas, informa\u00e7\u00f5es sobre como escolher a melhor op\u00e7\u00e3o para suas necessidades e dicas para apostar com seguran\u00e7a.<\/p>\n<h2 id='casas-de-apostas-que-aceitam-criptomoedas'>Casas de apostas que aceitam Criptomoedas<\/h2>\n<p>Casas de apostas que aceitam Criptomoedas s\u00e3o plataformas que permitem os jogadores depositar e retirar fundos usando moedas como Bitcoin (BTC), Ethereum (ETH), Cardano (ADA) entre outras.<\/p>\n<p>Esses sites s\u00e3o uma alternativa \u00e0s casas de apostas tradicionais, que geralmente aceitam apenas m\u00e9todos de pagamento convencionais, como cart\u00f5es de cr\u00e9dito, boleto e transfer\u00eancias banc\u00e1rias. Ao <a href=\"https:\/\/www.esportsbets.com\/br\/criptomoedas\/\">apostar em Criptomoedas,<\/a> os jogadores podem desfrutar de maior privacidade, seguran\u00e7a e anonimato em suas transa\u00e7\u00f5es financeiras.<\/p>\n<h2 id='melhores-casas-de-apostas-que-aceitam-criptomoedas-no-brasil'>Melhores casas de apostas que aceitam criptomoedas no brasil<\/h2>\n<p>H\u00e1 v\u00e1rioos sites de apostas com Criptomoedas. Aqui est\u00e3o algumas das mais populares do mercado:<\/p>\n<h3 id='thunderpick'>Thunderpick<\/h3>\n<figure id=\"attachment_438\" aria-describedby=\"caption-attachment-438\" style=\"width: 800px\" class=\"wp-caption alignnone\"><img loading=\"lazy\" decoding=\"async\" class=\"size-full wp-image-438\" src=\"https:\/\/www.esportsbets.com\/br\/wp-content\/uploads\/sites\/2\/2023\/03\/thunderpick-cripto.webp\" alt=\"thunderpick-cripto\" width=\"800\" height=\"450\" srcset=\"https:\/\/www.esportsbets.com\/br\/wp-content\/uploads\/sites\/2\/2023\/03\/thunderpick-cripto.webp 800w, https:\/\/www.esportsbets.com\/br\/wp-content\/uploads\/sites\/2\/2023\/03\/thunderpick-cripto-300x169.webp 300w, https:\/\/www.esportsbets.com\/br\/wp-content\/uploads\/sites\/2\/2023\/03\/thunderpick-cripto-768x432.webp 768w\" sizes=\"auto, (max-width: 800px) 100vw, 800px\" \/><figcaption id=\"caption-attachment-438\" class=\"wp-caption-text\">Divulga\u00e7\u00e3o: Thunderpick<\/figcaption><\/figure>\n<p>O ThunderPick \u00e9 uma das melhores casas de apostas que aceitam criptomoedas no Brasil, com boa reputa\u00e7\u00e3o e poucas reclama\u00e7\u00f5es. A plataforma possui uma licen\u00e7a em Cura\u00e7ao, oferece suporte e atendimento ao cliente de qualidade, um programa VIP para apostadores e te permite apostar anonimamente.<\/p>\n<p>O site oferece excelente experi\u00eancia e conta com design moderno e f\u00e1cil de usar. Al\u00e9m disso, o processo de registro \u00e9 r\u00e1pido e simples, exigindo apenas o endere\u00e7o de e-mail, senha e nome de usu\u00e1rio.<\/p>\n[cta id=4290 type=cta]\n<h3 id='sportsbet-io'>Sportsbet.io<\/h3>\n<figure id=\"attachment_439\" aria-describedby=\"caption-attachment-439\" style=\"width: 800px\" class=\"wp-caption alignnone\"><img loading=\"lazy\" decoding=\"async\" class=\"size-full wp-image-439\" src=\"https:\/\/www.esportsbets.com\/br\/wp-content\/uploads\/sites\/2\/2023\/03\/sportsbetio-cripto.webp\" alt=\"sportsbetio-cripto\" width=\"800\" height=\"450\" srcset=\"https:\/\/www.esportsbets.com\/br\/wp-content\/uploads\/sites\/2\/2023\/03\/sportsbetio-cripto.webp 800w, https:\/\/www.esportsbets.com\/br\/wp-content\/uploads\/sites\/2\/2023\/03\/sportsbetio-cripto-300x169.webp 300w, https:\/\/www.esportsbets.com\/br\/wp-content\/uploads\/sites\/2\/2023\/03\/sportsbetio-cripto-768x432.webp 768w\" sizes=\"auto, (max-width: 800px) 100vw, 800px\" \/><figcaption id=\"caption-attachment-439\" class=\"wp-caption-text\">Divulga\u00e7\u00e3o: Sportsbet.io<\/figcaption><\/figure>\n<p>O Sportsbet.io \u00e9 uma das melhores casas de apostas que aceitam criptomoedas no Brasil. A plataforma disponibiliza apostas para os campeonatos de esports mais populares, assim como para os menos conhecidos.<\/p>\n<p>O site aceita diversas Criptomoedas como forma de pagamento, e as retiradas s\u00e3o r\u00e1pidas e livres de taxas. A casa tamb\u00e9m oferece diversos b\u00f4nus para novos usu\u00e1rios.<\/p>\n[cta id=4288 type=cta]\n<h3 id='cyber-bet'>Cyber.bet<\/h3>\n<figure id=\"attachment_440\" aria-describedby=\"caption-attachment-440\" style=\"width: 800px\" class=\"wp-caption alignnone\"><img loading=\"lazy\" decoding=\"async\" class=\"size-full wp-image-440\" src=\"https:\/\/www.esportsbets.com\/br\/wp-content\/uploads\/sites\/2\/2023\/03\/cyberbet-cripto.webp\" alt=\"cyberbet-cripto\" width=\"800\" height=\"450\" srcset=\"https:\/\/www.esportsbets.com\/br\/wp-content\/uploads\/sites\/2\/2023\/03\/cyberbet-cripto.webp 800w, https:\/\/www.esportsbets.com\/br\/wp-content\/uploads\/sites\/2\/2023\/03\/cyberbet-cripto-300x169.webp 300w, https:\/\/www.esportsbets.com\/br\/wp-content\/uploads\/sites\/2\/2023\/03\/cyberbet-cripto-768x432.webp 768w\" sizes=\"auto, (max-width: 800px) 100vw, 800px\" \/><figcaption id=\"caption-attachment-440\" class=\"wp-caption-text\">Divulga\u00e7\u00e3o: Cyber.bet<\/figcaption><\/figure>\n<p>A Cyber.bet \u00e9 uma das melhores casas de apostas que aceitam criptomoedas no Brasil e oferece uma maneira segura e f\u00e1cil de ganhar dinheiro com apostas em esportes eletr\u00f4nicos como LoL, Dota 2, Overwatch e CS:GO. Embora suas odds n\u00e3o sejam as melhores do mercado, a plataforma oferece diversos mercados de apostas e um recurso de transmiss\u00e3o para as apostas ao vivo.<\/p>\n[cta id=3632 type=cta]\n<h3 id='bc-game'>BC.Game<\/h3>\n<figure id=\"attachment_312\" aria-describedby=\"caption-attachment-312\" style=\"width: 800px\" class=\"wp-caption alignnone\"><img loading=\"lazy\" decoding=\"async\" class=\"size-full wp-image-312\" src=\"https:\/\/www.esportsbets.com\/br\/wp-content\/uploads\/sites\/2\/2023\/03\/bc-game-2023.webp\" alt=\"bc-game-2023\" width=\"800\" height=\"450\" srcset=\"https:\/\/www.esportsbets.com\/br\/wp-content\/uploads\/sites\/2\/2023\/03\/bc-game-2023.webp 800w, https:\/\/www.esportsbets.com\/br\/wp-content\/uploads\/sites\/2\/2023\/03\/bc-game-2023-300x169.webp 300w, https:\/\/www.esportsbets.com\/br\/wp-content\/uploads\/sites\/2\/2023\/03\/bc-game-2023-768x432.webp 768w\" sizes=\"auto, (max-width: 800px) 100vw, 800px\" \/><figcaption id=\"caption-attachment-312\" class=\"wp-caption-text\">Divulga\u00e7\u00e3o: BC.Game<\/figcaption><\/figure>\n<p>O BC.Game \u00e9 um site de apostas com cripto que cobre torneios de esports, ligas de futebol, corridas e todos os principais campeonatos do mundo. O site aceita mais de 30 Criptomoedas populares al\u00e9m de algumas stablecoins.<\/p>\n<p>Al\u00e9m disso, a plataforma oferece probabilidades competitivas, uma ferramenta de aposta r\u00e1pida e um b\u00f4nus de boas-vindas generoso. Os saques s\u00e3o r\u00e1pidos e podem ser feitos em qualquer uma das Criptomoedas aceitas.<\/p>\n[cta id=3837 type=cta]\n<h2 id='como-escolher-um-bom-site-de-apostas-com-criptomoedas'>Como escolher um bom site de apostas com Criptomoedas?<\/h2>\n<p>Como existem tantos site de apostas com cripto, voc\u00ea deve estar atento ao escolher um para se castrar. Cada jogador deve procurar um site que satisfa\u00e7a suas necessidades individuais de apostas.<\/p>\n<p>Ao procurar um bom para <a href=\"https:\/\/www.esportsbets.com\/br\/bitcoin\/\">apostar em Bitcoin<\/a>, voc\u00ea deve verificar alguns pontos importantes. Veja a como escolher um bom site de apostas em Criptomoedas:<\/p>\n<h3 id='legitimidade-e-seguran%c3%a7a'>Legitimidade e Seguran\u00e7a<\/h3>\n<p>Fazer apostas usando Criptomoedas n\u00e3o \u00e9 diferente de apostar com moedas tradicionais. Se as apostas esportivas s\u00e3o legais em sua regi\u00e3o, as apostas criptogr\u00e1ficas tamb\u00e9m ser\u00e3o totalmente l\u00edcitas.<\/p>\n<p>Quanto \u00e0 seguran\u00e7a, \u00e9 preciso ter cuidado com o site em que voc\u00ea escolhe se cadastrar. Um site de apostas leg\u00edtimo deve ter uma licen\u00e7a de uma autoridade reguladora de renome, como a Comiss\u00e3o de Jogos do Reino Unido e Malta Gaming Authority.<\/p>\n<p>O site tamb\u00e9m deve ter certificados SSL e demais medidas de seguran\u00e7a para a prote\u00e7\u00e3o de seus clientes.<\/p>\n<h3 id='odds'>Odds<\/h3>\n<p>As odds s\u00e3o parte fundamental do seu lucro com as apostas. Cada site de apostas com cripto oferece suas pr\u00f3prias odds, por isso, voc\u00ea deve pesquisar as casas que tenham melhores probabilidades e se cadastrar nelas.<\/p>\n<p>Depois de comparar as melhores odds para os seus esports favoritos, voc\u00ea pode entrar no site e inserir a sua aposta.<\/p>\n<h3 id='jogos-e-mercados-de-apostas'>Jogos e mercados de apostas<\/h3>\n<p>Voc\u00ea tamb\u00e9m deve verificar a cobertura esportiva, as melhores casas de apostas que aceitam Criptomoedas disponibilizam todas op\u00e7\u00f5es para dar seus palpites nos principais jogos do cen\u00e1rio assim como jogos menos populares.<\/p>\n<p>Outra coisa que voc\u00ea deve verificar \u00e9 se o site possui recursos de apostas e transmiss\u00f5es ao vivo. Al\u00e9m disso, \u00e9 importante observar a facilidade de uso do site. Um \u00f3timo site de apostas deve ser f\u00e1cil de usar, ter ampla cobertura esportiva, uma sess\u00e3o para apostas ao vivo e recursos streaming das partidas.<\/p>\n<h2 id='escolha-o-melhor-site-de-apostas-em-criptomoedas'>Escolha o melhor site de apostas em Criptomoedas<\/h2>\n<p>Em resumo, se voc\u00ea deseja come\u00e7ar a apostar em Criptomoedas, este \u00e9 o melhor momento, pois o mercado est\u00e1 se abrindo e crescendo exponencialmente. Encontrar as melhores casas de apostas que aceitam Criptomoedas n\u00e3o \u00e9 algo simples, mas depois de ler este guia, voc\u00ea deve encontrar uma que atenda a todas as suas necessidades.<\/p>\n<p>Existem in\u00fameras plataformas de apostas que aceitam Criptomoedas, mas nem todas merecem o seu tempo e confian\u00e7a. Depois de encontrar uma casa de apostas que atende aos seus gostos, voc\u00ea pode comprar a criptomoeda de sua escolha, depositar e come\u00e7ar a apostar.<\/p>\n[cta id=3837 type=cta]\n<hr \/>\n<h2 id='perguntas-frequentes'>Perguntas frequentes<\/h2>\n<section class=\"faq-container\" itemscope itemtype=\"http:\/\/schema.org\/FAQPage\">\n<div class=\"faq-wrapper\" itemscope itemprop=\"mainEntity\" itemtype=\"https:\/\/schema.org\/Question\">\n                      <h3 class=\"faq-question\" itemprop=\"name\" class=\"faq-title\">Quais sites de apostas com Criptomoedas aceitam Bitcoin? <\/h3>\n                        <div itemscope itemprop=\"acceptedAnswer\" itemtype=\"https:\/\/schema.org\/Answer\">\n                            <div class=\"faq-answer\" itemprop=\"text\">\nPor ser uma das Criptomoedas mais famosas do mundo, o Bitcoin tamb\u00e9m \u00e9 um dos principais meios de pagamento aceito pelas casas de apostas com Criptomoedas. Ent\u00e3o fique tranquilo, se um site oferece a op\u00e7\u00e3o de apostas com Criptomoedas, aceitar\u00e1 pagamento com Bitcoins. <\/div>\n                        <\/div>\n                   <\/div>\n<div class=\"faq-wrapper\" itemscope itemprop=\"mainEntity\" itemtype=\"https:\/\/schema.org\/Question\">\n                      <h3 class=\"faq-question\" itemprop=\"name\" class=\"faq-title\">Quais as Criptomoedas usadas para apostar em esports? <\/h3>\n                        <div itemscope itemprop=\"acceptedAnswer\" itemtype=\"https:\/\/schema.org\/Answer\">\n                            <div class=\"faq-answer\" itemprop=\"text\">\nAlgumas Criptomoedas populares para apostar em esports incluem Bitcoin, Ethereum, Litecoin e Cardano. Ao escolher uma casa de apostas com Criptomoedas, \u00e9 importante verificar quais Criptomoedas s\u00e3o aceitas para dep\u00f3sitos e saques. <\/div>\n                        <\/div>\n                   <\/div>\n<div class=\"faq-wrapper\" itemscope itemprop=\"mainEntity\" itemtype=\"https:\/\/schema.org\/Question\">\n                      <h3 class=\"faq-question\" itemprop=\"name\" class=\"faq-title\">Por que as apostas com Criptomoedas s\u00e3o populares? <\/h3>\n                        <div itemscope itemprop=\"acceptedAnswer\" itemtype=\"https:\/\/schema.org\/Answer\">\n                            <div class=\"faq-answer\" itemprop=\"text\">\nAs apostas com Criptomoedas s\u00e3o populares por oferecerem maior privacidade e seguran\u00e7a, transa\u00e7\u00f5es mais r\u00e1pidas e taxas mais baixas em compara\u00e7\u00e3o com as apostas com moedas tradicionais. <\/div>\n                        <\/div>\n                   <\/div>\n<div class=\"faq-wrapper\" itemscope itemprop=\"mainEntity\" itemtype=\"https:\/\/schema.org\/Question\">\n                      <h3 class=\"faq-question\" itemprop=\"name\" class=\"faq-title\">\u00c9 f\u00e1cil depositar com Criptomoedas? <\/h3>\n                        <div itemscope itemprop=\"acceptedAnswer\" itemtype=\"https:\/\/schema.org\/Answer\">\n                            <div class=\"faq-answer\" itemprop=\"text\">\nO processo de dep\u00f3sito com Criptomoedas pode variar de acordo com o conhecimento do usu\u00e1rio. Para quem j\u00e1 est\u00e1 familiarizado, pode ser simples e r\u00e1pido, envolvendo apenas a transfer\u00eancia da criptomoeda para a carteira da casa de apostas. <\/div>\n                        <\/div>\n                   <\/div>\n<\/section>\n","protected":false},"excerpt":{"rendered":"<p>Hoje em dia, apostas com Criptomoedas \u00e9 mais f\u00e1cil do que nunca. Existe uma gama de sites de apostas para escolher&hellip;<\/p>\n","protected":false},"author":98,"featured_media":437,"parent":426,"menu_order":0,"comment_status":"closed","ping_status":"closed","template":"","meta":{"_stopmodifiedupdate":false,"_modified_date":"","footnotes":""},"class_list":["post-436","page","type-page","status-publish","has-post-thumbnail","hentry"],"acf":[],"yoast_head":"<!-- This site is optimized with the Yoast SEO plugin v20.11 - https:\/\/yoast.com\/wordpress\/plugins\/seo\/ -->\n<title>Casas de apostas que aceitam Criptomoedas \u25b7 Guia 2025<\/title>\n<meta name=\"description\" content=\"Veja como escolher o melhor site de apostas com Criptomoedas! \u2192 Conhe\u00e7a as principais casas de apostas do mercado e mais. Confira!\" \/>\n<meta name=\"robots\" content=\"index, follow, max-snippet:-1, max-image-preview:large, max-video-preview:-1\" \/>\n<link rel=\"canonical\" href=\"https:\/\/www.esportsbets.com\/br\/criptomoedas\/sites\/\" \/>\n<meta property=\"og:locale\" content=\"pt_BR\" \/>\n<meta property=\"og:type\" content=\"article\" \/>\n<meta property=\"og:title\" content=\"Casas de apostas que aceitam Criptomoedas \u25b7 Guia 2025\" \/>\n<meta property=\"og:description\" content=\"Veja como escolher o melhor site de apostas com Criptomoedas! \u2192 Conhe\u00e7a as principais casas de apostas do mercado e mais. Confira!\" \/>\n<meta property=\"og:url\" content=\"https:\/\/www.esportsbets.com\/br\/criptomoedas\/sites\/\" \/>\n<meta property=\"og:site_name\" content=\"EsportsBets BR\" \/>\n<meta property=\"article:modified_time\" content=\"2025-01-10T11:53:13+00:00\" \/>\n<meta property=\"og:image\" content=\"https:\/\/www.esportsbets.com\/br\/wp-content\/uploads\/sites\/2\/2023\/03\/sites-cripto.webp\" \/>\n\t<meta property=\"og:image:width\" content=\"800\" \/>\n\t<meta property=\"og:image:height\" content=\"450\" \/>\n\t<meta property=\"og:image:type\" content=\"image\/webp\" \/>\n<meta name=\"twitter:card\" content=\"summary_large_image\" \/>\n<meta name=\"twitter:label1\" content=\"Est. tempo de leitura\" \/>\n\t<meta name=\"twitter:data1\" content=\"8 minutos\" \/>\n<script type=\"application\/ld+json\" class=\"yoast-schema-graph\">{\"@context\":\"https:\/\/schema.org\",\"@graph\":[{\"@type\":\"WebPage\",\"@id\":\"https:\/\/www.esportsbets.com\/br\/criptomoedas\/sites\/\",\"url\":\"https:\/\/www.esportsbets.com\/br\/criptomoedas\/sites\/\",\"name\":\"Casas de apostas que aceitam Criptomoedas \u25b7 Guia 2025\",\"isPartOf\":{\"@id\":\"https:\/\/www.esportsbets.com\/br\/#website\"},\"datePublished\":\"2023-03-25T15:40:22+00:00\",\"dateModified\":\"2025-01-10T11:53:13+00:00\",\"description\":\"Veja como escolher o melhor site de apostas com Criptomoedas! \u2192 Conhe\u00e7a as principais casas de apostas do mercado e mais. Confira!\",\"breadcrumb\":{\"@id\":\"https:\/\/www.esportsbets.com\/br\/criptomoedas\/sites\/#breadcrumb\"},\"inLanguage\":\"pt-BR\",\"potentialAction\":[{\"@type\":\"ReadAction\",\"target\":[\"https:\/\/www.esportsbets.com\/br\/criptomoedas\/sites\/\"]}]},{\"@type\":\"BreadcrumbList\",\"@id\":\"https:\/\/www.esportsbets.com\/br\/criptomoedas\/sites\/#breadcrumb\",\"itemListElement\":[{\"@type\":\"ListItem\",\"position\":1,\"name\":\"Home\",\"item\":\"https:\/\/www.esportsbets.com\/br\/\"},{\"@type\":\"ListItem\",\"position\":2,\"name\":\"Apostas com Criptomoedas: como funcionam e quais s\u00e3o as vantagens\",\"item\":\"https:\/\/www.esportsbets.com\/br\/criptomoedas\/\"},{\"@type\":\"ListItem\",\"position\":3,\"name\":\"Casas de apostas que aceitam Criptomoedas: como apostar e lista das melhores op\u00e7\u00f5es no mercado\"}]},{\"@type\":\"WebSite\",\"@id\":\"https:\/\/www.esportsbets.com\/br\/#website\",\"url\":\"https:\/\/www.esportsbets.com\/br\/\",\"name\":\"EsportsBets BR\",\"description\":\"\",\"publisher\":{\"@id\":\"https:\/\/www.esportsbets.com\/br\/#organization\"},\"potentialAction\":[{\"@type\":\"SearchAction\",\"target\":{\"@type\":\"EntryPoint\",\"urlTemplate\":\"https:\/\/www.esportsbets.com\/br\/?s={search_term_string}\"},\"query-input\":\"required name=search_term_string\"}],\"inLanguage\":\"pt-BR\"},{\"@type\":\"Organization\",\"@id\":\"https:\/\/www.esportsbets.com\/br\/#organization\",\"name\":\"EsportsBets BR\",\"url\":\"https:\/\/www.esportsbets.com\/br\/\",\"logo\":{\"@type\":\"ImageObject\",\"inLanguage\":\"pt-BR\",\"@id\":\"https:\/\/www.esportsbets.com\/br\/#\/schema\/logo\/image\/\",\"url\":\"https:\/\/www.esportsbets.com\/br\/wp-content\/uploads\/sites\/2\/2024\/01\/logo.svg\",\"contentUrl\":\"https:\/\/www.esportsbets.com\/br\/wp-content\/uploads\/sites\/2\/2024\/01\/logo.svg\",\"width\":\"469\",\"height\":\"80\",\"caption\":\"EsportsBets BR\"},\"image\":{\"@id\":\"https:\/\/www.esportsbets.com\/br\/#\/schema\/logo\/image\/\"}}]}<\/script>\n<!-- \/ Yoast SEO plugin. -->","yoast_head_json":{"title":"Casas de apostas que aceitam Criptomoedas \u25b7 Guia 2025","description":"Veja como escolher o melhor site de apostas com Criptomoedas! \u2192 Conhe\u00e7a as principais casas de apostas do mercado e mais. Confira!","robots":{"index":"index","follow":"follow","max-snippet":"max-snippet:-1","max-image-preview":"max-image-preview:large","max-video-preview":"max-video-preview:-1"},"canonical":"https:\/\/www.esportsbets.com\/br\/criptomoedas\/sites\/","og_locale":"pt_BR","og_type":"article","og_title":"Casas de apostas que aceitam Criptomoedas \u25b7 Guia 2025","og_description":"Veja como escolher o melhor site de apostas com Criptomoedas! \u2192 Conhe\u00e7a as principais casas de apostas do mercado e mais. Confira!","og_url":"https:\/\/www.esportsbets.com\/br\/criptomoedas\/sites\/","og_site_name":"EsportsBets BR","article_modified_time":"2025-01-10T11:53:13+00:00","og_image":[{"width":"800","height":"450","url":"https:\/\/www.esportsbets.com\/br\/wp-content\/uploads\/sites\/2\/2023\/03\/sites-cripto.webp","type":"image\/webp"}],"twitter_card":"summary_large_image","twitter_misc":{"Est. tempo de leitura":"8 minutos"},"schema":{"@context":"https:\/\/schema.org","@graph":[{"@type":"WebPage","@id":"https:\/\/www.esportsbets.com\/br\/criptomoedas\/sites\/","url":"https:\/\/www.esportsbets.com\/br\/criptomoedas\/sites\/","name":"Casas de apostas que aceitam Criptomoedas \u25b7 Guia 2025","isPartOf":{"@id":"https:\/\/www.esportsbets.com\/br\/#website"},"datePublished":"2023-03-25T15:40:22+00:00","dateModified":"2025-01-10T11:53:13+00:00","description":"Veja como escolher o melhor site de apostas com Criptomoedas! \u2192 Conhe\u00e7a as principais casas de apostas do mercado e mais. Confira!","breadcrumb":{"@id":"https:\/\/www.esportsbets.com\/br\/criptomoedas\/sites\/#breadcrumb"},"inLanguage":"pt-BR","potentialAction":[{"@type":"ReadAction","target":["https:\/\/www.esportsbets.com\/br\/criptomoedas\/sites\/"]}]},{"@type":"BreadcrumbList","@id":"https:\/\/www.esportsbets.com\/br\/criptomoedas\/sites\/#breadcrumb","itemListElement":[{"@type":"ListItem","position":1,"name":"Home","item":"https:\/\/www.esportsbets.com\/br\/"},{"@type":"ListItem","position":2,"name":"Apostas com Criptomoedas: como funcionam e quais s\u00e3o as vantagens","item":"https:\/\/www.esportsbets.com\/br\/criptomoedas\/"},{"@type":"ListItem","position":3,"name":"Casas de apostas que aceitam Criptomoedas: como apostar e lista das melhores op\u00e7\u00f5es no mercado"}]},{"@type":"WebSite","@id":"https:\/\/www.esportsbets.com\/br\/#website","url":"https:\/\/www.esportsbets.com\/br\/","name":"EsportsBets BR","description":"","publisher":{"@id":"https:\/\/www.esportsbets.com\/br\/#organization"},"potentialAction":[{"@type":"SearchAction","target":{"@type":"EntryPoint","urlTemplate":"https:\/\/www.esportsbets.com\/br\/?s={search_term_string}"},"query-input":"required name=search_term_string"}],"inLanguage":"pt-BR"},{"@type":"Organization","@id":"https:\/\/www.esportsbets.com\/br\/#organization","name":"EsportsBets BR","url":"https:\/\/www.esportsbets.com\/br\/","logo":{"@type":"ImageObject","inLanguage":"pt-BR","@id":"https:\/\/www.esportsbets.com\/br\/#\/schema\/logo\/image\/","url":"https:\/\/www.esportsbets.com\/br\/wp-content\/uploads\/sites\/2\/2024\/01\/logo.svg","contentUrl":"https:\/\/www.esportsbets.com\/br\/wp-content\/uploads\/sites\/2\/2024\/01\/logo.svg","width":"469","height":"80","caption":"EsportsBets BR"},"image":{"@id":"https:\/\/www.esportsbets.com\/br\/#\/schema\/logo\/image\/"}}]}},"_links":{"self":[{"href":"https:\/\/www.esportsbets.com\/br\/wp-json\/wp\/v2\/pages\/436","targetHints":{"allow":["GET"]}}],"collection":[{"href":"https:\/\/www.esportsbets.com\/br\/wp-json\/wp\/v2\/pages"}],"about":[{"href":"https:\/\/www.esportsbets.com\/br\/wp-json\/wp\/v2\/types\/page"}],"author":[{"embeddable":true,"href":"https:\/\/www.esportsbets.com\/br\/wp-json\/wp\/v2\/users\/98"}],"replies":[{"embeddable":true,"href":"https:\/\/www.esportsbets.com\/br\/wp-json\/wp\/v2\/comments?post=436"}],"version-history":[{"count":1,"href":"https:\/\/www.esportsbets.com\/br\/wp-json\/wp\/v2\/pages\/436\/revisions"}],"predecessor-version":[{"id":4349,"href":"https:\/\/www.esportsbets.com\/br\/wp-json\/wp\/v2\/pages\/436\/revisions\/4349"}],"up":[{"embeddable":true,"href":"https:\/\/www.esportsbets.com\/br\/wp-json\/wp\/v2\/pages\/426"}],"wp:featuredmedia":[{"embeddable":true,"href":"https:\/\/www.esportsbets.com\/br\/wp-json\/wp\/v2\/media\/437"}],"wp:attachment":[{"href":"https:\/\/www.esportsbets.com\/br\/wp-json\/wp\/v2\/media?parent=436"}],"curies":[{"name":"wp","href":"https:\/\/api.w.org\/{rel}","templated":true}]}}