{"id":615,"date":"2025-02-21T12:48:00","date_gmt":"2025-02-21T12:48:00","guid":{"rendered":"https:\/\/www.esportsbets.com\/br\/?page_id=615"},"modified":"2025-05-07T17:28:27","modified_gmt":"2025-05-07T17:28:27","slug":"melhores-jogadores","status":"publish","type":"page","link":"https:\/\/www.esportsbets.com\/br\/free-fire\/melhores-jogadores\/","title":{"rendered":"TOP 5 Melhores jogadores de Free Fire do Brasil em 2025! Lista atualizada"},"content":{"rendered":"<p>O cen\u00e1rio competitivo de Free Fire segue a todo vapor, com jogadores cada vez mais talentosos redefinindo o n\u00edvel de habilidade dentro do battle royale. Em 2024, vimos algumas atua\u00e7\u00f5es simplesmente monstruosas, que deixaram os f\u00e3s de queixo ca\u00eddo e consolidaram novas lendas no cen\u00e1rio.<\/p>\n<p>Mas afinal, quem foram os verdadeiros protagonistas do ano? Quem brilhou nos torneios mais importantes, carregou suas equipes e deixou uma marca no jogo? Chegou a hora de conferir os cinco melhores jogadores de Free Fire do mundo em 2025, levando em conta tudo o que fizeram na \u00faltima temporada. Se prepare, porque essa lista est\u00e1 insana.<\/p>\n<h2 id='1%c2%b0-tiago-bops-carvalho-fluxo'>1\u00b0 &#8211; Tiago &#8220;Bops&#8221; Carvalho &#8211; Fluxo<\/h2>\n<p>Se tem um nome que brilhou no cen\u00e1rio de Free Fire em 2024, esse nome \u00e9 Tiago &#8220;Bops&#8221; Carvalho. <strong>O brasileiro simplesmente fez hist\u00f3ria<\/strong>, sendo uma pe\u00e7a fundamental na conquista do t\u00edtulo mundial do Free Fire World Series &#8211; Global Finals 2024, disputado no Rio de Janeiro, consagrando-se o MVP das finais. Com a camisa do Fluxo, ele ajudou a equipe a levar para casa um pr\u00eamio de $300.000, mostrando um desempenho de alto n\u00edvel e consolidando sua posi\u00e7\u00e3o entre os gigantes do cen\u00e1rio. Em setembro, ele liderou o Fluxo no Free Fire World Series &#8211; Brazil 2024, adicionando mais $51.528 em premia\u00e7\u00f5es ao curr\u00edculo.<\/p>\n<figure id=\"attachment_4479\" aria-describedby=\"caption-attachment-4479\" style=\"width: 800px\" class=\"wp-caption aligncenter\"><img loading=\"lazy\" decoding=\"async\" class=\"size-full wp-image-4479\" src=\"https:\/\/www.esportsbets.com\/br\/wp-content\/uploads\/sites\/2\/2025\/02\/bop-free-fire.webp\" alt=\"Bops Free Fire\" width=\"800\" height=\"450\" srcset=\"https:\/\/www.esportsbets.com\/br\/wp-content\/uploads\/sites\/2\/2025\/02\/bop-free-fire.webp 800w, https:\/\/www.esportsbets.com\/br\/wp-content\/uploads\/sites\/2\/2025\/02\/bop-free-fire-300x169.webp 300w, https:\/\/www.esportsbets.com\/br\/wp-content\/uploads\/sites\/2\/2025\/02\/bop-free-fire-768x432.webp 768w\" sizes=\"auto, (max-width: 800px) 100vw, 800px\" \/><figcaption id=\"caption-attachment-4479\" class=\"wp-caption-text\">Divulga\u00e7\u00e3o\/Garena<\/figcaption><\/figure>\n<p>Mas o dom\u00ednio de Bops n\u00e3o ficou s\u00f3 nos palcos internacionais. Em dezembro, ele e o Fluxo venceram a ESL Snapdragon Pro Series Season 5: Latin America Challenge, reafirmando a soberania na Am\u00e9rica Latina. Com uma jornada marcada por jogadas decisivas, lideran\u00e7a implac\u00e1vel e um talento fora do comum, <strong>Bops j\u00e1 acumula aproximadamente $214.665 em premia\u00e7\u00f5es<\/strong>, consolidando-se como o melhor jogador de Free Fire do mundo em 2025.<\/p>\n<h2 id='2%c2%b0-wattipong-d_long-ngarmrod-buriram-united-esports'>2\u00b0 &#8211; Wattipong &#8220;D_Long&#8221; Ngarmrod &#8211; Buriram United Esports<\/h2>\n<p>Um jogador que provou que experi\u00eancia faz a diferen\u00e7a, esse jogador \u00e9 Wattipong &#8220;D_Long&#8221; Ngarmrod. O tailand\u00eas teve um 2024 movimentado, come\u00e7ando o ano como analista da Buriram United Esports, mas em agosto, decidiu voltar para a a\u00e7\u00e3o e reassumiu seu papel de jogador. E que retorno. Com ele em a\u00e7\u00e3o, a equipe conquistou o terceiro lugar no Free Fire World Series &#8211; Global Finals 2024, levando para casa $70.000, al\u00e9m da vit\u00f3ria no Free Fire World Series &#8211; Southeast Asia 2024 Fall, que rendeu mais $100.000.<\/p>\n<figure id=\"attachment_4481\" aria-describedby=\"caption-attachment-4481\" style=\"width: 800px\" class=\"wp-caption aligncenter\"><img loading=\"lazy\" decoding=\"async\" class=\"size-full wp-image-4481\" src=\"https:\/\/www.esportsbets.com\/br\/wp-content\/uploads\/sites\/2\/2025\/02\/d_long-free-fire.webp\" alt=\"D_Long Free Fire\" width=\"800\" height=\"450\" srcset=\"https:\/\/www.esportsbets.com\/br\/wp-content\/uploads\/sites\/2\/2025\/02\/d_long-free-fire.webp 800w, https:\/\/www.esportsbets.com\/br\/wp-content\/uploads\/sites\/2\/2025\/02\/d_long-free-fire-300x169.webp 300w, https:\/\/www.esportsbets.com\/br\/wp-content\/uploads\/sites\/2\/2025\/02\/d_long-free-fire-768x432.webp 768w\" sizes=\"auto, (max-width: 800px) 100vw, 800px\" \/><figcaption id=\"caption-attachment-4481\" class=\"wp-caption-text\">Divulga\u00e7\u00e3o\/Garena<\/figcaption><\/figure>\n<p>O que torna D_Long um jogador diferenciado \u00e9 sua capacidade de adapta\u00e7\u00e3o e lideran\u00e7a, transitando entre estrat\u00e9gia e execu\u00e7\u00e3o com maestria. <strong>Seu entendimento profundo do jogo e sua experi\u00eancia foram fatores determinantes para o sucesso de sua equipe<\/strong>. Com $279.698 em premia\u00e7\u00f5es acumuladas, ele segue como uma das figuras mais respeitadas do cen\u00e1rio e uma inspira\u00e7\u00e3o para quem busca versatilidade no eSport. Se algu\u00e9m achou que ele j\u00e1 tinha dado tudo que podia, 2025 est\u00e1 a\u00ed para provar que ele ainda tem muita bala para trocar.<\/p>\n<h2 id='3%c2%b0-giuliano-giuh-87-j%c3%banior-fluxo'>3\u00b0 &#8211; Giuliano &#8220;Giuh.87&#8221; J\u00fanior &#8211; Fluxo<\/h2>\n<p>Mais um brasileiro na lista dos melhores jogadores de Free Fire do mundo. Se tem algu\u00e9m que mostrou personalidade e talento de sobra em 2024, esse algu\u00e9m \u00e9 Giuliano &#8220;Giuh.87&#8221; J\u00fanior. Com apenas 18 anos, o brasileiro se consolidou como um dos grandes destaques do Free Fire competitivo, sendo pe\u00e7a-chave nas conquistas do Fluxo. <strong>Seu desempenho foi simplesmente decisivo para a equipe levantar o trof\u00e9u do Free Fire World Series &#8211; Global Finals 2024, garantindo $300.000 em premia\u00e7\u00e3o<\/strong>, al\u00e9m do t\u00edtulo no Free Fire World Series &#8211; Brazil 2024, que rendeu mais $51.528.<\/p>\n<figure id=\"attachment_4482\" aria-describedby=\"caption-attachment-4482\" style=\"width: 800px\" class=\"wp-caption aligncenter\"><img loading=\"lazy\" decoding=\"async\" class=\"size-full wp-image-4482\" src=\"https:\/\/www.esportsbets.com\/br\/wp-content\/uploads\/sites\/2\/2025\/02\/giuh-free-fire.webp\" alt=\"Giuh.87 Free Fire\" width=\"800\" height=\"450\" srcset=\"https:\/\/www.esportsbets.com\/br\/wp-content\/uploads\/sites\/2\/2025\/02\/giuh-free-fire.webp 800w, https:\/\/www.esportsbets.com\/br\/wp-content\/uploads\/sites\/2\/2025\/02\/giuh-free-fire-300x169.webp 300w, https:\/\/www.esportsbets.com\/br\/wp-content\/uploads\/sites\/2\/2025\/02\/giuh-free-fire-768x432.webp 768w\" sizes=\"auto, (max-width: 800px) 100vw, 800px\" \/><figcaption id=\"caption-attachment-4482\" class=\"wp-caption-text\">Divulga\u00e7\u00e3o\/Esports World Cup<\/figcaption><\/figure>\n<p>Mas a evolu\u00e7\u00e3o de Giuh.87 n\u00e3o parou por a\u00ed. Seu crescimento individual foi not\u00e1vel, com jogadas inteligentes, precis\u00e3o nos momentos certos e uma capacidade incr\u00edvel de adapta\u00e7\u00e3o sob press\u00e3o. N\u00e3o \u00e9 \u00e0 toa que ele j\u00e1 acumula $196.793 em premia\u00e7\u00f5es, uma marca impressionante para algu\u00e9m t\u00e3o jovem. Se 2024 foi o ano da sua ascens\u00e3o, 2025 promete ser ainda maior, ele j\u00e1 \u00e9 uma realidade e tem tudo para se tornar um dos maiores do mundo.<\/p>\n<h2 id='4%c2%b0-chirasak-joena-moonsarn-buriram-united-esports'>4\u00b0 &#8211; Chirasak &#8220;JOENA&#8221; Moonsarn &#8211; Buriram United Esports<\/h2>\n<p>Um dos jogadores que roubou a cena no cen\u00e1rio competitivo de Free Fire em 2024 foi Chirasak &#8220;Joena&#8221; Moonsarn. Com apenas 19 anos, o tailand\u00eas mostrou por que \u00e9 um dos melhores rushers do mundo, sendo pe\u00e7a fundamental no sucesso da Buriram United Esports em competi\u00e7\u00f5es internacionais. Em outubro, <strong>ele liderou a equipe rumo ao t\u00edtulo do Free Fire World Series &#8211; Southeast Asia 2024 Fall<\/strong>, conquistando $100.000 em premia\u00e7\u00f5es. E o bom momento continuou no m\u00eas seguinte, quando o time garantiu o terceiro lugar no Free Fire World Series &#8211; Global Finals 2024, adicionando mais $70.000 ao curr\u00edculo.<\/p>\n<figure id=\"attachment_4483\" aria-describedby=\"caption-attachment-4483\" style=\"width: 800px\" class=\"wp-caption aligncenter\"><img loading=\"lazy\" decoding=\"async\" class=\"size-full wp-image-4483\" src=\"https:\/\/www.esportsbets.com\/br\/wp-content\/uploads\/sites\/2\/2025\/02\/joena-free-fire.webp\" alt=\"Joena Free Fire\" width=\"800\" height=\"450\" srcset=\"https:\/\/www.esportsbets.com\/br\/wp-content\/uploads\/sites\/2\/2025\/02\/joena-free-fire.webp 800w, https:\/\/www.esportsbets.com\/br\/wp-content\/uploads\/sites\/2\/2025\/02\/joena-free-fire-300x169.webp 300w, https:\/\/www.esportsbets.com\/br\/wp-content\/uploads\/sites\/2\/2025\/02\/joena-free-fire-768x432.webp 768w\" sizes=\"auto, (max-width: 800px) 100vw, 800px\" \/><figcaption id=\"caption-attachment-4483\" class=\"wp-caption-text\">Divulga\u00e7\u00e3o\/Garena<\/figcaption><\/figure>\n<p>Mas Joena n\u00e3o brilhou s\u00f3 coletivamente, ele foi simplesmente uma m\u00e1quina dentro do servidor. No Free Fire World Series &#8211; Global Finals 2024, ele levou o t\u00edtulo de &#8220;Predator&#8221; do torneio, registrando impressionantes 110 elimina\u00e7\u00f5es e causando um total de 61.615 de dano. Sua precis\u00e3o absurda, agressividade calculada e consist\u00eancia em alto n\u00edvel o tornaram um dos jogadores mais temidos e respeitados do cen\u00e1rio competitivo. Com esse desempenho incr\u00edvel, 2025 promete ser mais um ano de dom\u00ednio para Joena, que segue provando que nasceu para ser protagonista.<\/p>\n<h2 id='5%c2%b0-pedro-but-borges-fluxo'>5\u00b0 &#8211; Pedro &#8220;But&#8221; Borges &#8211; Fluxo<\/h2>\n<p>Fechando nosso top 5 de melhores jogadores de Free Fire, o brasileiro que se firmou como pe\u00e7a-chave no Fluxo em 2024: Pedro &#8220;But&#8221; Borges. <strong>O brasileiro mostrou regularidade, frieza e um talento indiscut\u00edvel, sendo fundamental nas campanhas vitoriosas da equipe<\/strong>. Seu grande momento veio com a conquista do t\u00edtulo do Free Fire World Series &#8211; Brazil 2024, e mesmo diante de desafios em torneios internacionais, ajudou o time a garantir um respeit\u00e1vel nono lugar no Esports World Cup 2024, conquistando $30.000 em premia\u00e7\u00f5es.<\/p>\n<figure id=\"attachment_4480\" aria-describedby=\"caption-attachment-4480\" style=\"width: 800px\" class=\"wp-caption aligncenter\"><img loading=\"lazy\" decoding=\"async\" class=\"size-full wp-image-4480\" src=\"https:\/\/www.esportsbets.com\/br\/wp-content\/uploads\/sites\/2\/2025\/02\/but-free-fire.webp\" alt=\"Buts Free Fire\" width=\"800\" height=\"450\" srcset=\"https:\/\/www.esportsbets.com\/br\/wp-content\/uploads\/sites\/2\/2025\/02\/but-free-fire.webp 800w, https:\/\/www.esportsbets.com\/br\/wp-content\/uploads\/sites\/2\/2025\/02\/but-free-fire-300x169.webp 300w, https:\/\/www.esportsbets.com\/br\/wp-content\/uploads\/sites\/2\/2025\/02\/but-free-fire-768x432.webp 768w\" sizes=\"auto, (max-width: 800px) 100vw, 800px\" \/><figcaption id=\"caption-attachment-4480\" class=\"wp-caption-text\">Divulga\u00e7\u00e3o\/Garena<\/figcaption><\/figure>\n<p>O que faz But se destacar \u00e9 sua consist\u00eancia nos momentos decisivos. Ele cresce sob press\u00e3o, mantendo um n\u00edvel de jogo alt\u00edssimo quando mais importa. Com uma trajet\u00f3ria marcada por dedica\u00e7\u00e3o, foco e evolu\u00e7\u00e3o constante, ele j\u00e1 acumula $187.718 em premia\u00e7\u00f5es e segue construindo seu legado no Free Fire competitivo. Se 2024 j\u00e1 foi grande, 2025 promete ser ainda mais.<\/p>\n<h2 id='conclus%c3%a3o'>Conclus\u00e3o<\/h2>\n<p>O cen\u00e1rio competitivo de Free Fire segue se reinventando ano ap\u00f3s ano, e 2024 foi um verdadeiro espet\u00e1culo para os f\u00e3s do jogo. Com atua\u00e7\u00f5es memor\u00e1veis, esses jogadores elevaram o n\u00edvel das competi\u00e7\u00f5es e mostraram que talento, estrat\u00e9gia e dedica\u00e7\u00e3o fazem toda a diferen\u00e7a dentro da arena. <strong>O dom\u00ednio brasileiro e tailand\u00eas no topo do ranking dos melhores jogadores de Free Fire reflete a for\u00e7a dessas regi\u00f5es no jogo<\/strong>, consolidando jogadores como Bops, D_long e Joena entre os melhores do mundo.<\/p>\n<p>Al\u00e9m dos t\u00edtulos e premia\u00e7\u00f5es conquistadas, o impacto dessas estrelas vai al\u00e9m: eles inspiram a nova gera\u00e7\u00e3o e movimentam a cena competitiva, tornando o Free Fire ainda mais din\u00e2mico e emocionante. Com o crescimento dos torneios e a profissionaliza\u00e7\u00e3o cada vez maior dos jogadores, o mercado de <a href=\"https:\/\/www.esportsbets.com\/br\/\">apostas esports<\/a> tamb\u00e9m acompanha essa evolu\u00e7\u00e3o.<\/p>\n<p>Realizar <a href=\"https:\/\/www.esportsbets.com\/br\/free-fire\/\">apostas Free Fire<\/a> se tornou uma experi\u00eancia empolgante para os f\u00e3s que acompanham as ligas e querem se envolver ainda mais com os campeonatos. <strong>Com tantas surpresas e reviravoltas dentro das competi\u00e7\u00f5es, a expectativa para 2025 \u00e9 enorme<\/strong>, e se tem uma certeza, \u00e9 que esses craques continuar\u00e3o ditando o ritmo do jogo e protagonizando momentos \u00e9picos nos pr\u00f3ximos campeonatos!<\/p>\n","protected":false},"excerpt":{"rendered":"<p>O cen\u00e1rio competitivo de Free Fire segue a todo vapor, com jogadores cada vez mais talentosos redefinindo o n\u00edvel de habilidade&hellip;<\/p>\n","protected":false},"author":113,"featured_media":4479,"parent":172,"menu_order":0,"comment_status":"closed","ping_status":"closed","template":"","meta":{"_stopmodifiedupdate":false,"_modified_date":"","footnotes":""},"class_list":["post-615","page","type-page","status-publish","has-post-thumbnail","hentry"],"acf":[],"yoast_head":"<!-- This site is optimized with the Yoast SEO plugin v20.11 - https:\/\/yoast.com\/wordpress\/plugins\/seo\/ -->\n<title>TOP 5 \u25b7 Melhores jogadores de Free Fire do Mundo 2025<\/title>\n<meta name=\"description\" content=\"\u27a4 Saiba quem s\u00e3o os 5 melhores jogadores de Free Fire do cen\u00e1rio mundial. Clique aqui e conhe\u00e7a um pouco sobre cada um deles!\" \/>\n<meta name=\"robots\" content=\"index, follow, max-snippet:-1, max-image-preview:large, max-video-preview:-1\" \/>\n<link rel=\"canonical\" href=\"https:\/\/www.esportsbets.com\/br\/free-fire\/melhores-jogadores\/\" \/>\n<meta property=\"og:locale\" content=\"pt_BR\" \/>\n<meta property=\"og:type\" content=\"article\" \/>\n<meta property=\"og:title\" content=\"TOP 5 \u25b7 Melhores jogadores de Free Fire do Mundo 2025\" \/>\n<meta property=\"og:description\" content=\"\u27a4 Saiba quem s\u00e3o os 5 melhores jogadores de Free Fire do cen\u00e1rio mundial. Clique aqui e conhe\u00e7a um pouco sobre cada um deles!\" \/>\n<meta property=\"og:url\" content=\"https:\/\/www.esportsbets.com\/br\/free-fire\/melhores-jogadores\/\" \/>\n<meta property=\"og:site_name\" content=\"EsportsBets BR\" \/>\n<meta property=\"article:modified_time\" content=\"2025-05-07T17:28:27+00:00\" \/>\n<meta property=\"og:image\" content=\"https:\/\/www.esportsbets.com\/br\/wp-content\/uploads\/sites\/2\/2025\/02\/bop-free-fire.webp\" \/>\n\t<meta property=\"og:image:width\" content=\"800\" \/>\n\t<meta property=\"og:image:height\" content=\"450\" \/>\n\t<meta property=\"og:image:type\" content=\"image\/webp\" \/>\n<meta name=\"twitter:card\" content=\"summary_large_image\" \/>\n<meta name=\"twitter:label1\" content=\"Est. tempo de leitura\" \/>\n\t<meta name=\"twitter:data1\" content=\"8 minutos\" \/>\n<script type=\"application\/ld+json\" class=\"yoast-schema-graph\">{\"@context\":\"https:\/\/schema.org\",\"@graph\":[{\"@type\":\"WebPage\",\"@id\":\"https:\/\/www.esportsbets.com\/br\/free-fire\/melhores-jogadores\/\",\"url\":\"https:\/\/www.esportsbets.com\/br\/free-fire\/melhores-jogadores\/\",\"name\":\"TOP 5 \u25b7 Melhores jogadores de Free Fire do Mundo 2025\",\"isPartOf\":{\"@id\":\"https:\/\/www.esportsbets.com\/br\/#website\"},\"datePublished\":\"2025-02-21T12:48:00+00:00\",\"dateModified\":\"2025-05-07T17:28:27+00:00\",\"description\":\"\u27a4 Saiba quem s\u00e3o os 5 melhores jogadores de Free Fire do cen\u00e1rio mundial. Clique aqui e conhe\u00e7a um pouco sobre cada um deles!\",\"breadcrumb\":{\"@id\":\"https:\/\/www.esportsbets.com\/br\/free-fire\/melhores-jogadores\/#breadcrumb\"},\"inLanguage\":\"pt-BR\",\"potentialAction\":[{\"@type\":\"ReadAction\",\"target\":[\"https:\/\/www.esportsbets.com\/br\/free-fire\/melhores-jogadores\/\"]}]},{\"@type\":\"BreadcrumbList\",\"@id\":\"https:\/\/www.esportsbets.com\/br\/free-fire\/melhores-jogadores\/#breadcrumb\",\"itemListElement\":[{\"@type\":\"ListItem\",\"position\":1,\"name\":\"Home\",\"item\":\"https:\/\/www.esportsbets.com\/br\/\"},{\"@type\":\"ListItem\",\"position\":2,\"name\":\"Apostas Free Fire: veja guia completo de como apostar\",\"item\":\"https:\/\/www.esportsbets.com\/br\/free-fire\/\"},{\"@type\":\"ListItem\",\"position\":3,\"name\":\"TOP 5 Melhores jogadores de Free Fire do Brasil em 2025! Lista atualizada\"}]},{\"@type\":\"WebSite\",\"@id\":\"https:\/\/www.esportsbets.com\/br\/#website\",\"url\":\"https:\/\/www.esportsbets.com\/br\/\",\"name\":\"EsportsBets BR\",\"description\":\"\",\"publisher\":{\"@id\":\"https:\/\/www.esportsbets.com\/br\/#organization\"},\"potentialAction\":[{\"@type\":\"SearchAction\",\"target\":{\"@type\":\"EntryPoint\",\"urlTemplate\":\"https:\/\/www.esportsbets.com\/br\/?s={search_term_string}\"},\"query-input\":\"required name=search_term_string\"}],\"inLanguage\":\"pt-BR\"},{\"@type\":\"Organization\",\"@id\":\"https:\/\/www.esportsbets.com\/br\/#organization\",\"name\":\"EsportsBets BR\",\"url\":\"https:\/\/www.esportsbets.com\/br\/\",\"logo\":{\"@type\":\"ImageObject\",\"inLanguage\":\"pt-BR\",\"@id\":\"https:\/\/www.esportsbets.com\/br\/#\/schema\/logo\/image\/\",\"url\":\"https:\/\/www.esportsbets.com\/br\/wp-content\/uploads\/sites\/2\/2024\/01\/logo.svg\",\"contentUrl\":\"https:\/\/www.esportsbets.com\/br\/wp-content\/uploads\/sites\/2\/2024\/01\/logo.svg\",\"width\":\"469\",\"height\":\"80\",\"caption\":\"EsportsBets BR\"},\"image\":{\"@id\":\"https:\/\/www.esportsbets.com\/br\/#\/schema\/logo\/image\/\"}}]}<\/script>\n<!-- \/ Yoast SEO plugin. -->","yoast_head_json":{"title":"TOP 5 \u25b7 Melhores jogadores de Free Fire do Mundo 2025","description":"\u27a4 Saiba quem s\u00e3o os 5 melhores jogadores de Free Fire do cen\u00e1rio mundial. Clique aqui e conhe\u00e7a um pouco sobre cada um deles!","robots":{"index":"index","follow":"follow","max-snippet":"max-snippet:-1","max-image-preview":"max-image-preview:large","max-video-preview":"max-video-preview:-1"},"canonical":"https:\/\/www.esportsbets.com\/br\/free-fire\/melhores-jogadores\/","og_locale":"pt_BR","og_type":"article","og_title":"TOP 5 \u25b7 Melhores jogadores de Free Fire do Mundo 2025","og_description":"\u27a4 Saiba quem s\u00e3o os 5 melhores jogadores de Free Fire do cen\u00e1rio mundial. Clique aqui e conhe\u00e7a um pouco sobre cada um deles!","og_url":"https:\/\/www.esportsbets.com\/br\/free-fire\/melhores-jogadores\/","og_site_name":"EsportsBets BR","article_modified_time":"2025-05-07T17:28:27+00:00","og_image":[{"width":"800","height":"450","url":"https:\/\/www.esportsbets.com\/br\/wp-content\/uploads\/sites\/2\/2025\/02\/bop-free-fire.webp","type":"image\/webp"}],"twitter_card":"summary_large_image","twitter_misc":{"Est. tempo de leitura":"8 minutos"},"schema":{"@context":"https:\/\/schema.org","@graph":[{"@type":"WebPage","@id":"https:\/\/www.esportsbets.com\/br\/free-fire\/melhores-jogadores\/","url":"https:\/\/www.esportsbets.com\/br\/free-fire\/melhores-jogadores\/","name":"TOP 5 \u25b7 Melhores jogadores de Free Fire do Mundo 2025","isPartOf":{"@id":"https:\/\/www.esportsbets.com\/br\/#website"},"datePublished":"2025-02-21T12:48:00+00:00","dateModified":"2025-05-07T17:28:27+00:00","description":"\u27a4 Saiba quem s\u00e3o os 5 melhores jogadores de Free Fire do cen\u00e1rio mundial. Clique aqui e conhe\u00e7a um pouco sobre cada um deles!","breadcrumb":{"@id":"https:\/\/www.esportsbets.com\/br\/free-fire\/melhores-jogadores\/#breadcrumb"},"inLanguage":"pt-BR","potentialAction":[{"@type":"ReadAction","target":["https:\/\/www.esportsbets.com\/br\/free-fire\/melhores-jogadores\/"]}]},{"@type":"BreadcrumbList","@id":"https:\/\/www.esportsbets.com\/br\/free-fire\/melhores-jogadores\/#breadcrumb","itemListElement":[{"@type":"ListItem","position":1,"name":"Home","item":"https:\/\/www.esportsbets.com\/br\/"},{"@type":"ListItem","position":2,"name":"Apostas Free Fire: veja guia completo de como apostar","item":"https:\/\/www.esportsbets.com\/br\/free-fire\/"},{"@type":"ListItem","position":3,"name":"TOP 5 Melhores jogadores de Free Fire do Brasil em 2025! Lista atualizada"}]},{"@type":"WebSite","@id":"https:\/\/www.esportsbets.com\/br\/#website","url":"https:\/\/www.esportsbets.com\/br\/","name":"EsportsBets BR","description":"","publisher":{"@id":"https:\/\/www.esportsbets.com\/br\/#organization"},"potentialAction":[{"@type":"SearchAction","target":{"@type":"EntryPoint","urlTemplate":"https:\/\/www.esportsbets.com\/br\/?s={search_term_string}"},"query-input":"required name=search_term_string"}],"inLanguage":"pt-BR"},{"@type":"Organization","@id":"https:\/\/www.esportsbets.com\/br\/#organization","name":"EsportsBets BR","url":"https:\/\/www.esportsbets.com\/br\/","logo":{"@type":"ImageObject","inLanguage":"pt-BR","@id":"https:\/\/www.esportsbets.com\/br\/#\/schema\/logo\/image\/","url":"https:\/\/www.esportsbets.com\/br\/wp-content\/uploads\/sites\/2\/2024\/01\/logo.svg","contentUrl":"https:\/\/www.esportsbets.com\/br\/wp-content\/uploads\/sites\/2\/2024\/01\/logo.svg","width":"469","height":"80","caption":"EsportsBets BR"},"image":{"@id":"https:\/\/www.esportsbets.com\/br\/#\/schema\/logo\/image\/"}}]}},"_links":{"self":[{"href":"https:\/\/www.esportsbets.com\/br\/wp-json\/wp\/v2\/pages\/615","targetHints":{"allow":["GET"]}}],"collection":[{"href":"https:\/\/www.esportsbets.com\/br\/wp-json\/wp\/v2\/pages"}],"about":[{"href":"https:\/\/www.esportsbets.com\/br\/wp-json\/wp\/v2\/types\/page"}],"author":[{"embeddable":true,"href":"https:\/\/www.esportsbets.com\/br\/wp-json\/wp\/v2\/users\/113"}],"replies":[{"embeddable":true,"href":"https:\/\/www.esportsbets.com\/br\/wp-json\/wp\/v2\/comments?post=615"}],"version-history":[{"count":2,"href":"https:\/\/www.esportsbets.com\/br\/wp-json\/wp\/v2\/pages\/615\/revisions"}],"predecessor-version":[{"id":4484,"href":"https:\/\/www.esportsbets.com\/br\/wp-json\/wp\/v2\/pages\/615\/revisions\/4484"}],"up":[{"embeddable":true,"href":"https:\/\/www.esportsbets.com\/br\/wp-json\/wp\/v2\/pages\/172"}],"wp:featuredmedia":[{"embeddable":true,"href":"https:\/\/www.esportsbets.com\/br\/wp-json\/wp\/v2\/media\/4479"}],"wp:attachment":[{"href":"https:\/\/www.esportsbets.com\/br\/wp-json\/wp\/v2\/media?parent=615"}],"curies":[{"name":"wp","href":"https:\/\/api.w.org\/{rel}","templated":true}]}}