{"id":691,"date":"2023-03-28T14:16:13","date_gmt":"2023-03-28T14:16:13","guid":{"rendered":"https:\/\/www.esportsbets.com\/br\/?page_id=691"},"modified":"2025-01-10T12:15:33","modified_gmt":"2025-01-10T12:15:33","slug":"como-sacar-na-bet365","status":"publish","type":"page","link":"https:\/\/www.esportsbets.com\/br\/guias\/como-sacar-na-bet365\/","title":{"rendered":"Como sacar na Bet365? Passo a passo completo"},"content":{"rendered":"<p>Uma das melhores casas de apostas do Brasil e do mundo, com certeza a Bet365 \u00e9 uma das mais procuradas pelos apostadores. Ap\u00f3s algumas vit\u00f3rias em apostas, \u00e9 normal que os usu\u00e1rios queiram retirar os fundos obtidos no site para utiliz\u00e1-los na vida real.<\/p>\n[cta id=3623 type=cta]\n<p>Com isso, n\u00f3s separamos um guia completo de como sacar na Bet365, contendo informa\u00e7\u00f5es essenciais que os apostadores devem ter em mente para realizarem o processo sem nenhum problema. J\u00e1 apresentamos guias de como depositar e aproveitar os b\u00f4nus, agora, confira como realizar os saques na Bet365!<\/p>\n<h2 id='verifique-a-identidade-antes-de-sacar'>Verifique a identidade antes de sacar<\/h2>\n<p>Depois de criar a sua conta e aproveitar os b\u00f4nus da Bet365, voc\u00ea deve realizar um processo muito importante na manuten\u00e7\u00e3o da conta, que \u00e9 a verifica\u00e7\u00e3o de identidade. Esse processo \u00e9 obrigat\u00f3rio para que voc\u00ea consiga realizar um saque no site. Dito isso, existem algumas etapas de <a href=\"https:\/\/www.esportsbets.com\/br\/guias\/como-criar-conta-na-bet365\/\">como verificar conta Bet365<\/a> que voc\u00ea deve realizar.<\/p>\n<ol>\n<li><strong>Encontre a p\u00e1gina de verifica\u00e7\u00e3o:<\/strong> ap\u00f3s realizar o login no site, acesse \u201cMinha Conta\u201d e uma nova janela ir\u00e1 abrir. Ao lado esquerdo a op\u00e7\u00e3o \u201cVerifica\u00e7\u00e3o\u201d estar\u00e1 dispon\u00edvel.<\/li>\n<li><strong>Informe seus dados:<\/strong> preencha todos os dados solicitados. Tenha o documento de identidade ou a CNH em m\u00e3os para facilitar o processo.<\/li>\n<li><strong>Comprova\u00e7\u00e3o de endere\u00e7o:<\/strong> aqui voc\u00ea deve preencher seu endere\u00e7o e anexar uma conta de energia, \u00e1gua ou internet que comprove os dados.<\/li>\n<li><strong>Aguarde a verifica\u00e7\u00e3o ser finalizada:<\/strong> ap\u00f3s mandar os dados, aguarde alguns dias a verifica\u00e7\u00e3o ser finalizada.<\/li>\n<\/ol>\n<p>\u00c9 muito importante que voc\u00ea esteja ciente que a idade m\u00ednima para utilizar sites de apostas \u00e9 18 anos. Com isso, a verifica\u00e7\u00e3o de identidade serve para impedir que menores de idade possam utilizar os servi\u00e7os. Insira todos os seus dados pessoais com cuidado, nenhum n\u00famero ou letra podem divergir do documento inserido no site.<\/p>\n<p>A comprova\u00e7\u00e3o de endere\u00e7o \u00e9 um ponto muito importante. <strong>Voc\u00ea precisa comprovar que mora no endere\u00e7o fornecido no momento do cadastro<\/strong>, e para realizar esse procedimento voc\u00ea deve enviar uma foto do comprovante de resid\u00eancia no seu nome, podendo ser uma conta de telefone, luz ou internet.<\/p>\n<p>Existe uma outra maneira de fazer essa verifica\u00e7\u00e3o. Voc\u00ea deve solicitar que a Bet365 envie uma carta com um c\u00f3digo e deve-se inserir esse c\u00f3digo no site, por\u00e9m, essa verifica\u00e7\u00e3o \u00e9 mais demorada.<\/p>\n<p>O site j\u00e1 divulgou que normalmente <strong>o processo demora at\u00e9 48 horas para ser conclu\u00eddo<\/strong>. Para os usu\u00e1rios que resolveram fazer a verifica\u00e7\u00e3o por c\u00f3digo postal, pode demorar mais tempo. Essa demora \u00e9 pelo motivo da empresa enviar um correio postal ao seu endere\u00e7o, que pode demorar de 7 a 10 dias \u00fateis para chegar.<\/p>\n<p>A verifica\u00e7\u00e3o de conta \u00e9 muito importante para evitar muitos problemas que podem bloquear sua conta no site. Em caso de bloqueio, saiba <a href=\"https:\/\/www.esportsbets.com\/br\/guias\/como-recuperar-conta-na-bet365\/\">como desbloquear conta Bet365<\/a>.<\/p>\n[cta id=3623 type=cta]\n<h2 id='tem-como-sacar-da-bet365-por-pix'>Tem como sacar da Bet365 por Pix?<\/h2>\n<p>Depois de ter feito a verifica\u00e7\u00e3o de identidade, vamos para a parte que nos interessa neste guia, como sacar na Bet365. \u00c9 importante que voc\u00ea siga os passos abaixo para concluir o processo de saque sem problemas. Lembrando que ainda no momento o saque utilizando PIX n\u00e3o est\u00e1 dispon\u00edvel.<\/p>\n<ol>\n<li>Entre no site Bet365 e efetue seu login;<\/li>\n<li>Clique em <strong>\u201cBanco\u201d e depois selecione \u201cSaque\u201d<\/strong>;<\/li>\n<li>Selecione o m\u00e9todo de pagamento desejado para a transa\u00e7\u00e3o;<\/li>\n<li>Preencha todas as informa\u00e7\u00f5es solicitadas;<\/li>\n<li>Escolha o valor do saque;<\/li>\n<li>Clique em <strong>\u201cSaque\u201d e finalize a opera\u00e7\u00e3o.<\/strong><\/li>\n<\/ol>\n<p>Vimos em <a href=\"https:\/\/www.esportsbets.com\/br\/reviews\/bet365\/\">Bet365 Review<\/a> que normalmente o site oferece o mesmo m\u00e9todo que voc\u00ea utilizou para depositar no saque. Em casos onde voc\u00ea deposita via cart\u00e3o de cr\u00e9dito, voc\u00ea receber\u00e1 o dinheiro de saque utilizando este m\u00e9todo. Ainda neste guia, falaremos sobre os limites e op\u00e7\u00f5es de saques dispon\u00edveis no site.<\/p>\n<figure id=\"attachment_262\" aria-describedby=\"caption-attachment-262\" style=\"width: 882px\" class=\"wp-caption alignnone\"><img loading=\"lazy\" decoding=\"async\" class=\"size-full wp-image-262\" src=\"https:\/\/www.esportsbets.com\/br\/wp-content\/uploads\/sites\/2\/2023\/03\/bet365-app.webp\" alt=\"bet365-app\" width=\"882\" height=\"414\" srcset=\"https:\/\/www.esportsbets.com\/br\/wp-content\/uploads\/sites\/2\/2023\/03\/bet365-app.webp 882w, https:\/\/www.esportsbets.com\/br\/wp-content\/uploads\/sites\/2\/2023\/03\/bet365-app-300x141.webp 300w, https:\/\/www.esportsbets.com\/br\/wp-content\/uploads\/sites\/2\/2023\/03\/bet365-app-768x360.webp 768w\" sizes=\"auto, (max-width: 882px) 100vw, 882px\" \/><figcaption id=\"caption-attachment-262\" class=\"wp-caption-text\">Divulga\u00e7\u00e3o: bet365<\/figcaption><\/figure>\n<h2 id='quanto-tempo-demora-para-cair-o-dinheiro-da-bet365'>Quanto tempo demora para cair o dinheiro da bet365?<\/h2>\n<p>Existem alguns m\u00e9todos para que voc\u00ea saque seu dinheiro do Bet365. Como citamos acima, normalmente o site oferece o mesmo m\u00e9todo utilizado no momento do dep\u00f3sito, por\u00e9m, voc\u00ea pode alterar isso no momento de realizar o saque. Os servi\u00e7os v\u00e3o desde os cart\u00f5es de cr\u00e9dito at\u00e9 a transfer\u00eancia banc\u00e1ria, que hoje \u00e9 uma das mais utilizadas.<\/p>\n<ul>\n<li><strong>Cart\u00e3o de d\u00e9bito:<\/strong> m\u00ednimo R$ 20,00 e m\u00e1ximo de R$ 100.000,00<\/li>\n<li><strong>Cart\u00e3o de cr\u00e9dito:<\/strong> m\u00ednimo R$ 20,00 e m\u00e1ximo de R$ 100.000,00<\/li>\n<li>Transfer\u00eancia banc\u00e1ria: m\u00ednimo R$ 40,00 e m\u00e1ximo de R$ 80.000,00<\/li>\n<\/ul>\n<p>Ainda n\u00e3o \u00e9 poss\u00edvel realizar saques na Bet365 utilizando PIX, por\u00e9m, a transfer\u00eancia banc\u00e1ria \u00e9 o m\u00e9todo mais utilizado pelos brasileiros no momento. Outra quest\u00e3o que \u00e9 muito procurada pelos apostadores \u00e9 quanto tempo demora para cair o saque da Bet365.<\/p>\n<ul>\n<li><strong>Cart\u00e3o de d\u00e9bito:<\/strong> 1 a 5 dias \u00fateis.<\/li>\n<li><strong>Cart\u00e3o de cr\u00e9dito:<\/strong> 1 a 5 dias \u00fateis.<\/li>\n<li><strong>Transfer\u00eancia banc\u00e1ria nacional:<\/strong> 1 a 2 dias \u00fateis.<\/li>\n<li><strong>Transfer\u00eancia banc\u00e1ria internacional:<\/strong> 1 a 5 dias \u00fateis.<\/li>\n<\/ul>\n<p>O saque Bet365 est\u00e1 dispon\u00edvel tamb\u00e9m em outras moedas. Podemos citar o Real brasileiro (BRL), D\u00f3lar americano (USD), Euro (EUR), Libra esterlina (GBP), Peso argentino (ARS), Lev B\u00falgaro (BGN), Franco Su\u00ed\u00e7o (CHF), Coroa Tcheca (CZK), Coroa Dinamarquesa (DKK), Florim H\u00fangaro (HUF), Iene Japon\u00eas (JPY), Peso Mexicano (MXN), Coroa Norueguesa (NOK), D\u00f3lar Neozeland\u00eas (NZD), Zloty Polon\u00eas (PLN), leu Romeno (RON) e Coroa Sueca (SEK).<\/p>\n[cta id=3623 type=cta]\n<h2 id='conclus%c3%a3o'>Conclus\u00e3o<\/h2>\n<p>A conclus\u00e3o que podemos chegar com este guia completo de como sacar na Bet365 \u00e9 que as etapas para realizar os saques s\u00e3o simples e diretas. A maioria das <a href=\"https:\/\/www.esportsbets.com\/br\/guias\/\">academias de apostas<\/a> recomendam a utiliza\u00e7\u00e3o do site por muitos motivos, e um deles \u00e9 a praticidade para realizar os dep\u00f3sitos e saques.<\/p>\n<p>O saque Bet365 \u00e9 algo fundamental para os apostadores, visto que com o sucesso nas apostas pode ser retirado para utiliza\u00e7\u00e3o fora dos sites. O site oferece as melhores op\u00e7\u00f5es para saque, como os cart\u00f5es de cr\u00e9dito e d\u00e9bito que j\u00e1 conhecemos e tamb\u00e9m as transfer\u00eancias internacionais e nacional.<\/p>\n","protected":false},"excerpt":{"rendered":"<p>Uma das melhores casas de apostas do Brasil e do mundo, com certeza a Bet365 \u00e9 uma das mais procuradas pelos&hellip;<\/p>\n","protected":false},"author":98,"featured_media":111,"parent":275,"menu_order":0,"comment_status":"closed","ping_status":"closed","template":"","meta":{"_stopmodifiedupdate":false,"_modified_date":"","footnotes":""},"class_list":["post-691","page","type-page","status-publish","has-post-thumbnail","hentry"],"acf":[],"yoast_head":"<!-- This site is optimized with the Yoast SEO plugin v20.11 - https:\/\/yoast.com\/wordpress\/plugins\/seo\/ -->\n<title>Como sacar na Bet365? | Passo a passo atualizado 2025<\/title>\n<meta name=\"description\" content=\"Confira como sacar dinheiro do Bet365 \u27a4 Passo a passo de como sacar ganhar b\u00f4nus e muito mais! Veja os m\u00e9todos de pagamento e prazos\" \/>\n<meta name=\"robots\" content=\"index, follow, max-snippet:-1, max-image-preview:large, max-video-preview:-1\" \/>\n<link rel=\"canonical\" href=\"https:\/\/www.esportsbets.com\/br\/guias\/como-sacar-na-bet365\/\" \/>\n<meta property=\"og:locale\" content=\"pt_BR\" \/>\n<meta property=\"og:type\" content=\"article\" \/>\n<meta property=\"og:title\" content=\"Como sacar na Bet365? | Passo a passo atualizado 2025\" \/>\n<meta property=\"og:description\" content=\"Confira como sacar dinheiro do Bet365 \u27a4 Passo a passo de como sacar ganhar b\u00f4nus e muito mais! Veja os m\u00e9todos de pagamento e prazos\" \/>\n<meta property=\"og:url\" content=\"https:\/\/www.esportsbets.com\/br\/guias\/como-sacar-na-bet365\/\" \/>\n<meta property=\"og:site_name\" content=\"EsportsBets BR\" \/>\n<meta property=\"article:modified_time\" content=\"2025-01-10T12:15:33+00:00\" \/>\n<meta property=\"og:image\" content=\"https:\/\/www.esportsbets.com\/br\/wp-content\/uploads\/sites\/2\/2023\/03\/logo-bet365.webp\" \/>\n\t<meta property=\"og:image:width\" content=\"800\" \/>\n\t<meta property=\"og:image:height\" content=\"450\" \/>\n\t<meta property=\"og:image:type\" content=\"image\/webp\" \/>\n<meta name=\"twitter:card\" content=\"summary_large_image\" \/>\n<meta name=\"twitter:label1\" content=\"Est. tempo de leitura\" \/>\n\t<meta name=\"twitter:data1\" content=\"6 minutos\" \/>\n<script type=\"application\/ld+json\" class=\"yoast-schema-graph\">{\"@context\":\"https:\/\/schema.org\",\"@graph\":[{\"@type\":\"WebPage\",\"@id\":\"https:\/\/www.esportsbets.com\/br\/guias\/como-sacar-na-bet365\/\",\"url\":\"https:\/\/www.esportsbets.com\/br\/guias\/como-sacar-na-bet365\/\",\"name\":\"Como sacar na Bet365? | Passo a passo atualizado 2025\",\"isPartOf\":{\"@id\":\"https:\/\/www.esportsbets.com\/br\/#website\"},\"datePublished\":\"2023-03-28T14:16:13+00:00\",\"dateModified\":\"2025-01-10T12:15:33+00:00\",\"description\":\"Confira como sacar dinheiro do Bet365 \u27a4 Passo a passo de como sacar ganhar b\u00f4nus e muito mais! Veja os m\u00e9todos de pagamento e prazos\",\"breadcrumb\":{\"@id\":\"https:\/\/www.esportsbets.com\/br\/guias\/como-sacar-na-bet365\/#breadcrumb\"},\"inLanguage\":\"pt-BR\",\"potentialAction\":[{\"@type\":\"ReadAction\",\"target\":[\"https:\/\/www.esportsbets.com\/br\/guias\/como-sacar-na-bet365\/\"]}]},{\"@type\":\"BreadcrumbList\",\"@id\":\"https:\/\/www.esportsbets.com\/br\/guias\/como-sacar-na-bet365\/#breadcrumb\",\"itemListElement\":[{\"@type\":\"ListItem\",\"position\":1,\"name\":\"Home\",\"item\":\"https:\/\/www.esportsbets.com\/br\/\"},{\"@type\":\"ListItem\",\"position\":2,\"name\":\"Academias das Apostas: tudo sobre o guia de apostas em Esports\",\"item\":\"https:\/\/www.esportsbets.com\/br\/guias\/\"},{\"@type\":\"ListItem\",\"position\":3,\"name\":\"Como sacar na Bet365? Passo a passo completo\"}]},{\"@type\":\"WebSite\",\"@id\":\"https:\/\/www.esportsbets.com\/br\/#website\",\"url\":\"https:\/\/www.esportsbets.com\/br\/\",\"name\":\"EsportsBets BR\",\"description\":\"\",\"publisher\":{\"@id\":\"https:\/\/www.esportsbets.com\/br\/#organization\"},\"potentialAction\":[{\"@type\":\"SearchAction\",\"target\":{\"@type\":\"EntryPoint\",\"urlTemplate\":\"https:\/\/www.esportsbets.com\/br\/?s={search_term_string}\"},\"query-input\":\"required name=search_term_string\"}],\"inLanguage\":\"pt-BR\"},{\"@type\":\"Organization\",\"@id\":\"https:\/\/www.esportsbets.com\/br\/#organization\",\"name\":\"EsportsBets BR\",\"url\":\"https:\/\/www.esportsbets.com\/br\/\",\"logo\":{\"@type\":\"ImageObject\",\"inLanguage\":\"pt-BR\",\"@id\":\"https:\/\/www.esportsbets.com\/br\/#\/schema\/logo\/image\/\",\"url\":\"https:\/\/www.esportsbets.com\/br\/wp-content\/uploads\/sites\/2\/2024\/01\/logo.svg\",\"contentUrl\":\"https:\/\/www.esportsbets.com\/br\/wp-content\/uploads\/sites\/2\/2024\/01\/logo.svg\",\"width\":\"469\",\"height\":\"80\",\"caption\":\"EsportsBets BR\"},\"image\":{\"@id\":\"https:\/\/www.esportsbets.com\/br\/#\/schema\/logo\/image\/\"}}]}<\/script>\n<!-- \/ Yoast SEO plugin. -->","yoast_head_json":{"title":"Como sacar na Bet365? | Passo a passo atualizado 2025","description":"Confira como sacar dinheiro do Bet365 \u27a4 Passo a passo de como sacar ganhar b\u00f4nus e muito mais! Veja os m\u00e9todos de pagamento e prazos","robots":{"index":"index","follow":"follow","max-snippet":"max-snippet:-1","max-image-preview":"max-image-preview:large","max-video-preview":"max-video-preview:-1"},"canonical":"https:\/\/www.esportsbets.com\/br\/guias\/como-sacar-na-bet365\/","og_locale":"pt_BR","og_type":"article","og_title":"Como sacar na Bet365? | Passo a passo atualizado 2025","og_description":"Confira como sacar dinheiro do Bet365 \u27a4 Passo a passo de como sacar ganhar b\u00f4nus e muito mais! Veja os m\u00e9todos de pagamento e prazos","og_url":"https:\/\/www.esportsbets.com\/br\/guias\/como-sacar-na-bet365\/","og_site_name":"EsportsBets BR","article_modified_time":"2025-01-10T12:15:33+00:00","og_image":[{"width":"800","height":"450","url":"https:\/\/www.esportsbets.com\/br\/wp-content\/uploads\/sites\/2\/2023\/03\/logo-bet365.webp","type":"image\/webp"}],"twitter_card":"summary_large_image","twitter_misc":{"Est. tempo de leitura":"6 minutos"},"schema":{"@context":"https:\/\/schema.org","@graph":[{"@type":"WebPage","@id":"https:\/\/www.esportsbets.com\/br\/guias\/como-sacar-na-bet365\/","url":"https:\/\/www.esportsbets.com\/br\/guias\/como-sacar-na-bet365\/","name":"Como sacar na Bet365? | Passo a passo atualizado 2025","isPartOf":{"@id":"https:\/\/www.esportsbets.com\/br\/#website"},"datePublished":"2023-03-28T14:16:13+00:00","dateModified":"2025-01-10T12:15:33+00:00","description":"Confira como sacar dinheiro do Bet365 \u27a4 Passo a passo de como sacar ganhar b\u00f4nus e muito mais! Veja os m\u00e9todos de pagamento e prazos","breadcrumb":{"@id":"https:\/\/www.esportsbets.com\/br\/guias\/como-sacar-na-bet365\/#breadcrumb"},"inLanguage":"pt-BR","potentialAction":[{"@type":"ReadAction","target":["https:\/\/www.esportsbets.com\/br\/guias\/como-sacar-na-bet365\/"]}]},{"@type":"BreadcrumbList","@id":"https:\/\/www.esportsbets.com\/br\/guias\/como-sacar-na-bet365\/#breadcrumb","itemListElement":[{"@type":"ListItem","position":1,"name":"Home","item":"https:\/\/www.esportsbets.com\/br\/"},{"@type":"ListItem","position":2,"name":"Academias das Apostas: tudo sobre o guia de apostas em Esports","item":"https:\/\/www.esportsbets.com\/br\/guias\/"},{"@type":"ListItem","position":3,"name":"Como sacar na Bet365? Passo a passo completo"}]},{"@type":"WebSite","@id":"https:\/\/www.esportsbets.com\/br\/#website","url":"https:\/\/www.esportsbets.com\/br\/","name":"EsportsBets BR","description":"","publisher":{"@id":"https:\/\/www.esportsbets.com\/br\/#organization"},"potentialAction":[{"@type":"SearchAction","target":{"@type":"EntryPoint","urlTemplate":"https:\/\/www.esportsbets.com\/br\/?s={search_term_string}"},"query-input":"required name=search_term_string"}],"inLanguage":"pt-BR"},{"@type":"Organization","@id":"https:\/\/www.esportsbets.com\/br\/#organization","name":"EsportsBets BR","url":"https:\/\/www.esportsbets.com\/br\/","logo":{"@type":"ImageObject","inLanguage":"pt-BR","@id":"https:\/\/www.esportsbets.com\/br\/#\/schema\/logo\/image\/","url":"https:\/\/www.esportsbets.com\/br\/wp-content\/uploads\/sites\/2\/2024\/01\/logo.svg","contentUrl":"https:\/\/www.esportsbets.com\/br\/wp-content\/uploads\/sites\/2\/2024\/01\/logo.svg","width":"469","height":"80","caption":"EsportsBets BR"},"image":{"@id":"https:\/\/www.esportsbets.com\/br\/#\/schema\/logo\/image\/"}}]}},"_links":{"self":[{"href":"https:\/\/www.esportsbets.com\/br\/wp-json\/wp\/v2\/pages\/691","targetHints":{"allow":["GET"]}}],"collection":[{"href":"https:\/\/www.esportsbets.com\/br\/wp-json\/wp\/v2\/pages"}],"about":[{"href":"https:\/\/www.esportsbets.com\/br\/wp-json\/wp\/v2\/types\/page"}],"author":[{"embeddable":true,"href":"https:\/\/www.esportsbets.com\/br\/wp-json\/wp\/v2\/users\/98"}],"replies":[{"embeddable":true,"href":"https:\/\/www.esportsbets.com\/br\/wp-json\/wp\/v2\/comments?post=691"}],"version-history":[{"count":1,"href":"https:\/\/www.esportsbets.com\/br\/wp-json\/wp\/v2\/pages\/691\/revisions"}],"predecessor-version":[{"id":4358,"href":"https:\/\/www.esportsbets.com\/br\/wp-json\/wp\/v2\/pages\/691\/revisions\/4358"}],"up":[{"embeddable":true,"href":"https:\/\/www.esportsbets.com\/br\/wp-json\/wp\/v2\/pages\/275"}],"wp:featuredmedia":[{"embeddable":true,"href":"https:\/\/www.esportsbets.com\/br\/wp-json\/wp\/v2\/media\/111"}],"wp:attachment":[{"href":"https:\/\/www.esportsbets.com\/br\/wp-json\/wp\/v2\/media?parent=691"}],"curies":[{"name":"wp","href":"https:\/\/api.w.org\/{rel}","templated":true}]}}