{"id":1238,"date":"2023-11-14T16:52:28","date_gmt":"2023-11-14T16:52:28","guid":{"rendered":"https:\/\/www.esportsbets.com\/es\/?page_id=1238"},"modified":"2023-11-14T16:52:28","modified_gmt":"2023-11-14T16:52:28","slug":"costa-rica","status":"publish","type":"page","link":"https:\/\/www.esportsbets.com\/es\/costa-rica\/","title":{"rendered":"Apuestas en Costa Rica: Como apostar en los esports en Costa Rica"},"content":{"rendered":"<p>Para empezar con el pie derecho en el \u00e1mbito de las apuestas esports Costa Rica, es necesario reconocer unos pocos pasos a seguir. Descuida, todo lo que veras en este art\u00edculo te ayudar\u00e1 a comprender la parte b\u00e1sica.<\/p>\n<p>Luego, si quieres aumentar tus probabilidades, es necesario que tengas una pr\u00e1ctica continua. Este tipo de actividad requiere paciencia, pero puedes tener muchas ganancias en apostar en los esports en Costa Rica.<\/p>\n<p>Lo importante es que te diviertas en este tipo de aventura. En la actualidad se pueden encontrar muchos tipos de <a href=\"https:\/\/www.esportsbets.com\/es\/\">apuestas\u00a0esports<\/a> en los que se puede participar.<\/p>\n<p>[cta id=5551 type=cta]<\/p>\n<p><img loading=\"lazy\" decoding=\"async\" class=\"alignnone wp-image-1242 size-full\" src=\"https:\/\/www.esportsbets.com\/es\/wp-content\/uploads\/sites\/4\/2023\/11\/apuestas-esports-costa-rica.jpg\" alt=\"apuestas esports costa rica\" width=\"800\" height=\"450\" srcset=\"https:\/\/www.esportsbets.com\/es\/wp-content\/uploads\/sites\/4\/2023\/11\/apuestas-esports-costa-rica.jpg 800w, https:\/\/www.esportsbets.com\/es\/wp-content\/uploads\/sites\/4\/2023\/11\/apuestas-esports-costa-rica-300x169.jpg 300w, https:\/\/www.esportsbets.com\/es\/wp-content\/uploads\/sites\/4\/2023\/11\/apuestas-esports-costa-rica-768x432.jpg 768w\" sizes=\"auto, (max-width: 800px) 100vw, 800px\" \/><\/p>\n<h2 id='%c2%bfc%c3%b3mo-apostar-en-esports-en-costa-rica'><strong>\u00bfC\u00f3mo Apostar en Esports en Costa Rica?<\/strong><\/h2>\n<p>Para lograr contestar esta inc\u00f3gnita, es necesario reconocer distintos factores esenciales para las apuestas esports Costa Rica. Recuerda de tomar el tiempo necesario para comprender todas las partes.<\/p>\n<h3 id='videos-juegos-populares'><strong>Videos Juegos Populares<\/strong><\/h3>\n<p>La parte esencial de todo este proceso de saber c\u00f3mo apostar en esports en Costa Rica son los videojuegos. Si por alg\u00fan motivo no eres un \u201cgamer,\u201d no te preocupes, tu no estar\u00e1s pasando mucho tiempo en mundos virtuales.<\/p>\n<p>Sin embargo, es necesario reconocer lo que sucede cuando miras a alguien jugando antes de apostar. Por ejemplo, en Dota 2, es necesario saber cu\u00e1l es el objetivo principal y cuando un equipo est\u00e1 ganando o perdiendo.<\/p>\n<p>De igual manera, es recomendable que sepas cuando empieza una partida y cuando se otorga un ganador dentro de una serie.<\/p>\n<p>Por el momento, los videojuegos m\u00e1s destacados son League of Legends, Dota 2, Counter-Strike 2, Apex Legends, Call of Duty. Todas buenas opciones para apostar en las <a href=\"https:\/\/www.esportsbets.com\/es\/opiniones\/\">mejores casas de apuestas esports<\/a>.<\/p>\n<h2 id='apuestas-esports-costa-rica'><strong>Apuestas Esports Costa Rica<\/strong><\/h2>\n<p>Todos los videojuegos que han sido mencionados mantienen una gran comunidad de seguidores. Al mismo tiempo, la mayor\u00eda de eventos esports logran llenar estadios o sitios virtuales de fans.<\/p>\n<p>Cuando una de estas competiciones esta activa, muchos lugares abren oportunidades para apostar.<\/p>\n<h3 id='tipos-de-apuestas-esports'><strong>Tipos de Apuestas Esports<\/strong><\/h3>\n<p>Ahora te mostraremos las opciones m\u00e1s comunes cuando pienses apostar en los esports en Costa Rica:<\/p>\n<ul>\n<li><strong>Ganador Final:<\/strong> Para acertar en este tipo de apuesta, solo es necesario escoger la opci\u00f3n ganadora en un encuentro. Es necesario que leas la probabilidad de que un equipo gane y si es necesario, selecciona esa opci\u00f3n. El monto que ganar\u00edas puede que no sea tan alto, pero cuando est\u00e9s aprendiendo a apostar, esta es la forma m\u00e1s segura.<\/li>\n<li><strong>H\u00e1ndicap:<\/strong> Este tipo de apuestas esports Costa Rica es un poco compleja, pero logra hacer las cosas un poco m\u00e1s interesantes. En H\u00e1ndicap, los resultados de cualquier encuentro esports se altera para darle ventaja al equipo con menos recursos. Sobre todo, se incrementa los posibles resultados del \u201cmenor\u201d contrincante.<\/li>\n<li><strong>Primera Sangre:<\/strong> En videojuegos como Dota 2 o League of Legends, cuando el primer jugador ha sido derrotado, el juego lo registra como \u201cPrimera Sangre.\u201d En este tipo de apuestas solo tienes que elegir cu\u00e1l de los concursantes ser\u00e1 el primero en caer. Otros juegos tienen un concepto similar (por ejemplo, Primera Baja en Counter Strike) pero las reglas son las mismas.<\/li>\n<\/ul>\n<h2 id='casas-de-apuestas-costa-rica'><strong>Casas de Apuestas Costa Rica<\/strong><\/h2>\n<p>Estos son unos de los sitios m\u00e1s comunes para hacer apuestas esports Costa Rica:<\/p>\n<p>[cta id=5554 type=list]<\/p>\n<h2 id='recomendaciones-sobre-apuestas-esports-costa-rica'><strong>Recomendaciones sobre Apuestas Esports Costa Rica<\/strong><\/h2>\n<p>Para saber c\u00f3mo apostar en esports en Costa Rica de la mejor manera, es recomendable que se tengan en cuenta los siguientes consejos:<\/p>\n<ul>\n<li style=\"font-weight: 400;\"><strong>Licencia<\/strong>: Antes de hacer cualquier apuesta, es muy recomendable que verifiques si el sitio presenta las licencias requeridas para apostar de una forma segura.<\/li>\n<li style=\"font-weight: 400;\"><strong>Bonos de Bienvenida<\/strong>: Por el momento, la mayor\u00eda de sitios te regalan distintas formas de aumentar tus ganancias en tus primeras apuestas. Este bono permitir\u00e1 que tengas menos perdidas cuando est\u00e9s aprendiendo en arriesgarte en eventos esports.<\/li>\n<li style=\"font-weight: 400;\"><strong>M\u00e9todos de Pago<\/strong>: Cada una de las casas de apuestas cuenta con el soporte de distintas formas para agregar cr\u00e9ditos a tu cuenta y tambi\u00e9n como extraer ese monto a tu billetera. Te recomendamos que elijas ese sitio ideal que tenga la opci\u00f3n de usar el m\u00e9todo de pago que manejes con seguridad.<\/li>\n<li style=\"font-weight: 400;\"><strong>Soporte T\u00e9cnico<\/strong>: Verifica que la casa de apuestas tenga todas las herramientas para que te logren solucionar tus problemas de manera eficaz. A veces solo con probar con una inc\u00f3gnita trivial a los agentes de este servicio te puede dar una idea.<\/li>\n<li style=\"font-weight: 400;\"><strong>Eventos Esports<\/strong>: No todas las casas de apuestas tienen opciones para tu juego preferido o evento esports. Verifica que estas opciones est\u00e9n disponibles antes de apostar.<\/li>\n<\/ul>\n<h2 id='preguntas-frecuentes-sobre-apuestas-esports-costa-rica'><strong>Preguntas Frecuentes sobre Apuestas Esports Costa Rica<\/strong><\/h2>\n<p>Aqu\u00ed te presentamos las inc\u00f3gnitas populares sobre el tema:<\/p>\n<section class=\"faq-container\" itemscope itemtype=\"http:\/\/schema.org\/FAQPage\"><\/p>\n<p><div class=\"faq-wrapper\" itemscope itemprop=\"mainEntity\" itemtype=\"https:\/\/schema.org\/Question\">\n                      <h3 class=\"faq-question\" itemprop=\"name\" class=\"faq-title\">\u00bfCuantas veces puedo apostar en un evento esports? <\/h3>\n                        <div itemscope itemprop=\"acceptedAnswer\" itemtype=\"https:\/\/schema.org\/Answer\">\n                            <div class=\"faq-answer\" itemprop=\"text\"><\/p>\n<p>Todas las veces que requieras. Recuerda calcular siempre tus cr\u00e9ditos antes de apostar. Puedes leer m\u00e1s opiniones sobre las casas de apuestas y adquirir m\u00e1s conocimiento en el tema.<\/div>\n                        <\/div>\n                   <\/div><\/p>\n<p><div class=\"faq-wrapper\" itemscope itemprop=\"mainEntity\" itemtype=\"https:\/\/schema.org\/Question\">\n                      <h3 class=\"faq-question\" itemprop=\"name\" class=\"faq-title\">\u00bfQu\u00e9 tipo de apuesta es la menos complicada para aprender? <\/h3>\n                        <div itemscope itemprop=\"acceptedAnswer\" itemtype=\"https:\/\/schema.org\/Answer\">\n                            <div class=\"faq-answer\" itemprop=\"text\"><\/p>\n<p>Te recomendamos empezar con \u201cGanador Final\u201d y cuando ya tengas mucha experiencia, podr\u00edas cambiar a H\u00e1ndicap.<\/div>\n                        <\/div>\n                   <\/div><\/p>\n<p><\/section>\n<p>&nbsp;<\/p>\n","protected":false},"excerpt":{"rendered":"<p>Para empezar con el pie derecho en el \u00e1mbito de las apuestas esports Costa Rica, es necesario reconocer unos pocos pasos&hellip;<\/p>\n","protected":false},"author":121,"featured_media":1242,"parent":0,"menu_order":0,"comment_status":"closed","ping_status":"closed","template":"","meta":{"_stopmodifiedupdate":false,"_modified_date":"","footnotes":""},"class_list":["post-1238","page","type-page","status-publish","has-post-thumbnail","hentry"],"acf":[],"yoast_head":"<!-- This site is optimized with the Yoast SEO plugin v20.11 - https:\/\/yoast.com\/wordpress\/plugins\/seo\/ -->\n<title>Apuestas en Costa Rica +Gu\u00eda para apostar en Esports+<\/title>\n<meta name=\"description\" content=\"\u2713Descubre la forma m\u00e1s eficaz de hacer apuestas esports en Costa Rica. \u2713Aprende a ganar dinero con eventos profesionales esports.\" \/>\n<meta name=\"robots\" content=\"index, follow, max-snippet:-1, max-image-preview:large, max-video-preview:-1\" \/>\n<link rel=\"canonical\" href=\"https:\/\/www.esportsbets.com\/es\/costa-rica\/\" \/>\n<meta property=\"og:locale\" content=\"es_ES\" \/>\n<meta property=\"og:type\" content=\"article\" \/>\n<meta property=\"og:title\" content=\"Apuestas en Costa Rica +Gu\u00eda para apostar en Esports+\" \/>\n<meta property=\"og:description\" content=\"\u2713Descubre la forma m\u00e1s eficaz de hacer apuestas esports en Costa Rica. \u2713Aprende a ganar dinero con eventos profesionales esports.\" \/>\n<meta property=\"og:url\" content=\"https:\/\/www.esportsbets.com\/es\/costa-rica\/\" \/>\n<meta property=\"og:site_name\" content=\"EsportsBets ES\" \/>\n<meta property=\"og:image\" content=\"https:\/\/www.esportsbets.com\/es\/wp-content\/uploads\/sites\/4\/2023\/11\/apuestas-esports-costa-rica.jpg\" \/>\n\t<meta property=\"og:image:width\" content=\"800\" \/>\n\t<meta property=\"og:image:height\" content=\"450\" \/>\n\t<meta property=\"og:image:type\" content=\"image\/jpeg\" \/>\n<meta name=\"twitter:card\" content=\"summary_large_image\" \/>\n<meta name=\"twitter:label1\" content=\"Tiempo de lectura\" \/>\n\t<meta name=\"twitter:data1\" content=\"4 minutos\" \/>\n<script type=\"application\/ld+json\" class=\"yoast-schema-graph\">{\"@context\":\"https:\/\/schema.org\",\"@graph\":[{\"@type\":\"WebPage\",\"@id\":\"https:\/\/www.esportsbets.com\/es\/costa-rica\/\",\"url\":\"https:\/\/www.esportsbets.com\/es\/costa-rica\/\",\"name\":\"Apuestas en Costa Rica +Gu\u00eda para apostar en Esports+\",\"isPartOf\":{\"@id\":\"https:\/\/www.esportsbets.com\/es\/#website\"},\"datePublished\":\"2023-11-14T16:52:28+00:00\",\"dateModified\":\"2023-11-14T16:52:28+00:00\",\"description\":\"\u2713Descubre la forma m\u00e1s eficaz de hacer apuestas esports en Costa Rica. \u2713Aprende a ganar dinero con eventos profesionales esports.\",\"breadcrumb\":{\"@id\":\"https:\/\/www.esportsbets.com\/es\/costa-rica\/#breadcrumb\"},\"inLanguage\":\"es\",\"potentialAction\":[{\"@type\":\"ReadAction\",\"target\":[\"https:\/\/www.esportsbets.com\/es\/costa-rica\/\"]}]},{\"@type\":\"BreadcrumbList\",\"@id\":\"https:\/\/www.esportsbets.com\/es\/costa-rica\/#breadcrumb\",\"itemListElement\":[{\"@type\":\"ListItem\",\"position\":1,\"name\":\"Home\",\"item\":\"https:\/\/www.esportsbets.com\/es\/\"},{\"@type\":\"ListItem\",\"position\":2,\"name\":\"Apuestas en Costa Rica: Como apostar en los esports en Costa Rica\"}]},{\"@type\":\"WebSite\",\"@id\":\"https:\/\/www.esportsbets.com\/es\/#website\",\"url\":\"https:\/\/www.esportsbets.com\/es\/\",\"name\":\"EsportsBets ES\",\"description\":\"\",\"publisher\":{\"@id\":\"https:\/\/www.esportsbets.com\/es\/#organization\"},\"potentialAction\":[{\"@type\":\"SearchAction\",\"target\":{\"@type\":\"EntryPoint\",\"urlTemplate\":\"https:\/\/www.esportsbets.com\/es\/?s={search_term_string}\"},\"query-input\":\"required name=search_term_string\"}],\"inLanguage\":\"es\"},{\"@type\":\"Organization\",\"@id\":\"https:\/\/www.esportsbets.com\/es\/#organization\",\"name\":\"EsportsBets ES\",\"url\":\"https:\/\/www.esportsbets.com\/es\/\",\"logo\":{\"@type\":\"ImageObject\",\"inLanguage\":\"es\",\"@id\":\"https:\/\/www.esportsbets.com\/es\/#\/schema\/logo\/image\/\",\"url\":\"https:\/\/www.esportsbets.com\/es\/wp-content\/uploads\/sites\/4\/2024\/01\/logo.png\",\"contentUrl\":\"https:\/\/www.esportsbets.com\/es\/wp-content\/uploads\/sites\/4\/2024\/01\/logo.png\",\"width\":1956,\"height\":337,\"caption\":\"EsportsBets ES\"},\"image\":{\"@id\":\"https:\/\/www.esportsbets.com\/es\/#\/schema\/logo\/image\/\"}}]}<\/script>\n<!-- \/ Yoast SEO plugin. -->","yoast_head_json":{"title":"Apuestas en Costa Rica +Gu\u00eda para apostar en Esports+","description":"\u2713Descubre la forma m\u00e1s eficaz de hacer apuestas esports en Costa Rica. \u2713Aprende a ganar dinero con eventos profesionales esports.","robots":{"index":"index","follow":"follow","max-snippet":"max-snippet:-1","max-image-preview":"max-image-preview:large","max-video-preview":"max-video-preview:-1"},"canonical":"https:\/\/www.esportsbets.com\/es\/costa-rica\/","og_locale":"es_ES","og_type":"article","og_title":"Apuestas en Costa Rica +Gu\u00eda para apostar en Esports+","og_description":"\u2713Descubre la forma m\u00e1s eficaz de hacer apuestas esports en Costa Rica. \u2713Aprende a ganar dinero con eventos profesionales esports.","og_url":"https:\/\/www.esportsbets.com\/es\/costa-rica\/","og_site_name":"EsportsBets ES","og_image":[{"width":800,"height":450,"url":"https:\/\/www.esportsbets.com\/es\/wp-content\/uploads\/sites\/4\/2023\/11\/apuestas-esports-costa-rica.jpg","type":"image\/jpeg"}],"twitter_card":"summary_large_image","twitter_misc":{"Tiempo de lectura":"4 minutos"},"schema":{"@context":"https:\/\/schema.org","@graph":[{"@type":"WebPage","@id":"https:\/\/www.esportsbets.com\/es\/costa-rica\/","url":"https:\/\/www.esportsbets.com\/es\/costa-rica\/","name":"Apuestas en Costa Rica +Gu\u00eda para apostar en Esports+","isPartOf":{"@id":"https:\/\/www.esportsbets.com\/es\/#website"},"datePublished":"2023-11-14T16:52:28+00:00","dateModified":"2023-11-14T16:52:28+00:00","description":"\u2713Descubre la forma m\u00e1s eficaz de hacer apuestas esports en Costa Rica. \u2713Aprende a ganar dinero con eventos profesionales esports.","breadcrumb":{"@id":"https:\/\/www.esportsbets.com\/es\/costa-rica\/#breadcrumb"},"inLanguage":"es","potentialAction":[{"@type":"ReadAction","target":["https:\/\/www.esportsbets.com\/es\/costa-rica\/"]}]},{"@type":"BreadcrumbList","@id":"https:\/\/www.esportsbets.com\/es\/costa-rica\/#breadcrumb","itemListElement":[{"@type":"ListItem","position":1,"name":"Home","item":"https:\/\/www.esportsbets.com\/es\/"},{"@type":"ListItem","position":2,"name":"Apuestas en Costa Rica: Como apostar en los esports en Costa Rica"}]},{"@type":"WebSite","@id":"https:\/\/www.esportsbets.com\/es\/#website","url":"https:\/\/www.esportsbets.com\/es\/","name":"EsportsBets ES","description":"","publisher":{"@id":"https:\/\/www.esportsbets.com\/es\/#organization"},"potentialAction":[{"@type":"SearchAction","target":{"@type":"EntryPoint","urlTemplate":"https:\/\/www.esportsbets.com\/es\/?s={search_term_string}"},"query-input":"required name=search_term_string"}],"inLanguage":"es"},{"@type":"Organization","@id":"https:\/\/www.esportsbets.com\/es\/#organization","name":"EsportsBets ES","url":"https:\/\/www.esportsbets.com\/es\/","logo":{"@type":"ImageObject","inLanguage":"es","@id":"https:\/\/www.esportsbets.com\/es\/#\/schema\/logo\/image\/","url":"https:\/\/www.esportsbets.com\/es\/wp-content\/uploads\/sites\/4\/2024\/01\/logo.png","contentUrl":"https:\/\/www.esportsbets.com\/es\/wp-content\/uploads\/sites\/4\/2024\/01\/logo.png","width":1956,"height":337,"caption":"EsportsBets ES"},"image":{"@id":"https:\/\/www.esportsbets.com\/es\/#\/schema\/logo\/image\/"}}]}},"_links":{"self":[{"href":"https:\/\/www.esportsbets.com\/es\/wp-json\/wp\/v2\/pages\/1238","targetHints":{"allow":["GET"]}}],"collection":[{"href":"https:\/\/www.esportsbets.com\/es\/wp-json\/wp\/v2\/pages"}],"about":[{"href":"https:\/\/www.esportsbets.com\/es\/wp-json\/wp\/v2\/types\/page"}],"author":[{"embeddable":true,"href":"https:\/\/www.esportsbets.com\/es\/wp-json\/wp\/v2\/users\/121"}],"replies":[{"embeddable":true,"href":"https:\/\/www.esportsbets.com\/es\/wp-json\/wp\/v2\/comments?post=1238"}],"version-history":[{"count":0,"href":"https:\/\/www.esportsbets.com\/es\/wp-json\/wp\/v2\/pages\/1238\/revisions"}],"wp:featuredmedia":[{"embeddable":true,"href":"https:\/\/www.esportsbets.com\/es\/wp-json\/wp\/v2\/media\/1242"}],"wp:attachment":[{"href":"https:\/\/www.esportsbets.com\/es\/wp-json\/wp\/v2\/media?parent=1238"}],"curies":[{"name":"wp","href":"https:\/\/api.w.org\/{rel}","templated":true}]}}