{"id":1995,"date":"2023-12-20T18:42:09","date_gmt":"2023-12-20T18:42:09","guid":{"rendered":"https:\/\/www.esportsbets.com\/es\/?page_id=1995"},"modified":"2024-05-03T15:31:22","modified_gmt":"2024-05-03T15:31:22","slug":"como-desbloquear-bcd-en-bc-game","status":"publish","type":"page","link":"https:\/\/www.esportsbets.com\/es\/guias\/como-desbloquear-bcd-en-bc-game\/","title":{"rendered":"C\u00f3mo Desbloquear BCD en BC.Game: Gu\u00eda definitiva"},"content":{"rendered":"<p><span style=\"font-weight: 400;\">Bienvenido a la gu\u00eda definitiva sobre c\u00f3mo desbloquear BCD en BC.Game. Si te preguntas qu\u00e9 es BCD y por qu\u00e9 deber\u00edas desbloquearlo, est\u00e1s en el lugar correcto. BCD es una oportunidad interesante para potenciar tu experiencia de juego.\u00a0<\/span><\/p>\n<p>[cta id=5545 type=cta]<\/p>\n<p><span style=\"font-weight: 400;\">Desde bonos de registro hasta c\u00f3digos especiales, acumular BCD es f\u00e1cil, pero desbloquearlo requiere un enfoque estrat\u00e9gico.\u00a0<\/span><\/p>\n<p><span style=\"font-weight: 400;\">En esta gu\u00eda, no solo descubrir\u00e1s el proceso paso a paso, sino tambi\u00e9n valiosos consejos para maximizar tus ganancias. Prep\u00e1rate para adentrarte en el fascinante mundo de BC.Game y liberar todo el potencial de tu BCD. \u00a1Comencemos!<\/span><\/p>\n<h2 id='%c2%bfqu%c3%a9-es-bcd'><b>\u00bfQu\u00e9 es BCD?<\/b><\/h2>\n<p><img loading=\"lazy\" decoding=\"async\" class=\"alignnone wp-image-1997 size-full\" src=\"https:\/\/www.esportsbets.com\/es\/wp-content\/uploads\/sites\/4\/2023\/12\/Como-Desbloquear-BCD-en-BC-Game.jpg\" alt=\"C\u00f3mo Desbloquear BCD en BC Game\" width=\"800\" height=\"450\" srcset=\"https:\/\/www.esportsbets.com\/es\/wp-content\/uploads\/sites\/4\/2023\/12\/Como-Desbloquear-BCD-en-BC-Game.jpg 800w, https:\/\/www.esportsbets.com\/es\/wp-content\/uploads\/sites\/4\/2023\/12\/Como-Desbloquear-BCD-en-BC-Game-300x169.jpg 300w, https:\/\/www.esportsbets.com\/es\/wp-content\/uploads\/sites\/4\/2023\/12\/Como-Desbloquear-BCD-en-BC-Game-768x432.jpg 768w\" sizes=\"auto, (max-width: 800px) 100vw, 800px\" \/><\/p>\n<p><span style=\"font-weight: 400;\">BCD es la moneda del juego de BC.Game. Se obtiene como recompensa por participar en promociones, como el <\/span><b>bono de bienvenida<\/b><span style=\"font-weight: 400;\"> o los <\/span><b>c\u00f3digos de promoci\u00f3n especial<\/b><span style=\"font-weight: 400;\"> (shitcodes). No te preocupes, te lo explicamos en la siguiente secci\u00f3n de esta gu\u00eda \u00a1Sigue leyendo!<\/span><\/p>\n<p><span style=\"font-weight: 400;\">Al momento que tienes BCD, puedes desbloquearlo jugando a los juegos del sitio. Una vez desbloqueado, podr\u00e1s usarlo para apostar en cualquier juego, desde slots hasta los juegos originales de BC.Game.<\/span><\/p>\n<p><span style=\"font-weight: 400;\">Si alguna vez has ganado, debes saber que para poder <strong><a href=\"https:\/\/www.esportsbets.com\/es\/guias\/como-retirar-dinero-de-bcgame\/\">retirar un bono en BC.Game<\/a><\/strong>, debes cumplir con una condici\u00f3n llamada <\/span><b>rollover<\/b><span style=\"font-weight: 400;\">. El rollover es el n\u00famero de veces que debes apostar el valor de tu bono antes de poder retirarlo.<\/span><\/p>\n<h2 id='tipos-de-bonos-bcd'><b>Tipos de bonos BCD<\/b><\/h2>\n<p><span style=\"font-weight: 400;\">Hay varios tipos de bonos BCD que puedes obtener en BC.Game. Los bonos m\u00e1s comunes son:<\/span><\/p>\n<ul>\n<li style=\"font-weight: 400;\"><b>Bono de bienvenida:\u00a0<\/b><span style=\"font-weight: 400;\">Se trata de un bono que se otorga a los nuevos jugadores que se registran en BC.Game. El bono de bienvenida suele ser de un 100% del dep\u00f3sito inicial, hasta un m\u00e1ximo de 1000 BCD.<\/span><\/li>\n<li style=\"font-weight: 400;\"><b>Shitcodes:<\/b><span style=\"font-weight: 400;\">\u00a0Son c\u00f3digos promocionales que se pueden utilizar para obtener recompensas en BC.Game. Las recompensas pueden incluir BCD, criptomonedas, tiradas gratis o boletos de loter\u00eda.<\/span><\/li>\n<\/ul>\n<h2 id='%c2%bfpor-qu%c3%a9-tengo-que-desbloquear-el-bcd'><b>\u00bfPor qu\u00e9 tengo que desbloquear el BCD?<\/b><\/h2>\n<p><span style=\"font-weight: 400;\">BCD no tiene valor real en efectivo. Para evitar que los jugadores se aprovechen de las promociones, BC.Game exige que los jugadores desbloqueen el BCD antes de poder utilizarlo.<\/span><\/p>\n<p><span style=\"font-weight: 400;\">Sin embargo, el proceso de desbloqueo de BCD es bastante sencillo y ofrece algunas ventajas. Por ejemplo, no hay l\u00edmite de tiempo para desbloquear el BCD, y puedes retirar tu dep\u00f3sito original en cualquier momento, incluso si no has desbloqueado todo el BCD.<\/span><\/p>\n<h2 id='c%c3%b3mo-calcular-el-rollover'><b>C\u00f3mo calcular el rollover<\/b><\/h2>\n<p><span style=\"font-weight: 400;\">Para calcular el rollover, debes multiplicar el valor del bono por el n\u00famero de veces que debes apostarlo.<\/span><\/p>\n<p><span style=\"font-weight: 400;\">Por ejemplo, si recibes un bono BCD de 10 USD con un rollover de 50 veces, debes apostar 500 USD para desbloquearlo.<\/span><\/p>\n<h2 id='como-desbloquear-bcd-en-bc-game'><b>Como Desbloquear BCD en BC.Game<\/b><\/h2>\n<p><span style=\"font-weight: 400;\">Como mencionamos en la secci\u00f3n anterior, para desbloquear BCD, tienes que apostarlo un m\u00ednimo de 500 veces.\u00a0<\/span><\/p>\n<p><span style=\"font-weight: 400;\">Puede parecer mucho dinero, pero hay algunas cosas que puedes hacer para facilitar el proceso:<\/span><\/p>\n<ul>\n<li style=\"font-weight: 400;\"><b>Juega a los juegos con la menor ventaja de la casa:<\/b><span style=\"font-weight: 400;\">\u00a0Los juegos con la menor ventaja de la casa son los que te dan m\u00e1s posibilidades de ganar. Algunos ejemplos son el Crash, el HiLo y el Plinko.<\/span><\/li>\n<li style=\"font-weight: 400;\"><b>Conc\u00e9ntrate en unos pocos juegos:<\/b><span style=\"font-weight: 400;\">\u00a0Si te centras en unos pocos juegos, aprender\u00e1s sus reglas y estrategias m\u00e1s r\u00e1pidamente. Esto te dar\u00e1 m\u00e1s posibilidades de ganar.<\/span><\/li>\n<li style=\"font-weight: 400;\"><b>T\u00f3mate tu tiempo:<\/b><span style=\"font-weight: 400;\">\u00a0No hay prisa por desbloquear el BCD. Puedes jugar a tu ritmo y disfrutar del proceso.<\/span><\/li>\n<\/ul>\n<h2 id='consejos-adicionales'><b>Consejos adicionales<\/b><\/h2>\n<ol>\n<li style=\"font-weight: 400;\"><span style=\"font-weight: 400;\">Si pierdes, <\/span><b>no te desanimes:<\/b><span style=\"font-weight: 400;\">\u00a0El proceso de desbloqueo de BCD es un juego de n\u00fameros. Cuanto m\u00e1s juegues, m\u00e1s posibilidades tendr\u00e1s de ganar.<\/span><\/li>\n<li style=\"font-weight: 400;\"><b>No intentes apostar todo tu BCD a la vez:<\/b><span style=\"font-weight: 400;\">\u00a0Si lo haces, corres el riesgo de perderlo todo. Divide tu BCD en peque\u00f1as cantidades y apuesta por separado.<\/span><\/li>\n<li style=\"font-weight: 400;\"><b>Sigue tu progreso:<\/b><span style=\"font-weight: 400;\">\u00a0Lleva un registro de cu\u00e1nto BCD has desbloqueado y cu\u00e1nto te queda por desbloquear. Esto te ayudar\u00e1 a ver tu progreso y a ajustar tus estrategias si es necesario.<\/span><\/li>\n<\/ol>\n<p><span style=\"font-weight: 400;\">En resumen, desbloquear BCD en BC.Game es un proceso sencillo que ofrece varias ventajas. Si sigues los consejos de esta gu\u00eda, podr\u00e1s desbloquear tu BCD en poco tiempo y empezar a disfrutar de las ventajas que ofrece. Puedes considerar leer <\/span><a href=\"https:\/\/www.esportsbets.com\/es\/opiniones\/bcgame\/\"><b>nuestras opiniones sobre BC.Game<\/b><\/a><span style=\"font-weight: 400;\">, para que puedas tomar una decisi\u00f3n informada sobre si es el casino adecuado para ti.<\/span><\/p>\n<p><span style=\"font-weight: 400;\">\u00bfEst\u00e1s listo para empezar a desbloquear tu BCD? \u00a1Comienza a jugar hoy mismo y disfruta de las ventajas que ofrece esta moneda del juego!<\/span><\/p>\n<p>[cta id=5545 type=cta]<\/p>\n","protected":false},"excerpt":{"rendered":"<p>Bienvenido a la gu\u00eda definitiva sobre c\u00f3mo desbloquear BCD en BC.Game. Si te preguntas qu\u00e9 es BCD y por qu\u00e9 deber\u00edas&hellip;<\/p>\n","protected":false},"author":126,"featured_media":1997,"parent":17,"menu_order":0,"comment_status":"closed","ping_status":"closed","template":"","meta":{"_stopmodifiedupdate":false,"_modified_date":"","footnotes":""},"class_list":["post-1995","page","type-page","status-publish","has-post-thumbnail","hentry"],"acf":[],"yoast_head":"<!-- This site is optimized with the Yoast SEO plugin v20.11 - https:\/\/yoast.com\/wordpress\/plugins\/seo\/ -->\n<title>C\u00f3mo Desbloquear BCD en BC.Game \u2192 Gu\u00eda Para Usuarios<\/title>\n<meta name=\"description\" content=\"\u00bfQuieres saber c\u00f3mo desbloquear BCD en BC.Game? \u27a4 En este art\u00edculo te explicamos c\u00f3mo hacerlo paso a paso, incluyendo consejos para desbloquearlo r\u00e1pidamente. \u2b50\" \/>\n<meta name=\"robots\" content=\"index, follow, max-snippet:-1, max-image-preview:large, max-video-preview:-1\" \/>\n<link rel=\"canonical\" href=\"https:\/\/www.esportsbets.com\/es\/guias\/como-desbloquear-bcd-en-bc-game\/\" \/>\n<meta property=\"og:locale\" content=\"es_ES\" \/>\n<meta property=\"og:type\" content=\"article\" \/>\n<meta property=\"og:title\" content=\"C\u00f3mo Desbloquear BCD en BC.Game \u2192 Gu\u00eda Para Usuarios\" \/>\n<meta property=\"og:description\" content=\"\u00bfQuieres saber c\u00f3mo desbloquear BCD en BC.Game? \u27a4 En este art\u00edculo te explicamos c\u00f3mo hacerlo paso a paso, incluyendo consejos para desbloquearlo r\u00e1pidamente. \u2b50\" \/>\n<meta property=\"og:url\" content=\"https:\/\/www.esportsbets.com\/es\/guias\/como-desbloquear-bcd-en-bc-game\/\" \/>\n<meta property=\"og:site_name\" content=\"EsportsBets ES\" \/>\n<meta property=\"article:modified_time\" content=\"2024-05-03T15:31:22+00:00\" \/>\n<meta property=\"og:image\" content=\"https:\/\/www.esportsbets.com\/es\/wp-content\/uploads\/sites\/4\/2023\/12\/Como-Desbloquear-BCD-en-BC-Game.jpg\" \/>\n\t<meta property=\"og:image:width\" content=\"800\" \/>\n\t<meta property=\"og:image:height\" content=\"450\" \/>\n\t<meta property=\"og:image:type\" content=\"image\/jpeg\" \/>\n<meta name=\"twitter:card\" content=\"summary_large_image\" \/>\n<meta name=\"twitter:label1\" content=\"Tiempo de lectura\" \/>\n\t<meta name=\"twitter:data1\" content=\"4 minutos\" \/>\n<script type=\"application\/ld+json\" class=\"yoast-schema-graph\">{\"@context\":\"https:\/\/schema.org\",\"@graph\":[{\"@type\":\"WebPage\",\"@id\":\"https:\/\/www.esportsbets.com\/es\/guias\/como-desbloquear-bcd-en-bc-game\/\",\"url\":\"https:\/\/www.esportsbets.com\/es\/guias\/como-desbloquear-bcd-en-bc-game\/\",\"name\":\"C\u00f3mo Desbloquear BCD en BC.Game \u2192 Gu\u00eda Para Usuarios\",\"isPartOf\":{\"@id\":\"https:\/\/www.esportsbets.com\/es\/#website\"},\"datePublished\":\"2023-12-20T18:42:09+00:00\",\"dateModified\":\"2024-05-03T15:31:22+00:00\",\"description\":\"\u00bfQuieres saber c\u00f3mo desbloquear BCD en BC.Game? \u27a4 En este art\u00edculo te explicamos c\u00f3mo hacerlo paso a paso, incluyendo consejos para desbloquearlo r\u00e1pidamente. \u2b50\",\"breadcrumb\":{\"@id\":\"https:\/\/www.esportsbets.com\/es\/guias\/como-desbloquear-bcd-en-bc-game\/#breadcrumb\"},\"inLanguage\":\"es\",\"potentialAction\":[{\"@type\":\"ReadAction\",\"target\":[\"https:\/\/www.esportsbets.com\/es\/guias\/como-desbloquear-bcd-en-bc-game\/\"]}]},{\"@type\":\"BreadcrumbList\",\"@id\":\"https:\/\/www.esportsbets.com\/es\/guias\/como-desbloquear-bcd-en-bc-game\/#breadcrumb\",\"itemListElement\":[{\"@type\":\"ListItem\",\"position\":1,\"name\":\"Home\",\"item\":\"https:\/\/www.esportsbets.com\/es\/\"},{\"@type\":\"ListItem\",\"position\":2,\"name\":\"Gu\u00edas de Apuestas: Todo lo que necesitas para aprender a apostar en esports\",\"item\":\"https:\/\/www.esportsbets.com\/es\/guias\/\"},{\"@type\":\"ListItem\",\"position\":3,\"name\":\"C\u00f3mo Desbloquear BCD en BC.Game: Gu\u00eda definitiva\"}]},{\"@type\":\"WebSite\",\"@id\":\"https:\/\/www.esportsbets.com\/es\/#website\",\"url\":\"https:\/\/www.esportsbets.com\/es\/\",\"name\":\"EsportsBets ES\",\"description\":\"\",\"publisher\":{\"@id\":\"https:\/\/www.esportsbets.com\/es\/#organization\"},\"potentialAction\":[{\"@type\":\"SearchAction\",\"target\":{\"@type\":\"EntryPoint\",\"urlTemplate\":\"https:\/\/www.esportsbets.com\/es\/?s={search_term_string}\"},\"query-input\":\"required name=search_term_string\"}],\"inLanguage\":\"es\"},{\"@type\":\"Organization\",\"@id\":\"https:\/\/www.esportsbets.com\/es\/#organization\",\"name\":\"EsportsBets ES\",\"url\":\"https:\/\/www.esportsbets.com\/es\/\",\"logo\":{\"@type\":\"ImageObject\",\"inLanguage\":\"es\",\"@id\":\"https:\/\/www.esportsbets.com\/es\/#\/schema\/logo\/image\/\",\"url\":\"https:\/\/www.esportsbets.com\/es\/wp-content\/uploads\/sites\/4\/2024\/01\/logo.png\",\"contentUrl\":\"https:\/\/www.esportsbets.com\/es\/wp-content\/uploads\/sites\/4\/2024\/01\/logo.png\",\"width\":1956,\"height\":337,\"caption\":\"EsportsBets ES\"},\"image\":{\"@id\":\"https:\/\/www.esportsbets.com\/es\/#\/schema\/logo\/image\/\"}}]}<\/script>\n<!-- \/ Yoast SEO plugin. -->","yoast_head_json":{"title":"C\u00f3mo Desbloquear BCD en BC.Game \u2192 Gu\u00eda Para Usuarios","description":"\u00bfQuieres saber c\u00f3mo desbloquear BCD en BC.Game? \u27a4 En este art\u00edculo te explicamos c\u00f3mo hacerlo paso a paso, incluyendo consejos para desbloquearlo r\u00e1pidamente. \u2b50","robots":{"index":"index","follow":"follow","max-snippet":"max-snippet:-1","max-image-preview":"max-image-preview:large","max-video-preview":"max-video-preview:-1"},"canonical":"https:\/\/www.esportsbets.com\/es\/guias\/como-desbloquear-bcd-en-bc-game\/","og_locale":"es_ES","og_type":"article","og_title":"C\u00f3mo Desbloquear BCD en BC.Game \u2192 Gu\u00eda Para Usuarios","og_description":"\u00bfQuieres saber c\u00f3mo desbloquear BCD en BC.Game? \u27a4 En este art\u00edculo te explicamos c\u00f3mo hacerlo paso a paso, incluyendo consejos para desbloquearlo r\u00e1pidamente. \u2b50","og_url":"https:\/\/www.esportsbets.com\/es\/guias\/como-desbloquear-bcd-en-bc-game\/","og_site_name":"EsportsBets ES","article_modified_time":"2024-05-03T15:31:22+00:00","og_image":[{"width":800,"height":450,"url":"https:\/\/www.esportsbets.com\/es\/wp-content\/uploads\/sites\/4\/2023\/12\/Como-Desbloquear-BCD-en-BC-Game.jpg","type":"image\/jpeg"}],"twitter_card":"summary_large_image","twitter_misc":{"Tiempo de lectura":"4 minutos"},"schema":{"@context":"https:\/\/schema.org","@graph":[{"@type":"WebPage","@id":"https:\/\/www.esportsbets.com\/es\/guias\/como-desbloquear-bcd-en-bc-game\/","url":"https:\/\/www.esportsbets.com\/es\/guias\/como-desbloquear-bcd-en-bc-game\/","name":"C\u00f3mo Desbloquear BCD en BC.Game \u2192 Gu\u00eda Para Usuarios","isPartOf":{"@id":"https:\/\/www.esportsbets.com\/es\/#website"},"datePublished":"2023-12-20T18:42:09+00:00","dateModified":"2024-05-03T15:31:22+00:00","description":"\u00bfQuieres saber c\u00f3mo desbloquear BCD en BC.Game? \u27a4 En este art\u00edculo te explicamos c\u00f3mo hacerlo paso a paso, incluyendo consejos para desbloquearlo r\u00e1pidamente. \u2b50","breadcrumb":{"@id":"https:\/\/www.esportsbets.com\/es\/guias\/como-desbloquear-bcd-en-bc-game\/#breadcrumb"},"inLanguage":"es","potentialAction":[{"@type":"ReadAction","target":["https:\/\/www.esportsbets.com\/es\/guias\/como-desbloquear-bcd-en-bc-game\/"]}]},{"@type":"BreadcrumbList","@id":"https:\/\/www.esportsbets.com\/es\/guias\/como-desbloquear-bcd-en-bc-game\/#breadcrumb","itemListElement":[{"@type":"ListItem","position":1,"name":"Home","item":"https:\/\/www.esportsbets.com\/es\/"},{"@type":"ListItem","position":2,"name":"Gu\u00edas de Apuestas: Todo lo que necesitas para aprender a apostar en esports","item":"https:\/\/www.esportsbets.com\/es\/guias\/"},{"@type":"ListItem","position":3,"name":"C\u00f3mo Desbloquear BCD en BC.Game: Gu\u00eda definitiva"}]},{"@type":"WebSite","@id":"https:\/\/www.esportsbets.com\/es\/#website","url":"https:\/\/www.esportsbets.com\/es\/","name":"EsportsBets ES","description":"","publisher":{"@id":"https:\/\/www.esportsbets.com\/es\/#organization"},"potentialAction":[{"@type":"SearchAction","target":{"@type":"EntryPoint","urlTemplate":"https:\/\/www.esportsbets.com\/es\/?s={search_term_string}"},"query-input":"required name=search_term_string"}],"inLanguage":"es"},{"@type":"Organization","@id":"https:\/\/www.esportsbets.com\/es\/#organization","name":"EsportsBets ES","url":"https:\/\/www.esportsbets.com\/es\/","logo":{"@type":"ImageObject","inLanguage":"es","@id":"https:\/\/www.esportsbets.com\/es\/#\/schema\/logo\/image\/","url":"https:\/\/www.esportsbets.com\/es\/wp-content\/uploads\/sites\/4\/2024\/01\/logo.png","contentUrl":"https:\/\/www.esportsbets.com\/es\/wp-content\/uploads\/sites\/4\/2024\/01\/logo.png","width":1956,"height":337,"caption":"EsportsBets ES"},"image":{"@id":"https:\/\/www.esportsbets.com\/es\/#\/schema\/logo\/image\/"}}]}},"_links":{"self":[{"href":"https:\/\/www.esportsbets.com\/es\/wp-json\/wp\/v2\/pages\/1995","targetHints":{"allow":["GET"]}}],"collection":[{"href":"https:\/\/www.esportsbets.com\/es\/wp-json\/wp\/v2\/pages"}],"about":[{"href":"https:\/\/www.esportsbets.com\/es\/wp-json\/wp\/v2\/types\/page"}],"author":[{"embeddable":true,"href":"https:\/\/www.esportsbets.com\/es\/wp-json\/wp\/v2\/users\/126"}],"replies":[{"embeddable":true,"href":"https:\/\/www.esportsbets.com\/es\/wp-json\/wp\/v2\/comments?post=1995"}],"version-history":[{"count":0,"href":"https:\/\/www.esportsbets.com\/es\/wp-json\/wp\/v2\/pages\/1995\/revisions"}],"up":[{"embeddable":true,"href":"https:\/\/www.esportsbets.com\/es\/wp-json\/wp\/v2\/pages\/17"}],"wp:featuredmedia":[{"embeddable":true,"href":"https:\/\/www.esportsbets.com\/es\/wp-json\/wp\/v2\/media\/1997"}],"wp:attachment":[{"href":"https:\/\/www.esportsbets.com\/es\/wp-json\/wp\/v2\/media?parent=1995"}],"curies":[{"name":"wp","href":"https:\/\/api.w.org\/{rel}","templated":true}]}}