{"id":2385,"date":"2024-02-23T02:38:59","date_gmt":"2024-02-23T02:38:59","guid":{"rendered":"https:\/\/www.esportsbets.com\/es\/?page_id=2385"},"modified":"2024-07-04T13:09:17","modified_gmt":"2024-07-04T13:09:17","slug":"tracker","status":"publish","type":"page","link":"https:\/\/www.esportsbets.com\/es\/valorant\/tracker\/","title":{"rendered":"\u00bfQu\u00e9 son los Trackers de Valorant?"},"content":{"rendered":"<p><span style=\"font-weight: 400\">Desde que Valorant se lanz\u00f3 en junio de 2020, su popularidad no hizo m\u00e1s que crecer a lo largo del tiempo, estableci\u00e9ndose hoy en d\u00eda como uno de los shooter m\u00e1s populares de la escena del gaming.<\/span><\/p>\n<p><span style=\"font-weight: 400\">Su estilo de juego, al ser muy t\u00e9cnico, hace que los jugadores siempre intenten mejorar su desempe\u00f1o dentro de cada partida.Una excelente manera de seguir tu progreso es utilizando lo que se conoce como \u201cTracker\u201d, especialmente relevante para quienes disfrutan de las <a href=\"https:\/\/www.esportsbets.com\/es\/\">apuestas esports<\/a>.<\/span><\/p>\n<p><img loading=\"lazy\" decoding=\"async\" class=\"alignnone size-full wp-image-2388\" src=\"https:\/\/www.esportsbets.com\/es\/wp-content\/uploads\/sites\/4\/2024\/02\/Que-son-los-Trackers-de-Valorant.jpg\" alt=\"Que son los Trackers de Valorant\" width=\"800\" height=\"450\" srcset=\"https:\/\/www.esportsbets.com\/es\/wp-content\/uploads\/sites\/4\/2024\/02\/Que-son-los-Trackers-de-Valorant.jpg 800w, https:\/\/www.esportsbets.com\/es\/wp-content\/uploads\/sites\/4\/2024\/02\/Que-son-los-Trackers-de-Valorant-300x169.jpg 300w, https:\/\/www.esportsbets.com\/es\/wp-content\/uploads\/sites\/4\/2024\/02\/Que-son-los-Trackers-de-Valorant-768x432.jpg 768w\" sizes=\"auto, (max-width: 800px) 100vw, 800px\" \/><\/p>\n<h2 id='%c2%bfqu%c3%a9-son-los-trackers-de-valorant'><b>\u00bfQu\u00e9 son los Trackers de Valorant?<\/b><\/h2>\n<p><span style=\"font-weight: 400\">Los Trackers de Valorant son herramientas que ofrecen a sus usuarios, una amplia gama de estad\u00edsticas del juego, como por ejemplo la cantidad de partidas ganadas por mapa, la cantidad de kills con cada arma o con cada agente, entre muchas otras estad\u00edsticas de acuerdo al Tracker utilizado.<\/span><\/p>\n<p><span style=\"font-weight: 400\">Las estad\u00edsticas que nos podemos encontrar van a variar de acuerdo al Tracker que decidamos utilizar, ya que hay diferentes opciones a nuestra disposici\u00f3n para elegir. Una vez que tengamos claro cu\u00e1l es el Tracker que m\u00e1s c\u00f3modo y mejor informaci\u00f3n nos brinda, solo es cuesti\u00f3n de registrarse.<\/span><\/p>\n<h2 id='ventajas-de-usar-un-valorant-tracker'><b>Ventajas de usar un Valorant Tracker<\/b><\/h2>\n<p><span style=\"font-weight: 400\">Usar un Valorant Tracker nos permite ver nuestro desempe\u00f1o en n\u00fameros exactos, hace m\u00e1s f\u00e1cil entender qu\u00e9 cosas hacemos bien y qu\u00e9 cosas hacemos mal. Por ejemplo, ver la precisi\u00f3n, o la cantidad de kills que promediamos con un arma espec\u00edfica, puede ayudarnos a decidir por qu\u00e9 arma inclinarnos cuando tenemos dos opciones que a simple vista son similares.<\/span><\/p>\n<p><span style=\"font-weight: 400\">Lo mismo ocurre con los Agentes utilizados en las partidas, tener la estad\u00edstica de cual es el Agente con el que ganaste m\u00e1s partidas, o el Agente con el que m\u00e1s bajas realizaste, puede ayudarte a inclinarte por uno u otro.<\/span><\/p>\n<p><span style=\"font-weight: 400\">Tambi\u00e9n es completamente normal utilizar un Tracker por simple diversi\u00f3n, ver cual es tu promedio de bajas o cantidad de bajas con cada arma, puede resultar entretenido simplemente para ver c\u00f3mo nos desempe\u00f1amos dentro del juego; alcanzar las 1000 bajas con un arma que nos gusta es una meta que puede brindar gran satisfacci\u00f3n.<\/span><\/p>\n<p><span style=\"font-weight: 400\">Otra oportunidad que se nos presenta con estas herramientas, es la de realizar<\/span><a href=\"https:\/\/www.esportsbets.com\/es\/valorant\/\"> <span style=\"font-weight: 400\">apuestas en Valorant<\/span><\/a><span style=\"font-weight: 400\">, ya que analizar los perfiles de jugadores profesionales de Valorant hace que podamos tomar decisiones con fundamentos a la hora de realizar una apuesta.<\/span><\/p>\n<p><span style=\"font-weight: 400\">Si vemos que un jugador viene con un desempe\u00f1o muy alto, podemos hacer una apuesta a que su equipo gane o, por el contrario, si un buen equipo de repente esta en una mala racha donde su desempe\u00f1o no es bueno, podemos quiz\u00e1s analizar si seguir\u00e1n de mala racha o no. Todas estas cuestiones del desempe\u00f1o de jugadores o de equipos como tal, afectan las <\/span><a href=\"https:\/\/www.esportsbets.com\/es\/valorant\/cuotas\/\"><span style=\"font-weight: 400\">cuotas de Valorant<\/span><\/a><span style=\"font-weight: 400\">, ya que estas var\u00edan de acuerdo a diferentes criterios, y el desempe\u00f1o de los \u00faltimos partidos es uno de los mas importantes.<\/span><\/p>\n<h2 id='%c2%bfqu%c3%a9-valorant-tracker-deber%c3%ada-utilizar'><b>\u00bfQu\u00e9 Valorant Tracker deber\u00eda utilizar?<\/b><\/h2>\n<p><span style=\"font-weight: 400\">Nos vamos a encontrar con diferentes Trackers para elegir, y est\u00e1 en nuestras manos decidir cu\u00e1l nos gusta m\u00e1s, ya sea porque se vea bonito y sea f\u00e1cil de navegar, o puramente por las estad\u00edsticas que nos ofrecen. Por eso, esta es una decisi\u00f3n que queda en tus manos de acuerdo a tus necesidades personales.<\/span><\/p>\n<p><span style=\"font-weight: 400\">Hay Trackers que brindan estad\u00edsticas bastante b\u00e1sicas, mientras que otros pueden ofrecer una amplia gama de estad\u00edsticas en detalle, y hasta pueden mostrar tu desempe\u00f1o y mejora en cierto periodo de tiempo, as\u00ed como brindarte consejos de acuerdo a tus estad\u00edsticas individuales.<\/span><\/p>\n<p><span style=\"font-weight: 400\">Vamos a ver algunos de los Valorant Trackers m\u00e1s conocidos para tener una idea de con que nos podemos encontrar, para ver cual es m\u00e1s adecuado a tus necesidades.<\/span><\/p>\n<h3 id='blitz-gg'><b>Blitz.gg<\/b><\/h3>\n<p><span style=\"font-weight: 400\">Una buena opci\u00f3n para revisar tus estad\u00edsticas es Blitz.gg, donde vas a encontrar estad\u00edsticas importantes como tu promedio de bajas y tu historial de partidas, pero uno de sus principales atractivos es la informaci\u00f3n en vivo que puede mostrarte.<\/span><\/p>\n<p><span style=\"font-weight: 400\">Si utilizas su aplicaci\u00f3n, vas a poder ver un overlay dentro del mismo juego en el cual, por ejemplo, vas a poder ver estad\u00edsticas de todos los jugadores mientras la partida est\u00e1 cargando, as\u00ed como tus propias estad\u00edsticas como el da\u00f1o realizado en vivo durante la partida. Tambi\u00e9n se puede observar las \u00faltimas 5 partidas de los jugadores mientras se elige el Agente, y por supuesto al finalizar la partida, muestra las estad\u00edsticas completas de esta.<\/span><\/p>\n<h3 id='tracker-gg'><b>Tracker.gg<\/b><\/h3>\n<p><span style=\"font-weight: 400\">Probablemente el m\u00e1s conocido y utilizado por los<a href=\"https:\/\/www.esportsbets.com\/es\/valorant\/mejores-jugadores\/\"> jugadores de Valorant<\/a>, es Tracker.gg, el cual ofrece estad\u00edsticas b\u00e1sicas que uno esperar\u00eda, como cantidad de bajas, porcentajes de bajas con headshot, e incluso el historial de partidas anteriores.<\/span><\/p>\n<p><span style=\"font-weight: 400\">Una buena funcionalidad es que tambi\u00e9n permite ver las estad\u00edsticas de otros jugadores, tanto de tu mismo equipo como del equipo rival, permitiendo ver como te desempe\u00f1aste comparado a los otros jugadores dentro de una misma partida.<\/span><\/p>\n<p><span style=\"font-weight: 400\">Otro complemento muy interesante, es la capacidad de generar clips de videos de tus mejores jugadas, por lo que, si por ejemplo haces 4 kills y fue la mejor ronda de la partida, puede ser registrada por Tracker.gg para que puedas observarla luego del partido e incluso compartir con tus amigos.<\/span><\/p>\n<h2 id='%c2%a0%c2%bfc%c3%b3mo-ver-los-stats-de-valorant'><span style=\"font-weight: 400\">\u00a0<\/span><b>\u00bfC\u00f3mo ver los stats de Valorant?<\/b><\/h2>\n<p><span style=\"font-weight: 400\">Una vez que tengamos decidido que Tracker utilizar, lo \u00fanico que hay que hacer es registrarse en su sitio oficial, y si es necesario descargar la aplicaci\u00f3n de complemento, es tan simple como eso. Una vez creada nuestra cuenta y vinculada a nuestro usuario de Riot, vamos a poder comenzar a ver todas las estad\u00edsticas que el Tracker ofrece.<\/span><\/p>\n<p><span style=\"font-weight: 400\">Un punto importante que quiz\u00e1s a alguno le haga dudar, es la seguridad de estos Trackers y si pueden ser motivo de un baneo de nuestras cuentas. Podemos asegurar que estos Trackers son totalmente seguros, ya que toda la informaci\u00f3n que recopilan, son obtenidas mediante la API oficial de Riot Games, por lo tanto, la fuente de informaci\u00f3n es la misma desarrolladora del videojuego, ofreciendo detalles precisos que directamente en el juego no podemos ver.<\/span><\/p>\n","protected":false},"excerpt":{"rendered":"<p>Desde que Valorant se lanz\u00f3 en junio de 2020, su popularidad no hizo m\u00e1s que crecer a lo largo del tiempo,&hellip;<\/p>\n","protected":false},"author":119,"featured_media":2388,"parent":66,"menu_order":0,"comment_status":"closed","ping_status":"closed","template":"","meta":{"_stopmodifiedupdate":false,"_modified_date":"","footnotes":""},"class_list":["post-2385","page","type-page","status-publish","has-post-thumbnail","hentry"],"acf":[],"yoast_head":"<!-- This site is optimized with the Yoast SEO plugin v20.11 - https:\/\/yoast.com\/wordpress\/plugins\/seo\/ -->\n<title>Valorant Tracker \u2192 Qu\u00e9 Son y C\u00f3mo Funcionan<\/title>\n<meta name=\"description\" content=\"Descubre qu\u00e9 son los Valorant Tracker, para qu\u00e9 sirven y c\u00f3mo utilizarlos para analizar tus estad\u00edsticas\" \/>\n<meta name=\"robots\" content=\"index, follow, max-snippet:-1, max-image-preview:large, max-video-preview:-1\" \/>\n<link rel=\"canonical\" href=\"https:\/\/www.esportsbets.com\/es\/valorant\/tracker\/\" \/>\n<meta property=\"og:locale\" content=\"es_ES\" \/>\n<meta property=\"og:type\" content=\"article\" \/>\n<meta property=\"og:title\" content=\"Valorant Tracker \u2192 Qu\u00e9 Son y C\u00f3mo Funcionan\" \/>\n<meta property=\"og:description\" content=\"Descubre qu\u00e9 son los Valorant Tracker, para qu\u00e9 sirven y c\u00f3mo utilizarlos para analizar tus estad\u00edsticas\" \/>\n<meta property=\"og:url\" content=\"https:\/\/www.esportsbets.com\/es\/valorant\/tracker\/\" \/>\n<meta property=\"og:site_name\" content=\"EsportsBets ES\" \/>\n<meta property=\"article:modified_time\" content=\"2024-07-04T13:09:17+00:00\" \/>\n<meta property=\"og:image\" content=\"https:\/\/www.esportsbets.com\/es\/wp-content\/uploads\/sites\/4\/2024\/02\/Que-son-los-Trackers-de-Valorant.jpg\" \/>\n\t<meta property=\"og:image:width\" content=\"800\" \/>\n\t<meta property=\"og:image:height\" content=\"450\" \/>\n\t<meta property=\"og:image:type\" content=\"image\/jpeg\" \/>\n<meta name=\"twitter:card\" content=\"summary_large_image\" \/>\n<meta name=\"twitter:label1\" content=\"Tiempo de lectura\" \/>\n\t<meta name=\"twitter:data1\" content=\"5 minutos\" \/>\n<script type=\"application\/ld+json\" class=\"yoast-schema-graph\">{\"@context\":\"https:\/\/schema.org\",\"@graph\":[{\"@type\":\"WebPage\",\"@id\":\"https:\/\/www.esportsbets.com\/es\/valorant\/tracker\/\",\"url\":\"https:\/\/www.esportsbets.com\/es\/valorant\/tracker\/\",\"name\":\"Valorant Tracker \u2192 Qu\u00e9 Son y C\u00f3mo Funcionan\",\"isPartOf\":{\"@id\":\"https:\/\/www.esportsbets.com\/es\/#website\"},\"datePublished\":\"2024-02-23T02:38:59+00:00\",\"dateModified\":\"2024-07-04T13:09:17+00:00\",\"description\":\"Descubre qu\u00e9 son los Valorant Tracker, para qu\u00e9 sirven y c\u00f3mo utilizarlos para analizar tus estad\u00edsticas\",\"breadcrumb\":{\"@id\":\"https:\/\/www.esportsbets.com\/es\/valorant\/tracker\/#breadcrumb\"},\"inLanguage\":\"es\",\"potentialAction\":[{\"@type\":\"ReadAction\",\"target\":[\"https:\/\/www.esportsbets.com\/es\/valorant\/tracker\/\"]}]},{\"@type\":\"BreadcrumbList\",\"@id\":\"https:\/\/www.esportsbets.com\/es\/valorant\/tracker\/#breadcrumb\",\"itemListElement\":[{\"@type\":\"ListItem\",\"position\":1,\"name\":\"Home\",\"item\":\"https:\/\/www.esportsbets.com\/es\/\"},{\"@type\":\"ListItem\",\"position\":2,\"name\":\"Gu\u00eda de Apuestas en Valorant y Mejores Consejos de Nuestros Expertos en Valorant\",\"item\":\"https:\/\/www.esportsbets.com\/es\/valorant\/\"},{\"@type\":\"ListItem\",\"position\":3,\"name\":\"\u00bfQu\u00e9 son los Trackers de Valorant?\"}]},{\"@type\":\"WebSite\",\"@id\":\"https:\/\/www.esportsbets.com\/es\/#website\",\"url\":\"https:\/\/www.esportsbets.com\/es\/\",\"name\":\"EsportsBets ES\",\"description\":\"\",\"publisher\":{\"@id\":\"https:\/\/www.esportsbets.com\/es\/#organization\"},\"potentialAction\":[{\"@type\":\"SearchAction\",\"target\":{\"@type\":\"EntryPoint\",\"urlTemplate\":\"https:\/\/www.esportsbets.com\/es\/?s={search_term_string}\"},\"query-input\":\"required name=search_term_string\"}],\"inLanguage\":\"es\"},{\"@type\":\"Organization\",\"@id\":\"https:\/\/www.esportsbets.com\/es\/#organization\",\"name\":\"EsportsBets ES\",\"url\":\"https:\/\/www.esportsbets.com\/es\/\",\"logo\":{\"@type\":\"ImageObject\",\"inLanguage\":\"es\",\"@id\":\"https:\/\/www.esportsbets.com\/es\/#\/schema\/logo\/image\/\",\"url\":\"https:\/\/www.esportsbets.com\/es\/wp-content\/uploads\/sites\/4\/2024\/01\/logo.png\",\"contentUrl\":\"https:\/\/www.esportsbets.com\/es\/wp-content\/uploads\/sites\/4\/2024\/01\/logo.png\",\"width\":1956,\"height\":337,\"caption\":\"EsportsBets ES\"},\"image\":{\"@id\":\"https:\/\/www.esportsbets.com\/es\/#\/schema\/logo\/image\/\"}}]}<\/script>\n<!-- \/ Yoast SEO plugin. -->","yoast_head_json":{"title":"Valorant Tracker \u2192 Qu\u00e9 Son y C\u00f3mo Funcionan","description":"Descubre qu\u00e9 son los Valorant Tracker, para qu\u00e9 sirven y c\u00f3mo utilizarlos para analizar tus estad\u00edsticas","robots":{"index":"index","follow":"follow","max-snippet":"max-snippet:-1","max-image-preview":"max-image-preview:large","max-video-preview":"max-video-preview:-1"},"canonical":"https:\/\/www.esportsbets.com\/es\/valorant\/tracker\/","og_locale":"es_ES","og_type":"article","og_title":"Valorant Tracker \u2192 Qu\u00e9 Son y C\u00f3mo Funcionan","og_description":"Descubre qu\u00e9 son los Valorant Tracker, para qu\u00e9 sirven y c\u00f3mo utilizarlos para analizar tus estad\u00edsticas","og_url":"https:\/\/www.esportsbets.com\/es\/valorant\/tracker\/","og_site_name":"EsportsBets ES","article_modified_time":"2024-07-04T13:09:17+00:00","og_image":[{"width":800,"height":450,"url":"https:\/\/www.esportsbets.com\/es\/wp-content\/uploads\/sites\/4\/2024\/02\/Que-son-los-Trackers-de-Valorant.jpg","type":"image\/jpeg"}],"twitter_card":"summary_large_image","twitter_misc":{"Tiempo de lectura":"5 minutos"},"schema":{"@context":"https:\/\/schema.org","@graph":[{"@type":"WebPage","@id":"https:\/\/www.esportsbets.com\/es\/valorant\/tracker\/","url":"https:\/\/www.esportsbets.com\/es\/valorant\/tracker\/","name":"Valorant Tracker \u2192 Qu\u00e9 Son y C\u00f3mo Funcionan","isPartOf":{"@id":"https:\/\/www.esportsbets.com\/es\/#website"},"datePublished":"2024-02-23T02:38:59+00:00","dateModified":"2024-07-04T13:09:17+00:00","description":"Descubre qu\u00e9 son los Valorant Tracker, para qu\u00e9 sirven y c\u00f3mo utilizarlos para analizar tus estad\u00edsticas","breadcrumb":{"@id":"https:\/\/www.esportsbets.com\/es\/valorant\/tracker\/#breadcrumb"},"inLanguage":"es","potentialAction":[{"@type":"ReadAction","target":["https:\/\/www.esportsbets.com\/es\/valorant\/tracker\/"]}]},{"@type":"BreadcrumbList","@id":"https:\/\/www.esportsbets.com\/es\/valorant\/tracker\/#breadcrumb","itemListElement":[{"@type":"ListItem","position":1,"name":"Home","item":"https:\/\/www.esportsbets.com\/es\/"},{"@type":"ListItem","position":2,"name":"Gu\u00eda de Apuestas en Valorant y Mejores Consejos de Nuestros Expertos en Valorant","item":"https:\/\/www.esportsbets.com\/es\/valorant\/"},{"@type":"ListItem","position":3,"name":"\u00bfQu\u00e9 son los Trackers de Valorant?"}]},{"@type":"WebSite","@id":"https:\/\/www.esportsbets.com\/es\/#website","url":"https:\/\/www.esportsbets.com\/es\/","name":"EsportsBets ES","description":"","publisher":{"@id":"https:\/\/www.esportsbets.com\/es\/#organization"},"potentialAction":[{"@type":"SearchAction","target":{"@type":"EntryPoint","urlTemplate":"https:\/\/www.esportsbets.com\/es\/?s={search_term_string}"},"query-input":"required name=search_term_string"}],"inLanguage":"es"},{"@type":"Organization","@id":"https:\/\/www.esportsbets.com\/es\/#organization","name":"EsportsBets ES","url":"https:\/\/www.esportsbets.com\/es\/","logo":{"@type":"ImageObject","inLanguage":"es","@id":"https:\/\/www.esportsbets.com\/es\/#\/schema\/logo\/image\/","url":"https:\/\/www.esportsbets.com\/es\/wp-content\/uploads\/sites\/4\/2024\/01\/logo.png","contentUrl":"https:\/\/www.esportsbets.com\/es\/wp-content\/uploads\/sites\/4\/2024\/01\/logo.png","width":1956,"height":337,"caption":"EsportsBets ES"},"image":{"@id":"https:\/\/www.esportsbets.com\/es\/#\/schema\/logo\/image\/"}}]}},"_links":{"self":[{"href":"https:\/\/www.esportsbets.com\/es\/wp-json\/wp\/v2\/pages\/2385","targetHints":{"allow":["GET"]}}],"collection":[{"href":"https:\/\/www.esportsbets.com\/es\/wp-json\/wp\/v2\/pages"}],"about":[{"href":"https:\/\/www.esportsbets.com\/es\/wp-json\/wp\/v2\/types\/page"}],"author":[{"embeddable":true,"href":"https:\/\/www.esportsbets.com\/es\/wp-json\/wp\/v2\/users\/119"}],"replies":[{"embeddable":true,"href":"https:\/\/www.esportsbets.com\/es\/wp-json\/wp\/v2\/comments?post=2385"}],"version-history":[{"count":0,"href":"https:\/\/www.esportsbets.com\/es\/wp-json\/wp\/v2\/pages\/2385\/revisions"}],"up":[{"embeddable":true,"href":"https:\/\/www.esportsbets.com\/es\/wp-json\/wp\/v2\/pages\/66"}],"wp:featuredmedia":[{"embeddable":true,"href":"https:\/\/www.esportsbets.com\/es\/wp-json\/wp\/v2\/media\/2388"}],"wp:attachment":[{"href":"https:\/\/www.esportsbets.com\/es\/wp-json\/wp\/v2\/media?parent=2385"}],"curies":[{"name":"wp","href":"https:\/\/api.w.org\/{rel}","templated":true}]}}