{"id":2577,"date":"2024-03-01T17:23:36","date_gmt":"2024-03-01T17:23:36","guid":{"rendered":"https:\/\/www.esportsbets.com\/es\/?page_id=2577"},"modified":"2024-08-08T09:43:20","modified_gmt":"2024-08-08T09:43:20","slug":"mejores-jugadores-warzone","status":"publish","type":"page","link":"https:\/\/www.esportsbets.com\/es\/call-of-duty\/mejores-jugadores-warzone\/","title":{"rendered":"Los 5 Mejores Jugadores de Warzone"},"content":{"rendered":"<p>Explora el dominio de los mejores jugadores de Warzone y desentra\u00f1a sus estrategias. Ad\u00e9ntrate en el mundo del battle royale con los expertos m\u00e1s destacados de este vertiginoso juego.<\/p>\n<p><span style=\"font-weight: 400;\">Con la popularidad del g\u00e9nero Battle Royale, Call of Duty se sum\u00f3 a la tendencia al lanzar su propia entrega: Warzone. Ya han pasado varios a\u00f1os desde su lanzamiento, y a lo largo del tiempo ha evolucionado con m\u00faltiples actualizaciones para mantenerlo fresco. Al mismo tiempo, tambi\u00e9n se adentr\u00f3 en el mundo de los esports, donde ya se realizaron varios torneos de gran nivel competitivo.<\/span><\/p>\n<h2 id='los-5-mejores-jugadores-de-warzone'><b>Los 5 Mejores Jugadores de Warzone<\/b><\/h2>\n<p><span style=\"font-weight: 400;\">En esta oportunidad vamos a ver cuales son los mejores jugadores de Warzone. Con una escena competitiva muy madura, hay much\u00edsimos jugadores que se destacan sobre los dem\u00e1s, por eso vamos a ver de entre todos ellos, quienes se posicionan en el top 5 de la actualidad. Para seleccionar a estos jugadores tenemos en cuenta su desempe\u00f1o actual, ya sea en partidas ranked o en torneos, as\u00ed como un poco de preferencia personal.<\/span><\/p>\n<h3 id='5-biffle'><b>5- Biffle<\/b><\/h3>\n<p><img loading=\"lazy\" decoding=\"async\" class=\"alignnone size-full wp-image-2578\" src=\"https:\/\/www.esportsbets.com\/es\/wp-content\/uploads\/sites\/4\/2024\/03\/biffle-diaz-call-of-duty.jpg\" alt=\"biffle diaz call of duty\" width=\"800\" height=\"450\" srcset=\"https:\/\/www.esportsbets.com\/es\/wp-content\/uploads\/sites\/4\/2024\/03\/biffle-diaz-call-of-duty.jpg 800w, https:\/\/www.esportsbets.com\/es\/wp-content\/uploads\/sites\/4\/2024\/03\/biffle-diaz-call-of-duty-300x169.jpg 300w, https:\/\/www.esportsbets.com\/es\/wp-content\/uploads\/sites\/4\/2024\/03\/biffle-diaz-call-of-duty-768x432.jpg 768w\" sizes=\"auto, (max-width: 800px) 100vw, 800px\" \/><\/p>\n<p><span style=\"font-weight: 400;\">Diaz \u2018Biffle\u2019 se destac\u00f3 m\u00e1s que nada en su faceta independiente, que es donde m\u00e1s premios y competiciones ha ganado. Tambi\u00e9n form\u00f3 parte de equipos profesionales, espec\u00edficamente en FaZe Clan, y en Complexity Gaming. Biffle es un jugador muy notable en la escena, y lo demostr\u00f3 en torneos como en la \u201cHuskerrs Howl\u201d, \u201cTwitch Rivals\u201d y tambi\u00e9n en la competici\u00f3n \u201cToronto Ultra\u201d, o m\u00e1s recientemente en el torneo \u201cAl Mazrha\u2019s Last Hurra\u201d.<\/span><\/p>\n<h3 id='4-shifty'><b>4- Shifty<\/b><\/h3>\n<p><img loading=\"lazy\" decoding=\"async\" class=\"alignnone size-full wp-image-2579\" src=\"https:\/\/www.esportsbets.com\/es\/wp-content\/uploads\/sites\/4\/2024\/03\/shifty-call-of-duty.jpg\" alt=\"shifty call of duty\" width=\"800\" height=\"450\" srcset=\"https:\/\/www.esportsbets.com\/es\/wp-content\/uploads\/sites\/4\/2024\/03\/shifty-call-of-duty.jpg 800w, https:\/\/www.esportsbets.com\/es\/wp-content\/uploads\/sites\/4\/2024\/03\/shifty-call-of-duty-300x169.jpg 300w, https:\/\/www.esportsbets.com\/es\/wp-content\/uploads\/sites\/4\/2024\/03\/shifty-call-of-duty-768x432.jpg 768w\" sizes=\"auto, (max-width: 800px) 100vw, 800px\" \/><\/p>\n<p><span style=\"font-weight: 400;\">Con un 2023 realmente espectacular, Shifty tiene un empuje en cada partida que es determinante, que al combinarlo con su precisi\u00f3n, lo posiciona como uno de los mejores jugadores del momento. Shifty gan\u00f3 varias competiciones en el a\u00f1o 2023, por ejemplo la \u201c21 Savage\u2019s Fright Night\u201d, cuatro iteraciones de \u201cThe Vondel Battles\u201d, y en la quinta qued\u00f3 segundo, y el torneo m\u00e1s importante: World Series of Warzone 2023, donde gan\u00f3 un premio de cien mil d\u00f3lares.<\/span><\/p>\n<h3 id='3-skullface'><b>3- Skullface<\/b><\/h3>\n<p><img loading=\"lazy\" decoding=\"async\" class=\"alignnone size-full wp-image-2580\" src=\"https:\/\/www.esportsbets.com\/es\/wp-content\/uploads\/sites\/4\/2024\/03\/skullface-call-of-duty.jpg\" alt=\"skullface call of duty\" width=\"800\" height=\"450\" srcset=\"https:\/\/www.esportsbets.com\/es\/wp-content\/uploads\/sites\/4\/2024\/03\/skullface-call-of-duty.jpg 800w, https:\/\/www.esportsbets.com\/es\/wp-content\/uploads\/sites\/4\/2024\/03\/skullface-call-of-duty-300x169.jpg 300w, https:\/\/www.esportsbets.com\/es\/wp-content\/uploads\/sites\/4\/2024\/03\/skullface-call-of-duty-768x432.jpg 768w\" sizes=\"auto, (max-width: 800px) 100vw, 800px\" \/><\/p>\n<p><span style=\"font-weight: 400;\">Otro de los mejores jugadores del momento, es Skullface. En el a\u00f1o 2023, gan\u00f3 el excepcional evento que fue el \u201cSOLO YOLO\u201d, un evento \u00fanico que se jug\u00f3 en modalidad LAN en Londres, donde 150 jugadores se enfrentaron por un premio de nada m\u00e1s y nada menos que cien mil d\u00f3lares. <\/span><\/p>\n<p><span style=\"font-weight: 400;\">Definiendo el torneo con una doble kill, Skullface se posicion\u00f3 como uno de los mejores jugadores de Warzone. Previo a la \u201cSOLO YOLO\u201d, tambi\u00e9n gan\u00f3 una instancia de la World Series of Warzone.<\/span><\/p>\n<h3 id='2-hisoka'><b>2- Hisoka<\/b><\/h3>\n<p><img loading=\"lazy\" decoding=\"async\" class=\"alignnone size-full wp-image-2581\" src=\"https:\/\/www.esportsbets.com\/es\/wp-content\/uploads\/sites\/4\/2024\/03\/hisoka-call-of-duty.jpg\" alt=\"hisoka call of duty\" width=\"800\" height=\"450\" srcset=\"https:\/\/www.esportsbets.com\/es\/wp-content\/uploads\/sites\/4\/2024\/03\/hisoka-call-of-duty.jpg 800w, https:\/\/www.esportsbets.com\/es\/wp-content\/uploads\/sites\/4\/2024\/03\/hisoka-call-of-duty-300x169.jpg 300w, https:\/\/www.esportsbets.com\/es\/wp-content\/uploads\/sites\/4\/2024\/03\/hisoka-call-of-duty-768x432.jpg 768w\" sizes=\"auto, (max-width: 800px) 100vw, 800px\" \/><\/p>\n<p><span style=\"font-weight: 400;\">Con un 2023 lleno de competiciones ganadas, Hisoka es indiscutiblemente uno de los mejores jugadores de Warzone en la actualidad. A lo largo del a\u00f1o 2023, formando parte del equipo KingsClan, se coron\u00f3 en torneos como la \u201cMobile Mayhem\u201d, tanto en su iteraci\u00f3n de verano, como en la de invierno. <\/span><\/p>\n<p><span style=\"font-weight: 400;\">Tambi\u00e9n logr\u00f3 consagrarse campe\u00f3n de la \u201cSnapdragon Pro Series Season 3 \u2013 EMEA. Con varios torneos bajo su manga, tambi\u00e9n se destaca en las partidas ranked individuales, donde su desempe\u00f1o lo ubica como uno de los mejores jugadores de Warzone.<\/span><\/p>\n<h3 id='1-adrian%c2%a0'><b>1 &#8211; Adrian\u00a0<\/b><\/h3>\n<p><img loading=\"lazy\" decoding=\"async\" class=\"alignnone size-full wp-image-2582\" src=\"https:\/\/www.esportsbets.com\/es\/wp-content\/uploads\/sites\/4\/2024\/03\/adriann-call-of-duty.jpg\" alt=\"adriann call of duty\" width=\"800\" height=\"450\" srcset=\"https:\/\/www.esportsbets.com\/es\/wp-content\/uploads\/sites\/4\/2024\/03\/adriann-call-of-duty.jpg 800w, https:\/\/www.esportsbets.com\/es\/wp-content\/uploads\/sites\/4\/2024\/03\/adriann-call-of-duty-300x169.jpg 300w, https:\/\/www.esportsbets.com\/es\/wp-content\/uploads\/sites\/4\/2024\/03\/adriann-call-of-duty-768x432.jpg 768w\" sizes=\"auto, (max-width: 800px) 100vw, 800px\" \/><\/p>\n<p><span style=\"font-weight: 400;\">Actualmente rankeado como el jugador n\u00famero 1 del mundo, Adrian se destaca de forma impresionante, con un nivel individual que resulta inigualable, sac\u00e1ndole diferencia a los mejores jugadores de la escena. Si bien este joven de 18 a\u00f1os no posee un amplio repertorio de competiciones ganadas, ya se gan\u00f3 el respeto de todos y se posiciona como el mejor jugador de la actualidad. <\/span><\/p>\n<p><span style=\"font-weight: 400;\">Pero hay que destacar que tambi\u00e9n tiene presencia en competiciones profesionales, como lo fue en su coronaci\u00f3n en la famosa Call of Duty World Series of Warzone, donde gan\u00f3 un premio de diez mil d\u00f3lares.<\/span><\/p>\n<h2 id='apuestas-en-warzone'><b>Apuestas en Warzone<\/b><\/h2>\n<p><span style=\"font-weight: 400;\">Saber qui\u00e9nes son los mejores jugadores de Warzone, nos puede ayudar a tomar decisiones a la hora de realizar apuestas en l\u00ednea. El mercado de las <a href=\"https:\/\/www.esportsbets.com\/es\/\">apuestas online en esports<\/a> es muy grande, y est\u00e1 presente en la escena de Call of Duty. Siempre que hay un torneo de Warzone, vamos a tener la oportunidad de realizar apuestas.<\/span><\/p>\n<p><span style=\"font-weight: 400;\">Conociendo quienes son los mejores jugadores de Warzone, podemos optar por realizar apuestas que tengan m\u00e1s posibilidades de generar ganancias. Un punto indispensable a la hora de realizar apuestas online, es la investigaci\u00f3n, ya que antes de realizar apuestas, hay que estudiar cada competencia y cada partido, as\u00ed como a los jugadores que forman parte de ella.<\/span><\/p>\n<p><span style=\"font-weight: 400;\">\u00a0<\/span><\/p>\n<p><span style=\"font-weight: 400;\">Estudiar a los jugadores y su desempe\u00f1o en los partidos o torneos recientes es solo uno de los puntos clave a la hora de realizar apuestas, por eso en nuestra <\/span><span style=\"font-weight: 400;\">gu\u00eda de apuestas<\/span><span style=\"font-weight: 400;\"> puedes complementar este conocimiento con otras herramientas para aprovechar los <a href=\"https:\/\/www.esportsbets.com\/es\/call-of-duty\/torneos\/\">torneos de Warzone<\/a> y realizar apuestas con altas probabilidades de ser favorables para nosotros.<\/span><\/p>\n","protected":false},"excerpt":{"rendered":"<p>Explora el dominio de los mejores jugadores de Warzone y desentra\u00f1a sus estrategias. Ad\u00e9ntrate en el mundo del battle royale con&hellip;<\/p>\n","protected":false},"author":119,"featured_media":2582,"parent":193,"menu_order":0,"comment_status":"closed","ping_status":"closed","template":"","meta":{"_stopmodifiedupdate":true,"_modified_date":"","footnotes":""},"class_list":["post-2577","page","type-page","status-publish","has-post-thumbnail","hentry"],"acf":[],"yoast_head":"<!-- This site is optimized with the Yoast SEO plugin v20.11 - https:\/\/yoast.com\/wordpress\/plugins\/seo\/ -->\n<title>Los 5 Mejores Jugadores de Warzone - Ranking actualizado 2026<\/title>\n<meta name=\"description\" content=\"Descubre qui\u00e9nes son los jugadores m\u00e1s destacados en Warzone en 2026 y c\u00f3mo su habilidad, estrategia y trabajo en equipo los convierten en los mejores del mundo.\" \/>\n<meta name=\"robots\" content=\"index, follow, max-snippet:-1, max-image-preview:large, max-video-preview:-1\" \/>\n<link rel=\"canonical\" href=\"https:\/\/www.esportsbets.com\/es\/call-of-duty\/mejores-jugadores-warzone\/\" \/>\n<meta property=\"og:locale\" content=\"es_ES\" \/>\n<meta property=\"og:type\" content=\"article\" \/>\n<meta property=\"og:title\" content=\"Los 5 Mejores Jugadores de Warzone - Ranking actualizado 2026\" \/>\n<meta property=\"og:description\" content=\"Descubre qui\u00e9nes son los jugadores m\u00e1s destacados en Warzone en 2026 y c\u00f3mo su habilidad, estrategia y trabajo en equipo los convierten en los mejores del mundo.\" \/>\n<meta property=\"og:url\" content=\"https:\/\/www.esportsbets.com\/es\/call-of-duty\/mejores-jugadores-warzone\/\" \/>\n<meta property=\"og:site_name\" content=\"EsportsBets ES\" \/>\n<meta property=\"article:modified_time\" content=\"2024-08-08T09:43:20+00:00\" \/>\n<meta property=\"og:image\" content=\"https:\/\/www.esportsbets.com\/es\/wp-content\/uploads\/sites\/4\/2024\/03\/adriann-call-of-duty.jpg\" \/>\n\t<meta property=\"og:image:width\" content=\"800\" \/>\n\t<meta property=\"og:image:height\" content=\"450\" \/>\n\t<meta property=\"og:image:type\" content=\"image\/jpeg\" \/>\n<meta name=\"twitter:card\" content=\"summary_large_image\" \/>\n<meta name=\"twitter:label1\" content=\"Tiempo de lectura\" \/>\n\t<meta name=\"twitter:data1\" content=\"5 minutos\" \/>\n<script type=\"application\/ld+json\" class=\"yoast-schema-graph\">{\"@context\":\"https:\/\/schema.org\",\"@graph\":[{\"@type\":\"WebPage\",\"@id\":\"https:\/\/www.esportsbets.com\/es\/call-of-duty\/mejores-jugadores-warzone\/\",\"url\":\"https:\/\/www.esportsbets.com\/es\/call-of-duty\/mejores-jugadores-warzone\/\",\"name\":\"Los 5 Mejores Jugadores de Warzone - Ranking actualizado [yyyy]\",\"isPartOf\":{\"@id\":\"https:\/\/www.esportsbets.com\/es\/#website\"},\"datePublished\":\"2024-03-01T17:23:36+00:00\",\"dateModified\":\"2024-08-08T09:43:20+00:00\",\"description\":\"Descubre qui\u00e9nes son los jugadores m\u00e1s destacados en Warzone en [yyyy] y c\u00f3mo su habilidad, estrategia y trabajo en equipo los convierten en los mejores del mundo.\",\"breadcrumb\":{\"@id\":\"https:\/\/www.esportsbets.com\/es\/call-of-duty\/mejores-jugadores-warzone\/#breadcrumb\"},\"inLanguage\":\"es\",\"potentialAction\":[{\"@type\":\"ReadAction\",\"target\":[\"https:\/\/www.esportsbets.com\/es\/call-of-duty\/mejores-jugadores-warzone\/\"]}]},{\"@type\":\"BreadcrumbList\",\"@id\":\"https:\/\/www.esportsbets.com\/es\/call-of-duty\/mejores-jugadores-warzone\/#breadcrumb\",\"itemListElement\":[{\"@type\":\"ListItem\",\"position\":1,\"name\":\"Home\",\"item\":\"https:\/\/www.esportsbets.com\/es\/\"},{\"@type\":\"ListItem\",\"position\":2,\"name\":\"Apuestas en Call Of Duty: Gu\u00eda completa sobre c\u00f3mo apostar en CoD\",\"item\":\"https:\/\/www.esportsbets.com\/es\/call-of-duty\/\"},{\"@type\":\"ListItem\",\"position\":3,\"name\":\"Los 5 Mejores Jugadores de Warzone\"}]},{\"@type\":\"WebSite\",\"@id\":\"https:\/\/www.esportsbets.com\/es\/#website\",\"url\":\"https:\/\/www.esportsbets.com\/es\/\",\"name\":\"EsportsBets ES\",\"description\":\"\",\"publisher\":{\"@id\":\"https:\/\/www.esportsbets.com\/es\/#organization\"},\"potentialAction\":[{\"@type\":\"SearchAction\",\"target\":{\"@type\":\"EntryPoint\",\"urlTemplate\":\"https:\/\/www.esportsbets.com\/es\/?s={search_term_string}\"},\"query-input\":\"required name=search_term_string\"}],\"inLanguage\":\"es\"},{\"@type\":\"Organization\",\"@id\":\"https:\/\/www.esportsbets.com\/es\/#organization\",\"name\":\"EsportsBets ES\",\"url\":\"https:\/\/www.esportsbets.com\/es\/\",\"logo\":{\"@type\":\"ImageObject\",\"inLanguage\":\"es\",\"@id\":\"https:\/\/www.esportsbets.com\/es\/#\/schema\/logo\/image\/\",\"url\":\"https:\/\/www.esportsbets.com\/es\/wp-content\/uploads\/sites\/4\/2024\/01\/logo.png\",\"contentUrl\":\"https:\/\/www.esportsbets.com\/es\/wp-content\/uploads\/sites\/4\/2024\/01\/logo.png\",\"width\":1956,\"height\":337,\"caption\":\"EsportsBets ES\"},\"image\":{\"@id\":\"https:\/\/www.esportsbets.com\/es\/#\/schema\/logo\/image\/\"}}]}<\/script>\n<!-- \/ Yoast SEO plugin. -->","yoast_head_json":{"title":"Los 5 Mejores Jugadores de Warzone - Ranking actualizado 2026","description":"Descubre qui\u00e9nes son los jugadores m\u00e1s destacados en Warzone en 2026 y c\u00f3mo su habilidad, estrategia y trabajo en equipo los convierten en los mejores del mundo.","robots":{"index":"index","follow":"follow","max-snippet":"max-snippet:-1","max-image-preview":"max-image-preview:large","max-video-preview":"max-video-preview:-1"},"canonical":"https:\/\/www.esportsbets.com\/es\/call-of-duty\/mejores-jugadores-warzone\/","og_locale":"es_ES","og_type":"article","og_title":"Los 5 Mejores Jugadores de Warzone - Ranking actualizado 2026","og_description":"Descubre qui\u00e9nes son los jugadores m\u00e1s destacados en Warzone en 2026 y c\u00f3mo su habilidad, estrategia y trabajo en equipo los convierten en los mejores del mundo.","og_url":"https:\/\/www.esportsbets.com\/es\/call-of-duty\/mejores-jugadores-warzone\/","og_site_name":"EsportsBets ES","article_modified_time":"2024-08-08T09:43:20+00:00","og_image":[{"width":800,"height":450,"url":"https:\/\/www.esportsbets.com\/es\/wp-content\/uploads\/sites\/4\/2024\/03\/adriann-call-of-duty.jpg","type":"image\/jpeg"}],"twitter_card":"summary_large_image","twitter_misc":{"Tiempo de lectura":"5 minutos"},"schema":{"@context":"https:\/\/schema.org","@graph":[{"@type":"WebPage","@id":"https:\/\/www.esportsbets.com\/es\/call-of-duty\/mejores-jugadores-warzone\/","url":"https:\/\/www.esportsbets.com\/es\/call-of-duty\/mejores-jugadores-warzone\/","name":"Los 5 Mejores Jugadores de Warzone - Ranking actualizado [yyyy]","isPartOf":{"@id":"https:\/\/www.esportsbets.com\/es\/#website"},"datePublished":"2024-03-01T17:23:36+00:00","dateModified":"2024-08-08T09:43:20+00:00","description":"Descubre qui\u00e9nes son los jugadores m\u00e1s destacados en Warzone en [yyyy] y c\u00f3mo su habilidad, estrategia y trabajo en equipo los convierten en los mejores del mundo.","breadcrumb":{"@id":"https:\/\/www.esportsbets.com\/es\/call-of-duty\/mejores-jugadores-warzone\/#breadcrumb"},"inLanguage":"es","potentialAction":[{"@type":"ReadAction","target":["https:\/\/www.esportsbets.com\/es\/call-of-duty\/mejores-jugadores-warzone\/"]}]},{"@type":"BreadcrumbList","@id":"https:\/\/www.esportsbets.com\/es\/call-of-duty\/mejores-jugadores-warzone\/#breadcrumb","itemListElement":[{"@type":"ListItem","position":1,"name":"Home","item":"https:\/\/www.esportsbets.com\/es\/"},{"@type":"ListItem","position":2,"name":"Apuestas en Call Of Duty: Gu\u00eda completa sobre c\u00f3mo apostar en CoD","item":"https:\/\/www.esportsbets.com\/es\/call-of-duty\/"},{"@type":"ListItem","position":3,"name":"Los 5 Mejores Jugadores de Warzone"}]},{"@type":"WebSite","@id":"https:\/\/www.esportsbets.com\/es\/#website","url":"https:\/\/www.esportsbets.com\/es\/","name":"EsportsBets ES","description":"","publisher":{"@id":"https:\/\/www.esportsbets.com\/es\/#organization"},"potentialAction":[{"@type":"SearchAction","target":{"@type":"EntryPoint","urlTemplate":"https:\/\/www.esportsbets.com\/es\/?s={search_term_string}"},"query-input":"required name=search_term_string"}],"inLanguage":"es"},{"@type":"Organization","@id":"https:\/\/www.esportsbets.com\/es\/#organization","name":"EsportsBets ES","url":"https:\/\/www.esportsbets.com\/es\/","logo":{"@type":"ImageObject","inLanguage":"es","@id":"https:\/\/www.esportsbets.com\/es\/#\/schema\/logo\/image\/","url":"https:\/\/www.esportsbets.com\/es\/wp-content\/uploads\/sites\/4\/2024\/01\/logo.png","contentUrl":"https:\/\/www.esportsbets.com\/es\/wp-content\/uploads\/sites\/4\/2024\/01\/logo.png","width":1956,"height":337,"caption":"EsportsBets ES"},"image":{"@id":"https:\/\/www.esportsbets.com\/es\/#\/schema\/logo\/image\/"}}]}},"_links":{"self":[{"href":"https:\/\/www.esportsbets.com\/es\/wp-json\/wp\/v2\/pages\/2577","targetHints":{"allow":["GET"]}}],"collection":[{"href":"https:\/\/www.esportsbets.com\/es\/wp-json\/wp\/v2\/pages"}],"about":[{"href":"https:\/\/www.esportsbets.com\/es\/wp-json\/wp\/v2\/types\/page"}],"author":[{"embeddable":true,"href":"https:\/\/www.esportsbets.com\/es\/wp-json\/wp\/v2\/users\/119"}],"replies":[{"embeddable":true,"href":"https:\/\/www.esportsbets.com\/es\/wp-json\/wp\/v2\/comments?post=2577"}],"version-history":[{"count":1,"href":"https:\/\/www.esportsbets.com\/es\/wp-json\/wp\/v2\/pages\/2577\/revisions"}],"predecessor-version":[{"id":5266,"href":"https:\/\/www.esportsbets.com\/es\/wp-json\/wp\/v2\/pages\/2577\/revisions\/5266"}],"up":[{"embeddable":true,"href":"https:\/\/www.esportsbets.com\/es\/wp-json\/wp\/v2\/pages\/193"}],"wp:featuredmedia":[{"embeddable":true,"href":"https:\/\/www.esportsbets.com\/es\/wp-json\/wp\/v2\/media\/2582"}],"wp:attachment":[{"href":"https:\/\/www.esportsbets.com\/es\/wp-json\/wp\/v2\/media?parent=2577"}],"curies":[{"name":"wp","href":"https:\/\/api.w.org\/{rel}","templated":true}]}}