{"id":2684,"date":"2024-03-13T01:17:36","date_gmt":"2024-03-13T01:17:36","guid":{"rendered":"https:\/\/www.esportsbets.com\/es\/?page_id=2684"},"modified":"2025-02-05T03:11:59","modified_gmt":"2025-02-05T03:11:59","slug":"como-depositar-en-roobet","status":"publish","type":"page","link":"https:\/\/www.esportsbets.com\/es\/guias\/como-depositar-en-roobet\/","title":{"rendered":"\u00bfC\u00f3mo depositar en Roobet? Haz tu primer dep\u00f3sito y empieza el juego"},"content":{"rendered":"<p>Los cripto casinos est\u00e1n marcando la pauta hoy d\u00eda en el mercado de las apuestas deportivas y casinos online. Pero, hay una interrogante que muchos se fomentan y es: c\u00f3mo deposito en un cripto casino?<\/p>\n<p>[cta id=6076 type=cta]<\/p>\n<p>En esta breve gu\u00eda paso a paso te mostraremos c\u00f3mo depositar en Roobet y te brindaremos algunas recomendaciones para que t\u00fa dep\u00f3sito sea exitoso.<\/p>\n<h2 id='c%c3%b3mo-depositar-en-roobet-recomendacione'>C\u00f3mo depositar en Roobet: recomendacione<\/h2>\n<p><img loading=\"lazy\" decoding=\"async\" class=\"size-full wp-image-2692 aligncenter\" src=\"https:\/\/www.esportsbets.com\/es\/wp-content\/uploads\/sites\/4\/2024\/03\/como-depositar-en-roobet.jpg\" alt=\"como depositar en roobet\" width=\"800\" height=\"450\" srcset=\"https:\/\/www.esportsbets.com\/es\/wp-content\/uploads\/sites\/4\/2024\/03\/como-depositar-en-roobet.jpg 800w, https:\/\/www.esportsbets.com\/es\/wp-content\/uploads\/sites\/4\/2024\/03\/como-depositar-en-roobet-300x169.jpg 300w, https:\/\/www.esportsbets.com\/es\/wp-content\/uploads\/sites\/4\/2024\/03\/como-depositar-en-roobet-768x432.jpg 768w\" sizes=\"auto, (max-width: 800px) 100vw, 800px\" \/><\/p>\n<p>En este bloque te daremos algunas recomendaciones que la plataforma Roobet, te hace saber con insistencia en varias oportunidades, como por ejemplo; la verificaci\u00f3n de tu identidad, el uso de las billeteras y la importancia de seguir los procesos correctamente.<\/p>\n<ul>\n<li><b>Verificar tu identidad: <\/b>este aspecto es clave y la plataforma Roobet, te lo hace saber al finalizar tu registro, si no lo efect\u00faas en ese momento, y quieras efectuar tu primer dep\u00f3sito, te aparecer\u00e1 un mensaje record\u00e1ndote que debes confirmar tu identidad. En este punto ya no podr\u00e1s proseguir hasta que hayas verificado tu informaci\u00f3n personal. Puedes conocer m\u00e1s sobre la plataforma en nuestra <a href=\"https:\/\/www.esportsbets.com\/es\/opiniones\/roobet\/\">rese\u00f1a de RooBet<\/a>.<\/li>\n<li><b>Elecci\u00f3n del m\u00e9todo de pago: <\/b>Roobet, es un cripto casino por ende las opciones de pago ofrecidos por la plataforma ser\u00e1n especializados en criptomonedas. Una vez que abierto el men\u00fa de opciones de pago,\u00a0 podr\u00e1s ver destacadas las\u00a0 criptomonedas para depositos y <a href=\"https:\/\/www.esportsbets.com\/es\/guias\/como-retirar-dinero-de-roobet\/\">retiros en RooBet<\/a>, aunque hay otras opciones como <b>tarjetas de cr\u00e9dito, transferencias bancarias, Astropay, MuchBetter<\/b>, tambi\u00e9n puedes hacer tu dep\u00f3sito <b>Roobet Mercado Pago <\/b>y otras cripto plataformas como <b>Exodus, Coinbase y Binance.<\/b><\/li>\n<li><b>Comprar criptomonedas en Roobet:<\/b> S\u00ed no dispones de una billetera de criptomonedas, Roobet te permitir\u00e1 comprar tus criptomonedas en la misma plataforma. Roobet, tiene su propia criptomonedas la Roobido, la cual es una estable coin. Es decir, es uno a uno con el d\u00f3lar ( 1 Roobido: 1 USD). Por lo que, tu saldo en cuenta se ver\u00e1 reflejado en Roobidos.<\/li>\n<\/ul>\n<div class=\"highlight\">\n<h3 id='advertencia'>Advertencia<\/h3>\n<p>Al momento de realizar tu dep\u00f3sito, desde una billetera diferente a la plataforma de Roobet, es muy importante que verifiques la criptomoneda que vas a usar.\u00a0 Efectuar un dep\u00f3sito en una criptomoneda distinta a las ofrecidas en el men\u00fa de opciones de pago, podr\u00eda ocasionar la p\u00e9rdida definitiva de esos activos.<\/p>\n<\/div>\n<h2 id='gu%c3%ada-paso-a-paso-para-depositar-en-tu-cuenta-de-roobet'>Gu\u00eda paso a paso para depositar en tu cuenta de Roobet<\/h2>\n<p>Depositar en tu cuenta de Roobet, no es una tarea dif\u00edcil o que debamos tomar un instructivo de horas para lograrlo, es un proceso sencillo e intuitivo. Sin embargo, ac\u00e1 te dejamos nuestra gu\u00eda paso a paso para que recargues tu cuenta de Roobet, de manera sencilla.<\/p>\n<h3 id='paso-1-ingresa-tu-cuenta-de-roobet'>Paso 1. Ingresa tu cuenta de Roobet<\/h3>\n<p>Entra a tu cuenta usando tu usuario y contrase\u00f1a, una vez en tu cuenta ve a la secci\u00f3n de caja o busca el bot\u00f3n depositar.<\/p>\n<p><img loading=\"lazy\" decoding=\"async\" class=\"size-full wp-image-2695 aligncenter\" src=\"https:\/\/www.esportsbets.com\/es\/wp-content\/uploads\/sites\/4\/2024\/03\/comprar-para-depositar-en-roobet.jpg\" alt=\"comprar para depositar en roobet\" width=\"800\" height=\"450\" srcset=\"https:\/\/www.esportsbets.com\/es\/wp-content\/uploads\/sites\/4\/2024\/03\/comprar-para-depositar-en-roobet.jpg 800w, https:\/\/www.esportsbets.com\/es\/wp-content\/uploads\/sites\/4\/2024\/03\/comprar-para-depositar-en-roobet-300x169.jpg 300w, https:\/\/www.esportsbets.com\/es\/wp-content\/uploads\/sites\/4\/2024\/03\/comprar-para-depositar-en-roobet-768x432.jpg 768w\" sizes=\"auto, (max-width: 800px) 100vw, 800px\" \/><\/p>\n<h3 id='paso-2-inicia-el-proceso-de-dep%c3%b3sito'>Paso 2. Inicia el proceso de dep\u00f3sito<\/h3>\n<p>Una vez ubiques el bot\u00f3n depositar, accionalo. La plataforma desplegar\u00e1 el men\u00fa de opciones de pago.<\/p>\n<h3 id='paso-3-elige-la-opci%c3%b3n-de-tu-preferencia'>Paso 3. Elige la opci\u00f3n de tu preferencia<\/h3>\n<p>Elige el m\u00e9todo de pago con el que te sientas m\u00e1s c\u00f3modo y con el que tengas una billetera. Copia la direcci\u00f3n de la billetera de la criptomoneda elegida en la plataforma. Ve a la plataforma desde la que vas a transferir y pega la direcci\u00f3n de la billetera de Roobet.<\/p>\n<p>Espera la confirmaci\u00f3n de la transferencia, en algunas plataformas como Exodus, Coinbase o Blockchain, el proceso suele ser al instante o toma de una a dos horas.<\/p>\n<p>Si al cabo del tiempo estipulado el\u00a0 saldo transferido no aparece en tu cuenta Roobet, puedes verificar el estatus de la transferencia a trav\u00e9s de la billetera de origen usando el n\u00famero de identificaci\u00f3n de la transacci\u00f3n.<\/p>\n<h3 id='paso-4-otros-m%c3%a9todos-de-pago'>Paso 4. Otros M\u00e9todos de pago<\/h3>\n<p>Si eliges la opci\u00f3n otros m\u00e9todos de pago (\u00faltima l\u00ednea del men\u00fa de opciones), la plataforma desplegar\u00e1 un submen\u00fa con las opciones de pago aceptadas, si alguna no aparece en el men\u00fa es que no est\u00e1 disponible en la regi\u00f3n.<\/p>\n<p>All\u00ed deber\u00e1s elegir la opci\u00f3n que deseas usar para transferir, sigue las instrucciones de la opci\u00f3n de pago elegida.<\/p>\n\n<table id=\"tablepress-21\" class=\"tablepress tablepress-id-21\">\n<thead>\n<tr class=\"row-1 odd\">\n\t<th class=\"column-1\">M\u00e9todos de Pago<\/th><th class=\"column-2\">Tiempo de Procesamiento<\/th><th class=\"column-3\">L\u00edmites<\/th>\n<\/tr>\n<\/thead>\n<tbody class=\"row-hover\">\n<tr class=\"row-2 even\">\n\t<td class=\"column-1\">Bitcoin<\/td><td class=\"column-2\">indefinido<\/td><td class=\"column-3\">$1\/no indica<\/td>\n<\/tr>\n<tr class=\"row-3 odd\">\n\t<td class=\"column-1\">Tether<\/td><td class=\"column-2\">De 10 a 15 minutos<\/td><td class=\"column-3\">$1\/No indica<\/td>\n<\/tr>\n<tr class=\"row-4 even\">\n\t<td class=\"column-1\">USDC<\/td><td class=\"column-2\">De 10 a 15 minutos<\/td><td class=\"column-3\">$1\/No indica<\/td>\n<\/tr>\n<tr class=\"row-5 odd\">\n\t<td class=\"column-1\">Ethereum<\/td><td class=\"column-2\">De 10 a 15 minutos<\/td><td class=\"column-3\">$1\/No indica<\/td>\n<\/tr>\n<tr class=\"row-6 even\">\n\t<td class=\"column-1\">Ripple<\/td><td class=\"column-2\">De 10 a 15 minutos<\/td><td class=\"column-3\">$1\/No indica<\/td>\n<\/tr>\n<tr class=\"row-7 odd\">\n\t<td class=\"column-1\">Litecoin<\/td><td class=\"column-2\">De 10 a 15 minutos<\/td><td class=\"column-3\">$1\/No indica<\/td>\n<\/tr>\n<tr class=\"row-8 even\">\n\t<td class=\"column-1\">Dogecoin<\/td><td class=\"column-2\">De 10 a 15 minutos<\/td><td class=\"column-3\">$1\/No indica<\/td>\n<\/tr>\n<tr class=\"row-9 odd\">\n\t<td class=\"column-1\">Tarjeta de Cr\u00e9dito<\/td><td class=\"column-2\">No indica<\/td><td class=\"column-3\">$10 a $5.000<\/td>\n<\/tr>\n<tr class=\"row-10 even\">\n\t<td class=\"column-1\">Transferencia Bancaria<\/td><td class=\"column-2\">De 3 a 5 horas<\/td><td class=\"column-3\">$10 a $5.000<\/td>\n<\/tr>\n<tr class=\"row-11 odd\">\n\t<td class=\"column-1\">Astropay<\/td><td class=\"column-2\">De 10 minutos a 1 hora<\/td><td class=\"column-3\">$10 a $10.000<\/td>\n<\/tr>\n<tr class=\"row-12 even\">\n\t<td class=\"column-1\">MuchBetter<\/td><td class=\"column-2\">De 10 minutos a 1 hora<\/td><td class=\"column-3\">$10 a $10.000<\/td>\n<\/tr>\n<\/tbody>\n<\/table>\n\n<h2 id='conclusi%c3%b3n'>Conclusi\u00f3n<\/h2>\n<p>En conclusi\u00f3n, entender c\u00f3mo depositar en Roobet es clave para disfrutar al m\u00e1ximo de los cripto casinos. Siguiendo los pasos correctamente, como verificar tu identidad y elegir el m\u00e9todo de pago adecuado, puedes hacer dep\u00f3sitos de manera f\u00e1cil y sin problemas. \u00a1As\u00ed que prep\u00e1rate para divertirte y jugar responsablemente!<\/p>\n<p>[cta id=6076 type=cta]<\/p>\n","protected":false},"excerpt":{"rendered":"<p>Los cripto casinos est\u00e1n marcando la pauta hoy d\u00eda en el mercado de las apuestas deportivas y casinos online. Pero, hay&hellip;<\/p>\n","protected":false},"author":117,"featured_media":2692,"parent":17,"menu_order":0,"comment_status":"closed","ping_status":"closed","template":"","meta":{"_stopmodifiedupdate":false,"_modified_date":"","footnotes":""},"class_list":["post-2684","page","type-page","status-publish","has-post-thumbnail","hentry"],"acf":[],"yoast_head":"<!-- This site is optimized with the Yoast SEO plugin v20.11 - https:\/\/yoast.com\/wordpress\/plugins\/seo\/ -->\n<title>C\u00f3mo depositar en Roobet \u25b7 Gu\u00eda paso a paso<\/title>\n<meta name=\"description\" content=\"En nuestra gu\u00eda paso a paso aprender\u00e1s c\u00f3mo depositar en Roobet exitosamente. Compartiremos contigo algunos datos importantes\" \/>\n<meta name=\"robots\" content=\"index, follow, max-snippet:-1, max-image-preview:large, max-video-preview:-1\" \/>\n<link rel=\"canonical\" href=\"https:\/\/www.esportsbets.com\/es\/guias\/como-depositar-en-roobet\/\" \/>\n<meta property=\"og:locale\" content=\"es_ES\" \/>\n<meta property=\"og:type\" content=\"article\" \/>\n<meta property=\"og:title\" content=\"C\u00f3mo depositar en Roobet \u25b7 Gu\u00eda paso a paso\" \/>\n<meta property=\"og:description\" content=\"En nuestra gu\u00eda paso a paso aprender\u00e1s c\u00f3mo depositar en Roobet exitosamente. Compartiremos contigo algunos datos importantes\" \/>\n<meta property=\"og:url\" content=\"https:\/\/www.esportsbets.com\/es\/guias\/como-depositar-en-roobet\/\" \/>\n<meta property=\"og:site_name\" content=\"EsportsBets ES\" \/>\n<meta property=\"article:modified_time\" content=\"2025-02-05T03:11:59+00:00\" \/>\n<meta property=\"og:image\" content=\"https:\/\/www.esportsbets.com\/es\/wp-content\/uploads\/sites\/4\/2024\/03\/como-depositar-en-roobet.jpg\" \/>\n\t<meta property=\"og:image:width\" content=\"800\" \/>\n\t<meta property=\"og:image:height\" content=\"450\" \/>\n\t<meta property=\"og:image:type\" content=\"image\/jpeg\" \/>\n<meta name=\"twitter:card\" content=\"summary_large_image\" \/>\n<meta name=\"twitter:label1\" content=\"Tiempo de lectura\" \/>\n\t<meta name=\"twitter:data1\" content=\"4 minutos\" \/>\n<script type=\"application\/ld+json\" class=\"yoast-schema-graph\">{\"@context\":\"https:\/\/schema.org\",\"@graph\":[{\"@type\":\"WebPage\",\"@id\":\"https:\/\/www.esportsbets.com\/es\/guias\/como-depositar-en-roobet\/\",\"url\":\"https:\/\/www.esportsbets.com\/es\/guias\/como-depositar-en-roobet\/\",\"name\":\"C\u00f3mo depositar en Roobet \u25b7 Gu\u00eda paso a paso\",\"isPartOf\":{\"@id\":\"https:\/\/www.esportsbets.com\/es\/#website\"},\"datePublished\":\"2024-03-13T01:17:36+00:00\",\"dateModified\":\"2025-02-05T03:11:59+00:00\",\"description\":\"En nuestra gu\u00eda paso a paso aprender\u00e1s c\u00f3mo depositar en Roobet exitosamente. Compartiremos contigo algunos datos importantes\",\"breadcrumb\":{\"@id\":\"https:\/\/www.esportsbets.com\/es\/guias\/como-depositar-en-roobet\/#breadcrumb\"},\"inLanguage\":\"es\",\"potentialAction\":[{\"@type\":\"ReadAction\",\"target\":[\"https:\/\/www.esportsbets.com\/es\/guias\/como-depositar-en-roobet\/\"]}]},{\"@type\":\"BreadcrumbList\",\"@id\":\"https:\/\/www.esportsbets.com\/es\/guias\/como-depositar-en-roobet\/#breadcrumb\",\"itemListElement\":[{\"@type\":\"ListItem\",\"position\":1,\"name\":\"Home\",\"item\":\"https:\/\/www.esportsbets.com\/es\/\"},{\"@type\":\"ListItem\",\"position\":2,\"name\":\"Gu\u00edas de Apuestas: Todo lo que necesitas para aprender a apostar en esports\",\"item\":\"https:\/\/www.esportsbets.com\/es\/guias\/\"},{\"@type\":\"ListItem\",\"position\":3,\"name\":\"\u00bfC\u00f3mo depositar en Roobet? Haz tu primer dep\u00f3sito y empieza el juego\"}]},{\"@type\":\"WebSite\",\"@id\":\"https:\/\/www.esportsbets.com\/es\/#website\",\"url\":\"https:\/\/www.esportsbets.com\/es\/\",\"name\":\"EsportsBets ES\",\"description\":\"\",\"publisher\":{\"@id\":\"https:\/\/www.esportsbets.com\/es\/#organization\"},\"potentialAction\":[{\"@type\":\"SearchAction\",\"target\":{\"@type\":\"EntryPoint\",\"urlTemplate\":\"https:\/\/www.esportsbets.com\/es\/?s={search_term_string}\"},\"query-input\":\"required name=search_term_string\"}],\"inLanguage\":\"es\"},{\"@type\":\"Organization\",\"@id\":\"https:\/\/www.esportsbets.com\/es\/#organization\",\"name\":\"EsportsBets ES\",\"url\":\"https:\/\/www.esportsbets.com\/es\/\",\"logo\":{\"@type\":\"ImageObject\",\"inLanguage\":\"es\",\"@id\":\"https:\/\/www.esportsbets.com\/es\/#\/schema\/logo\/image\/\",\"url\":\"https:\/\/www.esportsbets.com\/es\/wp-content\/uploads\/sites\/4\/2024\/01\/logo.png\",\"contentUrl\":\"https:\/\/www.esportsbets.com\/es\/wp-content\/uploads\/sites\/4\/2024\/01\/logo.png\",\"width\":1956,\"height\":337,\"caption\":\"EsportsBets ES\"},\"image\":{\"@id\":\"https:\/\/www.esportsbets.com\/es\/#\/schema\/logo\/image\/\"}}]}<\/script>\n<!-- \/ Yoast SEO plugin. -->","yoast_head_json":{"title":"C\u00f3mo depositar en Roobet \u25b7 Gu\u00eda paso a paso","description":"En nuestra gu\u00eda paso a paso aprender\u00e1s c\u00f3mo depositar en Roobet exitosamente. Compartiremos contigo algunos datos importantes","robots":{"index":"index","follow":"follow","max-snippet":"max-snippet:-1","max-image-preview":"max-image-preview:large","max-video-preview":"max-video-preview:-1"},"canonical":"https:\/\/www.esportsbets.com\/es\/guias\/como-depositar-en-roobet\/","og_locale":"es_ES","og_type":"article","og_title":"C\u00f3mo depositar en Roobet \u25b7 Gu\u00eda paso a paso","og_description":"En nuestra gu\u00eda paso a paso aprender\u00e1s c\u00f3mo depositar en Roobet exitosamente. Compartiremos contigo algunos datos importantes","og_url":"https:\/\/www.esportsbets.com\/es\/guias\/como-depositar-en-roobet\/","og_site_name":"EsportsBets ES","article_modified_time":"2025-02-05T03:11:59+00:00","og_image":[{"width":800,"height":450,"url":"https:\/\/www.esportsbets.com\/es\/wp-content\/uploads\/sites\/4\/2024\/03\/como-depositar-en-roobet.jpg","type":"image\/jpeg"}],"twitter_card":"summary_large_image","twitter_misc":{"Tiempo de lectura":"4 minutos"},"schema":{"@context":"https:\/\/schema.org","@graph":[{"@type":"WebPage","@id":"https:\/\/www.esportsbets.com\/es\/guias\/como-depositar-en-roobet\/","url":"https:\/\/www.esportsbets.com\/es\/guias\/como-depositar-en-roobet\/","name":"C\u00f3mo depositar en Roobet \u25b7 Gu\u00eda paso a paso","isPartOf":{"@id":"https:\/\/www.esportsbets.com\/es\/#website"},"datePublished":"2024-03-13T01:17:36+00:00","dateModified":"2025-02-05T03:11:59+00:00","description":"En nuestra gu\u00eda paso a paso aprender\u00e1s c\u00f3mo depositar en Roobet exitosamente. Compartiremos contigo algunos datos importantes","breadcrumb":{"@id":"https:\/\/www.esportsbets.com\/es\/guias\/como-depositar-en-roobet\/#breadcrumb"},"inLanguage":"es","potentialAction":[{"@type":"ReadAction","target":["https:\/\/www.esportsbets.com\/es\/guias\/como-depositar-en-roobet\/"]}]},{"@type":"BreadcrumbList","@id":"https:\/\/www.esportsbets.com\/es\/guias\/como-depositar-en-roobet\/#breadcrumb","itemListElement":[{"@type":"ListItem","position":1,"name":"Home","item":"https:\/\/www.esportsbets.com\/es\/"},{"@type":"ListItem","position":2,"name":"Gu\u00edas de Apuestas: Todo lo que necesitas para aprender a apostar en esports","item":"https:\/\/www.esportsbets.com\/es\/guias\/"},{"@type":"ListItem","position":3,"name":"\u00bfC\u00f3mo depositar en Roobet? Haz tu primer dep\u00f3sito y empieza el juego"}]},{"@type":"WebSite","@id":"https:\/\/www.esportsbets.com\/es\/#website","url":"https:\/\/www.esportsbets.com\/es\/","name":"EsportsBets ES","description":"","publisher":{"@id":"https:\/\/www.esportsbets.com\/es\/#organization"},"potentialAction":[{"@type":"SearchAction","target":{"@type":"EntryPoint","urlTemplate":"https:\/\/www.esportsbets.com\/es\/?s={search_term_string}"},"query-input":"required name=search_term_string"}],"inLanguage":"es"},{"@type":"Organization","@id":"https:\/\/www.esportsbets.com\/es\/#organization","name":"EsportsBets ES","url":"https:\/\/www.esportsbets.com\/es\/","logo":{"@type":"ImageObject","inLanguage":"es","@id":"https:\/\/www.esportsbets.com\/es\/#\/schema\/logo\/image\/","url":"https:\/\/www.esportsbets.com\/es\/wp-content\/uploads\/sites\/4\/2024\/01\/logo.png","contentUrl":"https:\/\/www.esportsbets.com\/es\/wp-content\/uploads\/sites\/4\/2024\/01\/logo.png","width":1956,"height":337,"caption":"EsportsBets ES"},"image":{"@id":"https:\/\/www.esportsbets.com\/es\/#\/schema\/logo\/image\/"}}]}},"_links":{"self":[{"href":"https:\/\/www.esportsbets.com\/es\/wp-json\/wp\/v2\/pages\/2684","targetHints":{"allow":["GET"]}}],"collection":[{"href":"https:\/\/www.esportsbets.com\/es\/wp-json\/wp\/v2\/pages"}],"about":[{"href":"https:\/\/www.esportsbets.com\/es\/wp-json\/wp\/v2\/types\/page"}],"author":[{"embeddable":true,"href":"https:\/\/www.esportsbets.com\/es\/wp-json\/wp\/v2\/users\/117"}],"replies":[{"embeddable":true,"href":"https:\/\/www.esportsbets.com\/es\/wp-json\/wp\/v2\/comments?post=2684"}],"version-history":[{"count":1,"href":"https:\/\/www.esportsbets.com\/es\/wp-json\/wp\/v2\/pages\/2684\/revisions"}],"predecessor-version":[{"id":5197,"href":"https:\/\/www.esportsbets.com\/es\/wp-json\/wp\/v2\/pages\/2684\/revisions\/5197"}],"up":[{"embeddable":true,"href":"https:\/\/www.esportsbets.com\/es\/wp-json\/wp\/v2\/pages\/17"}],"wp:featuredmedia":[{"embeddable":true,"href":"https:\/\/www.esportsbets.com\/es\/wp-json\/wp\/v2\/media\/2692"}],"wp:attachment":[{"href":"https:\/\/www.esportsbets.com\/es\/wp-json\/wp\/v2\/media?parent=2684"}],"curies":[{"name":"wp","href":"https:\/\/api.w.org\/{rel}","templated":true}]}}