{"id":2702,"date":"2024-03-13T01:57:18","date_gmt":"2024-03-13T01:57:18","guid":{"rendered":"https:\/\/www.esportsbets.com\/es\/?page_id=2702"},"modified":"2024-03-13T09:09:24","modified_gmt":"2024-03-13T09:09:24","slug":"como-retirar-dinero-de-roobet","status":"publish","type":"page","link":"https:\/\/www.esportsbets.com\/es\/guias\/como-retirar-dinero-de-roobet\/","title":{"rendered":"\u00bfC\u00f3mo retirar dinero de Roobet? Conoce tus medios y saca tus ganancias"},"content":{"rendered":"<p>Retirar dinero de Roobet uno de los cripto casinos con m\u00e1s prestigio y mayor crecimiento anual. No es algo debamos solicitar la ayuda de un experto. En esta gu\u00eda detallada te ense\u00f1amos a c\u00f3mo retirar dinero de Roobet con unos simples pasos.<\/p>\n<p>[cta id=6076 type=cta]<\/p>\n<p>Adem\u00e1s, te traemos algunas recomendaciones y datos importantes que te ayudar\u00e1n a efectuar tu retiro con \u00e9xito y tener mejores <a href=\"https:\/\/www.esportsbets.com\/es\/opiniones\/roobet\/\">opiniones sobre Roobet<\/a>.<\/p>\n<h2 id='recomendaciones-para-un-retiro-efectivo-de-tu-cuenta-de-roobet'><strong>Recomendaciones para un retiro efectivo de tu cuenta de Roobet<\/strong><\/h2>\n<p>Al momento de retirar dinero de tu cuenta de Roobet, primeramente deber\u00e1s haber verificado tu identidad, suministrando los datos necesarios. De hecho, si no lo haces no podr\u00e1s siquiera efectuar un dep\u00f3sito.<\/p>\n<p>Este aspecto es crucial para todos los procesos en la plataforma, a continuaci\u00f3n compartimos algunas recomendaciones y datos que si los tomas en consideraci\u00f3n no tendr\u00e1s ning\u00fan inconveniente con tus retiros.<\/p>\n<p><img loading=\"lazy\" decoding=\"async\" class=\"size-full wp-image-2709 aligncenter\" src=\"https:\/\/www.esportsbets.com\/es\/wp-content\/uploads\/sites\/4\/2024\/03\/como-retirar-dinero-de-roobet.jpg\" alt=\"como retirar dinero de roobet\" width=\"800\" height=\"450\" srcset=\"https:\/\/www.esportsbets.com\/es\/wp-content\/uploads\/sites\/4\/2024\/03\/como-retirar-dinero-de-roobet.jpg 800w, https:\/\/www.esportsbets.com\/es\/wp-content\/uploads\/sites\/4\/2024\/03\/como-retirar-dinero-de-roobet-300x169.jpg 300w, https:\/\/www.esportsbets.com\/es\/wp-content\/uploads\/sites\/4\/2024\/03\/como-retirar-dinero-de-roobet-768x432.jpg 768w\" sizes=\"auto, (max-width: 800px) 100vw, 800px\" \/><\/p>\n<p>Aparte de la verificaci\u00f3n de identidad, la plataforma te solicita la verificaci\u00f3n en dos pasos o de nivel 2, para procesar tus retiros. Para ello, te recomendamos instalar una App 2FA, la plataforma Roobet, sugiere Authy, aunque tambi\u00e9n puede ser el Google Authenticator.<\/p>\n<div class=\"highlight\">\n<p><b>NOTA<\/b>: El objetivo de estas App 2FA, es generar un c\u00f3digo que te permita el acceso a t\u00fa cuenta, depositar o retirar fondos.Otra recomendaci\u00f3n es que cuentes con una billetera en una plataforma o exchange reconocido, de esta manera recibir\u00e1s la criptomoneda y no dinero Fiat.<\/p>\n<\/div>\n<p>Otro aspecto importante en el proceso de retirada es que Roobet no puede establecer l\u00edmites de tiempo de las transacciones debido a que no depende propiamente de la plataforma sino de Blockchain. Roobet, procesa los retiros instant\u00e1neamente pero, dependiendo del volumen de transacciones en Blockchain llegar\u00e1 tu saldo a la opci\u00f3n de retiro destino.<\/p>\n<h2 id='gu%c3%ada-paso-a-paso-para-retirar-dinero-de-roobet'><strong>Gu\u00eda paso a paso para retirar dinero de Roobet<\/strong><\/h2>\n<p>Si ya has verificado tu identidad y cuentas con la verificaci\u00f3n 2FA, y deseas retirar dinero de tu cuenta de Roobet. Lo siguiente es proceder a efectuar tu primer retiro, siguiendo los pasos de esta gu\u00eda detallada conseguir\u00e1s un retiro exitoso.<\/p>\n<p>Comenzaremos explicando el proceso de manera general, para luego en los bloques siguientes ahondar en los retiros con diversos m\u00e9todos de retiro, como tarjeta de cr\u00e9dito y billeteras electr\u00f3nicas.<\/p>\n<h3 id='paso-1-ingresa-a-tu-cuenta-de-roobet'><strong>Paso 1. Ingresa a tu cuenta de Roobet<\/strong><\/h3>\n<p>Ingresa a tu cuenta utilizando tu usuario, contrase\u00f1a y c\u00f3digo de verificaci\u00f3n 2FA.<\/p>\n<h3 id='paso-2-dir%c3%adgete-a-la-secci%c3%b3n-de-caja'><strong>Paso 2. Dir\u00edgete a la secci\u00f3n de caja<\/strong><\/h3>\n<p>Para ello, acciona el bot\u00f3n \u201cDepositar\u201d como si fueras a hacer un <a href=\"https:\/\/www.esportsbets.com\/es\/guias\/como-depositar-en-roobet\/\">dep\u00f3sito en Roobet<\/a>, luego elige \u201cRetiro\u201d en el men\u00fa de opciones de pago.<\/p>\n<p><img loading=\"lazy\" decoding=\"async\" class=\"size-full wp-image-2713 aligncenter\" src=\"https:\/\/www.esportsbets.com\/es\/wp-content\/uploads\/sites\/4\/2024\/03\/retirar-dinero-en-roobet.jpg\" alt=\"retirar dinero en roobet\" width=\"800\" height=\"450\" srcset=\"https:\/\/www.esportsbets.com\/es\/wp-content\/uploads\/sites\/4\/2024\/03\/retirar-dinero-en-roobet.jpg 800w, https:\/\/www.esportsbets.com\/es\/wp-content\/uploads\/sites\/4\/2024\/03\/retirar-dinero-en-roobet-300x169.jpg 300w, https:\/\/www.esportsbets.com\/es\/wp-content\/uploads\/sites\/4\/2024\/03\/retirar-dinero-en-roobet-768x432.jpg 768w\" sizes=\"auto, (max-width: 800px) 100vw, 800px\" \/><\/p>\n<h3 id='paso3-elige-tu-opci%c3%b3n-de-retiro'><strong>Paso3. Elige tu opci\u00f3n de retiro<\/strong><\/h3>\n<p>Por defecto la plataforma muestra el men\u00fa de opciones de retiro en la criptodivisa Ethereum, si deseas retirar en otro m\u00e9todo, haz clic en la flecha de lista de opciones. Roobet desplegar\u00e1 todas las opciones disponibles en t\u00fa regi\u00f3n.<\/p>\n<h3 id='paso-4-sigue-las-instrucciones-de-la-opci%c3%b3n-de-retiro-elegida'><strong>Paso 4. Sigue las instrucciones de la opci\u00f3n de retiro elegida<\/strong><\/h3>\n<p>Si tu retiro es en alguna de las criptomonedas mostradas en el men\u00fa de opciones, la misma plataforma te guiar\u00e1 durante el proceso, no te preocupes es algo muy intuitivo.<\/p>\n<h3 id='paso-5-espera-la-confirmaci%c3%b3n-y-verificaci%c3%b3n-de-tu-retiro%c2%a0'><strong>Paso 5. Espera la confirmaci\u00f3n y verificaci\u00f3n de tu retiro\u00a0<\/strong><\/h3>\n<p>Dependiendo de la cripto que hayas elegido para tu retiro, ser\u00e1 el n\u00famero de verificaciones necesarias, por ejemplo; Bitcoin requiere de 3 verificaciones. Esta informaci\u00f3n podr\u00e1s verla al final del recuadro al momento de procesar tu retiro.<\/p>\n<h2 id='%c2%bfc%c3%b3mo-retirar-dinero-fiat-de-tu-cuenta-de-roobet'><strong>\u00bfC\u00f3mo retirar dinero Fiat de tu cuenta de Roobet?<\/strong><\/h2>\n<p>Entre las opciones de pago de Roobet est\u00e1 el retiro en efectivo, en este bloque te mostraremos:\u00a0 c\u00f3mo retirar dinero de Roobet en efectivo. C\u00f3mo ya te hemos ense\u00f1ado c\u00f3mo retirar de manera general, los siguientes bloques, incluido este, tendr\u00e1n menos pasos que mencionar, pero que tu sabes que debes incluirlos en tu proceso de retiro.<\/p>\n<h3 id='paso-1-selecciona-en-efectivo-en-el-men%c3%ba-de-opciones'><strong>Paso 1. Selecciona en efectivo en el men\u00fa de opciones<\/strong><\/h3>\n<p>Elige efectivo (Cash) y cripto en el men\u00fa de opciones de pago.<\/p>\n<h3 id='paso-2-elige-la-criptomoneda-de-la-que-vas-a-retirar'><strong>Paso 2. Elige la criptomoneda de la que vas a retirar<\/strong><\/h3>\n<p>Entre las opciones existentes elige la cripto de la que vas a retirar tu saldo. La plataforma Roobet, enviar\u00e1 tus fondos en esa criptomoneda.<\/p>\n<h3 id='paso-3-indica-la-direcci%c3%b3n-de-la-billetera-destino'><strong>Paso 3. Indica la direcci\u00f3n de la billetera destino<\/strong><\/h3>\n<p>Cumplido los pasos anteriores, indica la billetera destino, el monto a retirar y la prioridad que desees darle a la transacci\u00f3n. Luego, marca la casilla aceptando los t\u00e9rminos y condiciones y dem\u00e1s pol\u00edticas asociadas y haz clic en Retirar Fondos.<\/p>\n<h3 id='paso-4-indica-el-c%c3%b3digo-de-verificaci%c3%b3n-de-dos-factores'><strong>Paso 4. Indica el c\u00f3digo de verificaci\u00f3n de dos factores<\/strong><\/h3>\n<p>Lo siguiente es indicar el c\u00f3digo de verificaci\u00f3n de dos factores el cual recibir\u00e1s de la App de 2FA, a trav\u00e9s de SMS o correo electr\u00f3nico. Culminado el proceso, la transacci\u00f3n deber\u00e1 ser confirmada por Blockchain y el saldo se mostrar\u00e1 en la billetera destino.<\/p>\n<h2 id='otras-opciones-de-retiro'><strong>Otras opciones de retiro<\/strong><\/h2>\n<p>Entre las opciones de retiro en la plataforma Roobet, tambi\u00e9n podemos retirar saldo de nuestra cuenta a <b>tarjetas de cr\u00e9dito, Astropay y a t\u00fa cuenta bancaria<\/b>, entre otros m\u00e9todos permitidos en t\u00fa regi\u00f3n.<\/p>\n<ul>\n<li style=\"font-weight: 400\"><b>Retiro con tarjeta de cr\u00e9dito: <\/b>Similar a los retiros de dinero fiat, retirar saldo de tu cuenta Roobet a una tarjeta VISA o MasterCard. Deber\u00e1s elegir en el men\u00fa de retiro, Cash, dinero y tarjeta de cr\u00e9dito. Indica el monto que deseas retirar y el c\u00f3digo de verificaci\u00f3n 2FA, Ingresa los datos de tu tarjeta.\u00a0 Toma en cuenta que el retiro m\u00ednimo para tarjeta de cr\u00e9dito es de USD 15. Y el formulario con los datos de la tarjeta de cr\u00e9dito destino han de estar correctos.<\/li>\n<li style=\"font-weight: 400\"><b>Retiro de saldo con Astropay: <\/b>Para retirar dinero a t\u00fa billetera electr\u00f3nica Astropay, sigue los mismos pasos que para retirar con tarjeta de cr\u00e9dito; elige en el men\u00fa de retiro, Cash, dinero y Astropay. Indica el monto que deseas retirar y el c\u00f3digo de verificaci\u00f3n 2FA, e ingresa los datos de tu billetera Astropay.<\/li>\n<\/ul>\n<h3 id='m%c3%a9todos-de-retiro-y-l%c3%admites'><b>M\u00e9todos de retiro y l\u00edmites<\/b><\/h3>\n<p>Recordemos que los m\u00e9todos de pago en la plataforma Roobet, pueden cambiar de acuerdo a t\u00fa regi\u00f3n. De igual manera, puedes verificar las opciones locales en el men\u00fa de opciones de pago. Aqu\u00ed algunas de las opciones m\u00e1s empleadas para retiros. No se muestra el tiempo de transacci\u00f3n porque no depende de la plataforma Roobet, sino de Blockchain.<\/p>\n\n<table id=\"tablepress-23\" class=\"tablepress tablepress-id-23\">\n<thead>\n<tr class=\"row-1 odd\">\n\t<th class=\"column-1\">M\u00e9todo de retiro<\/th><th class=\"column-2\">Limites<\/th>\n<\/tr>\n<\/thead>\n<tbody class=\"row-hover\">\n<tr class=\"row-2 even\">\n\t<td class=\"column-1\">Bitcoin<\/td><td class=\"column-2\">$ 0.10\/ Sin l\u00edmite<\/td>\n<\/tr>\n<tr class=\"row-3 odd\">\n\t<td class=\"column-1\">Ethereum<\/td><td class=\"column-2\">$ 0.10\/ Sin l\u00edmite<\/td>\n<\/tr>\n<tr class=\"row-4 even\">\n\t<td class=\"column-1\">Litecoin<\/td><td class=\"column-2\">$ 0.10\/ Sin l\u00edmite<\/td>\n<\/tr>\n<tr class=\"row-5 odd\">\n\t<td class=\"column-1\">Visa\/MasterCard<\/td><td class=\"column-2\">$ 15\/ $ 10.000<\/td>\n<\/tr>\n<tr class=\"row-6 even\">\n\t<td class=\"column-1\">Astropay<\/td><td class=\"column-2\">$ 15\/ $ 10.000<\/td>\n<\/tr>\n<tr class=\"row-7 odd\">\n\t<td class=\"column-1\">Transferencias Bancarias<\/td><td class=\"column-2\">$ 15\/ No indica<\/td>\n<\/tr>\n<\/tbody>\n<\/table>\n<!-- #tablepress-23 from cache -->\n<p>[cta id=6076 type=cta]<\/p>\n","protected":false},"excerpt":{"rendered":"<p>Retirar dinero de Roobet uno de los cripto casinos con m\u00e1s prestigio y mayor crecimiento anual. No es algo debamos solicitar&hellip;<\/p>\n","protected":false},"author":117,"featured_media":2709,"parent":17,"menu_order":0,"comment_status":"closed","ping_status":"closed","template":"","meta":{"_stopmodifiedupdate":true,"_modified_date":"","footnotes":""},"class_list":["post-2702","page","type-page","status-publish","has-post-thumbnail","hentry"],"acf":[],"yoast_head":"<!-- This site is optimized with the Yoast SEO plugin v20.11 - https:\/\/yoast.com\/wordpress\/plugins\/seo\/ -->\n<title>\u00bfC\u00f3mo retirar dinero de Roobet? \u25b7 Gu\u00eda completa paso a paso<\/title>\n<meta name=\"description\" content=\"Una gu\u00eda detallada que te ense\u00f1a a c\u00f3mo retirar dinero de Roobet de manera exitosa\" \/>\n<meta name=\"robots\" content=\"index, follow, max-snippet:-1, max-image-preview:large, max-video-preview:-1\" \/>\n<link rel=\"canonical\" href=\"https:\/\/www.esportsbets.com\/es\/guias\/como-retirar-dinero-de-roobet\/\" \/>\n<meta property=\"og:locale\" content=\"es_ES\" \/>\n<meta property=\"og:type\" content=\"article\" \/>\n<meta property=\"og:title\" content=\"\u00bfC\u00f3mo retirar dinero de Roobet? \u25b7 Gu\u00eda completa paso a paso\" \/>\n<meta property=\"og:description\" content=\"Una gu\u00eda detallada que te ense\u00f1a a c\u00f3mo retirar dinero de Roobet de manera exitosa\" \/>\n<meta property=\"og:url\" content=\"https:\/\/www.esportsbets.com\/es\/guias\/como-retirar-dinero-de-roobet\/\" \/>\n<meta property=\"og:site_name\" content=\"EsportsBets ES\" \/>\n<meta property=\"article:modified_time\" content=\"2024-03-13T09:09:24+00:00\" \/>\n<meta property=\"og:image\" content=\"https:\/\/www.esportsbets.com\/es\/wp-content\/uploads\/sites\/4\/2024\/03\/como-retirar-dinero-de-roobet.jpg\" \/>\n\t<meta property=\"og:image:width\" content=\"800\" \/>\n\t<meta property=\"og:image:height\" content=\"450\" \/>\n\t<meta property=\"og:image:type\" content=\"image\/jpeg\" \/>\n<meta name=\"twitter:card\" content=\"summary_large_image\" \/>\n<meta name=\"twitter:label1\" content=\"Tiempo de lectura\" \/>\n\t<meta name=\"twitter:data1\" content=\"6 minutos\" \/>\n<script type=\"application\/ld+json\" class=\"yoast-schema-graph\">{\"@context\":\"https:\/\/schema.org\",\"@graph\":[{\"@type\":\"WebPage\",\"@id\":\"https:\/\/www.esportsbets.com\/es\/guias\/como-retirar-dinero-de-roobet\/\",\"url\":\"https:\/\/www.esportsbets.com\/es\/guias\/como-retirar-dinero-de-roobet\/\",\"name\":\"\u00bfC\u00f3mo retirar dinero de Roobet? \u25b7 Gu\u00eda completa paso a paso\",\"isPartOf\":{\"@id\":\"https:\/\/www.esportsbets.com\/es\/#website\"},\"datePublished\":\"2024-03-13T01:57:18+00:00\",\"dateModified\":\"2024-03-13T09:09:24+00:00\",\"description\":\"Una gu\u00eda detallada que te ense\u00f1a a c\u00f3mo retirar dinero de Roobet de manera exitosa\",\"breadcrumb\":{\"@id\":\"https:\/\/www.esportsbets.com\/es\/guias\/como-retirar-dinero-de-roobet\/#breadcrumb\"},\"inLanguage\":\"es\",\"potentialAction\":[{\"@type\":\"ReadAction\",\"target\":[\"https:\/\/www.esportsbets.com\/es\/guias\/como-retirar-dinero-de-roobet\/\"]}]},{\"@type\":\"BreadcrumbList\",\"@id\":\"https:\/\/www.esportsbets.com\/es\/guias\/como-retirar-dinero-de-roobet\/#breadcrumb\",\"itemListElement\":[{\"@type\":\"ListItem\",\"position\":1,\"name\":\"Home\",\"item\":\"https:\/\/www.esportsbets.com\/es\/\"},{\"@type\":\"ListItem\",\"position\":2,\"name\":\"Gu\u00edas de Apuestas: Todo lo que necesitas para aprender a apostar en esports\",\"item\":\"https:\/\/www.esportsbets.com\/es\/guias\/\"},{\"@type\":\"ListItem\",\"position\":3,\"name\":\"\u00bfC\u00f3mo retirar dinero de Roobet? Conoce tus medios y saca tus ganancias\"}]},{\"@type\":\"WebSite\",\"@id\":\"https:\/\/www.esportsbets.com\/es\/#website\",\"url\":\"https:\/\/www.esportsbets.com\/es\/\",\"name\":\"EsportsBets ES\",\"description\":\"\",\"publisher\":{\"@id\":\"https:\/\/www.esportsbets.com\/es\/#organization\"},\"potentialAction\":[{\"@type\":\"SearchAction\",\"target\":{\"@type\":\"EntryPoint\",\"urlTemplate\":\"https:\/\/www.esportsbets.com\/es\/?s={search_term_string}\"},\"query-input\":\"required name=search_term_string\"}],\"inLanguage\":\"es\"},{\"@type\":\"Organization\",\"@id\":\"https:\/\/www.esportsbets.com\/es\/#organization\",\"name\":\"EsportsBets ES\",\"url\":\"https:\/\/www.esportsbets.com\/es\/\",\"logo\":{\"@type\":\"ImageObject\",\"inLanguage\":\"es\",\"@id\":\"https:\/\/www.esportsbets.com\/es\/#\/schema\/logo\/image\/\",\"url\":\"https:\/\/www.esportsbets.com\/es\/wp-content\/uploads\/sites\/4\/2024\/01\/logo.png\",\"contentUrl\":\"https:\/\/www.esportsbets.com\/es\/wp-content\/uploads\/sites\/4\/2024\/01\/logo.png\",\"width\":1956,\"height\":337,\"caption\":\"EsportsBets ES\"},\"image\":{\"@id\":\"https:\/\/www.esportsbets.com\/es\/#\/schema\/logo\/image\/\"}}]}<\/script>\n<!-- \/ Yoast SEO plugin. -->","yoast_head_json":{"title":"\u00bfC\u00f3mo retirar dinero de Roobet? \u25b7 Gu\u00eda completa paso a paso","description":"Una gu\u00eda detallada que te ense\u00f1a a c\u00f3mo retirar dinero de Roobet de manera exitosa","robots":{"index":"index","follow":"follow","max-snippet":"max-snippet:-1","max-image-preview":"max-image-preview:large","max-video-preview":"max-video-preview:-1"},"canonical":"https:\/\/www.esportsbets.com\/es\/guias\/como-retirar-dinero-de-roobet\/","og_locale":"es_ES","og_type":"article","og_title":"\u00bfC\u00f3mo retirar dinero de Roobet? \u25b7 Gu\u00eda completa paso a paso","og_description":"Una gu\u00eda detallada que te ense\u00f1a a c\u00f3mo retirar dinero de Roobet de manera exitosa","og_url":"https:\/\/www.esportsbets.com\/es\/guias\/como-retirar-dinero-de-roobet\/","og_site_name":"EsportsBets ES","article_modified_time":"2024-03-13T09:09:24+00:00","og_image":[{"width":800,"height":450,"url":"https:\/\/www.esportsbets.com\/es\/wp-content\/uploads\/sites\/4\/2024\/03\/como-retirar-dinero-de-roobet.jpg","type":"image\/jpeg"}],"twitter_card":"summary_large_image","twitter_misc":{"Tiempo de lectura":"6 minutos"},"schema":{"@context":"https:\/\/schema.org","@graph":[{"@type":"WebPage","@id":"https:\/\/www.esportsbets.com\/es\/guias\/como-retirar-dinero-de-roobet\/","url":"https:\/\/www.esportsbets.com\/es\/guias\/como-retirar-dinero-de-roobet\/","name":"\u00bfC\u00f3mo retirar dinero de Roobet? \u25b7 Gu\u00eda completa paso a paso","isPartOf":{"@id":"https:\/\/www.esportsbets.com\/es\/#website"},"datePublished":"2024-03-13T01:57:18+00:00","dateModified":"2024-03-13T09:09:24+00:00","description":"Una gu\u00eda detallada que te ense\u00f1a a c\u00f3mo retirar dinero de Roobet de manera exitosa","breadcrumb":{"@id":"https:\/\/www.esportsbets.com\/es\/guias\/como-retirar-dinero-de-roobet\/#breadcrumb"},"inLanguage":"es","potentialAction":[{"@type":"ReadAction","target":["https:\/\/www.esportsbets.com\/es\/guias\/como-retirar-dinero-de-roobet\/"]}]},{"@type":"BreadcrumbList","@id":"https:\/\/www.esportsbets.com\/es\/guias\/como-retirar-dinero-de-roobet\/#breadcrumb","itemListElement":[{"@type":"ListItem","position":1,"name":"Home","item":"https:\/\/www.esportsbets.com\/es\/"},{"@type":"ListItem","position":2,"name":"Gu\u00edas de Apuestas: Todo lo que necesitas para aprender a apostar en esports","item":"https:\/\/www.esportsbets.com\/es\/guias\/"},{"@type":"ListItem","position":3,"name":"\u00bfC\u00f3mo retirar dinero de Roobet? Conoce tus medios y saca tus ganancias"}]},{"@type":"WebSite","@id":"https:\/\/www.esportsbets.com\/es\/#website","url":"https:\/\/www.esportsbets.com\/es\/","name":"EsportsBets ES","description":"","publisher":{"@id":"https:\/\/www.esportsbets.com\/es\/#organization"},"potentialAction":[{"@type":"SearchAction","target":{"@type":"EntryPoint","urlTemplate":"https:\/\/www.esportsbets.com\/es\/?s={search_term_string}"},"query-input":"required name=search_term_string"}],"inLanguage":"es"},{"@type":"Organization","@id":"https:\/\/www.esportsbets.com\/es\/#organization","name":"EsportsBets ES","url":"https:\/\/www.esportsbets.com\/es\/","logo":{"@type":"ImageObject","inLanguage":"es","@id":"https:\/\/www.esportsbets.com\/es\/#\/schema\/logo\/image\/","url":"https:\/\/www.esportsbets.com\/es\/wp-content\/uploads\/sites\/4\/2024\/01\/logo.png","contentUrl":"https:\/\/www.esportsbets.com\/es\/wp-content\/uploads\/sites\/4\/2024\/01\/logo.png","width":1956,"height":337,"caption":"EsportsBets ES"},"image":{"@id":"https:\/\/www.esportsbets.com\/es\/#\/schema\/logo\/image\/"}}]}},"_links":{"self":[{"href":"https:\/\/www.esportsbets.com\/es\/wp-json\/wp\/v2\/pages\/2702","targetHints":{"allow":["GET"]}}],"collection":[{"href":"https:\/\/www.esportsbets.com\/es\/wp-json\/wp\/v2\/pages"}],"about":[{"href":"https:\/\/www.esportsbets.com\/es\/wp-json\/wp\/v2\/types\/page"}],"author":[{"embeddable":true,"href":"https:\/\/www.esportsbets.com\/es\/wp-json\/wp\/v2\/users\/117"}],"replies":[{"embeddable":true,"href":"https:\/\/www.esportsbets.com\/es\/wp-json\/wp\/v2\/comments?post=2702"}],"version-history":[{"count":1,"href":"https:\/\/www.esportsbets.com\/es\/wp-json\/wp\/v2\/pages\/2702\/revisions"}],"predecessor-version":[{"id":5200,"href":"https:\/\/www.esportsbets.com\/es\/wp-json\/wp\/v2\/pages\/2702\/revisions\/5200"}],"up":[{"embeddable":true,"href":"https:\/\/www.esportsbets.com\/es\/wp-json\/wp\/v2\/pages\/17"}],"wp:featuredmedia":[{"embeddable":true,"href":"https:\/\/www.esportsbets.com\/es\/wp-json\/wp\/v2\/media\/2709"}],"wp:attachment":[{"href":"https:\/\/www.esportsbets.com\/es\/wp-json\/wp\/v2\/media?parent=2702"}],"curies":[{"name":"wp","href":"https:\/\/api.w.org\/{rel}","templated":true}]}}