{"id":2850,"date":"2024-03-23T00:20:31","date_gmt":"2024-03-23T00:20:31","guid":{"rendered":"https:\/\/www.esportsbets.com\/es\/?page_id=2850"},"modified":"2024-03-23T00:26:12","modified_gmt":"2024-03-23T00:26:12","slug":"torneos","status":"publish","type":"page","link":"https:\/\/www.esportsbets.com\/es\/honor-of-kings\/torneos\/","title":{"rendered":"Torneos de Honor of Kings: \u00bfCu\u00e1les son las pr\u00f3ximas fechas de este 2025?"},"content":{"rendered":"<p>Con la explosiva popularidad y atractivo que obtuvieron los videojuegos en dispositivos m\u00f3viles, acompa\u00f1a la aparici\u00f3n de videojuegos como Honor of Kings, que por supuesto ya cuenta con sus respectivas <a href=\"https:\/\/www.esportsbets.com\/es\/\"><b>apuestas esports<\/b><\/a><b>.\u00a0<\/b><\/p>\n<p>Dentro de este videojuego que entra en la categor\u00eda MOBA, se realizaron varios torneos con mucho \u00e9xito. Es por esto que se continuar\u00e1n realizando torneos de Honor of Kings a lo largo de este a\u00f1o 2024, y vamos a ver cu\u00e1les son los m\u00e1s importantes.<\/p>\n<h2 id='torneos-de-honor-of-kings'><b>Torneos de Honor of Kings<\/b><\/h2>\n<p>Hace tan solo unos d\u00edas, se ha jugado la temporada uno de la \u201cInvitational Series\u201d, donde el equipo Keyd Stars logr\u00f3 consagrarse campe\u00f3n y obtener un premio de cien mil d\u00f3lares.<\/p>\n<p>Esta temporada uno, fue el comienzo del calendario 2024 para los torneos de Honor of Kings, y fue el primer torneo que se realiz\u00f3 fuera de terreno asi\u00e1tico, con sede en Estambul, Turqu\u00eda.<\/p>\n<p><img loading=\"lazy\" decoding=\"async\" class=\"alignnone size-full wp-image-2851\" src=\"https:\/\/www.esportsbets.com\/es\/wp-content\/uploads\/sites\/4\/2024\/03\/torneos-de-honor-of-kings.jpg\" alt=\"torneos de honor of kings\" width=\"800\" height=\"450\" srcset=\"https:\/\/www.esportsbets.com\/es\/wp-content\/uploads\/sites\/4\/2024\/03\/torneos-de-honor-of-kings.jpg 800w, https:\/\/www.esportsbets.com\/es\/wp-content\/uploads\/sites\/4\/2024\/03\/torneos-de-honor-of-kings-300x169.jpg 300w, https:\/\/www.esportsbets.com\/es\/wp-content\/uploads\/sites\/4\/2024\/03\/torneos-de-honor-of-kings-768x432.jpg 768w\" sizes=\"auto, (max-width: 800px) 100vw, 800px\" \/><\/p>\n<p>A lo largo de este a\u00f1o, ya terminada la temporada uno, nos quedan 3 eventos principales para los torneos de Honor of Kings. Estos son, la Invitational Series temporada dos, la temporada de mitad de temporada, y para cerrar con un broche de oro, la Championship a fin de a\u00f1o.<\/p>\n<p>Al d\u00eda de hoy a\u00fan no fueron revelados muchos detalles sobre cada uno de estos eventos. Todo lo que sabemos es un rango de las posibles fechas donde se realizan cada uno. La temporada dos est\u00e1 prevista para el segundo cuarto del a\u00f1o 2024, la temporada de mitad de a\u00f1o se espera agosto, y para finalizar, el Championship se estima que se jugar\u00e1 en los \u00faltimos meses del a\u00f1o 2024.<\/p>\n<p>Con respecto al torneo de mitad de temporada, si tenemos algunos detalles m\u00e1s que la fecha estimada. El publicador de Honor of Kings, Level Infinite, ya anunci\u00f3 que el torneo de mitad de temporada se realizar\u00e1 en Riyadh, Saudi Arabia durante el mes de agosto, \u00a1y que tendr\u00e1 un prize pool de nada m\u00e1s y nada menos que de tres millones de d\u00f3lares!<\/p>\n<p>Tambi\u00e9n anunciaron al primer equipo invitado a este torneo de mitad de temporada, llamado KPL Dream Team. Este equipo estar\u00e1 compuesto de jugadores de primer nivel de la liga china King Pro League.<\/p>\n<p><img loading=\"lazy\" decoding=\"async\" class=\"alignnone size-full wp-image-2852\" src=\"https:\/\/www.esportsbets.com\/es\/wp-content\/uploads\/sites\/4\/2024\/03\/china-King-Pro-League-2024.jpg\" alt=\"china King Pro League 2024\" width=\"800\" height=\"450\" srcset=\"https:\/\/www.esportsbets.com\/es\/wp-content\/uploads\/sites\/4\/2024\/03\/china-King-Pro-League-2024.jpg 800w, https:\/\/www.esportsbets.com\/es\/wp-content\/uploads\/sites\/4\/2024\/03\/china-King-Pro-League-2024-300x169.jpg 300w, https:\/\/www.esportsbets.com\/es\/wp-content\/uploads\/sites\/4\/2024\/03\/china-King-Pro-League-2024-768x432.jpg 768w\" sizes=\"auto, (max-width: 800px) 100vw, 800px\" \/><\/p>\n<p>Sumado a KPL Dream Team, se ir\u00e1n anunciando los equipos que participar\u00e1n de la Championship de fin de a\u00f1o, donde incluso equipos que tengan buen desempe\u00f1o en la temporada dos, y en el torneo de mitad de temporada asistir\u00e1n, por lo que podemos esperar que los mejores jugadores de Honor of Kings estar\u00e1n presentes.<\/p>\n<h2 id='%c2%bfc%c3%b3mo-son-los-partidos-de-honor-of-kings'><b>\u00bfC\u00f3mo son los partidos de Honor of Kings?<\/b><\/h2>\n<p><img loading=\"lazy\" decoding=\"async\" class=\"alignnone size-full wp-image-2853\" src=\"https:\/\/www.esportsbets.com\/es\/wp-content\/uploads\/sites\/4\/2024\/03\/moba-honor-of-kings.jpg\" alt=\"moba honor of kings\" width=\"800\" height=\"450\" srcset=\"https:\/\/www.esportsbets.com\/es\/wp-content\/uploads\/sites\/4\/2024\/03\/moba-honor-of-kings.jpg 800w, https:\/\/www.esportsbets.com\/es\/wp-content\/uploads\/sites\/4\/2024\/03\/moba-honor-of-kings-300x169.jpg 300w, https:\/\/www.esportsbets.com\/es\/wp-content\/uploads\/sites\/4\/2024\/03\/moba-honor-of-kings-768x432.jpg 768w\" sizes=\"auto, (max-width: 800px) 100vw, 800px\" \/><\/p>\n<p>Los MOBA tienen dos equipos de cinco jugadores. Destruyen torres rivales y bases para ganar.<\/p>\n<p>Cada jugador selecciona un personaje con habilidades \u00fanicas, definiendo roles en el juego.<\/p>\n<p>La selecci\u00f3n de personajes en partidas competitivas permite estrategias que complementan habilidades para victorias.<\/p>\n<p>Conocer a cada uno de los personajes, es indispensable para saber utilizarlos, as\u00ed como para contrarrestarlos. Requiere mucha habilidad y precisi\u00f3n hacer uso de los personajes de forma efectiva, por lo cual el entretenimiento est\u00e1 asegurado.<\/p>\n<p>Si bien Honor of Kings domina en el mercado de los videojuegos en dispositivos m\u00f3viles, quiz\u00e1s sea m\u00e1s conocido por ejemplo el videojuego League of Legends, o Dota, que son del mismo g\u00e9nero pero que se juegan en ordenador.<\/p>\n<h2 id='apuestas-en-los-torneos-de-honor-of-kings'><b>Apuestas en los torneos de Honor of Kings<\/b><\/h2>\n<p>Algo que siempre acompa\u00f1a a las competencias esports, son las apuestas online. El mundo de los torneos esports, acapar\u00f3 hace tiempo la atenci\u00f3n de las grandes casas de apuestas, ya que, as\u00ed como podemos hacer apuestas en partidos de f\u00fatbol, tambi\u00e9n podemos realizar apuestas en partidos de esports.<\/p>\n<p>El pr\u00f3ximo torneo de Honor of Kings no es una excepci\u00f3n, y es por eso que en casas de apuestas que ofrecen apuestas en esports, podremos encontrarnos con la oportunidad de involucrarnos un poco m\u00e1s realizando alguna apuesta.<\/p>\n<p>Siguiendo una<a href=\"https:\/\/www.esportsbets.com\/es\/guias\/\"> gu\u00eda de apuestas<\/a>, podemos aprovechar estas oportunidades para generar un ingreso extra y divertirnos, ya que, al realizar una apuesta en un partido, estamos m\u00e1s involucrados en \u00e9l, y buscamos con ansias el resultado por el que apostamos.<\/p>\n<p>Con el inminente lanzamiento global de Honor of Kings, dejando la exclusividad del territorio asi\u00e1tico, es inevitable que su lado de apuestas esports explote al mismo tiempo. Si deseamos involucrarnos un poco, y realizar apuestas, es indispensable comenzar desde temprano para conocer cuales son los mejores equipos y los mejores jugadores.<\/p>\n<p>Un ejemplo ya establecido, es el de los <a href=\"https:\/\/www.esportsbets.com\/es\/free-fire\/torneos\/\"><b>torneos de Free Fire<\/b><\/a>, que se hizo muy popular en la escena de las apuestas esports, y hoy en d\u00eda, es posible realizar apuestas en todos los partidos de los torneos que tiene.<\/p>\n<p>&nbsp;<\/p>\n<p>Por supuesto que para realizar apuestas hay que ser mayor de edad, y cumplir con algunos requisitos. Recuerda que siempre debes apostar con responsabilidad, sin poner en riesgo tu salud mental ni tu patrimonio.<\/p>\n<p>&nbsp;<\/p>\n","protected":false},"excerpt":{"rendered":"<p>Con la explosiva popularidad y atractivo que obtuvieron los videojuegos en dispositivos m\u00f3viles, acompa\u00f1a la aparici\u00f3n de videojuegos como Honor of&hellip;<\/p>\n","protected":false},"author":119,"featured_media":2853,"parent":2845,"menu_order":0,"comment_status":"closed","ping_status":"closed","template":"","meta":{"_stopmodifiedupdate":true,"_modified_date":"","footnotes":""},"class_list":["post-2850","page","type-page","status-publish","has-post-thumbnail","hentry"],"acf":[],"yoast_head":"<!-- This site is optimized with the Yoast SEO plugin v20.11 - https:\/\/yoast.com\/wordpress\/plugins\/seo\/ -->\n<title>Torneos de Honor of Kings \u2192 Calendario 2026<\/title>\n<meta name=\"description\" content=\"Descubre cu\u00e1les son los torneos m\u00e1s importantes de Honor of Kings, en un calendario cargado para 2026 donde los mejores equipos participaran de una gran cantidad de partidos para coronarse campeones en los diferentes torneos de Honor of Kings.\" \/>\n<meta name=\"robots\" content=\"index, follow, max-snippet:-1, max-image-preview:large, max-video-preview:-1\" \/>\n<link rel=\"canonical\" href=\"https:\/\/www.esportsbets.com\/es\/honor-of-kings\/torneos\/\" \/>\n<meta property=\"og:locale\" content=\"es_ES\" \/>\n<meta property=\"og:type\" content=\"article\" \/>\n<meta property=\"og:title\" content=\"Torneos de Honor of Kings \u2192 Calendario 2026\" \/>\n<meta property=\"og:description\" content=\"Descubre cu\u00e1les son los torneos m\u00e1s importantes de Honor of Kings, en un calendario cargado para 2026 donde los mejores equipos participaran de una gran cantidad de partidos para coronarse campeones en los diferentes torneos de Honor of Kings.\" \/>\n<meta property=\"og:url\" content=\"https:\/\/www.esportsbets.com\/es\/honor-of-kings\/torneos\/\" \/>\n<meta property=\"og:site_name\" content=\"EsportsBets ES\" \/>\n<meta property=\"article:modified_time\" content=\"2024-03-23T00:26:12+00:00\" \/>\n<meta property=\"og:image\" content=\"https:\/\/www.esportsbets.com\/es\/wp-content\/uploads\/sites\/4\/2024\/03\/moba-honor-of-kings.jpg\" \/>\n\t<meta property=\"og:image:width\" content=\"800\" \/>\n\t<meta property=\"og:image:height\" content=\"450\" \/>\n\t<meta property=\"og:image:type\" content=\"image\/jpeg\" \/>\n<meta name=\"twitter:card\" content=\"summary_large_image\" \/>\n<meta name=\"twitter:label1\" content=\"Tiempo de lectura\" \/>\n\t<meta name=\"twitter:data1\" content=\"5 minutos\" \/>\n<script type=\"application\/ld+json\" class=\"yoast-schema-graph\">{\"@context\":\"https:\/\/schema.org\",\"@graph\":[{\"@type\":\"WebPage\",\"@id\":\"https:\/\/www.esportsbets.com\/es\/honor-of-kings\/torneos\/\",\"url\":\"https:\/\/www.esportsbets.com\/es\/honor-of-kings\/torneos\/\",\"name\":\"Torneos de Honor of Kings \u2192 Calendario [yyyy]\",\"isPartOf\":{\"@id\":\"https:\/\/www.esportsbets.com\/es\/#website\"},\"datePublished\":\"2024-03-23T00:20:31+00:00\",\"dateModified\":\"2024-03-23T00:26:12+00:00\",\"description\":\"Descubre cu\u00e1les son los torneos m\u00e1s importantes de Honor of Kings, en un calendario cargado para [yyyy] donde los mejores equipos participaran de una gran cantidad de partidos para coronarse campeones en los diferentes torneos de Honor of Kings.\",\"breadcrumb\":{\"@id\":\"https:\/\/www.esportsbets.com\/es\/honor-of-kings\/torneos\/#breadcrumb\"},\"inLanguage\":\"es\",\"potentialAction\":[{\"@type\":\"ReadAction\",\"target\":[\"https:\/\/www.esportsbets.com\/es\/honor-of-kings\/torneos\/\"]}]},{\"@type\":\"BreadcrumbList\",\"@id\":\"https:\/\/www.esportsbets.com\/es\/honor-of-kings\/torneos\/#breadcrumb\",\"itemListElement\":[{\"@type\":\"ListItem\",\"position\":1,\"name\":\"Home\",\"item\":\"https:\/\/www.esportsbets.com\/es\/\"},{\"@type\":\"ListItem\",\"position\":2,\"name\":\"Apuestas Honor of Kings: C\u00f3mo y D\u00f3nde Apostar\",\"item\":\"https:\/\/www.esportsbets.com\/es\/honor-of-kings\/\"},{\"@type\":\"ListItem\",\"position\":3,\"name\":\"Torneos de Honor of Kings: \u00bfCu\u00e1les son las pr\u00f3ximas fechas de este 2025?\"}]},{\"@type\":\"WebSite\",\"@id\":\"https:\/\/www.esportsbets.com\/es\/#website\",\"url\":\"https:\/\/www.esportsbets.com\/es\/\",\"name\":\"EsportsBets ES\",\"description\":\"\",\"publisher\":{\"@id\":\"https:\/\/www.esportsbets.com\/es\/#organization\"},\"potentialAction\":[{\"@type\":\"SearchAction\",\"target\":{\"@type\":\"EntryPoint\",\"urlTemplate\":\"https:\/\/www.esportsbets.com\/es\/?s={search_term_string}\"},\"query-input\":\"required name=search_term_string\"}],\"inLanguage\":\"es\"},{\"@type\":\"Organization\",\"@id\":\"https:\/\/www.esportsbets.com\/es\/#organization\",\"name\":\"EsportsBets ES\",\"url\":\"https:\/\/www.esportsbets.com\/es\/\",\"logo\":{\"@type\":\"ImageObject\",\"inLanguage\":\"es\",\"@id\":\"https:\/\/www.esportsbets.com\/es\/#\/schema\/logo\/image\/\",\"url\":\"https:\/\/www.esportsbets.com\/es\/wp-content\/uploads\/sites\/4\/2024\/01\/logo.png\",\"contentUrl\":\"https:\/\/www.esportsbets.com\/es\/wp-content\/uploads\/sites\/4\/2024\/01\/logo.png\",\"width\":1956,\"height\":337,\"caption\":\"EsportsBets ES\"},\"image\":{\"@id\":\"https:\/\/www.esportsbets.com\/es\/#\/schema\/logo\/image\/\"}}]}<\/script>\n<!-- \/ Yoast SEO plugin. -->","yoast_head_json":{"title":"Torneos de Honor of Kings \u2192 Calendario 2026","description":"Descubre cu\u00e1les son los torneos m\u00e1s importantes de Honor of Kings, en un calendario cargado para 2026 donde los mejores equipos participaran de una gran cantidad de partidos para coronarse campeones en los diferentes torneos de Honor of Kings.","robots":{"index":"index","follow":"follow","max-snippet":"max-snippet:-1","max-image-preview":"max-image-preview:large","max-video-preview":"max-video-preview:-1"},"canonical":"https:\/\/www.esportsbets.com\/es\/honor-of-kings\/torneos\/","og_locale":"es_ES","og_type":"article","og_title":"Torneos de Honor of Kings \u2192 Calendario 2026","og_description":"Descubre cu\u00e1les son los torneos m\u00e1s importantes de Honor of Kings, en un calendario cargado para 2026 donde los mejores equipos participaran de una gran cantidad de partidos para coronarse campeones en los diferentes torneos de Honor of Kings.","og_url":"https:\/\/www.esportsbets.com\/es\/honor-of-kings\/torneos\/","og_site_name":"EsportsBets ES","article_modified_time":"2024-03-23T00:26:12+00:00","og_image":[{"width":800,"height":450,"url":"https:\/\/www.esportsbets.com\/es\/wp-content\/uploads\/sites\/4\/2024\/03\/moba-honor-of-kings.jpg","type":"image\/jpeg"}],"twitter_card":"summary_large_image","twitter_misc":{"Tiempo de lectura":"5 minutos"},"schema":{"@context":"https:\/\/schema.org","@graph":[{"@type":"WebPage","@id":"https:\/\/www.esportsbets.com\/es\/honor-of-kings\/torneos\/","url":"https:\/\/www.esportsbets.com\/es\/honor-of-kings\/torneos\/","name":"Torneos de Honor of Kings \u2192 Calendario [yyyy]","isPartOf":{"@id":"https:\/\/www.esportsbets.com\/es\/#website"},"datePublished":"2024-03-23T00:20:31+00:00","dateModified":"2024-03-23T00:26:12+00:00","description":"Descubre cu\u00e1les son los torneos m\u00e1s importantes de Honor of Kings, en un calendario cargado para [yyyy] donde los mejores equipos participaran de una gran cantidad de partidos para coronarse campeones en los diferentes torneos de Honor of Kings.","breadcrumb":{"@id":"https:\/\/www.esportsbets.com\/es\/honor-of-kings\/torneos\/#breadcrumb"},"inLanguage":"es","potentialAction":[{"@type":"ReadAction","target":["https:\/\/www.esportsbets.com\/es\/honor-of-kings\/torneos\/"]}]},{"@type":"BreadcrumbList","@id":"https:\/\/www.esportsbets.com\/es\/honor-of-kings\/torneos\/#breadcrumb","itemListElement":[{"@type":"ListItem","position":1,"name":"Home","item":"https:\/\/www.esportsbets.com\/es\/"},{"@type":"ListItem","position":2,"name":"Apuestas Honor of Kings: C\u00f3mo y D\u00f3nde Apostar","item":"https:\/\/www.esportsbets.com\/es\/honor-of-kings\/"},{"@type":"ListItem","position":3,"name":"Torneos de Honor of Kings: \u00bfCu\u00e1les son las pr\u00f3ximas fechas de este 2025?"}]},{"@type":"WebSite","@id":"https:\/\/www.esportsbets.com\/es\/#website","url":"https:\/\/www.esportsbets.com\/es\/","name":"EsportsBets ES","description":"","publisher":{"@id":"https:\/\/www.esportsbets.com\/es\/#organization"},"potentialAction":[{"@type":"SearchAction","target":{"@type":"EntryPoint","urlTemplate":"https:\/\/www.esportsbets.com\/es\/?s={search_term_string}"},"query-input":"required name=search_term_string"}],"inLanguage":"es"},{"@type":"Organization","@id":"https:\/\/www.esportsbets.com\/es\/#organization","name":"EsportsBets ES","url":"https:\/\/www.esportsbets.com\/es\/","logo":{"@type":"ImageObject","inLanguage":"es","@id":"https:\/\/www.esportsbets.com\/es\/#\/schema\/logo\/image\/","url":"https:\/\/www.esportsbets.com\/es\/wp-content\/uploads\/sites\/4\/2024\/01\/logo.png","contentUrl":"https:\/\/www.esportsbets.com\/es\/wp-content\/uploads\/sites\/4\/2024\/01\/logo.png","width":1956,"height":337,"caption":"EsportsBets ES"},"image":{"@id":"https:\/\/www.esportsbets.com\/es\/#\/schema\/logo\/image\/"}}]}},"_links":{"self":[{"href":"https:\/\/www.esportsbets.com\/es\/wp-json\/wp\/v2\/pages\/2850","targetHints":{"allow":["GET"]}}],"collection":[{"href":"https:\/\/www.esportsbets.com\/es\/wp-json\/wp\/v2\/pages"}],"about":[{"href":"https:\/\/www.esportsbets.com\/es\/wp-json\/wp\/v2\/types\/page"}],"author":[{"embeddable":true,"href":"https:\/\/www.esportsbets.com\/es\/wp-json\/wp\/v2\/users\/119"}],"replies":[{"embeddable":true,"href":"https:\/\/www.esportsbets.com\/es\/wp-json\/wp\/v2\/comments?post=2850"}],"version-history":[{"count":1,"href":"https:\/\/www.esportsbets.com\/es\/wp-json\/wp\/v2\/pages\/2850\/revisions"}],"predecessor-version":[{"id":5251,"href":"https:\/\/www.esportsbets.com\/es\/wp-json\/wp\/v2\/pages\/2850\/revisions\/5251"}],"up":[{"embeddable":true,"href":"https:\/\/www.esportsbets.com\/es\/wp-json\/wp\/v2\/pages\/2845"}],"wp:featuredmedia":[{"embeddable":true,"href":"https:\/\/www.esportsbets.com\/es\/wp-json\/wp\/v2\/media\/2853"}],"wp:attachment":[{"href":"https:\/\/www.esportsbets.com\/es\/wp-json\/wp\/v2\/media?parent=2850"}],"curies":[{"name":"wp","href":"https:\/\/api.w.org\/{rel}","templated":true}]}}