{"id":2857,"date":"2024-03-23T02:06:56","date_gmt":"2024-03-23T02:06:56","guid":{"rendered":"https:\/\/www.esportsbets.com\/es\/?page_id=2857"},"modified":"2024-03-23T02:12:59","modified_gmt":"2024-03-23T02:12:59","slug":"mejores-jugadores","status":"publish","type":"page","link":"https:\/\/www.esportsbets.com\/es\/honor-of-kings\/mejores-jugadores\/","title":{"rendered":"Los 5 Mejores Jugadores de Honor of Kings"},"content":{"rendered":"<p><span style=\"font-weight: 400;\">Tras dominar por una d\u00e9cada la escena MOBA en dispositivos m\u00f3viles en la regi\u00f3n de China, Honor of Kings buscar\u00e1 lanzarse mundialmente este a\u00f1o 2024. En todo este tiempo que el videojuego explot\u00f3 en China, se realizaron varios torneos donde solo los mejores jugadores de Honor of Kings lograron participar. <\/span><\/p>\n<p><span style=\"font-weight: 400;\">Ahora que dentro de poco ser\u00e1 su lanzamiento mundial, es un buen momento para conocer cuales son los mejores jugadores de Honor of Kings para poder realizar <\/span><span style=\"font-weight: 400;\">apuestas esports<\/span><span style=\"font-weight: 400;\"> de gran valor, maximizando nuestras posibilidades de ganar.<\/span><\/p>\n<p><img loading=\"lazy\" decoding=\"async\" class=\"alignnone size-full wp-image-2866\" src=\"https:\/\/www.esportsbets.com\/es\/wp-content\/uploads\/sites\/4\/2024\/03\/Los-5-Mejores-Jugadores-de-Honor-of-Kings.jpg\" alt=\"Los 5 Mejores Jugadores de Honor of Kings\" width=\"800\" height=\"450\" srcset=\"https:\/\/www.esportsbets.com\/es\/wp-content\/uploads\/sites\/4\/2024\/03\/Los-5-Mejores-Jugadores-de-Honor-of-Kings.jpg 800w, https:\/\/www.esportsbets.com\/es\/wp-content\/uploads\/sites\/4\/2024\/03\/Los-5-Mejores-Jugadores-de-Honor-of-Kings-300x169.jpg 300w, https:\/\/www.esportsbets.com\/es\/wp-content\/uploads\/sites\/4\/2024\/03\/Los-5-Mejores-Jugadores-de-Honor-of-Kings-768x432.jpg 768w\" sizes=\"auto, (max-width: 800px) 100vw, 800px\" \/><\/p>\n<h2 id='los-5-mejores-jugadores-de-honor-of-kings'><b>Los 5 Mejores Jugadores de Honor of Kings<\/b><\/h2>\n<p><span style=\"font-weight: 400;\">En esta oportunidad vamos a ver cu\u00e1les son los mejores jugadores de Honor of Kings. En la gran trayectoria que tiene este juego en China, se dieron a conocer muchos jugadores de gran nivel, por eso vamos a ver qui\u00e9nes se posicionan en el top 5 de la actualidad. Para seleccionar a estos jugadores tenemos en cuenta su desempe\u00f1o actual, ya sea en partidas ranked o en torneos, as\u00ed como un poco de preferencia personal.<\/span><\/p>\n<h3 id='5-xingyu'><b>5 &#8211; XingYu<\/b><\/h3>\n<p><img loading=\"lazy\" decoding=\"async\" class=\"alignnone size-full wp-image-2858\" src=\"https:\/\/www.esportsbets.com\/es\/wp-content\/uploads\/sites\/4\/2024\/03\/Li-XingYu-Yuhao-honor-of-kings.jpg\" alt=\"Li \u201cXingYu\u201d Yuhao honor of kings\" width=\"800\" height=\"450\" srcset=\"https:\/\/www.esportsbets.com\/es\/wp-content\/uploads\/sites\/4\/2024\/03\/Li-XingYu-Yuhao-honor-of-kings.jpg 800w, https:\/\/www.esportsbets.com\/es\/wp-content\/uploads\/sites\/4\/2024\/03\/Li-XingYu-Yuhao-honor-of-kings-300x169.jpg 300w, https:\/\/www.esportsbets.com\/es\/wp-content\/uploads\/sites\/4\/2024\/03\/Li-XingYu-Yuhao-honor-of-kings-768x432.jpg 768w\" sizes=\"auto, (max-width: 800px) 100vw, 800px\" \/><\/p>\n<p><span style=\"font-weight: 400;\">Li \u201cXingYu\u201d Yuhao, nacido el 20 de mayo de 2003, es un jugador chino que actualmente est\u00e1 en el equipo Weibo Gaming. Este jugador ha salido campe\u00f3n hace tiempo en el torneo King Pro League Fall 2020, donde su desempe\u00f1o acompa\u00f1\u00f3 a su equipo hacia la victoria. Desde entonces, si bien no volvi\u00f3 a consagrarse campe\u00f3n, tuvo muy buen desempe\u00f1o, logrando buenos resultados en diferentes torneos, donde por ejemplo sali\u00f3 junto a su equipo segundo en el torneo m\u00e1s importante: Honor of Kings International Championship 2023.<\/span><\/p>\n<h3 id='4-%e2%80%93-nuanyang'><b>4 \u2013 NuanYang<\/b><\/h3>\n<p><img loading=\"lazy\" decoding=\"async\" class=\"alignnone size-full wp-image-2859\" src=\"https:\/\/www.esportsbets.com\/es\/wp-content\/uploads\/sites\/4\/2024\/03\/Lin-NuanYang-Heng.jpg\" alt=\"Lin \u201cNuanYang\u201d Heng\" width=\"800\" height=\"450\" srcset=\"https:\/\/www.esportsbets.com\/es\/wp-content\/uploads\/sites\/4\/2024\/03\/Lin-NuanYang-Heng.jpg 800w, https:\/\/www.esportsbets.com\/es\/wp-content\/uploads\/sites\/4\/2024\/03\/Lin-NuanYang-Heng-300x169.jpg 300w, https:\/\/www.esportsbets.com\/es\/wp-content\/uploads\/sites\/4\/2024\/03\/Lin-NuanYang-Heng-768x432.jpg 768w\" sizes=\"auto, (max-width: 800px) 100vw, 800px\" \/><\/p>\n<p><span style=\"font-weight: 400;\">Lin \u201cNuanYang\u201d Heng, nacido el 30 de julio de 2002, es un jugador chino que actualmente juega en el equipo Weibo Gaming en la posici\u00f3n jungla. En el a\u00f1o 2020 sali\u00f3 campe\u00f3n de la King Pro League Spring 2020, y de la m\u00e1s prestigiosa Honor of Kings World Championship Cup 2020. Desde esas victorias, mantuvo un buen nivel, pero sin lograr consagrarse campe\u00f3n nuevamente, estando cerca en la \u00faltima International Championship 2023 donde sali\u00f3 segundo.<\/span><\/p>\n<h3 id='3-%e2%80%93-changsheng'><b>3 \u2013 ChangSheng<\/b><\/h3>\n<p><img loading=\"lazy\" decoding=\"async\" class=\"alignnone size-full wp-image-2860\" src=\"https:\/\/www.esportsbets.com\/es\/wp-content\/uploads\/sites\/4\/2024\/03\/Lin-NuanYang-Heng-1.jpg\" alt=\"Lin \u201cNuanYang\u201d Heng\" width=\"800\" height=\"450\" srcset=\"https:\/\/www.esportsbets.com\/es\/wp-content\/uploads\/sites\/4\/2024\/03\/Lin-NuanYang-Heng-1.jpg 800w, https:\/\/www.esportsbets.com\/es\/wp-content\/uploads\/sites\/4\/2024\/03\/Lin-NuanYang-Heng-1-300x169.jpg 300w, https:\/\/www.esportsbets.com\/es\/wp-content\/uploads\/sites\/4\/2024\/03\/Lin-NuanYang-Heng-1-768x432.jpg 768w\" sizes=\"auto, (max-width: 800px) 100vw, 800px\" \/><\/p>\n<p><span style=\"font-weight: 400;\">Xie \u201cChangSheng\u201d Chengjun, nacido el 20 de abril de 2004, es un jugador chino que ahora juega en el equipo AG Super Play en la posici\u00f3n de medio. Este jugador viene de dos a\u00f1os de un desempe\u00f1o ejemplar, donde en 2022 sali\u00f3 campe\u00f3n de la King Growth League Summer, y en 2023 sali\u00f3 campe\u00f3n del torneo m\u00e1s importante, el Honor of Kings International Championship 2023.<\/span><\/p>\n<h3 id='2-%e2%80%93-qingrong'><b>2 \u2013 QingRong<\/b><\/h3>\n<p><img loading=\"lazy\" decoding=\"async\" class=\"alignnone size-full wp-image-2861\" src=\"https:\/\/www.esportsbets.com\/es\/wp-content\/uploads\/sites\/4\/2024\/03\/Lin-NuanYang-Heng-2.jpg\" alt=\"Huang \u201cQingRong\u201d Yaoqin\" width=\"800\" height=\"450\" srcset=\"https:\/\/www.esportsbets.com\/es\/wp-content\/uploads\/sites\/4\/2024\/03\/Lin-NuanYang-Heng-2.jpg 800w, https:\/\/www.esportsbets.com\/es\/wp-content\/uploads\/sites\/4\/2024\/03\/Lin-NuanYang-Heng-2-300x169.jpg 300w, https:\/\/www.esportsbets.com\/es\/wp-content\/uploads\/sites\/4\/2024\/03\/Lin-NuanYang-Heng-2-768x432.jpg 768w\" sizes=\"auto, (max-width: 800px) 100vw, 800px\" \/><\/p>\n<p><span style=\"font-weight: 400;\">Huang \u201cQingRong\u201d Yaoqin, nacido el 29 de octubre de 2003, es un jugador chino que juega en el equipo eStar Pro, en la posici\u00f3n de medio. QingRong tiene una cantidad sorprendente de trofeos detr\u00e1s de su nombre, ha llegado a ganar nueve competiciones, siendo la m\u00e1s importantes la International Championship de 2022.<\/span><\/p>\n<h3 id='1-%e2%80%93-cat'><b>1 \u2013 Cat<\/b><\/h3>\n<p><img loading=\"lazy\" decoding=\"async\" class=\"alignnone size-full wp-image-2862\" src=\"https:\/\/www.esportsbets.com\/es\/wp-content\/uploads\/sites\/4\/2024\/03\/Huang-QingRong-Yaoqin.jpg\" alt=\"Huang \u201cQingRong\u201d Yaoqin\" width=\"800\" height=\"450\" srcset=\"https:\/\/www.esportsbets.com\/es\/wp-content\/uploads\/sites\/4\/2024\/03\/Huang-QingRong-Yaoqin.jpg 800w, https:\/\/www.esportsbets.com\/es\/wp-content\/uploads\/sites\/4\/2024\/03\/Huang-QingRong-Yaoqin-300x169.jpg 300w, https:\/\/www.esportsbets.com\/es\/wp-content\/uploads\/sites\/4\/2024\/03\/Huang-QingRong-Yaoqin-768x432.jpg 768w\" sizes=\"auto, (max-width: 800px) 100vw, 800px\" \/><\/p>\n<p><span style=\"font-weight: 400;\">Chen \u201cCat\u201d Zhengzheng, nacido el 25 de mayo de 1998, es un jugador chino que juega en el equipo AG Super Play, en la posici\u00f3n de \u201croamer\u201d. Este experimentado jugador, obtuvo su primera consagraci\u00f3n en el a\u00f1o 2016, siendo uno de los jugadores m\u00e1s experimentados de la escena. Con un total de nueve torneos ganados, se posiciona como el mejor jugador de Honor of Kings. Si bien la mayor\u00eda de sus trofeos son entre los a\u00f1os 2016 y 2019, siempre continu\u00f3 compitiendo, de forma que, con consistencia, gan\u00f3 la \u00faltima edici\u00f3n de la Honor of Kings International Championship en 2023.<\/span><\/p>\n<h2 id='apuestas-en-honor-of-kings'><b>Apuestas en Honor of Kings<\/b><\/h2>\n<p><span style=\"font-weight: 400;\">Saber qui\u00e9nes son los mejores jugadores de Honor of Kings, nos puede ayudar a tomar decisiones a la hora de realizar apuestas en l\u00ednea. El mercado de las apuestas online en esports es muy grande, y est\u00e1 presente en la escena de Honor of Kings. Siempre que hay un torneo de este videojuego, vamos a tener la oportunidad de realizar apuestas.<\/span><\/p>\n<p><span style=\"font-weight: 400;\">Conociendo quienes son los mejores jugadores de Honor of Kings, podemos optar por realizar apuestas que tengan m\u00e1s posibilidades de generarnos ganancias, que podemos acompa\u00f1ar haciendo uso de una <\/span><span style=\"font-weight: 400;\">calculadora de momios<\/span><span style=\"font-weight: 400;\">. Un punto indispensable a la hora de realizar apuestas online, es la investigaci\u00f3n, ya que antes de realizar apuestas, hay que estudiar cada competencia y cada partido, as\u00ed como a los jugadores que forman parte de ella.<\/span><\/p>\n<p><span style=\"font-weight: 400;\">https:\/\/liquipedia.net\/commons\/images\/b\/b3\/Kcc2019.png<\/span><\/p>\n<p><span style=\"font-weight: 400;\">Estudiar a los jugadores y su desempe\u00f1o en los partidos o torneos recientes es solo uno de los puntos clave a la hora de realizar apuestas, por eso en nuestra <\/span><span style=\"font-weight: 400;\">gu\u00eda de apuestas<\/span><span style=\"font-weight: 400;\"> puedes complementar este conocimiento con otras herramientas para aprovechar los torneos de Honor of Kings y realizar apuestas con altas probabilidades de ser favorables para nosotros.<\/span><\/p>\n<p>&nbsp;<\/p>\n","protected":false},"excerpt":{"rendered":"<p>Tras dominar por una d\u00e9cada la escena MOBA en dispositivos m\u00f3viles en la regi\u00f3n de China, Honor of Kings buscar\u00e1 lanzarse&hellip;<\/p>\n","protected":false},"author":119,"featured_media":2866,"parent":2845,"menu_order":0,"comment_status":"closed","ping_status":"closed","template":"","meta":{"_stopmodifiedupdate":true,"_modified_date":"","footnotes":""},"class_list":["post-2857","page","type-page","status-publish","has-post-thumbnail","hentry"],"acf":[],"yoast_head":"<!-- This site is optimized with the Yoast SEO plugin v20.11 - https:\/\/yoast.com\/wordpress\/plugins\/seo\/ -->\n<title>Mejores Jugadores de Honor of Kings 2026 \u2192 Top 5<\/title>\n<meta name=\"description\" content=\"Descubre qui\u00e9nes son los jugadores m\u00e1s destacados en Honor of Kings en 2026 y c\u00f3mo su habilidad, estrategia y trabajo en equipo los convierten en los mejores del mundo.\" \/>\n<meta name=\"robots\" content=\"index, follow, max-snippet:-1, max-image-preview:large, max-video-preview:-1\" \/>\n<link rel=\"canonical\" href=\"https:\/\/www.esportsbets.com\/es\/honor-of-kings\/mejores-jugadores\/\" \/>\n<meta property=\"og:locale\" content=\"es_ES\" \/>\n<meta property=\"og:type\" content=\"article\" \/>\n<meta property=\"og:title\" content=\"Mejores Jugadores de Honor of Kings 2026 \u2192 Top 5\" \/>\n<meta property=\"og:description\" content=\"Descubre qui\u00e9nes son los jugadores m\u00e1s destacados en Honor of Kings en 2026 y c\u00f3mo su habilidad, estrategia y trabajo en equipo los convierten en los mejores del mundo.\" \/>\n<meta property=\"og:url\" content=\"https:\/\/www.esportsbets.com\/es\/honor-of-kings\/mejores-jugadores\/\" \/>\n<meta property=\"og:site_name\" content=\"EsportsBets ES\" \/>\n<meta property=\"article:modified_time\" content=\"2024-03-23T02:12:59+00:00\" \/>\n<meta property=\"og:image\" content=\"https:\/\/www.esportsbets.com\/es\/wp-content\/uploads\/sites\/4\/2024\/03\/Los-5-Mejores-Jugadores-de-Honor-of-Kings.jpg\" \/>\n\t<meta property=\"og:image:width\" content=\"800\" \/>\n\t<meta property=\"og:image:height\" content=\"450\" \/>\n\t<meta property=\"og:image:type\" content=\"image\/jpeg\" \/>\n<meta name=\"twitter:card\" content=\"summary_large_image\" \/>\n<meta name=\"twitter:label1\" content=\"Tiempo de lectura\" \/>\n\t<meta name=\"twitter:data1\" content=\"5 minutos\" \/>\n<script type=\"application\/ld+json\" class=\"yoast-schema-graph\">{\"@context\":\"https:\/\/schema.org\",\"@graph\":[{\"@type\":\"WebPage\",\"@id\":\"https:\/\/www.esportsbets.com\/es\/honor-of-kings\/mejores-jugadores\/\",\"url\":\"https:\/\/www.esportsbets.com\/es\/honor-of-kings\/mejores-jugadores\/\",\"name\":\"Mejores Jugadores de Honor of Kings [yyyy] \u2192 Top 5\",\"isPartOf\":{\"@id\":\"https:\/\/www.esportsbets.com\/es\/#website\"},\"datePublished\":\"2024-03-23T02:06:56+00:00\",\"dateModified\":\"2024-03-23T02:12:59+00:00\",\"description\":\"Descubre qui\u00e9nes son los jugadores m\u00e1s destacados en Honor of Kings en [yyyy] y c\u00f3mo su habilidad, estrategia y trabajo en equipo los convierten en los mejores del mundo.\",\"breadcrumb\":{\"@id\":\"https:\/\/www.esportsbets.com\/es\/honor-of-kings\/mejores-jugadores\/#breadcrumb\"},\"inLanguage\":\"es\",\"potentialAction\":[{\"@type\":\"ReadAction\",\"target\":[\"https:\/\/www.esportsbets.com\/es\/honor-of-kings\/mejores-jugadores\/\"]}]},{\"@type\":\"BreadcrumbList\",\"@id\":\"https:\/\/www.esportsbets.com\/es\/honor-of-kings\/mejores-jugadores\/#breadcrumb\",\"itemListElement\":[{\"@type\":\"ListItem\",\"position\":1,\"name\":\"Home\",\"item\":\"https:\/\/www.esportsbets.com\/es\/\"},{\"@type\":\"ListItem\",\"position\":2,\"name\":\"Apuestas Honor of Kings: C\u00f3mo y D\u00f3nde Apostar\",\"item\":\"https:\/\/www.esportsbets.com\/es\/honor-of-kings\/\"},{\"@type\":\"ListItem\",\"position\":3,\"name\":\"Los 5 Mejores Jugadores de Honor of Kings\"}]},{\"@type\":\"WebSite\",\"@id\":\"https:\/\/www.esportsbets.com\/es\/#website\",\"url\":\"https:\/\/www.esportsbets.com\/es\/\",\"name\":\"EsportsBets ES\",\"description\":\"\",\"publisher\":{\"@id\":\"https:\/\/www.esportsbets.com\/es\/#organization\"},\"potentialAction\":[{\"@type\":\"SearchAction\",\"target\":{\"@type\":\"EntryPoint\",\"urlTemplate\":\"https:\/\/www.esportsbets.com\/es\/?s={search_term_string}\"},\"query-input\":\"required name=search_term_string\"}],\"inLanguage\":\"es\"},{\"@type\":\"Organization\",\"@id\":\"https:\/\/www.esportsbets.com\/es\/#organization\",\"name\":\"EsportsBets ES\",\"url\":\"https:\/\/www.esportsbets.com\/es\/\",\"logo\":{\"@type\":\"ImageObject\",\"inLanguage\":\"es\",\"@id\":\"https:\/\/www.esportsbets.com\/es\/#\/schema\/logo\/image\/\",\"url\":\"https:\/\/www.esportsbets.com\/es\/wp-content\/uploads\/sites\/4\/2024\/01\/logo.png\",\"contentUrl\":\"https:\/\/www.esportsbets.com\/es\/wp-content\/uploads\/sites\/4\/2024\/01\/logo.png\",\"width\":1956,\"height\":337,\"caption\":\"EsportsBets ES\"},\"image\":{\"@id\":\"https:\/\/www.esportsbets.com\/es\/#\/schema\/logo\/image\/\"}}]}<\/script>\n<!-- \/ Yoast SEO plugin. -->","yoast_head_json":{"title":"Mejores Jugadores de Honor of Kings 2026 \u2192 Top 5","description":"Descubre qui\u00e9nes son los jugadores m\u00e1s destacados en Honor of Kings en 2026 y c\u00f3mo su habilidad, estrategia y trabajo en equipo los convierten en los mejores del mundo.","robots":{"index":"index","follow":"follow","max-snippet":"max-snippet:-1","max-image-preview":"max-image-preview:large","max-video-preview":"max-video-preview:-1"},"canonical":"https:\/\/www.esportsbets.com\/es\/honor-of-kings\/mejores-jugadores\/","og_locale":"es_ES","og_type":"article","og_title":"Mejores Jugadores de Honor of Kings 2026 \u2192 Top 5","og_description":"Descubre qui\u00e9nes son los jugadores m\u00e1s destacados en Honor of Kings en 2026 y c\u00f3mo su habilidad, estrategia y trabajo en equipo los convierten en los mejores del mundo.","og_url":"https:\/\/www.esportsbets.com\/es\/honor-of-kings\/mejores-jugadores\/","og_site_name":"EsportsBets ES","article_modified_time":"2024-03-23T02:12:59+00:00","og_image":[{"width":800,"height":450,"url":"https:\/\/www.esportsbets.com\/es\/wp-content\/uploads\/sites\/4\/2024\/03\/Los-5-Mejores-Jugadores-de-Honor-of-Kings.jpg","type":"image\/jpeg"}],"twitter_card":"summary_large_image","twitter_misc":{"Tiempo de lectura":"5 minutos"},"schema":{"@context":"https:\/\/schema.org","@graph":[{"@type":"WebPage","@id":"https:\/\/www.esportsbets.com\/es\/honor-of-kings\/mejores-jugadores\/","url":"https:\/\/www.esportsbets.com\/es\/honor-of-kings\/mejores-jugadores\/","name":"Mejores Jugadores de Honor of Kings [yyyy] \u2192 Top 5","isPartOf":{"@id":"https:\/\/www.esportsbets.com\/es\/#website"},"datePublished":"2024-03-23T02:06:56+00:00","dateModified":"2024-03-23T02:12:59+00:00","description":"Descubre qui\u00e9nes son los jugadores m\u00e1s destacados en Honor of Kings en [yyyy] y c\u00f3mo su habilidad, estrategia y trabajo en equipo los convierten en los mejores del mundo.","breadcrumb":{"@id":"https:\/\/www.esportsbets.com\/es\/honor-of-kings\/mejores-jugadores\/#breadcrumb"},"inLanguage":"es","potentialAction":[{"@type":"ReadAction","target":["https:\/\/www.esportsbets.com\/es\/honor-of-kings\/mejores-jugadores\/"]}]},{"@type":"BreadcrumbList","@id":"https:\/\/www.esportsbets.com\/es\/honor-of-kings\/mejores-jugadores\/#breadcrumb","itemListElement":[{"@type":"ListItem","position":1,"name":"Home","item":"https:\/\/www.esportsbets.com\/es\/"},{"@type":"ListItem","position":2,"name":"Apuestas Honor of Kings: C\u00f3mo y D\u00f3nde Apostar","item":"https:\/\/www.esportsbets.com\/es\/honor-of-kings\/"},{"@type":"ListItem","position":3,"name":"Los 5 Mejores Jugadores de Honor of Kings"}]},{"@type":"WebSite","@id":"https:\/\/www.esportsbets.com\/es\/#website","url":"https:\/\/www.esportsbets.com\/es\/","name":"EsportsBets ES","description":"","publisher":{"@id":"https:\/\/www.esportsbets.com\/es\/#organization"},"potentialAction":[{"@type":"SearchAction","target":{"@type":"EntryPoint","urlTemplate":"https:\/\/www.esportsbets.com\/es\/?s={search_term_string}"},"query-input":"required name=search_term_string"}],"inLanguage":"es"},{"@type":"Organization","@id":"https:\/\/www.esportsbets.com\/es\/#organization","name":"EsportsBets ES","url":"https:\/\/www.esportsbets.com\/es\/","logo":{"@type":"ImageObject","inLanguage":"es","@id":"https:\/\/www.esportsbets.com\/es\/#\/schema\/logo\/image\/","url":"https:\/\/www.esportsbets.com\/es\/wp-content\/uploads\/sites\/4\/2024\/01\/logo.png","contentUrl":"https:\/\/www.esportsbets.com\/es\/wp-content\/uploads\/sites\/4\/2024\/01\/logo.png","width":1956,"height":337,"caption":"EsportsBets ES"},"image":{"@id":"https:\/\/www.esportsbets.com\/es\/#\/schema\/logo\/image\/"}}]}},"_links":{"self":[{"href":"https:\/\/www.esportsbets.com\/es\/wp-json\/wp\/v2\/pages\/2857","targetHints":{"allow":["GET"]}}],"collection":[{"href":"https:\/\/www.esportsbets.com\/es\/wp-json\/wp\/v2\/pages"}],"about":[{"href":"https:\/\/www.esportsbets.com\/es\/wp-json\/wp\/v2\/types\/page"}],"author":[{"embeddable":true,"href":"https:\/\/www.esportsbets.com\/es\/wp-json\/wp\/v2\/users\/119"}],"replies":[{"embeddable":true,"href":"https:\/\/www.esportsbets.com\/es\/wp-json\/wp\/v2\/comments?post=2857"}],"version-history":[{"count":1,"href":"https:\/\/www.esportsbets.com\/es\/wp-json\/wp\/v2\/pages\/2857\/revisions"}],"predecessor-version":[{"id":5250,"href":"https:\/\/www.esportsbets.com\/es\/wp-json\/wp\/v2\/pages\/2857\/revisions\/5250"}],"up":[{"embeddable":true,"href":"https:\/\/www.esportsbets.com\/es\/wp-json\/wp\/v2\/pages\/2845"}],"wp:featuredmedia":[{"embeddable":true,"href":"https:\/\/www.esportsbets.com\/es\/wp-json\/wp\/v2\/media\/2866"}],"wp:attachment":[{"href":"https:\/\/www.esportsbets.com\/es\/wp-json\/wp\/v2\/media?parent=2857"}],"curies":[{"name":"wp","href":"https:\/\/api.w.org\/{rel}","templated":true}]}}