{"id":29,"date":"2023-10-27T08:58:03","date_gmt":"2023-10-27T08:58:03","guid":{"rendered":"https:\/\/www.esportsbets.com\/es\/?page_id=29"},"modified":"2024-07-12T04:18:07","modified_gmt":"2024-07-12T04:18:07","slug":"rocket-league","status":"publish","type":"page","link":"https:\/\/www.esportsbets.com\/es\/rocket-league\/","title":{"rendered":"Apuestas Rocket League: Los mejores consejos para apostar en RL"},"content":{"rendered":"<p>Antes de enfocarnos en el tema sobre<strong> Apuestas Rocket League<\/strong>, empezemos con datos generales sobre este software. Primero, este es uno de los famosos video juegos que est\u00e1 lleno de retos y horas de diversi\u00f3n. Uno de los puntos principales que impulso Rocket League a la fama es la mezcla entre dos temas o g\u00e9neros.<\/p>\n<p>[cta id=5537 type=cta]<\/p>\n<p>Por un lado, tienes la parte de los juegos de carrera. Eliges un tipo de veh\u00edculo y tratas de controlar su movimiento en la pista. Dependiendo del carro (o chasis), cambia la velocidad o como responde al moverlo de un lado a otro.<\/p>\n<p>Aqu\u00ed no es necesario llegar primero a la meta, aqu\u00ed tienes otro objetivo principal.<\/p>\n<p>La otra parte de Rocket League es que cada veh\u00edculo representa un jugador en una cancha de f\u00fatbol. Dos equipos batallan en una arena donde el ganador es quien tenga el puntaje m\u00e1s alto, cuando se acaba el tiempo.<\/p>\n<p>Al principio se puede ver algo confuso, pero en menos de 30 minutos entender\u00e1s las mec\u00e1nicas del juego. Dentro de un poco de tiempo, podr\u00e1s <a href=\"https:\/\/www.esportsbets.com\/es\/\">apostar en esports<\/a> y ganar dinero extra.<\/p>\n<p><img loading=\"lazy\" decoding=\"async\" class=\"aligncenter wp-image-3953 size-full\" src=\"https:\/\/www.esportsbets.com\/es\/wp-content\/uploads\/sites\/4\/2024\/06\/apuestas-rocket-league.webp\" alt=\"apuestas rocket league\" width=\"800\" height=\"450\" srcset=\"https:\/\/www.esportsbets.com\/es\/wp-content\/uploads\/sites\/4\/2024\/06\/apuestas-rocket-league.webp 800w, https:\/\/www.esportsbets.com\/es\/wp-content\/uploads\/sites\/4\/2024\/06\/apuestas-rocket-league-300x169.webp 300w, https:\/\/www.esportsbets.com\/es\/wp-content\/uploads\/sites\/4\/2024\/06\/apuestas-rocket-league-768x432.webp 768w\" sizes=\"auto, (max-width: 800px) 100vw, 800px\" \/><\/p>\n<h2 id='apuestas-de-rocket-league'><strong>Apuestas de Rocket League<\/strong><\/h2>\n<p>En esta parte del art\u00edculo, nos enfocaremos en c\u00f3mo puedes tener ganancias con Rocket League. Al contrario de cualquier otro seguidor de torneos esports, <strong>apostar requiere mayores conocimientos<\/strong>.<\/p>\n<p>No te preocupes, toda esta \u201csabidur\u00eda\u201d no conlleva a que leas muchos libros. Solo es necesario tener una idea en tu mente de c\u00f3mo aumentar las probabilidades de ganar.<\/p>\n<h3 id='%c2%bfc%c3%b3mo-apostar-en-rocket-league'><strong>\u00bfC\u00f3mo apostar en Rocket League?<\/strong><\/h3>\n<p>Por el momento, los m\u00e9todos m\u00e1s comunes para <a href=\"https:\/\/www.esportsbets.com\/es\/rocket-league\/\">apostar Rocket League<\/a> son los siguientes:<\/p>\n<ul>\n<li><b>Ganador:<\/b> La apuesta es simple, solo tienes que elegir por el posible ganador de un futuro juego. <strong>Si aciertas con tu predicci\u00f3n, ganaras la apuesta<\/strong>. Dependiendo de las probabilidades, la ganancia puede ser poca o significante.<\/li>\n<li><b>Handicap:<\/b> Cuando el resultado est\u00e1 m\u00e1s que asegurado en un juego entre el equipo favorito y uno de los peores equipos; t\u00fa puedes hacer las cosas m\u00e1s interesantes. En una apuesta Handicap, es posible darle una \u201cventaja\u201d al equipo menor para emparejar el juego.<\/li>\n<li style=\"font-weight: 400;\"><b>Rocket League Fantasy:<\/b> En este formato, tienes la libertad de \u201cformar\u201d tu propio equipo con jugadores profesionales. Seg\u00fan el desempe\u00f1o de los \u00faltimos juegos (reales) de los miembros de tu equipo de fantas\u00eda, as\u00ed influye tus resultados. Lastimosamente, no todos los sitios cuentan con este tipo de apuestas Rocket League.<\/li>\n<\/ul>\n<h3 id='consejos-para-apostar-en-rocket-league'><strong>Consejos para apostar en Rocket League<\/strong><\/h3>\n<p>Despu\u00e9s de saber c\u00f3mo apostar en Rocket League, aqu\u00ed tienes unos consejos que podr\u00edan llevarte a incrementar tus aciertos en las apuestas:<\/p>\n<ul>\n<li><b>Busca m\u00e1s Casas de Apuestas:<\/b> Muchos sitios tienen grandes <a href=\"https:\/\/www.esportsbets.com\/es\/bonos\/\">bonos de bienvenida<\/a> que previenen grandes p\u00e9rdidas cuando estas aprendiendo a apostar. Es necesario tener un registro de c\u00f3mo usar los bonos y no perderlos con el tiempo.<\/li>\n<li><b>Juega Rocket League:<\/b> Si ya has intentado jugar Rocket League y disfrutas goleando al equipo contrario, es m\u00e1s f\u00e1cil seguir con los dem\u00e1s pasos. Al pasar un par de horas en este video juego, pronto descubrir\u00e1s las mec\u00e1nicas del juego y porque es divertido. Despu\u00e9s, cuando veas un torneo esports, sabr\u00e1s lo que sucede en tu pantalla.<\/li>\n<li>\u00a0<b>Descubre Toda la Informaci\u00f3n Necesaria:<\/b> Antes de hacer apuestas Rocket League, es necesario saber algo de la escena esports. Es necesario reconocer que equipos son los favoritos, que cambios ha tenido Rocket League, y cu\u00e1les son las reglas del torneo.<\/li>\n<li><b>Maneja tus Cr\u00e9ditos:<\/b> Es muy importante saber cu\u00e1nto dinero posee tu cuenta antes de hacer una nueva apuesta. Al mismo tiempo, tendr\u00e1s una gu\u00eda para saber si estas acertando y aumentando tus ganancias. Cabe resaltar que ciertas casas de apuestas dar\u00e1n la opci\u00f3n de hacer <a href=\"https:\/\/www.esportsbets.com\/es\/cripto\/\">apuestas con criptomonedas<\/a> por si tienes una billetera virtual.<\/li>\n<\/ul>\n<h2 id='%c2%bfd%c3%b3nde-se-puede-apostar-en-rl'>\u00bfD\u00f3nde se puede apostar en RL?<\/h2>\n<p>[cta id=5554 type=list]<\/p>\n<h2 id='eventos-famosos-de-rocket-league'><strong>Eventos Famosos de Rocket League<\/strong><\/h2>\n<p>Por el momento, se pueden reconocer ciertos eventos de esports que son dignos para apuestas Rocket League.<\/p>\n<h3 id='rlcs-world-championship'><strong>RLCS World Championship<\/strong><\/h3>\n<p>Uno de los eventos que poseen mucha fama para toda la comunidad de este video juego. RLCS usualmente llega con grandes premios para aquellos jugadores que participen en la competici\u00f3n.<\/p>\n<p>Al mismo tiempo, no cualquier jugador de Rocket League puede asegurar un puesto en el torneo. Muchos de los <a href=\"https:\/\/www.esportsbets.com\/es\/rocket-league\/mejores-jugadores\/\">mejores jugadores de Rocket League<\/a>\u00a0pasan la mayor parte de sus d\u00edas entrenando para ganar y mantener este titulo. Gracias a ese esfuerzo, logran completar jugadas inolvidables para incrementar el puntaje final.<\/p>\n<h3 id='collegiate-rocket-league-crl'><span dir=\"auto\"><span class=\"mw-page-title-main\">Collegiate Rocket League (<\/span><\/span><strong>CRL)<\/strong><\/h3>\n<p>Otro de los torneos concurrentes (tomando en cuenta RLCS) que es apoyado por la misma empresa que desarrolla el video juego. Psyonix tienden a mantener el mismo formato y logran mantener la atenci\u00f3n a estos torneos con grandes premios.<\/p>\n<p>Sin lugar a duda, una buena opci\u00f3n para apuestas Rocket League. Muchos sitios que soportan eventos esports con este video juego, presentar\u00e1n formas para apostar. Recomendamos que sigas las \u00faltimas noticias sobre este torneo.\u00a0Debido a que Psyonix sigue agregando soporte a este formato, veras m\u00e1s eventos CRL en el futuro.\u00a0 Al mismo tiempo, muchos profesionales se esfuerzan para lograr calificar al torneo y ser uno de los ganadores.<\/p>\n<p><strong>Esports World Cup 2024<\/strong><\/p>\n<p>Aqu\u00ed un apartado especial sobre uno de los eventos m\u00e1s esperados del a\u00f1o en el mundo de las apuestas esports: la Esports World Cup 2024. Con un premio total de 60 millones de d\u00f3lares, re\u00fane los deportes electr\u00f3nicos m\u00e1s populares entre los que sin duda figura Rocket League.<\/p>\n<p>As\u00ed que desde el 22 de agosto al 25 de agosto la adrenalina y la emoci\u00f3n del f\u00fatbol se fusionan con la velocidad de los autos en Rocket League para abrir la fase de grupos y esta serpa sin duda una gran oportunidad para <a href=\"https:\/\/www.esportsbets.com\/es\/noticias\/rocket-league-esports-world-cup\/\">apostar en rocket league en la copa mundial de esports<\/a> y ganar a lo grande.<\/p>\n<p>Como debes imaginar, las mejores casas de apuestas esports estar\u00e1n ofreciendo cuotas para los partidos de la <a href=\"https:\/\/www.esportsbets.com\/es\/torneos\/esports-world-cup\/\">esports world cup<\/a>, con una gran variedad de mercados para que elijas aquellos que m\u00e1s te convengan. \u00a1Solo recuerda antes de hacer tus apuestas analizar muy bien el rendimiento de los equipos, estrategias de los jugadores y administrar tu bankroll con responsabilidad!<\/p>\n<h3 id='gamers8-rocket-league'><strong>Gamers8 Rocket League<\/strong><\/h3>\n<p>Si buscas por un torneo esports que sea m\u00e1s reciente, puedes enfocarte con esta opci\u00f3n. Gamers8 ha tomado la decisi\u00f3n de invertir grandes cantidades de d\u00f3lares para incrementar los premios de sus torneos.<\/p>\n<p>Aunque Rocket League es un video juego que tiene eventos, no es el \u00fanico. Estos organizadores buscan darles soporte a otros juegos famosos (como Dota 2), y establecer otro torneo llamativo.\u00a0Ya que Gamers8 forma sus propias reglas, no todos tienen la misma probabilidad de participar. Sobre todo, es muy probable que los equipos m\u00e1s destacados est\u00e9n invitados a competir.\u00a0De igual manera, estos torneos son tomado en cuenta para apuestas Rocket League.<\/p>\n<figure id=\"attachment_438\" aria-describedby=\"caption-attachment-438\" style=\"width: 800px\" class=\"wp-caption aligncenter\"><img loading=\"lazy\" decoding=\"async\" class=\"size-full wp-image-438\" src=\"https:\/\/www.esportsbets.com\/es\/wp-content\/uploads\/sites\/4\/2023\/10\/rlcs-world-championship-2022.webp\" alt=\"rlcs-world-championship-2022\" width=\"800\" height=\"450\" srcset=\"https:\/\/www.esportsbets.com\/es\/wp-content\/uploads\/sites\/4\/2023\/10\/rlcs-world-championship-2022.webp 800w, https:\/\/www.esportsbets.com\/es\/wp-content\/uploads\/sites\/4\/2023\/10\/rlcs-world-championship-2022-300x169.webp 300w, https:\/\/www.esportsbets.com\/es\/wp-content\/uploads\/sites\/4\/2023\/10\/rlcs-world-championship-2022-768x432.webp 768w\" sizes=\"auto, (max-width: 800px) 100vw, 800px\" \/><figcaption id=\"caption-attachment-438\" class=\"wp-caption-text\">\u00a9 Psyonix<\/figcaption><\/figure>\n<hr \/>\n<h2 id='juegos-%e2%80%9cfree-to-play%e2%80%9d-gratis'><strong>Juegos \u201cFree to Play\u201d (Gratis)<\/strong><\/h2>\n<p>Muchas opciones en la actualidad nos otorgan la oportunidad de probarlos sin gastar un centavo. Desde que elementos como League of Legends (LoL) demostraron que se puede tener ganancias, otros tambi\u00e9n han intentado este m\u00e9todo.<\/p>\n<p>Como el nombre lo dice, esta modalidad te da la opci\u00f3n de descargar el video juego completo. Lastimosamente, la mayor\u00eda del tiempo hay una peque\u00f1a \u201ctrampa.\u201d<\/p>\n<p>La mayor\u00eda de video juegos que siguen este modelo de negocio, tratan de ocultar contenido detr\u00e1s de transacciones monetarias. No puedes tener todo lo que te ofrece el juego sin usar una tarjeta de cr\u00e9dito.<\/p>\n<p>Dentro de Rocket League, hay muchos elementos que solo puedes adquirir con dinero. Afortunadamente, la mayor\u00eda de estos objetos virtuales no tienen impacto en las mec\u00e1nicas del video juego.<\/p>\n<p style=\"text-align: center;\"><a class=\"e-light-btn\" href=\"https:\/\/www.esportsbets.com\/go\/bcgame\/\">Deposita ahora y empieza a apostar con BC.Game \u27a5<\/a><\/p>\n<h2 id='conclusi%c3%b3n'><strong>Conclusi\u00f3n<\/strong><\/h2>\n<p>Luego de descubrir todos los procesos necesarios para hacer apuestas Rocket League, la siguiente parte es buscar eventos esports. Trata de leer dos veces cada estad\u00edstica y apuesta por los mejores equipos.<\/p>\n<p>Te recomendamos buscar juegos adicionales para incrementar tus opciones cuando un evento esports est\u00e9 activo. Por ejemplo, puedes ocupar un par de horas para conocer un poco m\u00e1s sobre<a href=\"https:\/\/www.esportsbets.com\/es\/free-fire\/\"> apuestas Free Fire<\/a>. Este juego para tu celular tiene mecanicas \u201cBattle Royale\u201d interesantes.<\/p>\n<p>\u00a1Buena suerte!<\/p>\n<hr \/>\n<h2 id='preguntas-frecuentes-sobre-apuestas-rocket-league'><strong>Preguntas Frecuentes sobre Apuestas Rocket League<\/strong><\/h2>\n<p>Aqu\u00ed tienes las inc\u00f3gnitas populares sobre este tema.<\/p>\n<section class=\"faq-container\" itemscope itemtype=\"http:\/\/schema.org\/FAQPage\"><br \/>\n<div class=\"faq-wrapper\" itemscope itemprop=\"mainEntity\" itemtype=\"https:\/\/schema.org\/Question\">\n                      <h3 class=\"faq-question\" itemprop=\"name\" class=\"faq-title\">\u00bfQu\u00e9 se requiere para ganar dinero con Rocket League? <\/h3>\n                        <div itemscope itemprop=\"acceptedAnswer\" itemtype=\"https:\/\/schema.org\/Answer\">\n                            <div class=\"faq-answer\" itemprop=\"text\"><br \/>\nUna de las estrategias es convertirte en un jugador profesional. Pero el m\u00e9todo m\u00e1s f\u00e1cil es haciendo apuestas con eventos esports.<\/div>\n                        <\/div>\n                   <\/div><br \/>\n<div class=\"faq-wrapper\" itemscope itemprop=\"mainEntity\" itemtype=\"https:\/\/schema.org\/Question\">\n                      <h3 class=\"faq-question\" itemprop=\"name\" class=\"faq-title\">\u00bfEs Rocket League Gratis? <\/h3>\n                        <div itemscope itemprop=\"acceptedAnswer\" itemtype=\"https:\/\/schema.org\/Answer\">\n                            <div class=\"faq-answer\" itemprop=\"text\"><br \/>\nSi, tu puedes encontrar el juego en la tienda virtual de tu consola\/computadora y buscar el video juego. Todas las modalidades de juego est\u00e1n disponibles para todos los jugadores.<\/div>\n                        <\/div>\n                   <\/div><br \/>\n<div class=\"faq-wrapper\" itemscope itemprop=\"mainEntity\" itemtype=\"https:\/\/schema.org\/Question\">\n                      <h3 class=\"faq-question\" itemprop=\"name\" class=\"faq-title\">\u00bfCu\u00e1les son los eventos esports m\u00e1s reconocidos en Rocket League? <\/h3>\n                        <div itemscope itemprop=\"acceptedAnswer\" itemtype=\"https:\/\/schema.org\/Answer\">\n                            <div class=\"faq-answer\" itemprop=\"text\"><br \/>\nRLCS World Championship y CRL. Ambos torneos tienen el soporte de Psyonix. En otras palabras, los desarrolladores del video juego ayudan a mantener el ambiente esports vivo.<\/div>\n                        <\/div>\n                   <\/div><br \/>\n<\/section>\n<p>[cta id=6186 type=cta]<\/p>\n","protected":false},"excerpt":{"rendered":"<p>Antes de enfocarnos en el tema sobre Apuestas Rocket League, empezemos con datos generales sobre este software. Primero, este es uno&hellip;<\/p>\n","protected":false},"author":119,"featured_media":3953,"parent":0,"menu_order":0,"comment_status":"closed","ping_status":"closed","template":"","meta":{"_stopmodifiedupdate":true,"_modified_date":"","footnotes":""},"class_list":["post-29","page","type-page","status-publish","has-post-thumbnail","hentry"],"acf":[],"yoast_head":"<!-- This site is optimized with the Yoast SEO plugin v20.11 - https:\/\/yoast.com\/wordpress\/plugins\/seo\/ -->\n<title>Apuestas Rocket League - Gu\u00eda 2026 \u02d8\u00d4\u2248\u00f4\ufea3 [Pasos a Seguir]<\/title>\n<meta name=\"description\" content=\"Obt\u00e9n un conocimiento b\u00e1sico sobre este video juego \u271a Aprende a hacer apuestas Rocket League en poco tiempo \u271a Gana dinero con la escena esports.\" \/>\n<meta name=\"robots\" content=\"index, follow, max-snippet:-1, max-image-preview:large, max-video-preview:-1\" \/>\n<link rel=\"canonical\" href=\"https:\/\/www.esportsbets.com\/es\/rocket-league\/\" \/>\n<meta property=\"og:locale\" content=\"es_ES\" \/>\n<meta property=\"og:type\" content=\"article\" \/>\n<meta property=\"og:title\" content=\"Apuestas Rocket League - Gu\u00eda 2026 \u02d8\u00d4\u2248\u00f4\ufea3 [Pasos a Seguir]\" \/>\n<meta property=\"og:description\" content=\"Obt\u00e9n un conocimiento b\u00e1sico sobre este video juego \u271a Aprende a hacer apuestas Rocket League en poco tiempo \u271a Gana dinero con la escena esports.\" \/>\n<meta property=\"og:url\" content=\"https:\/\/www.esportsbets.com\/es\/rocket-league\/\" \/>\n<meta property=\"og:site_name\" content=\"EsportsBets ES\" \/>\n<meta property=\"article:modified_time\" content=\"2024-07-12T04:18:07+00:00\" \/>\n<meta property=\"og:image\" content=\"https:\/\/www.esportsbets.com\/es\/wp-content\/uploads\/sites\/4\/2024\/06\/apuestas-rocket-league.webp\" \/>\n\t<meta property=\"og:image:width\" content=\"800\" \/>\n\t<meta property=\"og:image:height\" content=\"450\" \/>\n\t<meta property=\"og:image:type\" content=\"image\/webp\" \/>\n<meta name=\"twitter:card\" content=\"summary_large_image\" \/>\n<meta name=\"twitter:label1\" content=\"Tiempo de lectura\" \/>\n\t<meta name=\"twitter:data1\" content=\"8 minutos\" \/>\n<script type=\"application\/ld+json\" class=\"yoast-schema-graph\">{\"@context\":\"https:\/\/schema.org\",\"@graph\":[{\"@type\":\"WebPage\",\"@id\":\"https:\/\/www.esportsbets.com\/es\/rocket-league\/\",\"url\":\"https:\/\/www.esportsbets.com\/es\/rocket-league\/\",\"name\":\"Apuestas Rocket League - Gu\u00eda [yyyy] \u02d8\u00d4\u2248\u00f4\ufea3 [Pasos a Seguir]\",\"isPartOf\":{\"@id\":\"https:\/\/www.esportsbets.com\/es\/#website\"},\"datePublished\":\"2023-10-27T08:58:03+00:00\",\"dateModified\":\"2024-07-12T04:18:07+00:00\",\"description\":\"Obt\u00e9n un conocimiento b\u00e1sico sobre este video juego \u271a Aprende a hacer apuestas Rocket League en poco tiempo \u271a Gana dinero con la escena esports.\",\"breadcrumb\":{\"@id\":\"https:\/\/www.esportsbets.com\/es\/rocket-league\/#breadcrumb\"},\"inLanguage\":\"es\",\"potentialAction\":[{\"@type\":\"ReadAction\",\"target\":[\"https:\/\/www.esportsbets.com\/es\/rocket-league\/\"]}]},{\"@type\":\"BreadcrumbList\",\"@id\":\"https:\/\/www.esportsbets.com\/es\/rocket-league\/#breadcrumb\",\"itemListElement\":[{\"@type\":\"ListItem\",\"position\":1,\"name\":\"Home\",\"item\":\"https:\/\/www.esportsbets.com\/es\/\"},{\"@type\":\"ListItem\",\"position\":2,\"name\":\"Apuestas Rocket League: Los mejores consejos para apostar en RL\"}]},{\"@type\":\"WebSite\",\"@id\":\"https:\/\/www.esportsbets.com\/es\/#website\",\"url\":\"https:\/\/www.esportsbets.com\/es\/\",\"name\":\"EsportsBets ES\",\"description\":\"\",\"publisher\":{\"@id\":\"https:\/\/www.esportsbets.com\/es\/#organization\"},\"potentialAction\":[{\"@type\":\"SearchAction\",\"target\":{\"@type\":\"EntryPoint\",\"urlTemplate\":\"https:\/\/www.esportsbets.com\/es\/?s={search_term_string}\"},\"query-input\":\"required name=search_term_string\"}],\"inLanguage\":\"es\"},{\"@type\":\"Organization\",\"@id\":\"https:\/\/www.esportsbets.com\/es\/#organization\",\"name\":\"EsportsBets ES\",\"url\":\"https:\/\/www.esportsbets.com\/es\/\",\"logo\":{\"@type\":\"ImageObject\",\"inLanguage\":\"es\",\"@id\":\"https:\/\/www.esportsbets.com\/es\/#\/schema\/logo\/image\/\",\"url\":\"https:\/\/www.esportsbets.com\/es\/wp-content\/uploads\/sites\/4\/2024\/01\/logo.png\",\"contentUrl\":\"https:\/\/www.esportsbets.com\/es\/wp-content\/uploads\/sites\/4\/2024\/01\/logo.png\",\"width\":1956,\"height\":337,\"caption\":\"EsportsBets ES\"},\"image\":{\"@id\":\"https:\/\/www.esportsbets.com\/es\/#\/schema\/logo\/image\/\"}}]}<\/script>\n<!-- \/ Yoast SEO plugin. -->","yoast_head_json":{"title":"Apuestas Rocket League - Gu\u00eda 2026 \u02d8\u00d4\u2248\u00f4\ufea3 [Pasos a Seguir]","description":"Obt\u00e9n un conocimiento b\u00e1sico sobre este video juego \u271a Aprende a hacer apuestas Rocket League en poco tiempo \u271a Gana dinero con la escena esports.","robots":{"index":"index","follow":"follow","max-snippet":"max-snippet:-1","max-image-preview":"max-image-preview:large","max-video-preview":"max-video-preview:-1"},"canonical":"https:\/\/www.esportsbets.com\/es\/rocket-league\/","og_locale":"es_ES","og_type":"article","og_title":"Apuestas Rocket League - Gu\u00eda 2026 \u02d8\u00d4\u2248\u00f4\ufea3 [Pasos a Seguir]","og_description":"Obt\u00e9n un conocimiento b\u00e1sico sobre este video juego \u271a Aprende a hacer apuestas Rocket League en poco tiempo \u271a Gana dinero con la escena esports.","og_url":"https:\/\/www.esportsbets.com\/es\/rocket-league\/","og_site_name":"EsportsBets ES","article_modified_time":"2024-07-12T04:18:07+00:00","og_image":[{"width":800,"height":450,"url":"https:\/\/www.esportsbets.com\/es\/wp-content\/uploads\/sites\/4\/2024\/06\/apuestas-rocket-league.webp","type":"image\/webp"}],"twitter_card":"summary_large_image","twitter_misc":{"Tiempo de lectura":"8 minutos"},"schema":{"@context":"https:\/\/schema.org","@graph":[{"@type":"WebPage","@id":"https:\/\/www.esportsbets.com\/es\/rocket-league\/","url":"https:\/\/www.esportsbets.com\/es\/rocket-league\/","name":"Apuestas Rocket League - Gu\u00eda [yyyy] \u02d8\u00d4\u2248\u00f4\ufea3 [Pasos a Seguir]","isPartOf":{"@id":"https:\/\/www.esportsbets.com\/es\/#website"},"datePublished":"2023-10-27T08:58:03+00:00","dateModified":"2024-07-12T04:18:07+00:00","description":"Obt\u00e9n un conocimiento b\u00e1sico sobre este video juego \u271a Aprende a hacer apuestas Rocket League en poco tiempo \u271a Gana dinero con la escena esports.","breadcrumb":{"@id":"https:\/\/www.esportsbets.com\/es\/rocket-league\/#breadcrumb"},"inLanguage":"es","potentialAction":[{"@type":"ReadAction","target":["https:\/\/www.esportsbets.com\/es\/rocket-league\/"]}]},{"@type":"BreadcrumbList","@id":"https:\/\/www.esportsbets.com\/es\/rocket-league\/#breadcrumb","itemListElement":[{"@type":"ListItem","position":1,"name":"Home","item":"https:\/\/www.esportsbets.com\/es\/"},{"@type":"ListItem","position":2,"name":"Apuestas Rocket League: Los mejores consejos para apostar en RL"}]},{"@type":"WebSite","@id":"https:\/\/www.esportsbets.com\/es\/#website","url":"https:\/\/www.esportsbets.com\/es\/","name":"EsportsBets ES","description":"","publisher":{"@id":"https:\/\/www.esportsbets.com\/es\/#organization"},"potentialAction":[{"@type":"SearchAction","target":{"@type":"EntryPoint","urlTemplate":"https:\/\/www.esportsbets.com\/es\/?s={search_term_string}"},"query-input":"required name=search_term_string"}],"inLanguage":"es"},{"@type":"Organization","@id":"https:\/\/www.esportsbets.com\/es\/#organization","name":"EsportsBets ES","url":"https:\/\/www.esportsbets.com\/es\/","logo":{"@type":"ImageObject","inLanguage":"es","@id":"https:\/\/www.esportsbets.com\/es\/#\/schema\/logo\/image\/","url":"https:\/\/www.esportsbets.com\/es\/wp-content\/uploads\/sites\/4\/2024\/01\/logo.png","contentUrl":"https:\/\/www.esportsbets.com\/es\/wp-content\/uploads\/sites\/4\/2024\/01\/logo.png","width":1956,"height":337,"caption":"EsportsBets ES"},"image":{"@id":"https:\/\/www.esportsbets.com\/es\/#\/schema\/logo\/image\/"}}]}},"_links":{"self":[{"href":"https:\/\/www.esportsbets.com\/es\/wp-json\/wp\/v2\/pages\/29","targetHints":{"allow":["GET"]}}],"collection":[{"href":"https:\/\/www.esportsbets.com\/es\/wp-json\/wp\/v2\/pages"}],"about":[{"href":"https:\/\/www.esportsbets.com\/es\/wp-json\/wp\/v2\/types\/page"}],"author":[{"embeddable":true,"href":"https:\/\/www.esportsbets.com\/es\/wp-json\/wp\/v2\/users\/119"}],"replies":[{"embeddable":true,"href":"https:\/\/www.esportsbets.com\/es\/wp-json\/wp\/v2\/comments?post=29"}],"version-history":[{"count":1,"href":"https:\/\/www.esportsbets.com\/es\/wp-json\/wp\/v2\/pages\/29\/revisions"}],"predecessor-version":[{"id":5237,"href":"https:\/\/www.esportsbets.com\/es\/wp-json\/wp\/v2\/pages\/29\/revisions\/5237"}],"wp:featuredmedia":[{"embeddable":true,"href":"https:\/\/www.esportsbets.com\/es\/wp-json\/wp\/v2\/media\/3953"}],"wp:attachment":[{"href":"https:\/\/www.esportsbets.com\/es\/wp-json\/wp\/v2\/media?parent=29"}],"curies":[{"name":"wp","href":"https:\/\/api.w.org\/{rel}","templated":true}]}}