{"id":2905,"date":"2024-03-24T18:30:17","date_gmt":"2024-03-24T18:30:17","guid":{"rendered":"https:\/\/www.esportsbets.com\/es\/?page_id=2905"},"modified":"2024-03-24T19:56:55","modified_gmt":"2024-03-24T19:56:55","slug":"que-es-g-p-en-apuestas","status":"publish","type":"page","link":"https:\/\/www.esportsbets.com\/es\/guias\/que-es-g-p-en-apuestas\/","title":{"rendered":"Apuestas a Ganador \/ Posici\u00f3n (G\/P) &#8211; Descubre como funciona"},"content":{"rendered":"<p>Si est\u00e1s interesado en el mundo del deporte y las apuestas deportivas, seguramente ya sabes que el mercado de apuestas es sumamente variado y extenso.<\/p>\n<p>Por ello, existen muchas opciones entre los mercados de <a href=\"https:\/\/www.esportsbets.com\/es\/\">apuestas esports<\/a> y en general, pero \u00bfQue es G\/P en apuestas?. A lo largo del blog te hablaremos sobre ello.<\/p>\n<p><img loading=\"lazy\" decoding=\"async\" class=\"alignnone size-full wp-image-2908\" src=\"https:\/\/www.esportsbets.com\/es\/wp-content\/uploads\/sites\/4\/2024\/03\/que-son-apuestas-g-p.jpg\" alt=\"que son apuestas g p\" width=\"800\" height=\"450\" srcset=\"https:\/\/www.esportsbets.com\/es\/wp-content\/uploads\/sites\/4\/2024\/03\/que-son-apuestas-g-p.jpg 800w, https:\/\/www.esportsbets.com\/es\/wp-content\/uploads\/sites\/4\/2024\/03\/que-son-apuestas-g-p-300x169.jpg 300w, https:\/\/www.esportsbets.com\/es\/wp-content\/uploads\/sites\/4\/2024\/03\/que-son-apuestas-g-p-768x432.jpg 768w\" sizes=\"auto, (max-width: 800px) 100vw, 800px\" \/><\/p>\n<h2 id='%c2%bfqu%c3%a9-son-las-apuestas-a-ganador-posici%c3%b3n-gp'><b>\u00bfQu\u00e9 son las apuestas a Ganador \/ Posici\u00f3n (G\/P)?<\/b><\/h2>\n<p>Las apuestas Ganador \/ Posici\u00f3n (G\/P) \u2013 tambi\u00e9n conocidas como each way \u2013 se aplican para competencias donde existe un primer, segundo, tercer lugar y as\u00ed sucesivamente. Es decir, se utiliza mayormente en eventos deportivos individuales como por ejemplo: carreras de caballos, carreras de galgos, carreras de autos y competiciones de golf, entre otros.<\/p>\n<p>Este tipo de apuestas permite que los jugadores brinden su apoyo tanto al ganador como a su posici\u00f3n en la clasificaci\u00f3n final. De este modo, as\u00ed aumentar\u00e1 sus posibilidades de obtener un retorno, inclusive si su selecci\u00f3n no gana.<\/p>\n<h2 id='%c2%bfc%c3%b3mo-funcionan-las-apuestas-ganador-posici%c3%b3n'><b>\u00bfC\u00f3mo funcionan las apuestas Ganador \/ Posici\u00f3n?<\/b><\/h2>\n<p>Al realizar una apuesta de este tipo, colocar\u00e1s dos apuestas en una sola selecci\u00f3n, es decir, un ganador y la posici\u00f3n final que ocupar\u00e1.\u00a0 En otras palabras, si apuestas<br \/>\n$10 a un caballo para ganar, tambi\u00e9n estar\u00e1s apostando $10 a que el caballo terminar\u00e1 en una posici\u00f3n espec\u00edfica.<\/p>\n<p>En este sentido, si el caballo gana la carrera, ambas partes de la apuesta resultar\u00e1n ganadoras; lo que se traduce a recibir pagos por el ganador como por la posici\u00f3n. Si por el contrario el caballo no gana, pero queda en la posici\u00f3n que elegiste, igualmente recibir\u00e1s un retorno por la parte de la apuesta de posici\u00f3n.<\/p>\n<h2 id='gu%c3%ada-para-apuestas-gp'><b>Gu\u00eda para apuestas G\/P<\/b><\/h2>\n<p>Las apuestas G\/P les brinda a los apostadores una oportunidad emocionante de participar en estas competencias deportivas; ofreciendo ganancias inclusive si su elecci\u00f3n no gana. Por lo tanto, tenemos una gu\u00eda para apostar con \u00e9xito:<\/p>\n<h3 id='conoce-el-deporte-o-la-competencia'><b>Conoce el deporte o la competencia<\/b><\/h3>\n<p>Antes que nada, es indispensable que conozcas acerca del deporte o de la competencia en la cual realizar\u00e1s la apuesta G\/P. Recomendamos que te fijes en los competidores, sus estad\u00edsticas y cualquier otro dato relevante que influya en el resultado.<\/p>\n<h3 id='eval%c3%baa-las-probabilidades'><b>Eval\u00faa las probabilidades<\/b><\/h3>\n<p>En l\u00edneas generales, las casas de apuestas ofrecen probabilidades para la apuesta al ganador y para la posici\u00f3n; por lo que debes evaluarlas y elegir adecuadamente para que puedas alcanzar el \u00e9xito.<\/p>\n<h3 id='analiza-el-n%c3%bamero-de-participantes'><b>Analiza el n\u00famero de participantes<\/b><\/h3>\n<p>Debes tener presente que el n\u00famero de participantes influye significativamente en la competencia que apuestes; ya que donde hay muchos jugadores, la competencia se torna m\u00e1s intensa.<\/p>\n<h3 id='investiga-las-condiciones'><b>Investiga las condiciones<\/b><\/h3>\n<p>En cuanto a las condiciones, hacemos referencia al clima, el terreno y la pista donde se llevar\u00e1 a cabo el evento porque esto afecta directamente el rendimiento de los jugadores.<\/p>\n<h3 id='juega-seguro'><b>Juega seguro<\/b><\/h3>\n<p>Gestiona tu Bankroll, sea cual sea el tipo de apuesta que vayas a realizar, es imprescindible que gestiones de manera responsable tu Bankroll; as\u00ed podr\u00e1s establecer un presupuesto consciente y no caer\u00e1s en excesos.<\/p>\n<p>\u00bfQuieres m\u00e1s consejos? \u00a1No te pierdas nuestra completa <a href=\"https:\/\/www.esportsbets.com\/es\/guias\/\">gu\u00eda de apuestas esports<\/a>, donde encontrar\u00e1s consejos detallados, an\u00e1lisis profundos y todo lo que necesitas para llevar tus apuestas al siguiente nivel!<\/p>\n","protected":false},"excerpt":{"rendered":"<p>Si est\u00e1s interesado en el mundo del deporte y las apuestas deportivas, seguramente ya sabes que el mercado de apuestas es&hellip;<\/p>\n","protected":false},"author":117,"featured_media":2908,"parent":17,"menu_order":0,"comment_status":"closed","ping_status":"closed","template":"","meta":{"_stopmodifiedupdate":false,"_modified_date":"","footnotes":""},"class_list":["post-2905","page","type-page","status-publish","has-post-thumbnail","hentry"],"acf":[],"yoast_head":"<!-- This site is optimized with the Yoast SEO plugin v20.11 - https:\/\/yoast.com\/wordpress\/plugins\/seo\/ -->\n<title>Que es G\/P en apuestas \u25b7 Apuestas al ganador\/posici\u00f3n<\/title>\n<meta name=\"description\" content=\"\u00bfQuieres saber que es G\/P en apuestas? \u27a4 Juega con uno de los mercados de apuestas m\u00e1s populares con base al desarrollo del partido.\" \/>\n<meta name=\"robots\" content=\"index, follow, max-snippet:-1, max-image-preview:large, max-video-preview:-1\" \/>\n<link rel=\"canonical\" href=\"https:\/\/www.esportsbets.com\/es\/guias\/que-es-g-p-en-apuestas\/\" \/>\n<meta property=\"og:locale\" content=\"es_ES\" \/>\n<meta property=\"og:type\" content=\"article\" \/>\n<meta property=\"og:title\" content=\"Que es G\/P en apuestas \u25b7 Apuestas al ganador\/posici\u00f3n\" \/>\n<meta property=\"og:description\" content=\"\u00bfQuieres saber que es G\/P en apuestas? \u27a4 Juega con uno de los mercados de apuestas m\u00e1s populares con base al desarrollo del partido.\" \/>\n<meta property=\"og:url\" content=\"https:\/\/www.esportsbets.com\/es\/guias\/que-es-g-p-en-apuestas\/\" \/>\n<meta property=\"og:site_name\" content=\"EsportsBets ES\" \/>\n<meta property=\"article:modified_time\" content=\"2024-03-24T19:56:55+00:00\" \/>\n<meta property=\"og:image\" content=\"https:\/\/www.esportsbets.com\/es\/wp-content\/uploads\/sites\/4\/2024\/03\/que-son-apuestas-g-p.jpg\" \/>\n\t<meta property=\"og:image:width\" content=\"800\" \/>\n\t<meta property=\"og:image:height\" content=\"450\" \/>\n\t<meta property=\"og:image:type\" content=\"image\/jpeg\" \/>\n<meta name=\"twitter:card\" content=\"summary_large_image\" \/>\n<meta name=\"twitter:label1\" content=\"Tiempo de lectura\" \/>\n\t<meta name=\"twitter:data1\" content=\"3 minutos\" \/>\n<script type=\"application\/ld+json\" class=\"yoast-schema-graph\">{\"@context\":\"https:\/\/schema.org\",\"@graph\":[{\"@type\":\"WebPage\",\"@id\":\"https:\/\/www.esportsbets.com\/es\/guias\/que-es-g-p-en-apuestas\/\",\"url\":\"https:\/\/www.esportsbets.com\/es\/guias\/que-es-g-p-en-apuestas\/\",\"name\":\"Que es G\/P en apuestas \u25b7 Apuestas al ganador\/posici\u00f3n\",\"isPartOf\":{\"@id\":\"https:\/\/www.esportsbets.com\/es\/#website\"},\"datePublished\":\"2024-03-24T18:30:17+00:00\",\"dateModified\":\"2024-03-24T19:56:55+00:00\",\"description\":\"\u00bfQuieres saber que es G\/P en apuestas? \u27a4 Juega con uno de los mercados de apuestas m\u00e1s populares con base al desarrollo del partido.\",\"breadcrumb\":{\"@id\":\"https:\/\/www.esportsbets.com\/es\/guias\/que-es-g-p-en-apuestas\/#breadcrumb\"},\"inLanguage\":\"es\",\"potentialAction\":[{\"@type\":\"ReadAction\",\"target\":[\"https:\/\/www.esportsbets.com\/es\/guias\/que-es-g-p-en-apuestas\/\"]}]},{\"@type\":\"BreadcrumbList\",\"@id\":\"https:\/\/www.esportsbets.com\/es\/guias\/que-es-g-p-en-apuestas\/#breadcrumb\",\"itemListElement\":[{\"@type\":\"ListItem\",\"position\":1,\"name\":\"Home\",\"item\":\"https:\/\/www.esportsbets.com\/es\/\"},{\"@type\":\"ListItem\",\"position\":2,\"name\":\"Gu\u00edas de Apuestas: Todo lo que necesitas para aprender a apostar en esports\",\"item\":\"https:\/\/www.esportsbets.com\/es\/guias\/\"},{\"@type\":\"ListItem\",\"position\":3,\"name\":\"Apuestas a Ganador \/ Posici\u00f3n (G\/P) &#8211; Descubre como funciona\"}]},{\"@type\":\"WebSite\",\"@id\":\"https:\/\/www.esportsbets.com\/es\/#website\",\"url\":\"https:\/\/www.esportsbets.com\/es\/\",\"name\":\"EsportsBets ES\",\"description\":\"\",\"publisher\":{\"@id\":\"https:\/\/www.esportsbets.com\/es\/#organization\"},\"potentialAction\":[{\"@type\":\"SearchAction\",\"target\":{\"@type\":\"EntryPoint\",\"urlTemplate\":\"https:\/\/www.esportsbets.com\/es\/?s={search_term_string}\"},\"query-input\":\"required name=search_term_string\"}],\"inLanguage\":\"es\"},{\"@type\":\"Organization\",\"@id\":\"https:\/\/www.esportsbets.com\/es\/#organization\",\"name\":\"EsportsBets ES\",\"url\":\"https:\/\/www.esportsbets.com\/es\/\",\"logo\":{\"@type\":\"ImageObject\",\"inLanguage\":\"es\",\"@id\":\"https:\/\/www.esportsbets.com\/es\/#\/schema\/logo\/image\/\",\"url\":\"https:\/\/www.esportsbets.com\/es\/wp-content\/uploads\/sites\/4\/2024\/01\/logo.png\",\"contentUrl\":\"https:\/\/www.esportsbets.com\/es\/wp-content\/uploads\/sites\/4\/2024\/01\/logo.png\",\"width\":1956,\"height\":337,\"caption\":\"EsportsBets ES\"},\"image\":{\"@id\":\"https:\/\/www.esportsbets.com\/es\/#\/schema\/logo\/image\/\"}}]}<\/script>\n<!-- \/ Yoast SEO plugin. -->","yoast_head_json":{"title":"Que es G\/P en apuestas \u25b7 Apuestas al ganador\/posici\u00f3n","description":"\u00bfQuieres saber que es G\/P en apuestas? \u27a4 Juega con uno de los mercados de apuestas m\u00e1s populares con base al desarrollo del partido.","robots":{"index":"index","follow":"follow","max-snippet":"max-snippet:-1","max-image-preview":"max-image-preview:large","max-video-preview":"max-video-preview:-1"},"canonical":"https:\/\/www.esportsbets.com\/es\/guias\/que-es-g-p-en-apuestas\/","og_locale":"es_ES","og_type":"article","og_title":"Que es G\/P en apuestas \u25b7 Apuestas al ganador\/posici\u00f3n","og_description":"\u00bfQuieres saber que es G\/P en apuestas? \u27a4 Juega con uno de los mercados de apuestas m\u00e1s populares con base al desarrollo del partido.","og_url":"https:\/\/www.esportsbets.com\/es\/guias\/que-es-g-p-en-apuestas\/","og_site_name":"EsportsBets ES","article_modified_time":"2024-03-24T19:56:55+00:00","og_image":[{"width":800,"height":450,"url":"https:\/\/www.esportsbets.com\/es\/wp-content\/uploads\/sites\/4\/2024\/03\/que-son-apuestas-g-p.jpg","type":"image\/jpeg"}],"twitter_card":"summary_large_image","twitter_misc":{"Tiempo de lectura":"3 minutos"},"schema":{"@context":"https:\/\/schema.org","@graph":[{"@type":"WebPage","@id":"https:\/\/www.esportsbets.com\/es\/guias\/que-es-g-p-en-apuestas\/","url":"https:\/\/www.esportsbets.com\/es\/guias\/que-es-g-p-en-apuestas\/","name":"Que es G\/P en apuestas \u25b7 Apuestas al ganador\/posici\u00f3n","isPartOf":{"@id":"https:\/\/www.esportsbets.com\/es\/#website"},"datePublished":"2024-03-24T18:30:17+00:00","dateModified":"2024-03-24T19:56:55+00:00","description":"\u00bfQuieres saber que es G\/P en apuestas? \u27a4 Juega con uno de los mercados de apuestas m\u00e1s populares con base al desarrollo del partido.","breadcrumb":{"@id":"https:\/\/www.esportsbets.com\/es\/guias\/que-es-g-p-en-apuestas\/#breadcrumb"},"inLanguage":"es","potentialAction":[{"@type":"ReadAction","target":["https:\/\/www.esportsbets.com\/es\/guias\/que-es-g-p-en-apuestas\/"]}]},{"@type":"BreadcrumbList","@id":"https:\/\/www.esportsbets.com\/es\/guias\/que-es-g-p-en-apuestas\/#breadcrumb","itemListElement":[{"@type":"ListItem","position":1,"name":"Home","item":"https:\/\/www.esportsbets.com\/es\/"},{"@type":"ListItem","position":2,"name":"Gu\u00edas de Apuestas: Todo lo que necesitas para aprender a apostar en esports","item":"https:\/\/www.esportsbets.com\/es\/guias\/"},{"@type":"ListItem","position":3,"name":"Apuestas a Ganador \/ Posici\u00f3n (G\/P) &#8211; Descubre como funciona"}]},{"@type":"WebSite","@id":"https:\/\/www.esportsbets.com\/es\/#website","url":"https:\/\/www.esportsbets.com\/es\/","name":"EsportsBets ES","description":"","publisher":{"@id":"https:\/\/www.esportsbets.com\/es\/#organization"},"potentialAction":[{"@type":"SearchAction","target":{"@type":"EntryPoint","urlTemplate":"https:\/\/www.esportsbets.com\/es\/?s={search_term_string}"},"query-input":"required name=search_term_string"}],"inLanguage":"es"},{"@type":"Organization","@id":"https:\/\/www.esportsbets.com\/es\/#organization","name":"EsportsBets ES","url":"https:\/\/www.esportsbets.com\/es\/","logo":{"@type":"ImageObject","inLanguage":"es","@id":"https:\/\/www.esportsbets.com\/es\/#\/schema\/logo\/image\/","url":"https:\/\/www.esportsbets.com\/es\/wp-content\/uploads\/sites\/4\/2024\/01\/logo.png","contentUrl":"https:\/\/www.esportsbets.com\/es\/wp-content\/uploads\/sites\/4\/2024\/01\/logo.png","width":1956,"height":337,"caption":"EsportsBets ES"},"image":{"@id":"https:\/\/www.esportsbets.com\/es\/#\/schema\/logo\/image\/"}}]}},"_links":{"self":[{"href":"https:\/\/www.esportsbets.com\/es\/wp-json\/wp\/v2\/pages\/2905","targetHints":{"allow":["GET"]}}],"collection":[{"href":"https:\/\/www.esportsbets.com\/es\/wp-json\/wp\/v2\/pages"}],"about":[{"href":"https:\/\/www.esportsbets.com\/es\/wp-json\/wp\/v2\/types\/page"}],"author":[{"embeddable":true,"href":"https:\/\/www.esportsbets.com\/es\/wp-json\/wp\/v2\/users\/117"}],"replies":[{"embeddable":true,"href":"https:\/\/www.esportsbets.com\/es\/wp-json\/wp\/v2\/comments?post=2905"}],"version-history":[{"count":0,"href":"https:\/\/www.esportsbets.com\/es\/wp-json\/wp\/v2\/pages\/2905\/revisions"}],"up":[{"embeddable":true,"href":"https:\/\/www.esportsbets.com\/es\/wp-json\/wp\/v2\/pages\/17"}],"wp:featuredmedia":[{"embeddable":true,"href":"https:\/\/www.esportsbets.com\/es\/wp-json\/wp\/v2\/media\/2908"}],"wp:attachment":[{"href":"https:\/\/www.esportsbets.com\/es\/wp-json\/wp\/v2\/media?parent=2905"}],"curies":[{"name":"wp","href":"https:\/\/api.w.org\/{rel}","templated":true}]}}