{"id":2943,"date":"2024-03-25T02:42:56","date_gmt":"2024-03-25T02:42:56","guid":{"rendered":"https:\/\/www.esportsbets.com\/es\/?page_id=2943"},"modified":"2024-03-25T13:02:04","modified_gmt":"2024-03-25T13:02:04","slug":"crossfire","status":"publish","type":"page","link":"https:\/\/www.esportsbets.com\/es\/crossfire\/","title":{"rendered":"Gu\u00eda de apuestas Crossfire:Estrategias y secretos de \u00e9xito"},"content":{"rendered":"<p><span style=\"font-weight: 400\">Crossfire, es un videojuego de la categor\u00eda shooter t\u00e1ctico en primera persona. Actualmente, es un t\u00edtulo de fama mundial, ha conquistado el mundo de los esports. <\/span><\/p>\n<p><span style=\"font-weight: 400\">Y con su creciente popularidad, las apuestas en Crossfire se han convertido en una emocionante forma de aumentar la adrenalina en cada partida. Esta gu\u00eda completa te convertir\u00e1 en un experto en <\/span><b>apuestas Crossfire en LATAM<\/b><span style=\"font-weight: 400\">.\u00a0<\/span><\/p>\n<p><img loading=\"lazy\" decoding=\"async\" class=\"alignnone size-full wp-image-2945\" src=\"https:\/\/www.esportsbets.com\/es\/wp-content\/uploads\/sites\/4\/2024\/03\/apuestas-crossfire.jpg\" alt=\"apuestas crossfire\" width=\"800\" height=\"450\" srcset=\"https:\/\/www.esportsbets.com\/es\/wp-content\/uploads\/sites\/4\/2024\/03\/apuestas-crossfire.jpg 800w, https:\/\/www.esportsbets.com\/es\/wp-content\/uploads\/sites\/4\/2024\/03\/apuestas-crossfire-300x169.jpg 300w, https:\/\/www.esportsbets.com\/es\/wp-content\/uploads\/sites\/4\/2024\/03\/apuestas-crossfire-768x432.jpg 768w\" sizes=\"auto, (max-width: 800px) 100vw, 800px\" \/><\/p>\n<h2 id='%c2%bfqu%c3%a9-es-crossfire'>\u00bfQu\u00e9 es Crossfire?<\/h2>\n<p><span style=\"font-weight: 400\">La popularidad de Crossfire ha ido en aumento desde su creaci\u00f3n en 2007, desde hace m\u00e1s de una d\u00e9cada esta entrega ha acumulado tal reconocimiento por parte de los jugadores de esports que en la actualidad organizan torneos de talla internacional que re\u00fanen a los mejores pistoleros del mundo.<\/span><\/p>\n<p><span style=\"font-weight: 400\">Puedes elegir entre dos modos de juego: Deathmatch y Search and Destroy. La \u00fanica diferencia entre estos modos es si juegas en equipo o en solitario. Y en los torneos es posible encontrar lista de 16 jugadores que buscar\u00e1n llegar a lo m\u00e1s alto de la clasificaci\u00f3n.<\/span><\/p>\n<h2 id='%c2%bfc%c3%b3mo-apostar-en-crossfire'>\u00bfC\u00f3mo apostar en Crossfire?<\/h2>\n<p><span style=\"font-weight: 400\">Como sucede con la mayor\u00eda de las <\/span><b>apuestas esports, <\/b><span style=\"font-weight: 400\">cuando vas a apostar en Crossfire tienes una serie de opciones que pueden interferir en tus ganancias, tambi\u00e9n puede variar la dificultad o la cantidad de posibilidades que tienes disponibles para elegir. En primer lugar, tenemos las t\u00edpicas apuestas que los casinos en l\u00ednea suelen disponer en sus sitios web.\u00a0<\/span><\/p>\n<ul>\n<li style=\"font-weight: 400\"><span style=\"font-weight: 400\">Apuestas por ganador del partido: Pronostica qui\u00e9n ganar\u00e1 un enfrentamiento espec\u00edfico.<\/span><\/li>\n<li style=\"font-weight: 400\"><span style=\"font-weight: 400\">Apuestas por rondas: Acierta el ganador de una ronda individual.<\/span><\/li>\n<li style=\"font-weight: 400\"><span style=\"font-weight: 400\">Apuestas por h\u00e1ndicap: Equilibra las apuestas entre equipos dispares.<\/span><\/li>\n<li style=\"font-weight: 400\"><span style=\"font-weight: 400\">Apuestas especiales: Pronostica eventos espec\u00edficos dentro del juego, como el primer asesinato o la bomba plantada.<\/span><\/li>\n<\/ul>\n<p><span style=\"font-weight: 400\">Pero cuando estamos sumergidos en el juego, en este caso Crossfire, entonces tambi\u00e9n se abre un nuevo abanico de opciones para <\/span><a href=\"https:\/\/www.esportsbets.com\/es\/metodos-de-pago\/paypal\/\"><span style=\"font-weight: 400\">apostar con Paypal<\/span><\/a><span style=\"font-weight: 400\"> y otros m\u00e9todos de pago, como criptomonedas tambi\u00e9n. Que estar\u00e1n m\u00e1s relacionadas con las caracter\u00edsticas del juego, como las apuestas por los mejores jugadores o por hitos espec\u00edficos en el juego. Para m\u00e1s informaci\u00f3n, debes consultar las bases de tus <\/span><b>apuestas de Crossfire <\/b><span style=\"font-weight: 400\">antes de hacer cualquier dep\u00f3sito.<\/span><\/p>\n<h2 id='%c2%bfcu%c3%a1les-son-los-torneos-principales-en-crossfire'><strong>\u00bfCu\u00e1les son los torneos principales en Crossfire?<\/strong><\/h2>\n<p><span style=\"font-weight: 400\">Tus apuestas en Crossfire estar\u00e1n muy ligadas a los torneos que se organicen en el \u00e1mbito internacional. Por eso, te conviene saber cu\u00e1les son los principales torneos de Crossfire son estos:<\/span><\/p>\n<p><span style=\"font-weight: 400\">El torneo CrossFire Stars (CFS) es el torneo mundial m\u00e1s popular e importante donde participan exclusivamente los mejores. Los campeones regionales que ganan competiciones regionales son los participantes finales que se enfrentan para conocer a los mejores del pa\u00eds.<\/span><\/p>\n<p><span style=\"font-weight: 400\">CrossFire Invitationals y Crossfire Pro League se llevan a cabo anualmente y se diferencian del CFS en que compiten los mejores equipos, en lugar de los jugadores individualmente. Pro League es una empresa en r\u00e1pida expansi\u00f3n para CrossFire que se encarga de la producci\u00f3n y organizaci\u00f3n de estos eventos. El programa de clasificaci\u00f3n toma 8 meses y es probablemente el favorito.<\/span><\/p>\n<h2 id='%c2%bfcu%c3%a1les-estrategias-aplicar-para-ganar-apostando-en-crossfire'><strong>\u00bfCu\u00e1les estrategias aplicar para ganar apostando en Crossfire?<\/strong><\/h2>\n<p><span style=\"font-weight: 400\">Si quieres apostar en Crossfire tu objetivo ser\u00e1 ganar, siempre, para ello es prudente que consigas la estrategia m\u00e1s efectiva cuando se trata de jugar este videojuego en l\u00ednea. Con estos consejos podr\u00e1s aumentar tu habilidad de juego.<\/span><\/p>\n<ul>\n<li style=\"font-weight: 400\"><span style=\"font-weight: 400\">Conocer los equipos: Investiga la historia, las estrategias y los jugadores de cada equipo con el fin de hallar puntos d\u00e9biles y adaptar sus movimientos.<\/span><\/li>\n<li style=\"font-weight: 400\"><span style=\"font-weight: 400\">Analizar las estad\u00edsticas: Revisa datos como mapas favoritos, rendimiento individual y resultados previos.<\/span><\/li>\n<li style=\"font-weight: 400\"><span style=\"font-weight: 400\">Mantenerte al d\u00eda: Sigue las noticias, las \u00faltimas partidas y los cambios en el metajuego.<\/span><\/li>\n<li style=\"font-weight: 400\"><span style=\"font-weight: 400\">Gestionar tu <\/span><i><span style=\"font-weight: 400\">bankroll<\/span><\/i><span style=\"font-weight: 400\">: Apuesta responsablemente y establece l\u00edmites para tus inversiones, si crees que tienes un problema no dudes en hablarlo con una persona cercana.<\/span><\/li>\n<\/ul>\n<h2 id='los-mejores-sitios-de-apuestas-crossfire'><strong>Los mejores sitios de apuestas Crossfire<\/strong><\/h2>\n<p><span style=\"font-weight: 400\">Cuando se trata de apostar en Crossfire, elegir una de las mejores casas de apuestas en l\u00ednea se convierte en una meta principal. Porque es el lugar donde vas a colocar tu dinero, claro. Es por eso que elegimos los <\/span><a href=\"https:\/\/www.esportsbets.com\/es\/opiniones\/\"><span style=\"font-weight: 400\">mejores sitios de apuestas<\/span><\/a><span style=\"font-weight: 400\"> Crossfire para que juegues de forma segura y puedas convertir tus habilidades de juego en ganancias.<\/span><\/p>\n<h3 id='betsson'>Betsson<\/h3>\n<p><span style=\"font-weight: 400\">Esta casa de apuestas ofrece una amplia gama de apuestas para Crossfire, con cuotas competitivas y una gran variedad de eventos. Adem\u00e1s, cuenta con una interfaz intuitiva y f\u00e1cil de usar, lo que la convierte en una buena opci\u00f3n para principiantes. Betsson tambi\u00e9n ofrece uno de los <\/span><a href=\"https:\/\/www.esportsbets.com\/es\/bonos\/\"><span style=\"font-weight: 400\">mejores bonos de bienvenida en esports<\/span><\/a><span style=\"font-weight: 400\"> para nuevos usuarios, lo que te permite obtener un extra de dinero para tus apuestas.<\/span><\/p>\n<h3 id='pinnacle'>Pinnacle<\/h3>\n<p>[cta id=5544 type=cta]<\/p>\n<p><span style=\"font-weight: 400\">Pimnacle destaca por sus cuotas bajas y su enfoque en las apuestas profesionales. Adem\u00e1s, ofrece una gran variedad de mercados para Crossfire, incluyendo apuestas a ganador del partido, apuestas a rondas, apuestas a h\u00e1ndicap y apuestas a eventos especiales. Si eres un apostador experimentado que busca las mejores cuotas, Pinnacle es la casa de apuestas para ti.<\/span><\/p>\n<h3 id='powbet'>Powbet<\/h3>\n<p><span style=\"font-weight: 400\">Esta casa de apuestas ofrece un bono de bienvenida exclusivo para apuestas Crossfire. El bono consiste en un reembolso del 100% de tu primera apuesta, hasta un m\u00e1ximo de $100. Powbet tambi\u00e9n ofrece una gran variedad de mercados para Crossfire, incluyendo apuestas a ganador del partido, apuestas a rondas, apuestas a h\u00e1ndicap y apuestas a eventos especiales.<\/span><\/p>\n<h3 id='rivalry'>Rivalry<\/h3>\n<p>[cta id=5626 type=cta]<\/p>\n<p><span style=\"font-weight: 400\">Con una interfaz intuitiva y una gran variedad de eventos, Rivalry ofrece apuestas a ganador del partido, apuestas a rondas, apuestas a h\u00e1ndicap y apuestas a eventos especiales. Adem\u00e1s, te ofrecen un bono de bienvenida como nuevo usuario, lo que te permite obtener un extra de dinero para tus apuestas.<\/span><\/p>\n<h3 id='ggbet'>Ggbet<\/h3>\n<p>[cta id=5537 type=cta]<\/p>\n<p><span style=\"font-weight: 400\">Se especializa en apuestas de esports y ofrece una gran variedad de apuestas para Crossfire. Ggbet ofrece apuestas a ganador del partido, apuestas a rondas, apuestas a h\u00e1ndicap y apuestas a eventos especiales.\u00a0<\/span><\/p>\n<h3 id='betway'>Betway<\/h3>\n<p>[cta id=5542 type=cta]<\/p>\n<p><span style=\"font-weight: 400\">Otra opci\u00f3n que no pod\u00eda faltar en este listado, una casa de apuestas para LATAM que brinda gran comodidad al usuario, gracias a su interfaz intuitiva y amigable. Los pagos son seguros, instant\u00e1neos y cuentan con pasarelas de pago para transar con criptomonedas.<\/span><\/p>\n<h2 id='conclusi%c3%b3n'>Conclusi\u00f3n<\/h2>\n<p><span style=\"font-weight: 400\">Elegir la mejor casa de apuestas para Crossfire depende de tus necesidades y preferencias. Si eres principiante, te recomiendo Betsson o Rivalry por su interfaz intuitiva y su bono de bienvenida. Si te consideras experimentado y buscas las mejores cuotas, te recomiendo Pinnacle. Y en caso de que solamente busques una casa de apuestas especializada en esports, sin duda Ggbet ser\u00e1 tu opci\u00f3n ideal, gracias a sus altas <\/span><a href=\"https:\/\/www.esportsbets.com\/es\/cuotas\/\"><span style=\"font-weight: 400\">cuotas de apuestas.<\/span><\/a><\/p>\n<p><span style=\"font-weight: 400\">No olvides informarte sobre las diferentes casas de apuestas y comparar sus cuotas antes de realizar una apuesta. Consulta los certificados legales y verifica las bases en su sitio web.<\/span><\/p>\n<p><span style=\"font-weight: 400\">Con esta gu\u00eda completa y la informaci\u00f3n precisa, estar\u00e1s listo para conquistar el mundo de las apuestas Crossfire. \u00a1Demuestra tu conocimiento, toma decisiones estrat\u00e9gicas y disfruta de la emoci\u00f3n de cada partida mientras multiplicas tu dineros!<\/span><\/p>\n","protected":false},"excerpt":{"rendered":"<p>Crossfire, es un videojuego de la categor\u00eda shooter t\u00e1ctico en primera persona. Actualmente, es un t\u00edtulo de fama mundial, ha conquistado&hellip;<\/p>\n","protected":false},"author":123,"featured_media":2945,"parent":0,"menu_order":0,"comment_status":"closed","ping_status":"closed","template":"","meta":{"_stopmodifiedupdate":false,"_modified_date":"","footnotes":""},"class_list":["post-2943","page","type-page","status-publish","has-post-thumbnail","hentry"],"acf":[],"yoast_head":"<!-- This site is optimized with the Yoast SEO plugin v20.11 - https:\/\/yoast.com\/wordpress\/plugins\/seo\/ -->\n<title>Gu\u00eda de apuestas Crossfire \u25b7 Estrategias y secretos de \u00e9xito<\/title>\n<meta name=\"description\" content=\"Descubre c\u00f3mo hacer tus apuestas Crossfire con nuestra gu\u00eda completa \u27a4 Estrategias, eventos destacados y consejos para maximizar tus ganancias en las apuestas de este apasionante juego de disparos.\" \/>\n<meta name=\"robots\" content=\"index, follow, max-snippet:-1, max-image-preview:large, max-video-preview:-1\" \/>\n<link rel=\"canonical\" href=\"https:\/\/www.esportsbets.com\/es\/crossfire\/\" \/>\n<meta property=\"og:locale\" content=\"es_ES\" \/>\n<meta property=\"og:type\" content=\"article\" \/>\n<meta property=\"og:title\" content=\"Gu\u00eda de apuestas Crossfire \u25b7 Estrategias y secretos de \u00e9xito\" \/>\n<meta property=\"og:description\" content=\"Descubre c\u00f3mo hacer tus apuestas Crossfire con nuestra gu\u00eda completa \u27a4 Estrategias, eventos destacados y consejos para maximizar tus ganancias en las apuestas de este apasionante juego de disparos.\" \/>\n<meta property=\"og:url\" content=\"https:\/\/www.esportsbets.com\/es\/crossfire\/\" \/>\n<meta property=\"og:site_name\" content=\"EsportsBets ES\" \/>\n<meta property=\"article:modified_time\" content=\"2024-03-25T13:02:04+00:00\" \/>\n<meta property=\"og:image\" content=\"https:\/\/www.esportsbets.com\/es\/wp-content\/uploads\/sites\/4\/2024\/03\/apuestas-crossfire.jpg\" \/>\n\t<meta property=\"og:image:width\" content=\"800\" \/>\n\t<meta property=\"og:image:height\" content=\"450\" \/>\n\t<meta property=\"og:image:type\" content=\"image\/jpeg\" \/>\n<meta name=\"twitter:card\" content=\"summary_large_image\" \/>\n<meta name=\"twitter:label1\" content=\"Tiempo de lectura\" \/>\n\t<meta name=\"twitter:data1\" content=\"6 minutos\" \/>\n<script type=\"application\/ld+json\" class=\"yoast-schema-graph\">{\"@context\":\"https:\/\/schema.org\",\"@graph\":[{\"@type\":\"WebPage\",\"@id\":\"https:\/\/www.esportsbets.com\/es\/crossfire\/\",\"url\":\"https:\/\/www.esportsbets.com\/es\/crossfire\/\",\"name\":\"Gu\u00eda de apuestas Crossfire \u25b7 Estrategias y secretos de \u00e9xito\",\"isPartOf\":{\"@id\":\"https:\/\/www.esportsbets.com\/es\/#website\"},\"datePublished\":\"2024-03-25T02:42:56+00:00\",\"dateModified\":\"2024-03-25T13:02:04+00:00\",\"description\":\"Descubre c\u00f3mo hacer tus apuestas Crossfire con nuestra gu\u00eda completa \u27a4 Estrategias, eventos destacados y consejos para maximizar tus ganancias en las apuestas de este apasionante juego de disparos.\",\"breadcrumb\":{\"@id\":\"https:\/\/www.esportsbets.com\/es\/crossfire\/#breadcrumb\"},\"inLanguage\":\"es\",\"potentialAction\":[{\"@type\":\"ReadAction\",\"target\":[\"https:\/\/www.esportsbets.com\/es\/crossfire\/\"]}]},{\"@type\":\"BreadcrumbList\",\"@id\":\"https:\/\/www.esportsbets.com\/es\/crossfire\/#breadcrumb\",\"itemListElement\":[{\"@type\":\"ListItem\",\"position\":1,\"name\":\"Home\",\"item\":\"https:\/\/www.esportsbets.com\/es\/\"},{\"@type\":\"ListItem\",\"position\":2,\"name\":\"Gu\u00eda de apuestas Crossfire:Estrategias y secretos de \u00e9xito\"}]},{\"@type\":\"WebSite\",\"@id\":\"https:\/\/www.esportsbets.com\/es\/#website\",\"url\":\"https:\/\/www.esportsbets.com\/es\/\",\"name\":\"EsportsBets ES\",\"description\":\"\",\"publisher\":{\"@id\":\"https:\/\/www.esportsbets.com\/es\/#organization\"},\"potentialAction\":[{\"@type\":\"SearchAction\",\"target\":{\"@type\":\"EntryPoint\",\"urlTemplate\":\"https:\/\/www.esportsbets.com\/es\/?s={search_term_string}\"},\"query-input\":\"required name=search_term_string\"}],\"inLanguage\":\"es\"},{\"@type\":\"Organization\",\"@id\":\"https:\/\/www.esportsbets.com\/es\/#organization\",\"name\":\"EsportsBets ES\",\"url\":\"https:\/\/www.esportsbets.com\/es\/\",\"logo\":{\"@type\":\"ImageObject\",\"inLanguage\":\"es\",\"@id\":\"https:\/\/www.esportsbets.com\/es\/#\/schema\/logo\/image\/\",\"url\":\"https:\/\/www.esportsbets.com\/es\/wp-content\/uploads\/sites\/4\/2024\/01\/logo.png\",\"contentUrl\":\"https:\/\/www.esportsbets.com\/es\/wp-content\/uploads\/sites\/4\/2024\/01\/logo.png\",\"width\":1956,\"height\":337,\"caption\":\"EsportsBets ES\"},\"image\":{\"@id\":\"https:\/\/www.esportsbets.com\/es\/#\/schema\/logo\/image\/\"}}]}<\/script>\n<!-- \/ Yoast SEO plugin. -->","yoast_head_json":{"title":"Gu\u00eda de apuestas Crossfire \u25b7 Estrategias y secretos de \u00e9xito","description":"Descubre c\u00f3mo hacer tus apuestas Crossfire con nuestra gu\u00eda completa \u27a4 Estrategias, eventos destacados y consejos para maximizar tus ganancias en las apuestas de este apasionante juego de disparos.","robots":{"index":"index","follow":"follow","max-snippet":"max-snippet:-1","max-image-preview":"max-image-preview:large","max-video-preview":"max-video-preview:-1"},"canonical":"https:\/\/www.esportsbets.com\/es\/crossfire\/","og_locale":"es_ES","og_type":"article","og_title":"Gu\u00eda de apuestas Crossfire \u25b7 Estrategias y secretos de \u00e9xito","og_description":"Descubre c\u00f3mo hacer tus apuestas Crossfire con nuestra gu\u00eda completa \u27a4 Estrategias, eventos destacados y consejos para maximizar tus ganancias en las apuestas de este apasionante juego de disparos.","og_url":"https:\/\/www.esportsbets.com\/es\/crossfire\/","og_site_name":"EsportsBets ES","article_modified_time":"2024-03-25T13:02:04+00:00","og_image":[{"width":800,"height":450,"url":"https:\/\/www.esportsbets.com\/es\/wp-content\/uploads\/sites\/4\/2024\/03\/apuestas-crossfire.jpg","type":"image\/jpeg"}],"twitter_card":"summary_large_image","twitter_misc":{"Tiempo de lectura":"6 minutos"},"schema":{"@context":"https:\/\/schema.org","@graph":[{"@type":"WebPage","@id":"https:\/\/www.esportsbets.com\/es\/crossfire\/","url":"https:\/\/www.esportsbets.com\/es\/crossfire\/","name":"Gu\u00eda de apuestas Crossfire \u25b7 Estrategias y secretos de \u00e9xito","isPartOf":{"@id":"https:\/\/www.esportsbets.com\/es\/#website"},"datePublished":"2024-03-25T02:42:56+00:00","dateModified":"2024-03-25T13:02:04+00:00","description":"Descubre c\u00f3mo hacer tus apuestas Crossfire con nuestra gu\u00eda completa \u27a4 Estrategias, eventos destacados y consejos para maximizar tus ganancias en las apuestas de este apasionante juego de disparos.","breadcrumb":{"@id":"https:\/\/www.esportsbets.com\/es\/crossfire\/#breadcrumb"},"inLanguage":"es","potentialAction":[{"@type":"ReadAction","target":["https:\/\/www.esportsbets.com\/es\/crossfire\/"]}]},{"@type":"BreadcrumbList","@id":"https:\/\/www.esportsbets.com\/es\/crossfire\/#breadcrumb","itemListElement":[{"@type":"ListItem","position":1,"name":"Home","item":"https:\/\/www.esportsbets.com\/es\/"},{"@type":"ListItem","position":2,"name":"Gu\u00eda de apuestas Crossfire:Estrategias y secretos de \u00e9xito"}]},{"@type":"WebSite","@id":"https:\/\/www.esportsbets.com\/es\/#website","url":"https:\/\/www.esportsbets.com\/es\/","name":"EsportsBets ES","description":"","publisher":{"@id":"https:\/\/www.esportsbets.com\/es\/#organization"},"potentialAction":[{"@type":"SearchAction","target":{"@type":"EntryPoint","urlTemplate":"https:\/\/www.esportsbets.com\/es\/?s={search_term_string}"},"query-input":"required name=search_term_string"}],"inLanguage":"es"},{"@type":"Organization","@id":"https:\/\/www.esportsbets.com\/es\/#organization","name":"EsportsBets ES","url":"https:\/\/www.esportsbets.com\/es\/","logo":{"@type":"ImageObject","inLanguage":"es","@id":"https:\/\/www.esportsbets.com\/es\/#\/schema\/logo\/image\/","url":"https:\/\/www.esportsbets.com\/es\/wp-content\/uploads\/sites\/4\/2024\/01\/logo.png","contentUrl":"https:\/\/www.esportsbets.com\/es\/wp-content\/uploads\/sites\/4\/2024\/01\/logo.png","width":1956,"height":337,"caption":"EsportsBets ES"},"image":{"@id":"https:\/\/www.esportsbets.com\/es\/#\/schema\/logo\/image\/"}}]}},"_links":{"self":[{"href":"https:\/\/www.esportsbets.com\/es\/wp-json\/wp\/v2\/pages\/2943","targetHints":{"allow":["GET"]}}],"collection":[{"href":"https:\/\/www.esportsbets.com\/es\/wp-json\/wp\/v2\/pages"}],"about":[{"href":"https:\/\/www.esportsbets.com\/es\/wp-json\/wp\/v2\/types\/page"}],"author":[{"embeddable":true,"href":"https:\/\/www.esportsbets.com\/es\/wp-json\/wp\/v2\/users\/123"}],"replies":[{"embeddable":true,"href":"https:\/\/www.esportsbets.com\/es\/wp-json\/wp\/v2\/comments?post=2943"}],"version-history":[{"count":0,"href":"https:\/\/www.esportsbets.com\/es\/wp-json\/wp\/v2\/pages\/2943\/revisions"}],"wp:featuredmedia":[{"embeddable":true,"href":"https:\/\/www.esportsbets.com\/es\/wp-json\/wp\/v2\/media\/2945"}],"wp:attachment":[{"href":"https:\/\/www.esportsbets.com\/es\/wp-json\/wp\/v2\/media?parent=2943"}],"curies":[{"name":"wp","href":"https:\/\/api.w.org\/{rel}","templated":true}]}}