{"id":2964,"date":"2024-03-30T13:22:04","date_gmt":"2024-03-30T13:22:04","guid":{"rendered":"https:\/\/www.esportsbets.com\/es\/?page_id=2964"},"modified":"2024-03-30T13:23:34","modified_gmt":"2024-03-30T13:23:34","slug":"lla","status":"publish","type":"page","link":"https:\/\/www.esportsbets.com\/es\/torneos\/lla\/","title":{"rendered":"Gu\u00eda para Apostar en los Torneos LLA 2024"},"content":{"rendered":"<p>\u00bfSue\u00f1as con convertir tu pasi\u00f3n por los esports en ganancias emocionantes? La Liga Latinoam\u00e9rica de League of Legends (LLA) te ofrece la oportunidad perfecta para hacerlo. Con esta gu\u00eda completa, aprender\u00e1s todo lo necesario para apostar en los torneos LLA 2024 con \u00e9xito, desde los fundamentos b\u00e1sicos hasta estrategias avanzadas.<\/p>\n<p>Si estabas esperando un evento importante para tus <a href=\"https:\/\/www.esportsbets.com\/es\/\">apuestas esports<\/a>, entonces esta es, sin duda alguna, tu gran oportunidad. Pero antes necesitas evaluar varios aspectos, veamos:<\/p>\n<h2 id='%c2%bfqu%c3%a9-es-lla-opening'><strong>\u00bfQu\u00e9 es LLA Opening?<\/strong><\/h2>\n<p><img loading=\"lazy\" decoding=\"async\" class=\"alignnone size-full wp-image-2965\" src=\"https:\/\/www.esportsbets.com\/es\/wp-content\/uploads\/sites\/4\/2024\/03\/Torneos-LLA-2024.jpg\" alt=\"Torneos LLA 2024\" width=\"800\" height=\"450\" srcset=\"https:\/\/www.esportsbets.com\/es\/wp-content\/uploads\/sites\/4\/2024\/03\/Torneos-LLA-2024.jpg 800w, https:\/\/www.esportsbets.com\/es\/wp-content\/uploads\/sites\/4\/2024\/03\/Torneos-LLA-2024-300x169.jpg 300w, https:\/\/www.esportsbets.com\/es\/wp-content\/uploads\/sites\/4\/2024\/03\/Torneos-LLA-2024-768x432.jpg 768w\" sizes=\"auto, (max-width: 800px) 100vw, 800px\" \/><\/p>\n<p><span style=\"font-weight: 400\">La LLA Opening 2024 es la primera fase de la Liga Latinoam\u00e9rica de League of Legends, la liga de esports m\u00e1s importante de la regi\u00f3n. Para quienes est\u00e1n en busca de apuestas atractivas, la LLA Opening 2024 representa una oportunidad \u00fanica de ganar dinero. <\/span><\/p>\n<p><span style=\"font-weight: 400\">Hay una gran variedad de eventos para apostar, desde el ganador del torneo hasta el primer equipo en destruir una torre. Tambi\u00e9n te dejamos c<\/span><span style=\"font-weight: 400\">onsejos para apostar en LOL<\/span><span style=\"font-weight: 400\">, por si quieres dar el salto a ciegas.\u00a0<\/span><\/p>\n<h2 id='el-impacto-de-la-lla-opening-2024'><strong>El impacto de la LLA Opening 2024<\/strong><\/h2>\n<p><span style=\"font-weight: 400\">En el sector de las apuestas en Latinoam\u00e9rica es significativo y ha mostrado los siguientes rasgos:<\/span><\/p>\n<ul>\n<li style=\"font-weight: 400\"><span style=\"font-weight: 400\">Aumento del inter\u00e9s en las apuestas <\/span><a href=\"https:\/\/www.esportsbets.com\/es\/noticias\/que-son-los-esports\/\"><span style=\"font-weight: 400\">esports<\/span><\/a><span style=\"font-weight: 400\">: La LLA es una de las ligas de esports m\u00e1s populares de Latinoam\u00e9rica, y su apertura genera gran expectativa.<\/span><\/li>\n<li style=\"font-weight: 400\"><span style=\"font-weight: 400\">Incremento del volumen de apuestas: Se espera que el volumen de apuestas en la LLA Opening 2024 sea superior al de las \u00faltimas temporadas.<\/span><\/li>\n<li style=\"font-weight: 400\"><span style=\"font-weight: 400\">Mayor oferta de apuestas: Las casas de apuestas est\u00e1n ampliando su oferta de apuestas para la LLA, incluyendo nuevos mercados y eventos.<\/span><\/li>\n<\/ul>\n<p><span style=\"font-weight: 400\">En definitiva, la LLA Opening 2024 es un evento importante para el sector de las apuestas en Latinoam\u00e9rica. Y esta temporada ofrece a los apostadores la oportunidad de disfrutar de una experiencia emocionante y gratificante.<\/span><\/p>\n<h2 id='%c2%bfpor-qu%c3%a9-apostar-en-la-lla'><strong>\u00bfPor qu\u00e9 apostar en la LLA?<\/strong><\/h2>\n<p><span style=\"font-weight: 400\">La liga de esports m\u00e1s importante de Latinoam\u00e9rica, re\u00fane a los mejores equipos y jugadores de la regi\u00f3n, con un nivel de competencia comparable al de las mejores ligas del mundo. Seg\u00fan Esports.net, en 2024 Estral encabeza la clasificaci\u00f3n, seguido de R7. Isurus, All Knights y Leviatan, quienes est\u00e1n en la parte media, mientras que Six Karma e INFINITY est\u00e1n en la parte baja de la clasificaci\u00f3n global.<\/span><\/p>\n<p><span style=\"font-weight: 400\">La Temporada Apertura 2024 de la LLA es el primer split del sexto a\u00f1o de la Liga Latinoam\u00e9rica (LLA), el m\u00e1ximo nivel de League of Legends profesional en Latinoam\u00e9rica. La fase regular finaliz\u00f3 el 29 de febrero de 2024, los playoffs comienzaron el 5 de marzo de 2024 y la final se disputa el 6 de abril de 2024. Sobre las razones por las que cada d\u00eda m\u00e1s personas apuestan esports encontramos los siguientes aspectos positivos:<\/span><\/p>\n<ul>\n<li style=\"font-weight: 400\"><span style=\"font-weight: 400\">Gran variedad de opciones de apuestas: Puedes apostar en una gran variedad de eventos, desde el ganador del torneo hasta el primer equipo en destruir una torre.<\/span><\/li>\n<li style=\"font-weight: 400\"><span style=\"font-weight: 400\">Oportunidad de ganar dinero: Si sabes c\u00f3mo analizar los datos y tomar decisiones estrat\u00e9gicas, puedes obtener ganancias significativas apostando en la LLA.<\/span><\/li>\n<\/ul>\n<h2 id='casas-de-apuestas-recomendadas-para-apostar-en-lla-2024'><strong>Casas de apuestas recomendadas para apostar en LLA 2024<\/strong><\/h2>\n<p><span style=\"font-weight: 400\">Existen muchas opciones en internet, tantas que puede llegar a ser confuso y tedioso elegir una confiable y que no tenga problemas en los pagos. <\/span><\/p>\n<p><span style=\"font-weight: 400\">As\u00ed que para hacerte el camino m\u00e1s sencillo, elegimos tres de las <\/span><a href=\"https:\/\/www.esportsbets.com\/es\/opiniones\/\"><span style=\"font-weight: 400\">mejores casas de apuestas,<\/span><\/a><span style=\"font-weight: 400\"> para ahorrarte la necesidad de hurgar en el mundillo digital y puedas apostar esports de forma segura, confiable e instant\u00e1nea.<\/span><\/p>\n<p>[cta id=5554 type=list]<\/p>\n<h2 id='formato-de-la-lla'><strong>Formato de la LLA<\/strong><\/h2>\n<p><span style=\"font-weight: 400\">La LLA Opening, en su temporada regular, re\u00fane a siete equipos que se medir\u00e1n en fuerza durante una fase de grupos de doble round robin para tener la oportunidad de avanzar a los Playoffs. Los mejores equipos de cada fase clasifican a los playoffs, donde se define al campe\u00f3n.<\/span><\/p>\n<h3 id='juegos-y-modalidades'><strong>Juegos y modalidades:<\/strong><\/h3>\n<ul>\n<li style=\"font-weight: 400\"><span style=\"font-weight: 400\">League of Legends: El juego principal de la LLA, con diferentes modalidades como SoloQ, Clash y TFT.<\/span><\/li>\n<li style=\"font-weight: 400\"><span style=\"font-weight: 400\">Valorant: El popular FPS t\u00e1ctico de Riot Games, tambi\u00e9n con diferentes modalidades.<\/span><\/li>\n<li style=\"font-weight: 400\"><span style=\"font-weight: 400\">Wild Rift:\u00a0 La versi\u00f3n m\u00f3vil de League of Legends, con un formato de competencia similar.<\/span><\/li>\n<\/ul>\n<h3 id='equipos-a-tener-en-cuenta'><strong>Equipos a tener en cuenta:<\/strong><\/h3>\n<ul>\n<li style=\"font-weight: 400\"><span style=\"font-weight: 400\">Estral Esports: El actual campe\u00f3n de la LLA, con jugadores estrella como \u201cLeza\u201d y \u201cCody\u201d.<\/span><\/li>\n<\/ul>\n<p><img loading=\"lazy\" decoding=\"async\" class=\"alignnone size-full wp-image-2966\" src=\"https:\/\/www.esportsbets.com\/es\/wp-content\/uploads\/sites\/4\/2024\/03\/estral-equipo-lla-2024.jpg\" alt=\"estral equipo lla 2024\" width=\"800\" height=\"450\" srcset=\"https:\/\/www.esportsbets.com\/es\/wp-content\/uploads\/sites\/4\/2024\/03\/estral-equipo-lla-2024.jpg 800w, https:\/\/www.esportsbets.com\/es\/wp-content\/uploads\/sites\/4\/2024\/03\/estral-equipo-lla-2024-300x169.jpg 300w, https:\/\/www.esportsbets.com\/es\/wp-content\/uploads\/sites\/4\/2024\/03\/estral-equipo-lla-2024-768x432.jpg 768w\" sizes=\"auto, (max-width: 800px) 100vw, 800px\" \/><\/p>\n<ul>\n<li style=\"font-weight: 400\"><span style=\"font-weight: 400\">Infinity Esports: Un equipo con gran experiencia y jugadores talentosos como \u201cWhiteLotus\u201d y \u201cSolidSnake\u201d.<\/span><\/li>\n<\/ul>\n<figure id=\"attachment_2967\" aria-describedby=\"caption-attachment-2967\" style=\"width: 800px\" class=\"wp-caption alignnone\"><img loading=\"lazy\" decoding=\"async\" class=\"size-full wp-image-2967\" src=\"https:\/\/www.esportsbets.com\/es\/wp-content\/uploads\/sites\/4\/2024\/03\/infinity-lla-2024.jpg\" alt=\"infinity lla 2024\" width=\"800\" height=\"450\" srcset=\"https:\/\/www.esportsbets.com\/es\/wp-content\/uploads\/sites\/4\/2024\/03\/infinity-lla-2024.jpg 800w, https:\/\/www.esportsbets.com\/es\/wp-content\/uploads\/sites\/4\/2024\/03\/infinity-lla-2024-300x169.jpg 300w, https:\/\/www.esportsbets.com\/es\/wp-content\/uploads\/sites\/4\/2024\/03\/infinity-lla-2024-768x432.jpg 768w\" sizes=\"auto, (max-width: 800px) 100vw, 800px\" \/><figcaption id=\"caption-attachment-2967\" class=\"wp-caption-text\">Infinity fue bicampe\u00f3n en la LLA 2021<\/figcaption><\/figure>\n<ul>\n<li style=\"font-weight: 400\"><span style=\"font-weight: 400\">KR\u00dc Esports: Un equipo chileno que ha destacado en los \u00faltimos a\u00f1os, con jugadores como \u201cSkeanz\u201d y \u201cKlaus\u201d.<\/span><\/li>\n<\/ul>\n<p><img loading=\"lazy\" decoding=\"async\" class=\"alignnone size-full wp-image-2969\" src=\"https:\/\/www.esportsbets.com\/es\/wp-content\/uploads\/sites\/4\/2024\/03\/kru-esports-lla-2024-1.jpg\" alt=\"kru esports lla 2024\" width=\"800\" height=\"450\" srcset=\"https:\/\/www.esportsbets.com\/es\/wp-content\/uploads\/sites\/4\/2024\/03\/kru-esports-lla-2024-1.jpg 800w, https:\/\/www.esportsbets.com\/es\/wp-content\/uploads\/sites\/4\/2024\/03\/kru-esports-lla-2024-1-300x169.jpg 300w, https:\/\/www.esportsbets.com\/es\/wp-content\/uploads\/sites\/4\/2024\/03\/kru-esports-lla-2024-1-768x432.jpg 768w\" sizes=\"auto, (max-width: 800px) 100vw, 800px\" \/><\/p>\n<h2 id='consejos-para-principiantes'>Consejos para principiantes<\/h2>\n<ul>\n<li style=\"font-weight: 400\"><span style=\"font-weight: 400\">Comienza con apuestas peque\u00f1as:\u00a0 No te arriesgues demasiado al principio.<\/span><\/li>\n<li style=\"font-weight: 400\"><span style=\"font-weight: 400\">Investiga antes de apostar: Aprende sobre los equipos, jugadores y estrategias.<\/span><\/li>\n<li style=\"font-weight: 400\"><span style=\"font-weight: 400\">S\u00e9 paciente y disciplinado: No te dejes llevar por las emociones.<\/span><\/li>\n<\/ul>\n<h3 id='gesti%c3%b3n-de-bankroll'><strong>Gesti\u00f3n de bankroll<\/strong><\/h3>\n<p><span style=\"font-weight: 400\">Es importante establecer un presupuesto para tus apuestas en l\u00ednea y no apostar m\u00e1s de lo que te puedas permitir perder. Divide tu bankroll en unidades y apuesta solo una peque\u00f1a cantidad de unidades en cada apuesta. Y analiza la idea de utilizar estrategias como la Martingala o la Fibonacci para controlar tus riesgos.<\/span><\/p>\n<h2 id='calendario-de-la-lla-2024'>Calendario de la LLA 2024<\/h2>\n<p><span style=\"font-weight: 400\">La final se disputar\u00e1 el 6 de abril y enfrentar\u00e1 dos equipos mexicanos: Estral Esports y Rainbow 7, luego de varias rondas clasificatorias en las que tuvieron que superar a Isurus, Leviatan y All Knights. El favorito en esta disputada final es Estral Esports porque logr\u00f3 imponerse con una victoria de 3-2 sobre R7 en la fase de grupos.\u00a0<\/span><\/p>\n<h2 id='conclusi%c3%b3n'><strong>Conclusi\u00f3n<\/strong><\/h2>\n<p><span style=\"font-weight: 400\">Apostar en los torneos LLA 2024 puede ser una experiencia emocionante y gratificante. Con la informaci\u00f3n y los consejos de esta gu\u00eda, estar\u00e1s mejor preparado para tomar decisiones informadas y aumentar tus posibilidades de ganar y hacer dinero mientras te diviertes.<\/span><\/p>\n<p><span style=\"font-weight: 400\">Recuerda siempre apostar con responsabilidad y nunca apostar m\u00e1s de lo que te puedas permitir perder. Si te ha resultado \u00fatil nuestra breve gu\u00eda sobre el torneo LLA 2024, entonces comparte con otros en la comunidad para que tambi\u00e9n aportes un grano de arena en el desarrollo de las <\/span><b>apuestas esports en Latinoam\u00e9rica.<\/b><\/p>\n","protected":false},"excerpt":{"rendered":"<p>\u00bfSue\u00f1as con convertir tu pasi\u00f3n por los esports en ganancias emocionantes? La Liga Latinoam\u00e9rica de League of Legends (LLA) te ofrece&hellip;<\/p>\n","protected":false},"author":123,"featured_media":2965,"parent":2962,"menu_order":0,"comment_status":"closed","ping_status":"closed","template":"","meta":{"_stopmodifiedupdate":false,"_modified_date":"","footnotes":""},"class_list":["post-2964","page","type-page","status-publish","has-post-thumbnail","hentry"],"acf":[],"yoast_head":"<!-- This site is optimized with the Yoast SEO plugin v20.11 - https:\/\/yoast.com\/wordpress\/plugins\/seo\/ -->\n<title>Gu\u00eda para Apostar en los Torneos LLA 2024<\/title>\n<meta name=\"description\" content=\"\u00bfYa sabes por quien vas a apostar en la LLA 2024? Aqu\u00ed te damos toda la informaci\u00f3n que necesitar\u00e1s saber.\" \/>\n<meta name=\"robots\" content=\"index, follow, max-snippet:-1, max-image-preview:large, max-video-preview:-1\" \/>\n<link rel=\"canonical\" href=\"https:\/\/www.esportsbets.com\/es\/torneos\/lla\/\" \/>\n<meta property=\"og:locale\" content=\"es_ES\" \/>\n<meta property=\"og:type\" content=\"article\" \/>\n<meta property=\"og:title\" content=\"Gu\u00eda para Apostar en los Torneos LLA 2024\" \/>\n<meta property=\"og:description\" content=\"\u00bfYa sabes por quien vas a apostar en la LLA 2024? Aqu\u00ed te damos toda la informaci\u00f3n que necesitar\u00e1s saber.\" \/>\n<meta property=\"og:url\" content=\"https:\/\/www.esportsbets.com\/es\/torneos\/lla\/\" \/>\n<meta property=\"og:site_name\" content=\"EsportsBets ES\" \/>\n<meta property=\"article:modified_time\" content=\"2024-03-30T13:23:34+00:00\" \/>\n<meta property=\"og:image\" content=\"https:\/\/www.esportsbets.com\/es\/wp-content\/uploads\/sites\/4\/2024\/03\/Torneos-LLA-2024.jpg\" \/>\n\t<meta property=\"og:image:width\" content=\"800\" \/>\n\t<meta property=\"og:image:height\" content=\"450\" \/>\n\t<meta property=\"og:image:type\" content=\"image\/jpeg\" \/>\n<meta name=\"twitter:card\" content=\"summary_large_image\" \/>\n<meta name=\"twitter:label1\" content=\"Tiempo de lectura\" \/>\n\t<meta name=\"twitter:data1\" content=\"6 minutos\" \/>\n<script type=\"application\/ld+json\" class=\"yoast-schema-graph\">{\"@context\":\"https:\/\/schema.org\",\"@graph\":[{\"@type\":\"WebPage\",\"@id\":\"https:\/\/www.esportsbets.com\/es\/torneos\/lla\/\",\"url\":\"https:\/\/www.esportsbets.com\/es\/torneos\/lla\/\",\"name\":\"Gu\u00eda para Apostar en los Torneos LLA 2024\",\"isPartOf\":{\"@id\":\"https:\/\/www.esportsbets.com\/es\/#website\"},\"datePublished\":\"2024-03-30T13:22:04+00:00\",\"dateModified\":\"2024-03-30T13:23:34+00:00\",\"description\":\"\u00bfYa sabes por quien vas a apostar en la LLA 2024? Aqu\u00ed te damos toda la informaci\u00f3n que necesitar\u00e1s saber.\",\"breadcrumb\":{\"@id\":\"https:\/\/www.esportsbets.com\/es\/torneos\/lla\/#breadcrumb\"},\"inLanguage\":\"es\",\"potentialAction\":[{\"@type\":\"ReadAction\",\"target\":[\"https:\/\/www.esportsbets.com\/es\/torneos\/lla\/\"]}]},{\"@type\":\"BreadcrumbList\",\"@id\":\"https:\/\/www.esportsbets.com\/es\/torneos\/lla\/#breadcrumb\",\"itemListElement\":[{\"@type\":\"ListItem\",\"position\":1,\"name\":\"Home\",\"item\":\"https:\/\/www.esportsbets.com\/es\/\"},{\"@type\":\"ListItem\",\"position\":2,\"name\":\"Torneos Esports 2025: Los eventos esports imperdibles del a\u00f1o\",\"item\":\"https:\/\/www.esportsbets.com\/es\/torneos\/\"},{\"@type\":\"ListItem\",\"position\":3,\"name\":\"Gu\u00eda para Apostar en los Torneos LLA 2024\"}]},{\"@type\":\"WebSite\",\"@id\":\"https:\/\/www.esportsbets.com\/es\/#website\",\"url\":\"https:\/\/www.esportsbets.com\/es\/\",\"name\":\"EsportsBets ES\",\"description\":\"\",\"publisher\":{\"@id\":\"https:\/\/www.esportsbets.com\/es\/#organization\"},\"potentialAction\":[{\"@type\":\"SearchAction\",\"target\":{\"@type\":\"EntryPoint\",\"urlTemplate\":\"https:\/\/www.esportsbets.com\/es\/?s={search_term_string}\"},\"query-input\":\"required name=search_term_string\"}],\"inLanguage\":\"es\"},{\"@type\":\"Organization\",\"@id\":\"https:\/\/www.esportsbets.com\/es\/#organization\",\"name\":\"EsportsBets ES\",\"url\":\"https:\/\/www.esportsbets.com\/es\/\",\"logo\":{\"@type\":\"ImageObject\",\"inLanguage\":\"es\",\"@id\":\"https:\/\/www.esportsbets.com\/es\/#\/schema\/logo\/image\/\",\"url\":\"https:\/\/www.esportsbets.com\/es\/wp-content\/uploads\/sites\/4\/2024\/01\/logo.png\",\"contentUrl\":\"https:\/\/www.esportsbets.com\/es\/wp-content\/uploads\/sites\/4\/2024\/01\/logo.png\",\"width\":1956,\"height\":337,\"caption\":\"EsportsBets ES\"},\"image\":{\"@id\":\"https:\/\/www.esportsbets.com\/es\/#\/schema\/logo\/image\/\"}}]}<\/script>\n<!-- \/ Yoast SEO plugin. -->","yoast_head_json":{"title":"Gu\u00eda para Apostar en los Torneos LLA 2024","description":"\u00bfYa sabes por quien vas a apostar en la LLA 2024? Aqu\u00ed te damos toda la informaci\u00f3n que necesitar\u00e1s saber.","robots":{"index":"index","follow":"follow","max-snippet":"max-snippet:-1","max-image-preview":"max-image-preview:large","max-video-preview":"max-video-preview:-1"},"canonical":"https:\/\/www.esportsbets.com\/es\/torneos\/lla\/","og_locale":"es_ES","og_type":"article","og_title":"Gu\u00eda para Apostar en los Torneos LLA 2024","og_description":"\u00bfYa sabes por quien vas a apostar en la LLA 2024? Aqu\u00ed te damos toda la informaci\u00f3n que necesitar\u00e1s saber.","og_url":"https:\/\/www.esportsbets.com\/es\/torneos\/lla\/","og_site_name":"EsportsBets ES","article_modified_time":"2024-03-30T13:23:34+00:00","og_image":[{"width":800,"height":450,"url":"https:\/\/www.esportsbets.com\/es\/wp-content\/uploads\/sites\/4\/2024\/03\/Torneos-LLA-2024.jpg","type":"image\/jpeg"}],"twitter_card":"summary_large_image","twitter_misc":{"Tiempo de lectura":"6 minutos"},"schema":{"@context":"https:\/\/schema.org","@graph":[{"@type":"WebPage","@id":"https:\/\/www.esportsbets.com\/es\/torneos\/lla\/","url":"https:\/\/www.esportsbets.com\/es\/torneos\/lla\/","name":"Gu\u00eda para Apostar en los Torneos LLA 2024","isPartOf":{"@id":"https:\/\/www.esportsbets.com\/es\/#website"},"datePublished":"2024-03-30T13:22:04+00:00","dateModified":"2024-03-30T13:23:34+00:00","description":"\u00bfYa sabes por quien vas a apostar en la LLA 2024? Aqu\u00ed te damos toda la informaci\u00f3n que necesitar\u00e1s saber.","breadcrumb":{"@id":"https:\/\/www.esportsbets.com\/es\/torneos\/lla\/#breadcrumb"},"inLanguage":"es","potentialAction":[{"@type":"ReadAction","target":["https:\/\/www.esportsbets.com\/es\/torneos\/lla\/"]}]},{"@type":"BreadcrumbList","@id":"https:\/\/www.esportsbets.com\/es\/torneos\/lla\/#breadcrumb","itemListElement":[{"@type":"ListItem","position":1,"name":"Home","item":"https:\/\/www.esportsbets.com\/es\/"},{"@type":"ListItem","position":2,"name":"Torneos Esports 2025: Los eventos esports imperdibles del a\u00f1o","item":"https:\/\/www.esportsbets.com\/es\/torneos\/"},{"@type":"ListItem","position":3,"name":"Gu\u00eda para Apostar en los Torneos LLA 2024"}]},{"@type":"WebSite","@id":"https:\/\/www.esportsbets.com\/es\/#website","url":"https:\/\/www.esportsbets.com\/es\/","name":"EsportsBets ES","description":"","publisher":{"@id":"https:\/\/www.esportsbets.com\/es\/#organization"},"potentialAction":[{"@type":"SearchAction","target":{"@type":"EntryPoint","urlTemplate":"https:\/\/www.esportsbets.com\/es\/?s={search_term_string}"},"query-input":"required name=search_term_string"}],"inLanguage":"es"},{"@type":"Organization","@id":"https:\/\/www.esportsbets.com\/es\/#organization","name":"EsportsBets ES","url":"https:\/\/www.esportsbets.com\/es\/","logo":{"@type":"ImageObject","inLanguage":"es","@id":"https:\/\/www.esportsbets.com\/es\/#\/schema\/logo\/image\/","url":"https:\/\/www.esportsbets.com\/es\/wp-content\/uploads\/sites\/4\/2024\/01\/logo.png","contentUrl":"https:\/\/www.esportsbets.com\/es\/wp-content\/uploads\/sites\/4\/2024\/01\/logo.png","width":1956,"height":337,"caption":"EsportsBets ES"},"image":{"@id":"https:\/\/www.esportsbets.com\/es\/#\/schema\/logo\/image\/"}}]}},"_links":{"self":[{"href":"https:\/\/www.esportsbets.com\/es\/wp-json\/wp\/v2\/pages\/2964","targetHints":{"allow":["GET"]}}],"collection":[{"href":"https:\/\/www.esportsbets.com\/es\/wp-json\/wp\/v2\/pages"}],"about":[{"href":"https:\/\/www.esportsbets.com\/es\/wp-json\/wp\/v2\/types\/page"}],"author":[{"embeddable":true,"href":"https:\/\/www.esportsbets.com\/es\/wp-json\/wp\/v2\/users\/123"}],"replies":[{"embeddable":true,"href":"https:\/\/www.esportsbets.com\/es\/wp-json\/wp\/v2\/comments?post=2964"}],"version-history":[{"count":0,"href":"https:\/\/www.esportsbets.com\/es\/wp-json\/wp\/v2\/pages\/2964\/revisions"}],"up":[{"embeddable":true,"href":"https:\/\/www.esportsbets.com\/es\/wp-json\/wp\/v2\/pages\/2962"}],"wp:featuredmedia":[{"embeddable":true,"href":"https:\/\/www.esportsbets.com\/es\/wp-json\/wp\/v2\/media\/2965"}],"wp:attachment":[{"href":"https:\/\/www.esportsbets.com\/es\/wp-json\/wp\/v2\/media?parent=2964"}],"curies":[{"name":"wp","href":"https:\/\/api.w.org\/{rel}","templated":true}]}}