{"id":3117,"date":"2024-04-09T02:48:47","date_gmt":"2024-04-09T02:48:47","guid":{"rendered":"https:\/\/www.esportsbets.com\/es\/?page_id=3117"},"modified":"2024-04-15T08:34:42","modified_gmt":"2024-04-15T08:34:42","slug":"ebasketball","status":"publish","type":"page","link":"https:\/\/www.esportsbets.com\/es\/ebasketball\/","title":{"rendered":"Batalla de baloncesto \u00a1el eBasketball toma las riendas de los simuladores deportivos!"},"content":{"rendered":"<p><span style=\"font-weight: 400\">El mundo de los esports se encuentra en pleno crecimiento y recibe reconocimiento de usuarios alrededor del mundo. En este contexto, uno de los m\u00e1s populares es el eBasketball o la conocida <\/span><b>batalla de baloncesto <\/b><span style=\"font-weight: 400\">que ha llamado la atenci\u00f3n de muchos apostadores.<\/span><\/p>\n<p><span style=\"font-weight: 400\">Sin lugar a dudas, se trata de una experiencia emocionante que transmite la adrenalina, pasi\u00f3n e intensidad de la cancha real a una cancha virtual. Por lo tanto, a lo largo del art\u00edculo te explicaremos <\/span><b>qu\u00e9 es la batalla de baloncesto, <\/b><span style=\"font-weight: 400\">en qu\u00e9 consiste el eBasketball y opciones recomendadas para tus <a href=\"https:\/\/www.esportsbets.com\/es\/\">apuestas online<\/a>.<\/span><\/p>\n<p><img loading=\"lazy\" decoding=\"async\" class=\"alignnone size-full wp-image-3119\" src=\"https:\/\/www.esportsbets.com\/es\/wp-content\/uploads\/sites\/4\/2024\/04\/batalla-de-baloncesto.jpg\" alt=\"batalla de baloncesto\" width=\"800\" height=\"450\" srcset=\"https:\/\/www.esportsbets.com\/es\/wp-content\/uploads\/sites\/4\/2024\/04\/batalla-de-baloncesto.jpg 800w, https:\/\/www.esportsbets.com\/es\/wp-content\/uploads\/sites\/4\/2024\/04\/batalla-de-baloncesto-300x169.jpg 300w, https:\/\/www.esportsbets.com\/es\/wp-content\/uploads\/sites\/4\/2024\/04\/batalla-de-baloncesto-768x432.jpg 768w\" sizes=\"auto, (max-width: 800px) 100vw, 800px\" \/><\/p>\n<h2 id='%c2%bfqu%c3%a9-es-ebasketball'><b>\u00bfQu\u00e9 es eBasketball?<\/b><\/h2>\n<p><span style=\"font-weight: 400\">B\u00e1sicamente, el eBasketball (baloncesto electr\u00f3nico) es una versi\u00f3n digital o virtual de la disciplina tradicional del baloncesto. Su metodolog\u00eda es sencilla, pues los jugadores son los encargados de controlar a los equipos que competir\u00e1n en encuentros divertidos y estrat\u00e9gicos.<\/span><\/p>\n<p><span style=\"font-weight: 400\">Si los apostadores desean alcanzar el \u00e9xito con este esport tienen que considerar que la precisi\u00f3n de los movimientos, la coordinaci\u00f3n entre jugadores y la habilidad t\u00e1ctica y estrat\u00e9gica son fundamentales en este encuentro virtual. Cabe destacar que este deporte est\u00e1 captando la atenci\u00f3n de jugadores a nivel mundial.<\/span><\/p>\n<p><span style=\"font-weight: 400\">En este sentido, la conocida batalla de baloncesto es un torneo virtual que se realiza en las <a href=\"https:\/\/www.esportsbets.com\/es\/opiniones\/\">casas de apuestas en l\u00ednea<\/a>. El evento es de 4 x 5 min, lo que quiere decir que los equipos compiten en partidos de 4 cuartos de 5 minutos cada uno.<\/span><\/p>\n<h2 id='%c2%bfd%c3%b3nde-puedo-apostar-al-ebasketball'><b>\u00bfD\u00f3nde puedo apostar al eBasketball?<\/b><\/h2>\n<p><span style=\"font-weight: 400\">Seguramente en estos momentos debes estarte preguntando <\/span><b>c\u00f3mo apostar en la batalla de baloncesto <\/b><span style=\"font-weight: 400\">y nosotros tenemos la respuesta para tu interrogante. En la actualidad, existen diversas casas de apuestas que te brindan la posibilidad de practicar este deporte y, as\u00ed demostrar tus conocimientos y habilidades predictivas.<\/span><\/p>\n<p><span style=\"font-weight: 400\">A continuaci\u00f3n, te presentaremos algunas opciones de casinos que puedes utilizar gracias a su calidad del servicio y su fiabilidad:<\/span><\/p>\n<h3 id='bet365'><b>Bet365<\/b><\/h3>\n<p>[cta id=5551 type=cta]<\/p>\n<p><span style=\"font-weight: 400\">Bet365 es uno de los casinos en l\u00ednea con mayor popularidad, reconocimiento y sobre todo recomendaci\u00f3n por los usuarios del mundo. En cuanto a los deportes electr\u00f3nicos, posee una variada oferta de apuestas en eBasketball. Adem\u00e1s de ello, destaca por su amigable interfaz, la variedad de mercados y sus atractivos <a href=\"https:\/\/www.esportsbets.com\/es\/bonos\/\">bonos de bienvenida<\/a>.<\/span><\/p>\n<h3 id='william-hill'><b>William Hill<\/b><\/h3>\n<p><span style=\"font-weight: 400\">Si hay algo en lo que destaca la casa de apuestas Willian Hill es por su experiencia y oferta en deportes tradicionales. No obstante, su cat\u00e1logo no se limit\u00f3 y actualmente ofrecen deportes electr\u00f3nicos como el eBasketball. Dicho casino es una buena opci\u00f3n gracias a sus cuotas competitivas, por sus transmisiones en vivo de partidos y por ofrecer un servicio de atenci\u00f3n al cliente de calidad.<\/span><\/p>\n<h3 id='888sport'><b>888sport<\/b><\/h3>\n<p><span style=\"font-weight: 400\">Uno de los casinos en l\u00ednea m\u00e1s innovadores y que brinda un servicio de calidad es 888sport. Sin lugar a dudas, posee una buena oferta de deportes electr\u00f3nicos y el eBasketball no es la excepci\u00f3n, as\u00ed que no dudes en considerarlo como una buena opci\u00f3n. Por otro lado, esta plataforma es intuitiva, cuenta con una variada gama de mercado y su secci\u00f3n de bonificaciones y promociones es bastante atractiva y favorecedora para los usuarios.<\/span><\/p>\n<h3 id='betway'><b>Betway<\/b><\/h3>\n<p>[cta id=5542 type=cta]<\/p>\n<p><span style=\"font-weight: 400\">Una de las casas de apuestas con mayor popularidad en cuanto a los deportes electr\u00f3nicos es Betway; ya que tiene muchos puntos a su favor, tales como: cuotas competitivas, amplio cat\u00e1logo de esports como el eBasketball, variedad en mercado de apuestas y servicio de streaming de calidad. Por ello, representa una de las mejores opciones para disfrutar de la batalla de baloncesto.<\/span><\/p>\n<h3 id='retabet'><b>RETAbet<\/b><\/h3>\n<p><span style=\"font-weight: 400\">Del mismo modo, destaca la casa de apuestas RETAbet porque est\u00e1n apostando el todo por el todo a los deportes electr\u00f3nicos, incluido el eBasketball. Por otra parte, podr\u00edas considerarla como una buena opci\u00f3n porque tiene una interfaz personalizada para los esports, tiene un enorme mercado de apuestas disponibles, posee diversos eventos en los que puedes apostar y tiene cuotas considerables.<\/span><\/p>\n<h2 id='%c2%bfqu%c3%a9-mercados-de-apuestas-hay-disponibles'><b>\u00bfQu\u00e9 mercados de apuestas hay disponibles?<\/b><\/h2>\n<p><span style=\"font-weight: 400\">Antes que nada es imprescindible mencionar que las opciones de apuestas en eBasketball son diversas, variadas y, sobre todo, emocionantes. De esta manera, los usuarios tienen la posibilidad de sacarle el m\u00e1ximo provecho al conocimiento que tienen del juego y del deporte en s\u00ed.<\/span><\/p>\n<p><span style=\"font-weight: 400\">Entre los mercados de apuestas m\u00e1s populares encontrar\u00e1s los siguientes:<\/span><\/p>\n<ul>\n<li style=\"font-weight: 400\"><b>Ganador del encuentro deportivo: <\/b><span style=\"font-weight: 400\">consiste en adivinar o predecir cu\u00e1l ser\u00e1 el equipo que resultar\u00e1 ganador al final del partido.<\/span><\/li>\n<li style=\"font-weight: 400\"><b>H\u00e1ndicap:<\/b>el mercado de <a href=\"https:\/\/www.esportsbets.com\/es\/guias\/que-es-handicap\/\">handicap en las apuestas<\/a> brinda la posibilidad de ajustar las probabilidades, otorgando una ventaja o desventaja a uno de los equipos, lo que permite nivelar la competencia y ofrecer oportunidades emocionantes para los apostadores.<\/li>\n<li style=\"font-weight: 400\"><b>Total de puntos:<\/b><span style=\"font-weight: 400\"> los jugadores tienen que adivinar si el total de los puntos marcados en el encuentro estar\u00e1n por encima o por debajo de cierto n\u00famero en espec\u00edfico.<\/span><\/li>\n<li style=\"font-weight: 400\"><b>Apuestas en vivo: <\/b><span style=\"font-weight: 400\">consiste en efectuar <a href=\"https:\/\/www.esportsbets.com\/es\/apuestas-directas\/\">apuestas en tiempo real<\/a> mientras se lleva a cabo el partido, lo cual garantiza una experiencia divertida, emocionante y din\u00e1mica.<\/span><\/li>\n<\/ul>\n<p><span style=\"font-weight: 400\">Finalmente, el eBasketball es una opci\u00f3n divertida, emocionante y provechosa para los amantes del baloncesto y espec\u00edficamente las apuestas deportivas. Este fen\u00f3meno de los deportes electr\u00f3nicos est\u00e1 sumando fan\u00e1ticos en todas partes del mundo debido a las opciones de apuestas y las casas de apuestas confiables que permiten jugarlos.<\/span><\/p>\n","protected":false},"excerpt":{"rendered":"<p>El mundo de los esports se encuentra en pleno crecimiento y recibe reconocimiento de usuarios alrededor del mundo. En este contexto,&hellip;<\/p>\n","protected":false},"author":117,"featured_media":3119,"parent":0,"menu_order":0,"comment_status":"closed","ping_status":"closed","template":"","meta":{"_stopmodifiedupdate":true,"_modified_date":"","footnotes":""},"class_list":["post-3117","page","type-page","status-publish","has-post-thumbnail","hentry"],"acf":[],"yoast_head":"<!-- This site is optimized with the Yoast SEO plugin v20.11 - https:\/\/yoast.com\/wordpress\/plugins\/seo\/ -->\n<title>Batalla de baloncesto \u25b7 Descubre d\u00f3nde apostar al eBasketball<\/title>\n<meta name=\"description\" content=\"Descubre d\u00f3nde apostar al eBasketball y sum\u00e9rgete en la emoci\u00f3n de la batalla de baloncesto virtual. Encuentra las mejores opciones para disfrutar de esta experiencia \u00fanica y apasionante.\" \/>\n<meta name=\"robots\" content=\"index, follow, max-snippet:-1, max-image-preview:large, max-video-preview:-1\" \/>\n<link rel=\"canonical\" href=\"https:\/\/www.esportsbets.com\/es\/ebasketball\/\" \/>\n<meta property=\"og:locale\" content=\"es_ES\" \/>\n<meta property=\"og:type\" content=\"article\" \/>\n<meta property=\"og:title\" content=\"Batalla de baloncesto \u25b7 Descubre d\u00f3nde apostar al eBasketball\" \/>\n<meta property=\"og:description\" content=\"Descubre d\u00f3nde apostar al eBasketball y sum\u00e9rgete en la emoci\u00f3n de la batalla de baloncesto virtual. Encuentra las mejores opciones para disfrutar de esta experiencia \u00fanica y apasionante.\" \/>\n<meta property=\"og:url\" content=\"https:\/\/www.esportsbets.com\/es\/ebasketball\/\" \/>\n<meta property=\"og:site_name\" content=\"EsportsBets ES\" \/>\n<meta property=\"article:modified_time\" content=\"2024-04-15T08:34:42+00:00\" \/>\n<meta property=\"og:image\" content=\"https:\/\/www.esportsbets.com\/es\/wp-content\/uploads\/sites\/4\/2024\/04\/batalla-de-baloncesto.jpg\" \/>\n\t<meta property=\"og:image:width\" content=\"800\" \/>\n\t<meta property=\"og:image:height\" content=\"450\" \/>\n\t<meta property=\"og:image:type\" content=\"image\/jpeg\" \/>\n<meta name=\"twitter:card\" content=\"summary_large_image\" \/>\n<meta name=\"twitter:label1\" content=\"Tiempo de lectura\" \/>\n\t<meta name=\"twitter:data1\" content=\"5 minutos\" \/>\n<script type=\"application\/ld+json\" class=\"yoast-schema-graph\">{\"@context\":\"https:\/\/schema.org\",\"@graph\":[{\"@type\":\"WebPage\",\"@id\":\"https:\/\/www.esportsbets.com\/es\/ebasketball\/\",\"url\":\"https:\/\/www.esportsbets.com\/es\/ebasketball\/\",\"name\":\"Batalla de baloncesto \u25b7 Descubre d\u00f3nde apostar al eBasketball\",\"isPartOf\":{\"@id\":\"https:\/\/www.esportsbets.com\/es\/#website\"},\"datePublished\":\"2024-04-09T02:48:47+00:00\",\"dateModified\":\"2024-04-15T08:34:42+00:00\",\"description\":\"Descubre d\u00f3nde apostar al eBasketball y sum\u00e9rgete en la emoci\u00f3n de la batalla de baloncesto virtual. Encuentra las mejores opciones para disfrutar de esta experiencia \u00fanica y apasionante.\",\"breadcrumb\":{\"@id\":\"https:\/\/www.esportsbets.com\/es\/ebasketball\/#breadcrumb\"},\"inLanguage\":\"es\",\"potentialAction\":[{\"@type\":\"ReadAction\",\"target\":[\"https:\/\/www.esportsbets.com\/es\/ebasketball\/\"]}]},{\"@type\":\"BreadcrumbList\",\"@id\":\"https:\/\/www.esportsbets.com\/es\/ebasketball\/#breadcrumb\",\"itemListElement\":[{\"@type\":\"ListItem\",\"position\":1,\"name\":\"Home\",\"item\":\"https:\/\/www.esportsbets.com\/es\/\"},{\"@type\":\"ListItem\",\"position\":2,\"name\":\"Batalla de baloncesto \u00a1el eBasketball toma las riendas de los simuladores deportivos!\"}]},{\"@type\":\"WebSite\",\"@id\":\"https:\/\/www.esportsbets.com\/es\/#website\",\"url\":\"https:\/\/www.esportsbets.com\/es\/\",\"name\":\"EsportsBets ES\",\"description\":\"\",\"publisher\":{\"@id\":\"https:\/\/www.esportsbets.com\/es\/#organization\"},\"potentialAction\":[{\"@type\":\"SearchAction\",\"target\":{\"@type\":\"EntryPoint\",\"urlTemplate\":\"https:\/\/www.esportsbets.com\/es\/?s={search_term_string}\"},\"query-input\":\"required name=search_term_string\"}],\"inLanguage\":\"es\"},{\"@type\":\"Organization\",\"@id\":\"https:\/\/www.esportsbets.com\/es\/#organization\",\"name\":\"EsportsBets ES\",\"url\":\"https:\/\/www.esportsbets.com\/es\/\",\"logo\":{\"@type\":\"ImageObject\",\"inLanguage\":\"es\",\"@id\":\"https:\/\/www.esportsbets.com\/es\/#\/schema\/logo\/image\/\",\"url\":\"https:\/\/www.esportsbets.com\/es\/wp-content\/uploads\/sites\/4\/2024\/01\/logo.png\",\"contentUrl\":\"https:\/\/www.esportsbets.com\/es\/wp-content\/uploads\/sites\/4\/2024\/01\/logo.png\",\"width\":1956,\"height\":337,\"caption\":\"EsportsBets ES\"},\"image\":{\"@id\":\"https:\/\/www.esportsbets.com\/es\/#\/schema\/logo\/image\/\"}}]}<\/script>\n<!-- \/ Yoast SEO plugin. -->","yoast_head_json":{"title":"Batalla de baloncesto \u25b7 Descubre d\u00f3nde apostar al eBasketball","description":"Descubre d\u00f3nde apostar al eBasketball y sum\u00e9rgete en la emoci\u00f3n de la batalla de baloncesto virtual. Encuentra las mejores opciones para disfrutar de esta experiencia \u00fanica y apasionante.","robots":{"index":"index","follow":"follow","max-snippet":"max-snippet:-1","max-image-preview":"max-image-preview:large","max-video-preview":"max-video-preview:-1"},"canonical":"https:\/\/www.esportsbets.com\/es\/ebasketball\/","og_locale":"es_ES","og_type":"article","og_title":"Batalla de baloncesto \u25b7 Descubre d\u00f3nde apostar al eBasketball","og_description":"Descubre d\u00f3nde apostar al eBasketball y sum\u00e9rgete en la emoci\u00f3n de la batalla de baloncesto virtual. Encuentra las mejores opciones para disfrutar de esta experiencia \u00fanica y apasionante.","og_url":"https:\/\/www.esportsbets.com\/es\/ebasketball\/","og_site_name":"EsportsBets ES","article_modified_time":"2024-04-15T08:34:42+00:00","og_image":[{"width":800,"height":450,"url":"https:\/\/www.esportsbets.com\/es\/wp-content\/uploads\/sites\/4\/2024\/04\/batalla-de-baloncesto.jpg","type":"image\/jpeg"}],"twitter_card":"summary_large_image","twitter_misc":{"Tiempo de lectura":"5 minutos"},"schema":{"@context":"https:\/\/schema.org","@graph":[{"@type":"WebPage","@id":"https:\/\/www.esportsbets.com\/es\/ebasketball\/","url":"https:\/\/www.esportsbets.com\/es\/ebasketball\/","name":"Batalla de baloncesto \u25b7 Descubre d\u00f3nde apostar al eBasketball","isPartOf":{"@id":"https:\/\/www.esportsbets.com\/es\/#website"},"datePublished":"2024-04-09T02:48:47+00:00","dateModified":"2024-04-15T08:34:42+00:00","description":"Descubre d\u00f3nde apostar al eBasketball y sum\u00e9rgete en la emoci\u00f3n de la batalla de baloncesto virtual. Encuentra las mejores opciones para disfrutar de esta experiencia \u00fanica y apasionante.","breadcrumb":{"@id":"https:\/\/www.esportsbets.com\/es\/ebasketball\/#breadcrumb"},"inLanguage":"es","potentialAction":[{"@type":"ReadAction","target":["https:\/\/www.esportsbets.com\/es\/ebasketball\/"]}]},{"@type":"BreadcrumbList","@id":"https:\/\/www.esportsbets.com\/es\/ebasketball\/#breadcrumb","itemListElement":[{"@type":"ListItem","position":1,"name":"Home","item":"https:\/\/www.esportsbets.com\/es\/"},{"@type":"ListItem","position":2,"name":"Batalla de baloncesto \u00a1el eBasketball toma las riendas de los simuladores deportivos!"}]},{"@type":"WebSite","@id":"https:\/\/www.esportsbets.com\/es\/#website","url":"https:\/\/www.esportsbets.com\/es\/","name":"EsportsBets ES","description":"","publisher":{"@id":"https:\/\/www.esportsbets.com\/es\/#organization"},"potentialAction":[{"@type":"SearchAction","target":{"@type":"EntryPoint","urlTemplate":"https:\/\/www.esportsbets.com\/es\/?s={search_term_string}"},"query-input":"required name=search_term_string"}],"inLanguage":"es"},{"@type":"Organization","@id":"https:\/\/www.esportsbets.com\/es\/#organization","name":"EsportsBets ES","url":"https:\/\/www.esportsbets.com\/es\/","logo":{"@type":"ImageObject","inLanguage":"es","@id":"https:\/\/www.esportsbets.com\/es\/#\/schema\/logo\/image\/","url":"https:\/\/www.esportsbets.com\/es\/wp-content\/uploads\/sites\/4\/2024\/01\/logo.png","contentUrl":"https:\/\/www.esportsbets.com\/es\/wp-content\/uploads\/sites\/4\/2024\/01\/logo.png","width":1956,"height":337,"caption":"EsportsBets ES"},"image":{"@id":"https:\/\/www.esportsbets.com\/es\/#\/schema\/logo\/image\/"}}]}},"_links":{"self":[{"href":"https:\/\/www.esportsbets.com\/es\/wp-json\/wp\/v2\/pages\/3117","targetHints":{"allow":["GET"]}}],"collection":[{"href":"https:\/\/www.esportsbets.com\/es\/wp-json\/wp\/v2\/pages"}],"about":[{"href":"https:\/\/www.esportsbets.com\/es\/wp-json\/wp\/v2\/types\/page"}],"author":[{"embeddable":true,"href":"https:\/\/www.esportsbets.com\/es\/wp-json\/wp\/v2\/users\/117"}],"replies":[{"embeddable":true,"href":"https:\/\/www.esportsbets.com\/es\/wp-json\/wp\/v2\/comments?post=3117"}],"version-history":[{"count":0,"href":"https:\/\/www.esportsbets.com\/es\/wp-json\/wp\/v2\/pages\/3117\/revisions"}],"wp:featuredmedia":[{"embeddable":true,"href":"https:\/\/www.esportsbets.com\/es\/wp-json\/wp\/v2\/media\/3119"}],"wp:attachment":[{"href":"https:\/\/www.esportsbets.com\/es\/wp-json\/wp\/v2\/media?parent=3117"}],"curies":[{"name":"wp","href":"https:\/\/api.w.org\/{rel}","templated":true}]}}