{"id":3121,"date":"2024-04-09T03:05:43","date_gmt":"2024-04-09T03:05:43","guid":{"rendered":"https:\/\/www.esportsbets.com\/es\/?page_id=3121"},"modified":"2024-04-09T03:06:49","modified_gmt":"2024-04-09T03:06:49","slug":"h2h-gg-league","status":"publish","type":"page","link":"https:\/\/www.esportsbets.com\/es\/ebasketball\/h2h-gg-league\/","title":{"rendered":"eBasketball H2H GG League: El emocionante mundo del baloncesto en esports"},"content":{"rendered":"<p>Todos sabemos que los deportes virtuales est\u00e1n tomando m\u00e1s y m\u00e1s relevancia cada d\u00eda en el mundo de las apuestas, principalmente por su emoci\u00f3n y el crecimiento tecnol\u00f3gico que traen. Un ejemplo de ello es la eBasketball H2H GG League, que destaca como uno de los torneos m\u00e1s emocionantes y competitivos en el \u00e1mbito de los deportes electr\u00f3nicos.<\/p>\n<p><span style=\"font-weight: 400\">Sin embargo, hay ciertos esports que destacan m\u00e1s que otros, y estos usualmente se relacionan con la popularidad del juego real, por ejemplo, si pensamos en los deportes m\u00e1s populares en general pensamos en f\u00fatbol o basquetbol, por lo tanto, no es sorpresa que el futbol electr\u00f3nico y el basquetbol electr\u00f3nico tambi\u00e9n sean los m\u00e1s importantes en esta \u00e1rea.<\/span><\/p>\n<p><span style=\"font-weight: 400\">Y es precisamente acerca de ese segundo deporte del que hablaremos el d\u00eda de hoy, del eBasketball, espec\u00edficamente de su versi\u00f3n m\u00e1s popular, el H2H GG league, la competencia m\u00e1s famosa de todo el mercado con premios alucinantes. Sigue leyendo y desc\u00fabrelo con nosotros.<\/span><\/p>\n<p>[cta id=5554 type=list]<\/p>\n<h2 id='%c2%bfqu%c3%a9-es-ebasketball-h2h-gg-league'><b>\u00bfQu\u00e9 es eBasketball H2H GG League?<\/b><\/h2>\n<p><img loading=\"lazy\" decoding=\"async\" class=\"alignnone size-full wp-image-3122\" src=\"https:\/\/www.esportsbets.com\/es\/wp-content\/uploads\/sites\/4\/2024\/04\/ebasketball-h2h-gg-league.jpg\" alt=\"ebasketball h2h gg league\" width=\"800\" height=\"450\" srcset=\"https:\/\/www.esportsbets.com\/es\/wp-content\/uploads\/sites\/4\/2024\/04\/ebasketball-h2h-gg-league.jpg 800w, https:\/\/www.esportsbets.com\/es\/wp-content\/uploads\/sites\/4\/2024\/04\/ebasketball-h2h-gg-league-300x169.jpg 300w, https:\/\/www.esportsbets.com\/es\/wp-content\/uploads\/sites\/4\/2024\/04\/ebasketball-h2h-gg-league-768x432.jpg 768w\" sizes=\"auto, (max-width: 800px) 100vw, 800px\" \/><\/p>\n<p><span style=\"font-weight: 400\">Ahora bien, \u00bfqu\u00e9 es ebasketball h2h gg league? Pues, este es el nombre del torneo de baloncesto virtual que re\u00fane a algunos de los jugadores m\u00e1s talentosos y competitivos del mundo.\u00a0<\/span><\/p>\n<p><span style=\"font-weight: 400\">Esta incre\u00edble competencia consta de un formato de 4 cuartos de 5 minutos cada uno, lo cual le da una naturaleza r\u00e1pida que garantiza acci\u00f3n constante para mantener el enfoque y la adrenalina de los jugadores al l\u00edmite, favoreciendo as\u00ed a los apasionados por las apuestas, el baloncesto como deporte y por los videojuegos.\u00a0<\/span><\/p>\n<p>\u00a1Sum\u00e9rgete en la emoci\u00f3n de esta <a href=\"https:\/\/www.esportsbets.com\/es\/ebasketball\/\">batalla de baloncesto<\/a> virtual!<\/p>\n<h2 id='%c2%bfd%c3%b3nde-puedo-apostar'><b>\u00bfD\u00f3nde puedo apostar?<\/b><\/h2>\n<p><span style=\"font-weight: 400\">Ahora que ya conoces un poco acerca de qu\u00e9 se trata este juego, es momento de evaluar donde puedes empezar a apostar en \u00e9l y para eso, te traemos nuestras recomendaciones.<\/span><\/p>\n<p><span style=\"font-weight: 400\">Las opciones que ver\u00e1s a continuaci\u00f3n son aquellas que nosotros como jugadores experimentados hemos probado al 100% y que consideramos las mejores opciones que hay, tanto por su seguridad como por los beneficios que ofrecen:<\/span><\/p>\n<ol>\n<li style=\"font-weight: 400\"><span style=\"font-weight: 400\">1xBet: Esta es una de las opciones con mayor cat\u00e1logo de <a href=\"https:\/\/www.esportsbets.com\/es\/apuestas-directas\/\">apuestas en vivo de deportes electr\u00f3nicos<\/a>, incluyendo por supuesto la eBasketball H2H GG League, en la que cuentan con excelentes cuotas. Asimismo, 1xBet tiene un bono de bienvenida para nuevos usuarios es atractivo, de hasta 100$ que podr\u00e1s disfrutar.<\/span><\/li>\n<li style=\"font-weight: 400\"><span style=\"font-weight: 400\">Betsson: En general, betsson es una plataforma reconocida mundialmente por su enfoque en la experiencia del usuario. Raz\u00f3n por la cual ofrecen una amplia gama de mercados de apuestas, una plataforma intuitiva y un servicio de atenci\u00f3n al cliente que es eficiente y est\u00e1 disponible las 24 horas del d\u00eda. Todo esto mientras apuestas con cuotas competitivas al eBasketball H2H GG League.<\/span><\/li>\n<li style=\"font-weight: 400\"><span style=\"font-weight: 400\">Hollywood Bets: Esta casa de apuestas es reconocida por su alta variedad de deportes, yendo desde el popular f\u00fatbol hasta las carreras de caballo y los juegos electr\u00f3nicos, incluyendo, eBasketball H2H GG League. Asimismo, tambi\u00e9n cuentan con diferentes promociones que pueden multiplicar tus fondos en gran manera.<\/span><\/li>\n<\/ol>\n<h2 id='%c2%bfc%c3%b3mo-apostar'><b>\u00bfC\u00f3mo apostar?<\/b><\/h2>\n<p><span style=\"font-weight: 400\">Para este punto ya sabes que es y d\u00f3nde apostar en este torneo, pero quiz\u00e1s te est\u00e9s preguntando sobre c\u00f3mo apostar en ebasketball h2h gg league, pues si es as\u00ed, te tenemos la informaci\u00f3n perfecta para ti.<\/span><\/p>\n<p><span style=\"font-weight: 400\">Para ayudarte a entender el c\u00f3mo apostar y para que puedas tener m\u00e1s oportunidad aqu\u00ed te traemos nuestra lista de consejos y paso a seguir para apostar en la eBasketball H2H GG league:<\/span><\/p>\n<ol>\n<li style=\"font-weight: 400\"><span style=\"font-weight: 400\">Mantente atento a p\u00e1ginas de eventos deportivos como BetsAPI que tienen informaci\u00f3n en tiempo real sobre los partidos, estad\u00edsticas y mucho m\u00e1s que te permite tomar decisiones m\u00e1s informadas mientras apuestas.<\/span><\/li>\n<li style=\"font-weight: 400\"><span style=\"font-weight: 400\">Selecciona una casa de apuestas que se adapte a tus necesidades, tenga tu m\u00e9todo de pago de referencia y reg\u00edstrate en ella.<\/span><\/li>\n<li style=\"font-weight: 400\"><span style=\"font-weight: 400\">Presta atenci\u00f3n al historial de los equipos para entender sus fortalezas, debilidades y desempe\u00f1o. Tanto con el equipo al que quieres apostar como con el oponente.<\/span><\/li>\n<li style=\"font-weight: 400\"><span style=\"font-weight: 400\">A la hora de hacer dep\u00f3sitos aseg\u00farate de no gastar m\u00e1s de lo que tienes y de manejar tus fondos de manera responsable.\u00a0<\/span><\/li>\n<li style=\"font-weight: 400\"><span style=\"font-weight: 400\">Elige una apuesta y una cuota que funcione para ti.<\/span><\/li>\n<\/ol>\n<h2 id='mercados-de-apuestas-disponibles'><b>Mercados de apuestas disponibles<\/b><\/h2>\n<p><span style=\"font-weight: 400\">Para terminar, hablemos de la variedad dentro del deporte en s\u00ed. En la liga de H2H GG de eBasketball no s\u00f3lo puedes apostar sobre qui\u00e9n va a ganar el partido, sino que para hacerlo m\u00e1s entretenido puedes incluso pronosticar cu\u00e1ntos puntos exacto o aproximados tendr\u00e1n al final del partido.\u00a0<\/span><\/p>\n<p><span style=\"font-weight: 400\">En esta \u00e1rea, seg\u00fan la casa de apuestas que elijas, podr\u00e1s tambi\u00e9n elegir qu\u00e9 tipo de ventaja habr\u00e1 sobre los equipos en el \u00e1rea de \u201ch\u00e1ndicap\u201d lo cual podr\u00eda multiplicar tus apuestas hasta 4 veces.<\/span><\/p>\n<p><span style=\"font-weight: 400\">Como tal, te recomendamos revisar las opciones de apuestas de la casa de apuestas al buscar el evento en su cat\u00e1logo, as\u00ed podr\u00e1s asegurarte de saber cu\u00e1les tienes disponibles, sus cuotas y si puedes hacer apuestas combinadas o no, esto har\u00e1 de tu experiencia una m\u00e1s placentera.<\/span><\/p>\n","protected":false},"excerpt":{"rendered":"<p>Todos sabemos que los deportes virtuales est\u00e1n tomando m\u00e1s y m\u00e1s relevancia cada d\u00eda en el mundo de las apuestas, principalmente&hellip;<\/p>\n","protected":false},"author":120,"featured_media":3122,"parent":3117,"menu_order":0,"comment_status":"closed","ping_status":"closed","template":"","meta":{"_stopmodifiedupdate":false,"_modified_date":"","footnotes":""},"class_list":["post-3121","page","type-page","status-publish","has-post-thumbnail","hentry"],"acf":[],"yoast_head":"<!-- This site is optimized with the Yoast SEO plugin v20.11 - https:\/\/yoast.com\/wordpress\/plugins\/seo\/ -->\n<title>Descubre la eBasketball H2H GG League esports<\/title>\n<meta name=\"description\" content=\"Haz tus apuestas en la eBasketball H2H GG League con las mejores casas de apuestas y descubre los mercados que el basket esport tiene para ti.\" \/>\n<meta name=\"robots\" content=\"index, follow, max-snippet:-1, max-image-preview:large, max-video-preview:-1\" \/>\n<link rel=\"canonical\" href=\"https:\/\/www.esportsbets.com\/es\/ebasketball\/h2h-gg-league\/\" \/>\n<meta property=\"og:locale\" content=\"es_ES\" \/>\n<meta property=\"og:type\" content=\"article\" \/>\n<meta property=\"og:title\" content=\"Descubre la eBasketball H2H GG League esports\" \/>\n<meta property=\"og:description\" content=\"Haz tus apuestas en la eBasketball H2H GG League con las mejores casas de apuestas y descubre los mercados que el basket esport tiene para ti.\" \/>\n<meta property=\"og:url\" content=\"https:\/\/www.esportsbets.com\/es\/ebasketball\/h2h-gg-league\/\" \/>\n<meta property=\"og:site_name\" content=\"EsportsBets ES\" \/>\n<meta property=\"article:modified_time\" content=\"2024-04-09T03:06:49+00:00\" \/>\n<meta property=\"og:image\" content=\"https:\/\/www.esportsbets.com\/es\/wp-content\/uploads\/sites\/4\/2024\/04\/ebasketball-h2h-gg-league.jpg\" \/>\n\t<meta property=\"og:image:width\" content=\"800\" \/>\n\t<meta property=\"og:image:height\" content=\"450\" \/>\n\t<meta property=\"og:image:type\" content=\"image\/jpeg\" \/>\n<meta name=\"twitter:card\" content=\"summary_large_image\" \/>\n<meta name=\"twitter:label1\" content=\"Tiempo de lectura\" \/>\n\t<meta name=\"twitter:data1\" content=\"4 minutos\" \/>\n<script type=\"application\/ld+json\" class=\"yoast-schema-graph\">{\"@context\":\"https:\/\/schema.org\",\"@graph\":[{\"@type\":\"WebPage\",\"@id\":\"https:\/\/www.esportsbets.com\/es\/ebasketball\/h2h-gg-league\/\",\"url\":\"https:\/\/www.esportsbets.com\/es\/ebasketball\/h2h-gg-league\/\",\"name\":\"Descubre la eBasketball H2H GG League esports\",\"isPartOf\":{\"@id\":\"https:\/\/www.esportsbets.com\/es\/#website\"},\"datePublished\":\"2024-04-09T03:05:43+00:00\",\"dateModified\":\"2024-04-09T03:06:49+00:00\",\"description\":\"Haz tus apuestas en la eBasketball H2H GG League con las mejores casas de apuestas y descubre los mercados que el basket esport tiene para ti.\",\"breadcrumb\":{\"@id\":\"https:\/\/www.esportsbets.com\/es\/ebasketball\/h2h-gg-league\/#breadcrumb\"},\"inLanguage\":\"es\",\"potentialAction\":[{\"@type\":\"ReadAction\",\"target\":[\"https:\/\/www.esportsbets.com\/es\/ebasketball\/h2h-gg-league\/\"]}]},{\"@type\":\"BreadcrumbList\",\"@id\":\"https:\/\/www.esportsbets.com\/es\/ebasketball\/h2h-gg-league\/#breadcrumb\",\"itemListElement\":[{\"@type\":\"ListItem\",\"position\":1,\"name\":\"Home\",\"item\":\"https:\/\/www.esportsbets.com\/es\/\"},{\"@type\":\"ListItem\",\"position\":2,\"name\":\"Batalla de baloncesto \u00a1el eBasketball toma las riendas de los simuladores deportivos!\",\"item\":\"https:\/\/www.esportsbets.com\/es\/ebasketball\/\"},{\"@type\":\"ListItem\",\"position\":3,\"name\":\"eBasketball H2H GG League: El emocionante mundo del baloncesto en esports\"}]},{\"@type\":\"WebSite\",\"@id\":\"https:\/\/www.esportsbets.com\/es\/#website\",\"url\":\"https:\/\/www.esportsbets.com\/es\/\",\"name\":\"EsportsBets ES\",\"description\":\"\",\"publisher\":{\"@id\":\"https:\/\/www.esportsbets.com\/es\/#organization\"},\"potentialAction\":[{\"@type\":\"SearchAction\",\"target\":{\"@type\":\"EntryPoint\",\"urlTemplate\":\"https:\/\/www.esportsbets.com\/es\/?s={search_term_string}\"},\"query-input\":\"required name=search_term_string\"}],\"inLanguage\":\"es\"},{\"@type\":\"Organization\",\"@id\":\"https:\/\/www.esportsbets.com\/es\/#organization\",\"name\":\"EsportsBets ES\",\"url\":\"https:\/\/www.esportsbets.com\/es\/\",\"logo\":{\"@type\":\"ImageObject\",\"inLanguage\":\"es\",\"@id\":\"https:\/\/www.esportsbets.com\/es\/#\/schema\/logo\/image\/\",\"url\":\"https:\/\/www.esportsbets.com\/es\/wp-content\/uploads\/sites\/4\/2024\/01\/logo.png\",\"contentUrl\":\"https:\/\/www.esportsbets.com\/es\/wp-content\/uploads\/sites\/4\/2024\/01\/logo.png\",\"width\":1956,\"height\":337,\"caption\":\"EsportsBets ES\"},\"image\":{\"@id\":\"https:\/\/www.esportsbets.com\/es\/#\/schema\/logo\/image\/\"}}]}<\/script>\n<!-- \/ Yoast SEO plugin. -->","yoast_head_json":{"title":"Descubre la eBasketball H2H GG League esports","description":"Haz tus apuestas en la eBasketball H2H GG League con las mejores casas de apuestas y descubre los mercados que el basket esport tiene para ti.","robots":{"index":"index","follow":"follow","max-snippet":"max-snippet:-1","max-image-preview":"max-image-preview:large","max-video-preview":"max-video-preview:-1"},"canonical":"https:\/\/www.esportsbets.com\/es\/ebasketball\/h2h-gg-league\/","og_locale":"es_ES","og_type":"article","og_title":"Descubre la eBasketball H2H GG League esports","og_description":"Haz tus apuestas en la eBasketball H2H GG League con las mejores casas de apuestas y descubre los mercados que el basket esport tiene para ti.","og_url":"https:\/\/www.esportsbets.com\/es\/ebasketball\/h2h-gg-league\/","og_site_name":"EsportsBets ES","article_modified_time":"2024-04-09T03:06:49+00:00","og_image":[{"width":800,"height":450,"url":"https:\/\/www.esportsbets.com\/es\/wp-content\/uploads\/sites\/4\/2024\/04\/ebasketball-h2h-gg-league.jpg","type":"image\/jpeg"}],"twitter_card":"summary_large_image","twitter_misc":{"Tiempo de lectura":"4 minutos"},"schema":{"@context":"https:\/\/schema.org","@graph":[{"@type":"WebPage","@id":"https:\/\/www.esportsbets.com\/es\/ebasketball\/h2h-gg-league\/","url":"https:\/\/www.esportsbets.com\/es\/ebasketball\/h2h-gg-league\/","name":"Descubre la eBasketball H2H GG League esports","isPartOf":{"@id":"https:\/\/www.esportsbets.com\/es\/#website"},"datePublished":"2024-04-09T03:05:43+00:00","dateModified":"2024-04-09T03:06:49+00:00","description":"Haz tus apuestas en la eBasketball H2H GG League con las mejores casas de apuestas y descubre los mercados que el basket esport tiene para ti.","breadcrumb":{"@id":"https:\/\/www.esportsbets.com\/es\/ebasketball\/h2h-gg-league\/#breadcrumb"},"inLanguage":"es","potentialAction":[{"@type":"ReadAction","target":["https:\/\/www.esportsbets.com\/es\/ebasketball\/h2h-gg-league\/"]}]},{"@type":"BreadcrumbList","@id":"https:\/\/www.esportsbets.com\/es\/ebasketball\/h2h-gg-league\/#breadcrumb","itemListElement":[{"@type":"ListItem","position":1,"name":"Home","item":"https:\/\/www.esportsbets.com\/es\/"},{"@type":"ListItem","position":2,"name":"Batalla de baloncesto \u00a1el eBasketball toma las riendas de los simuladores deportivos!","item":"https:\/\/www.esportsbets.com\/es\/ebasketball\/"},{"@type":"ListItem","position":3,"name":"eBasketball H2H GG League: El emocionante mundo del baloncesto en esports"}]},{"@type":"WebSite","@id":"https:\/\/www.esportsbets.com\/es\/#website","url":"https:\/\/www.esportsbets.com\/es\/","name":"EsportsBets ES","description":"","publisher":{"@id":"https:\/\/www.esportsbets.com\/es\/#organization"},"potentialAction":[{"@type":"SearchAction","target":{"@type":"EntryPoint","urlTemplate":"https:\/\/www.esportsbets.com\/es\/?s={search_term_string}"},"query-input":"required name=search_term_string"}],"inLanguage":"es"},{"@type":"Organization","@id":"https:\/\/www.esportsbets.com\/es\/#organization","name":"EsportsBets ES","url":"https:\/\/www.esportsbets.com\/es\/","logo":{"@type":"ImageObject","inLanguage":"es","@id":"https:\/\/www.esportsbets.com\/es\/#\/schema\/logo\/image\/","url":"https:\/\/www.esportsbets.com\/es\/wp-content\/uploads\/sites\/4\/2024\/01\/logo.png","contentUrl":"https:\/\/www.esportsbets.com\/es\/wp-content\/uploads\/sites\/4\/2024\/01\/logo.png","width":1956,"height":337,"caption":"EsportsBets ES"},"image":{"@id":"https:\/\/www.esportsbets.com\/es\/#\/schema\/logo\/image\/"}}]}},"_links":{"self":[{"href":"https:\/\/www.esportsbets.com\/es\/wp-json\/wp\/v2\/pages\/3121","targetHints":{"allow":["GET"]}}],"collection":[{"href":"https:\/\/www.esportsbets.com\/es\/wp-json\/wp\/v2\/pages"}],"about":[{"href":"https:\/\/www.esportsbets.com\/es\/wp-json\/wp\/v2\/types\/page"}],"author":[{"embeddable":true,"href":"https:\/\/www.esportsbets.com\/es\/wp-json\/wp\/v2\/users\/120"}],"replies":[{"embeddable":true,"href":"https:\/\/www.esportsbets.com\/es\/wp-json\/wp\/v2\/comments?post=3121"}],"version-history":[{"count":0,"href":"https:\/\/www.esportsbets.com\/es\/wp-json\/wp\/v2\/pages\/3121\/revisions"}],"up":[{"embeddable":true,"href":"https:\/\/www.esportsbets.com\/es\/wp-json\/wp\/v2\/pages\/3117"}],"wp:featuredmedia":[{"embeddable":true,"href":"https:\/\/www.esportsbets.com\/es\/wp-json\/wp\/v2\/media\/3122"}],"wp:attachment":[{"href":"https:\/\/www.esportsbets.com\/es\/wp-json\/wp\/v2\/media?parent=3121"}],"curies":[{"name":"wp","href":"https:\/\/api.w.org\/{rel}","templated":true}]}}