{"id":3210,"date":"2024-04-14T17:17:08","date_gmt":"2024-04-14T17:17:08","guid":{"rendered":"https:\/\/www.esportsbets.com\/es\/?page_id=3210"},"modified":"2024-07-25T12:41:49","modified_gmt":"2024-07-25T12:41:49","slug":"como-registrarse-en-betsson","status":"publish","type":"page","link":"https:\/\/www.esportsbets.com\/es\/guias\/como-registrarse-en-betsson\/","title":{"rendered":"Como registrarse en Betsson: Paso a Paso en 2025"},"content":{"rendered":"<p>Si est\u00e1s buscando registrarte en Betsson y sumergirte en el emocionante mundo de las apuestas en esports, esta plataforma es una opci\u00f3n excepcional. Con una amplia variedad de opciones de apuestas en m\u00faltiples torneos de diferentes videojuegos, Betsson te ofrece una experiencia completa que abarca tanto los esports como los deportes tradicionales.<\/p>\n<p>Ahora, profundicemos en el proceso de registro en Betsson para que puedas comenzar a disfrutar de todas sus ventajas. Es por esto que, en esta ocasi\u00f3n, vamos a explicar c\u00f3mo registrarse en Betsson.<\/p>\n<p>[cta id=6187 type=cta]<\/p>\n<p><img loading=\"lazy\" decoding=\"async\" class=\"alignnone size-full wp-image-3214\" src=\"https:\/\/www.esportsbets.com\/es\/wp-content\/uploads\/sites\/4\/2024\/04\/como-registrarse-en-betsson.jpg\" alt=\"como registrarse en betsson\" width=\"800\" height=\"450\" srcset=\"https:\/\/www.esportsbets.com\/es\/wp-content\/uploads\/sites\/4\/2024\/04\/como-registrarse-en-betsson.jpg 800w, https:\/\/www.esportsbets.com\/es\/wp-content\/uploads\/sites\/4\/2024\/04\/como-registrarse-en-betsson-300x169.jpg 300w, https:\/\/www.esportsbets.com\/es\/wp-content\/uploads\/sites\/4\/2024\/04\/como-registrarse-en-betsson-768x432.jpg 768w\" sizes=\"auto, (max-width: 800px) 100vw, 800px\" \/><\/p>\n<h2 id='como-registrarse-en-betsson-paso-a-paso'>Como registrarse en Betsson: paso a paso<\/h2>\n<p>Registrarse en Betsson es muy sencillo, vamos a ver como es el paso a paso sobre c\u00f3mo registrarse en Betsson:<\/p>\n<ol>\n<li>Ingresar al sitio oficial de Betsson<\/li>\n<li>Hacer clic en el bot\u00f3n \u201cCrear cuenta\u201d en la esquina superior derecha<\/li>\n<li>Ingresar tus datos personales<\/li>\n<li>Aceptar los t\u00e9rminos y condiciones<\/li>\n<\/ol>\n<p>Ten en cuenta que depende del momento, puede que haya una opci\u00f3n para utilizar un c\u00f3digo promocional durante tu registro para recibir una bonificaci\u00f3n, pero esta opci\u00f3n no est\u00e1 siempre disponible. Una vez completados los datos y aceptados los t\u00e9rminos y condiciones, solo queda confirmar nuestra cuenta mediante un correo que nos llegar\u00e1 en el momento.<\/p>\n<p>Seg\u00fan las <a href=\"https:\/\/www.esportsbets.com\/es\/opiniones\/betsson\/\">opiniones Betsson<\/a>, esta plataforma es confiable y ofrece una experiencia de usuario satisfactoria. Es importante tener en cuenta que, seg\u00fan el momento, puede que haya una opci\u00f3n para utilizar un c\u00f3digo promocional durante tu registro para recibir una bonificaci\u00f3n. Una vez completados los datos y aceptados los t\u00e9rminos y condiciones, solo queda confirmar nuestra cuenta mediante un correo que nos llegar\u00e1 en el momento.<\/p>\n<h2 id='t%c3%a9rminos-y-condiciones'>T\u00e9rminos y condiciones<\/h2>\n<p>Cada casa de apuestas tiene sus propios t\u00e9rminos y condiciones a la hora de registrarnos, para lo cual te recomiendo que los revises en detalle. Estas son algunas de las reglamentaciones m\u00e1s importantes de Betsson a la hora de registrarse:<\/p>\n<ul>\n<li>El usuario debe estar en condiciones de jugar legalmente en plataformas de apuestas<\/li>\n<li>El usuario debe ser una persona real, no es posible registrarse como empresa o una entidad legal.<\/li>\n<li>No ser una persona expuesta pol\u00edticamente<\/li>\n<\/ul>\n<p>Estos son solo unos ejemplos de los amplios t\u00e9rminos y condiciones que se detallan al registrarte en Betsson, as\u00ed que una vez le\u00eddo y comprendido todos sus detalles, puedes proceder a aceptarlos si cumples con ellos.<\/p>\n<h2 id='bono-de-bienvenida-en-betsson'><b>Bono de bienvenida en Betsson<\/b><\/h2>\n<p>Siempre que vayamos a crear una cuenta nueva en una <a href=\"https:\/\/www.esportsbets.com\/es\/opiniones\/\">casa de apuestas esports<\/a>, es muy importante revisar qu\u00e9 tipos de bonos y promociones ofrecen. En este caso, Betsson ofrece una bonificaci\u00f3n a tu primer dep\u00f3sito de hasta $100.000, y de esta manera si optamos por depositar $100.000, obtendremos un total de $200.000 de saldo para utilizar en tus apuestas.<\/p>\n<p>Adem\u00e1s del bono de bienvenida que duplica nuestro primer dep\u00f3sito, siempre es muy recomendable ingresar en la secci\u00f3n de bonos de Betsson, ya que a veces pueden ofrecer otros tipos de promociones como <a href=\"https:\/\/www.esportsbets.com\/es\/bonos\/sin-deposito\/\">bonos sin dep\u00f3sito<\/a>.<\/p>\n<p>Dentro de la secci\u00f3n de promociones, nos vamos a encontrar con todos los detalles de los diferentes bonos y promociones Betsson como, por ejemplo, actualmente hay una promoci\u00f3n que regala hasta 15 giros gratis diarios en un juego de tragamonedas.<\/p>\n<p>Otra promoci\u00f3n muy popular, que es m\u00e1s parecida a un evento, es la de su tabla de clasificaci\u00f3n, donde todos los usuarios compiten entre s\u00ed por un premio.<\/p>\n<p>El ganador de este premio se define de acuerdo a puntos que se van sumando al realizar nuestras apuestas, por lo que, si acertamos en muchas apuestas, sumaremos muchos puntos y tendremos una buena oportunidad de ganar el premio de esta promoci\u00f3n, que no tiene costo alguno de participaci\u00f3n.<\/p>\n<h2 id='m%c3%a9todos-de-pago'><b>M\u00e9todos de pago<\/b><\/h2>\n<p>Dentro de Betsson vamos a poder utilizar varios <a href=\"https:\/\/www.esportsbets.com\/es\/metodos-de-pago\/\">m\u00e9todos de pago para apuestas<\/a>, los cuales son:<\/p>\n<ul>\n<li>Visa<\/li>\n<li>MasterCard<\/li>\n<li>MercadoPago<\/li>\n<li>Transferencia Bancaria<\/li>\n<li>D\u00e9bito inmediato<\/li>\n<li>AstroPay<\/li>\n<\/ul>\n<p>Dentro de Argentina, estos m\u00e9todos de pago son muy convenientes y utilizados, por lo que posiciona a Betsson como una buena alternativa. Hay que dejar en claro que otros m\u00e9todos de pago como las criptomonedas no est\u00e1n disponibles en Betsson, ya que hay algunos usuarios que buscan casas de apuestas que utilicen exclusivamente criptomonedas.<\/p>\n<h2 id='preguntas-frecuentes'><b>Preguntas frecuentes<\/b><\/h2>\n<section class=\"faq-container\" itemscope itemtype=\"http:\/\/schema.org\/FAQPage\"><\/p>\n<p><div class=\"faq-wrapper\" itemscope itemprop=\"mainEntity\" itemtype=\"https:\/\/schema.org\/Question\">\n                      <h3 class=\"faq-question\" itemprop=\"name\" class=\"faq-title\">\u00bfQu\u00e9 es el cobro en efectivo y c\u00f3mo funciona? <\/h3>\n                        <div itemscope itemprop=\"acceptedAnswer\" itemtype=\"https:\/\/schema.org\/Answer\">\n                            <div class=\"faq-answer\" itemprop=\"text\"><\/p>\n<p>El cobro en efectivo te permite recuperar el dinero de tu apuesta antes de que el evento en el que apostaste termine. El monto de dinero que obtendr\u00e1s se determina al momento del cobro y depender\u00e1 de las probabilidades actuales de victoria de la apuesta, as\u00ed que puede ser mayor o menor que el monto de la apuesta inicial. Cuando se confirma el cobro en efectivo, tu apuesta original se da por terminada y te pagaremos el precio del cobro en efectivo.<\/p>\n<p><\/div>\n                        <\/div>\n                   <\/div><\/p>\n<p><div class=\"faq-wrapper\" itemscope itemprop=\"mainEntity\" itemtype=\"https:\/\/schema.org\/Question\">\n                      <h3 class=\"faq-question\" itemprop=\"name\" class=\"faq-title\">\u00bfC\u00f3mo verifico mi cuenta? <\/h3>\n                        <div itemscope itemprop=\"acceptedAnswer\" itemtype=\"https:\/\/schema.org\/Answer\">\n                            <div class=\"faq-answer\" itemprop=\"text\"><\/p>\n<p>Betsson puede solicitar, en cualquier momento, la verificaci\u00f3n de tu cuenta de juego para garantizar tu seguridad y en relaci\u00f3n con las regulaciones de prevenci\u00f3n contra el lavado de dinero. Tan pronto como recibas una notificaci\u00f3n en tu cuenta de juego y en tu correo electr\u00f3nico para iniciar el proceso de verificaci\u00f3n, es necesario que subas la documentaci\u00f3n solicitada dentro de tu cuenta para mayor seguridad.<\/p>\n<p><\/div>\n                        <\/div>\n                   <\/div><\/p>\n<p><\/section>\n","protected":false},"excerpt":{"rendered":"<p>Si est\u00e1s buscando registrarte en Betsson y sumergirte en el emocionante mundo de las apuestas en esports, esta plataforma es una&hellip;<\/p>\n","protected":false},"author":119,"featured_media":3214,"parent":17,"menu_order":0,"comment_status":"closed","ping_status":"closed","template":"","meta":{"_stopmodifiedupdate":true,"_modified_date":"","footnotes":""},"class_list":["post-3210","page","type-page","status-publish","has-post-thumbnail","hentry"],"acf":[],"yoast_head":"<!-- This site is optimized with the Yoast SEO plugin v20.11 - https:\/\/yoast.com\/wordpress\/plugins\/seo\/ -->\n<title>Como registrarse en Betsson \u25b7 Paso a Paso en 2026<\/title>\n<meta name=\"description\" content=\"Registrarte en la casa de apuestas Betsson, siguiendo un paso a paso explicando c\u00f3mo se realiza, as\u00ed como por que Betsson es una plataforma que te puede interesar.\" \/>\n<meta name=\"robots\" content=\"index, follow, max-snippet:-1, max-image-preview:large, max-video-preview:-1\" \/>\n<link rel=\"canonical\" href=\"https:\/\/www.esportsbets.com\/es\/guias\/como-registrarse-en-betsson\/\" \/>\n<meta property=\"og:locale\" content=\"es_ES\" \/>\n<meta property=\"og:type\" content=\"article\" \/>\n<meta property=\"og:title\" content=\"Como registrarse en Betsson \u25b7 Paso a Paso en 2026\" \/>\n<meta property=\"og:description\" content=\"Registrarte en la casa de apuestas Betsson, siguiendo un paso a paso explicando c\u00f3mo se realiza, as\u00ed como por que Betsson es una plataforma que te puede interesar.\" \/>\n<meta property=\"og:url\" content=\"https:\/\/www.esportsbets.com\/es\/guias\/como-registrarse-en-betsson\/\" \/>\n<meta property=\"og:site_name\" content=\"EsportsBets ES\" \/>\n<meta property=\"article:modified_time\" content=\"2024-07-25T12:41:49+00:00\" \/>\n<meta property=\"og:image\" content=\"https:\/\/www.esportsbets.com\/es\/wp-content\/uploads\/sites\/4\/2024\/04\/como-registrarse-en-betsson.jpg\" \/>\n\t<meta property=\"og:image:width\" content=\"800\" \/>\n\t<meta property=\"og:image:height\" content=\"450\" \/>\n\t<meta property=\"og:image:type\" content=\"image\/jpeg\" \/>\n<meta name=\"twitter:card\" content=\"summary_large_image\" \/>\n<meta name=\"twitter:label1\" content=\"Tiempo de lectura\" \/>\n\t<meta name=\"twitter:data1\" content=\"5 minutos\" \/>\n<script type=\"application\/ld+json\" class=\"yoast-schema-graph\">{\"@context\":\"https:\/\/schema.org\",\"@graph\":[{\"@type\":\"WebPage\",\"@id\":\"https:\/\/www.esportsbets.com\/es\/guias\/como-registrarse-en-betsson\/\",\"url\":\"https:\/\/www.esportsbets.com\/es\/guias\/como-registrarse-en-betsson\/\",\"name\":\"Como registrarse en Betsson \u25b7 Paso a Paso en [yyyy]\",\"isPartOf\":{\"@id\":\"https:\/\/www.esportsbets.com\/es\/#website\"},\"datePublished\":\"2024-04-14T17:17:08+00:00\",\"dateModified\":\"2024-07-25T12:41:49+00:00\",\"description\":\"Registrarte en la casa de apuestas Betsson, siguiendo un paso a paso explicando c\u00f3mo se realiza, as\u00ed como por que Betsson es una plataforma que te puede interesar.\",\"breadcrumb\":{\"@id\":\"https:\/\/www.esportsbets.com\/es\/guias\/como-registrarse-en-betsson\/#breadcrumb\"},\"inLanguage\":\"es\",\"potentialAction\":[{\"@type\":\"ReadAction\",\"target\":[\"https:\/\/www.esportsbets.com\/es\/guias\/como-registrarse-en-betsson\/\"]}]},{\"@type\":\"BreadcrumbList\",\"@id\":\"https:\/\/www.esportsbets.com\/es\/guias\/como-registrarse-en-betsson\/#breadcrumb\",\"itemListElement\":[{\"@type\":\"ListItem\",\"position\":1,\"name\":\"Home\",\"item\":\"https:\/\/www.esportsbets.com\/es\/\"},{\"@type\":\"ListItem\",\"position\":2,\"name\":\"Gu\u00edas de Apuestas: Todo lo que necesitas para aprender a apostar en esports\",\"item\":\"https:\/\/www.esportsbets.com\/es\/guias\/\"},{\"@type\":\"ListItem\",\"position\":3,\"name\":\"Como registrarse en Betsson: Paso a Paso en 2025\"}]},{\"@type\":\"WebSite\",\"@id\":\"https:\/\/www.esportsbets.com\/es\/#website\",\"url\":\"https:\/\/www.esportsbets.com\/es\/\",\"name\":\"EsportsBets ES\",\"description\":\"\",\"publisher\":{\"@id\":\"https:\/\/www.esportsbets.com\/es\/#organization\"},\"potentialAction\":[{\"@type\":\"SearchAction\",\"target\":{\"@type\":\"EntryPoint\",\"urlTemplate\":\"https:\/\/www.esportsbets.com\/es\/?s={search_term_string}\"},\"query-input\":\"required name=search_term_string\"}],\"inLanguage\":\"es\"},{\"@type\":\"Organization\",\"@id\":\"https:\/\/www.esportsbets.com\/es\/#organization\",\"name\":\"EsportsBets ES\",\"url\":\"https:\/\/www.esportsbets.com\/es\/\",\"logo\":{\"@type\":\"ImageObject\",\"inLanguage\":\"es\",\"@id\":\"https:\/\/www.esportsbets.com\/es\/#\/schema\/logo\/image\/\",\"url\":\"https:\/\/www.esportsbets.com\/es\/wp-content\/uploads\/sites\/4\/2024\/01\/logo.png\",\"contentUrl\":\"https:\/\/www.esportsbets.com\/es\/wp-content\/uploads\/sites\/4\/2024\/01\/logo.png\",\"width\":1956,\"height\":337,\"caption\":\"EsportsBets ES\"},\"image\":{\"@id\":\"https:\/\/www.esportsbets.com\/es\/#\/schema\/logo\/image\/\"}}]}<\/script>\n<!-- \/ Yoast SEO plugin. -->","yoast_head_json":{"title":"Como registrarse en Betsson \u25b7 Paso a Paso en 2026","description":"Registrarte en la casa de apuestas Betsson, siguiendo un paso a paso explicando c\u00f3mo se realiza, as\u00ed como por que Betsson es una plataforma que te puede interesar.","robots":{"index":"index","follow":"follow","max-snippet":"max-snippet:-1","max-image-preview":"max-image-preview:large","max-video-preview":"max-video-preview:-1"},"canonical":"https:\/\/www.esportsbets.com\/es\/guias\/como-registrarse-en-betsson\/","og_locale":"es_ES","og_type":"article","og_title":"Como registrarse en Betsson \u25b7 Paso a Paso en 2026","og_description":"Registrarte en la casa de apuestas Betsson, siguiendo un paso a paso explicando c\u00f3mo se realiza, as\u00ed como por que Betsson es una plataforma que te puede interesar.","og_url":"https:\/\/www.esportsbets.com\/es\/guias\/como-registrarse-en-betsson\/","og_site_name":"EsportsBets ES","article_modified_time":"2024-07-25T12:41:49+00:00","og_image":[{"width":800,"height":450,"url":"https:\/\/www.esportsbets.com\/es\/wp-content\/uploads\/sites\/4\/2024\/04\/como-registrarse-en-betsson.jpg","type":"image\/jpeg"}],"twitter_card":"summary_large_image","twitter_misc":{"Tiempo de lectura":"5 minutos"},"schema":{"@context":"https:\/\/schema.org","@graph":[{"@type":"WebPage","@id":"https:\/\/www.esportsbets.com\/es\/guias\/como-registrarse-en-betsson\/","url":"https:\/\/www.esportsbets.com\/es\/guias\/como-registrarse-en-betsson\/","name":"Como registrarse en Betsson \u25b7 Paso a Paso en [yyyy]","isPartOf":{"@id":"https:\/\/www.esportsbets.com\/es\/#website"},"datePublished":"2024-04-14T17:17:08+00:00","dateModified":"2024-07-25T12:41:49+00:00","description":"Registrarte en la casa de apuestas Betsson, siguiendo un paso a paso explicando c\u00f3mo se realiza, as\u00ed como por que Betsson es una plataforma que te puede interesar.","breadcrumb":{"@id":"https:\/\/www.esportsbets.com\/es\/guias\/como-registrarse-en-betsson\/#breadcrumb"},"inLanguage":"es","potentialAction":[{"@type":"ReadAction","target":["https:\/\/www.esportsbets.com\/es\/guias\/como-registrarse-en-betsson\/"]}]},{"@type":"BreadcrumbList","@id":"https:\/\/www.esportsbets.com\/es\/guias\/como-registrarse-en-betsson\/#breadcrumb","itemListElement":[{"@type":"ListItem","position":1,"name":"Home","item":"https:\/\/www.esportsbets.com\/es\/"},{"@type":"ListItem","position":2,"name":"Gu\u00edas de Apuestas: Todo lo que necesitas para aprender a apostar en esports","item":"https:\/\/www.esportsbets.com\/es\/guias\/"},{"@type":"ListItem","position":3,"name":"Como registrarse en Betsson: Paso a Paso en 2025"}]},{"@type":"WebSite","@id":"https:\/\/www.esportsbets.com\/es\/#website","url":"https:\/\/www.esportsbets.com\/es\/","name":"EsportsBets ES","description":"","publisher":{"@id":"https:\/\/www.esportsbets.com\/es\/#organization"},"potentialAction":[{"@type":"SearchAction","target":{"@type":"EntryPoint","urlTemplate":"https:\/\/www.esportsbets.com\/es\/?s={search_term_string}"},"query-input":"required name=search_term_string"}],"inLanguage":"es"},{"@type":"Organization","@id":"https:\/\/www.esportsbets.com\/es\/#organization","name":"EsportsBets ES","url":"https:\/\/www.esportsbets.com\/es\/","logo":{"@type":"ImageObject","inLanguage":"es","@id":"https:\/\/www.esportsbets.com\/es\/#\/schema\/logo\/image\/","url":"https:\/\/www.esportsbets.com\/es\/wp-content\/uploads\/sites\/4\/2024\/01\/logo.png","contentUrl":"https:\/\/www.esportsbets.com\/es\/wp-content\/uploads\/sites\/4\/2024\/01\/logo.png","width":1956,"height":337,"caption":"EsportsBets ES"},"image":{"@id":"https:\/\/www.esportsbets.com\/es\/#\/schema\/logo\/image\/"}}]}},"_links":{"self":[{"href":"https:\/\/www.esportsbets.com\/es\/wp-json\/wp\/v2\/pages\/3210","targetHints":{"allow":["GET"]}}],"collection":[{"href":"https:\/\/www.esportsbets.com\/es\/wp-json\/wp\/v2\/pages"}],"about":[{"href":"https:\/\/www.esportsbets.com\/es\/wp-json\/wp\/v2\/types\/page"}],"author":[{"embeddable":true,"href":"https:\/\/www.esportsbets.com\/es\/wp-json\/wp\/v2\/users\/119"}],"replies":[{"embeddable":true,"href":"https:\/\/www.esportsbets.com\/es\/wp-json\/wp\/v2\/comments?post=3210"}],"version-history":[{"count":1,"href":"https:\/\/www.esportsbets.com\/es\/wp-json\/wp\/v2\/pages\/3210\/revisions"}],"predecessor-version":[{"id":5247,"href":"https:\/\/www.esportsbets.com\/es\/wp-json\/wp\/v2\/pages\/3210\/revisions\/5247"}],"up":[{"embeddable":true,"href":"https:\/\/www.esportsbets.com\/es\/wp-json\/wp\/v2\/pages\/17"}],"wp:featuredmedia":[{"embeddable":true,"href":"https:\/\/www.esportsbets.com\/es\/wp-json\/wp\/v2\/media\/3214"}],"wp:attachment":[{"href":"https:\/\/www.esportsbets.com\/es\/wp-json\/wp\/v2\/media?parent=3210"}],"curies":[{"name":"wp","href":"https:\/\/api.w.org\/{rel}","templated":true}]}}