{"id":3239,"date":"2024-04-14T23:26:02","date_gmt":"2024-04-14T23:26:02","guid":{"rendered":"https:\/\/www.esportsbets.com\/es\/?page_id=3239"},"modified":"2024-06-02T16:44:37","modified_gmt":"2024-06-02T16:44:37","slug":"adriatic-league","status":"publish","type":"page","link":"https:\/\/www.esportsbets.com\/es\/esoccer\/adriatic-league\/","title":{"rendered":"eSoccer Adriatic League: Un torneo esencial para los esports de simuladores de f\u00fatbol"},"content":{"rendered":"<p><span style=\"font-weight: 400\">El f\u00fatbol, inconforme con ser el rey de las apuestas en deportes tradicionales, es la opci\u00f3n m\u00e1s cotizada en las apuestas de simuladores deportivos en los esports. No solo por su cantidad de apuestas y premios incre\u00edbles sino tambi\u00e9n por su gran cat\u00e1logo de eventos, existiendo cientos de ellos.<\/span><\/p>\n<p><span style=\"font-weight: 400\">Ahora bien, hay uno de estos eventos que destaca m\u00e1s que cualquier otro y es la liga Adriatic, la competici\u00f3n de <a href=\"https:\/\/www.esportsbets.com\/es\/esoccer\/\">batalla de f\u00fatbol<\/a> con m\u00e1s espectadores y apostadores alrededor del mundo \u00bfQuieres saber m\u00e1s? Qu\u00e9date que aqu\u00ed te contamos.<\/span><\/p>\n<p>[cta id=5551 type=cta]<\/p>\n<h2 id='%c2%bfqu%c3%a9-es-la-esoccer-adriatic-league'>\u00bfQu\u00e9 es la eSoccer Adriatic League?<\/h2>\n<p><span style=\"font-weight: 400\">Empecemos por lo b\u00e1sico, \u00bfqu\u00e9 es eSoccer Adriatic League? Esta liga es una competici\u00f3n de f\u00fatbol virtual que destaca por su formato r\u00e1pido y emocionante. Cuentan con partidos cortos, de solo 10 minutos (una de las m\u00e1s populares es la <a href=\"https:\/\/www.esportsbets.com\/es\/guias\/que-es-batalla-de-futbol-8-minutos\/\">batalla de f\u00fatbol 8 minutos<\/a>), en los cuales los jugadores virtuales m\u00e1s h\u00e1biles de la regi\u00f3n adri\u00e1tica se enfrentan en un torneo que se juega completamente en l\u00ednea.\u00a0<\/span><\/p>\n<p><span style=\"font-weight: 400\">Ahora bien, a pesar de que lo jugadores suelen siempre estar localizados en esta regi\u00f3n europea, s\u00ed que es cierto que los apostadores pueden venir de cualquier lado del mundo, permiti\u00e9ndote as\u00ed disfrutar de una intensidad especial al participar en estas apuestas, dado que es tan poco tiempo en el partido y cada segundo es crucial para el resultado final. Multiplicando en gran manera la adrenalina que trae el jugar.<\/span><\/p>\n<p><img loading=\"lazy\" decoding=\"async\" class=\"alignnone size-full wp-image-3243\" src=\"https:\/\/www.esportsbets.com\/es\/wp-content\/uploads\/sites\/4\/2024\/04\/que-es-la-eSoccer-Adriatic-League.jpg\" alt=\"que es la eSoccer Adriatic League\" width=\"800\" height=\"450\" srcset=\"https:\/\/www.esportsbets.com\/es\/wp-content\/uploads\/sites\/4\/2024\/04\/que-es-la-eSoccer-Adriatic-League.jpg 800w, https:\/\/www.esportsbets.com\/es\/wp-content\/uploads\/sites\/4\/2024\/04\/que-es-la-eSoccer-Adriatic-League-300x169.jpg 300w, https:\/\/www.esportsbets.com\/es\/wp-content\/uploads\/sites\/4\/2024\/04\/que-es-la-eSoccer-Adriatic-League-768x432.jpg 768w\" sizes=\"auto, (max-width: 800px) 100vw, 800px\" \/><\/p>\n<h2 id='%c2%bfd%c3%b3nde-puedo-apostar'>\u00bfD\u00f3nde puedo apostar?<\/h2>\n<p><span style=\"font-weight: 400\">Como mencionamos hace un segundo, aunque los jugadores son de zonas muy espec\u00edficas tu puedes disfrutar de este juego y ganar dinero desde donde quiera que est\u00e9s, siempre y cuando elijas una casa de apuestas de calidad que tenga la liga disponible, algunas de estas son:<\/span><\/p>\n<h3 id='bet365'>Bet365<\/h3>\n<p>[cta id=5551 type=cta]<\/p>\n<p><span style=\"font-weight: 400\">La casa de apuestas ideal para los fan\u00e1ticos de la eSoccer Adriatic League, avalada por miles de <a href=\"https:\/\/www.esportsbets.com\/es\/opiniones\/bet365\/\">opiniones Bet365<\/a> positivas.\u00a0<\/span>Con una plataforma f\u00e1cil de usar, una amplia gama de mercados de apuestas esports y cuotas competitivas, Bet365 te permite disfrutar al m\u00e1ximo de tus apuestas en la eSoccer Adriatic League.<\/p>\n<h3 id='20-bet'>20 Bet<\/h3>\n<p><span style=\"font-weight: 400\">20 Bet se destaca por sus bonos generosos y su enfoque en las apuestas en vivo. Ofrecen cuotas muy competitivas para la eSoccer Adriatic League y otros eventos de eSoccer, lo que los convierte en una opci\u00f3n atractiva para los apostadores que buscan una experiencia din\u00e1mica y emocionante<\/span><\/p>\n<h3 id='sportium'>Sportium<\/h3>\n<p><span style=\"font-weight: 400\">Sportium es considerada una de las mejores casas de apuestas hoy en d\u00eda y esto se debe principalmente al amplio cat\u00e1logo de deportes, tantos f\u00edsicos como virtuales, que ofrecen para apostar, incluyendo por supuesto eSoccer Adriatic League. Lo mejor de todo es que tiene diferentes promociones mensuales, como las apuestas gratis, que te permiten expandir grandemente tus ganancias.<\/span><\/p>\n<h2 id='%c2%bfqu%c3%a9-mercados-de-apuestas-hay-disponibles'>\u00bfQu\u00e9 mercados de apuestas hay disponibles?<\/h2>\n<p><span style=\"font-weight: 400\">Una vez hayas elegido la casa de apuestas perfecta para ti es momento de empezar a apostar, pero \u00bfC\u00f3mo apostar eSoccer adriatic league? Bueno, lo primero que debes hacer es entender los tipos de apuestas que existen.<\/span><\/p>\n<p><span style=\"font-weight: 400\">En esta liga particular, puedes encontrar tanto opciones de apuestas tradicionales como ganador del partido, que es sencillo y adecuado para los nuevos en las apuestas como opciones de otros mercados m\u00e1s complejos, incluyen:<\/span><\/p>\n<ul>\n<li style=\"font-weight: 400\"><span style=\"font-weight: 400\">M\u00e1s\/menos goles marcados<\/span><\/li>\n<li style=\"font-weight: 400\"><span style=\"font-weight: 400\"><a href=\"https:\/\/www.esportsbets.com\/es\/guias\/que-es-handicap\/\">Apuestas con h\u00e1ndicap<\/a>\u00a0<\/span><\/li>\n<li style=\"font-weight: 400\"><span style=\"font-weight: 400\">Totales de goles\u00a0<\/span><\/li>\n<li style=\"font-weight: 400\"><span style=\"font-weight: 400\">Primer gol\u00a0<\/span><\/li>\n<li style=\"font-weight: 400\"><span style=\"font-weight: 400\">Ganador de partido<\/span><\/li>\n<\/ul>\n<p><span style=\"font-weight: 400\">En general, estas opciones permiten a los usuarios personalizar sus <a href=\"https:\/\/www.esportsbets.com\/es\/guias\/\">estrategias de apuestas<\/a> y buscar la mejor cuota posible.<\/span><\/p>\n<div class=\"highlight\">\n<h2 id='consejos-para-apostar-en-la-esoccer-adriatic-league'>Consejos para Apostar en la eSoccer Adriatic League<\/h2>\n<p><span style=\"font-weight: 400\">Ahora que ya conoces los tipos de apuestas, podemos pasar a los consejos que debes seguir para realizar apuestas inteligentes en este deporte y liga. Los tips que te daremos a continuaci\u00f3n son unos que sabemos te ayudar\u00e1n tanto a multiplicar tus ganancias como a aumentar tus posibilidades de ganar, as\u00ed que eval\u00faalos con atenci\u00f3n y no olvides utilizarlos al apostar.:<\/span><\/p>\n<ol>\n<li style=\"font-weight: 400\"><span style=\"font-weight: 400\">Escoge una casa de apuestas que sea legal, con buenas cuotas y promociones.<\/span><\/li>\n<li style=\"font-weight: 400\"><span style=\"font-weight: 400\">Utiliza un m\u00e9todo de pago sencillo y sin comisiones.<\/span><\/li>\n<li style=\"font-weight: 400\"><span style=\"font-weight: 400\">Mantente informado de las estad\u00edsticas y rendimiento del equipo en p\u00e1ginas como Bet365, las cuales tienen un recuento de todos los partidos en vivo o por realizarse.<\/span><\/li>\n<li style=\"font-weight: 400\"><span style=\"font-weight: 400\">Nunca apuestes m\u00e1s de lo que puedes permitirte.<\/span><\/li>\n<li style=\"font-weight: 400\"><span style=\"font-weight: 400\">Elige un tipo de apuesta que se adapte a tu estrategia, entiendo los riesgos y posibilidades.<\/span><\/li>\n<li style=\"font-weight: 400\"><span style=\"font-weight: 400\">Divi\u00e9rtete, recuerda que esto es un hobby no un trabajo.<\/span><\/li>\n<\/ol>\n<\/div>\n","protected":false},"excerpt":{"rendered":"<p>El f\u00fatbol, inconforme con ser el rey de las apuestas en deportes tradicionales, es la opci\u00f3n m\u00e1s cotizada en las apuestas&hellip;<\/p>\n","protected":false},"author":117,"featured_media":3243,"parent":3229,"menu_order":0,"comment_status":"closed","ping_status":"closed","template":"","meta":{"_stopmodifiedupdate":false,"_modified_date":"","footnotes":""},"class_list":["post-3239","page","type-page","status-publish","has-post-thumbnail","hentry"],"acf":[],"yoast_head":"<!-- This site is optimized with the Yoast SEO plugin v20.11 - https:\/\/yoast.com\/wordpress\/plugins\/seo\/ -->\n<title>Descubre el f\u00fatbol hecho r\u00e1pido \u25b7 eSoccer Adriatic League<\/title>\n<meta name=\"description\" content=\"Conoce la nueva modalidad de apuestas a los esports de f\u00fatbol con el torneo de la eSoccer Adriatic League \u27a4 Juegos r\u00e1pidos, acci\u00f3n trepidante, y apuestas esports emocionantes.\" \/>\n<meta name=\"robots\" content=\"index, follow, max-snippet:-1, max-image-preview:large, max-video-preview:-1\" \/>\n<link rel=\"canonical\" href=\"https:\/\/www.esportsbets.com\/es\/esoccer\/adriatic-league\/\" \/>\n<meta property=\"og:locale\" content=\"es_ES\" \/>\n<meta property=\"og:type\" content=\"article\" \/>\n<meta property=\"og:title\" content=\"Descubre el f\u00fatbol hecho r\u00e1pido \u25b7 eSoccer Adriatic League\" \/>\n<meta property=\"og:description\" content=\"Conoce la nueva modalidad de apuestas a los esports de f\u00fatbol con el torneo de la eSoccer Adriatic League \u27a4 Juegos r\u00e1pidos, acci\u00f3n trepidante, y apuestas esports emocionantes.\" \/>\n<meta property=\"og:url\" content=\"https:\/\/www.esportsbets.com\/es\/esoccer\/adriatic-league\/\" \/>\n<meta property=\"og:site_name\" content=\"EsportsBets ES\" \/>\n<meta property=\"article:modified_time\" content=\"2024-06-02T16:44:37+00:00\" \/>\n<meta property=\"og:image\" content=\"https:\/\/www.esportsbets.com\/es\/wp-content\/uploads\/sites\/4\/2024\/04\/que-es-la-eSoccer-Adriatic-League.jpg\" \/>\n\t<meta property=\"og:image:width\" content=\"800\" \/>\n\t<meta property=\"og:image:height\" content=\"450\" \/>\n\t<meta property=\"og:image:type\" content=\"image\/jpeg\" \/>\n<meta name=\"twitter:card\" content=\"summary_large_image\" \/>\n<meta name=\"twitter:label1\" content=\"Tiempo de lectura\" \/>\n\t<meta name=\"twitter:data1\" content=\"4 minutos\" \/>\n<script type=\"application\/ld+json\" class=\"yoast-schema-graph\">{\"@context\":\"https:\/\/schema.org\",\"@graph\":[{\"@type\":\"WebPage\",\"@id\":\"https:\/\/www.esportsbets.com\/es\/esoccer\/adriatic-league\/\",\"url\":\"https:\/\/www.esportsbets.com\/es\/esoccer\/adriatic-league\/\",\"name\":\"Descubre el f\u00fatbol hecho r\u00e1pido \u25b7 eSoccer Adriatic League\",\"isPartOf\":{\"@id\":\"https:\/\/www.esportsbets.com\/es\/#website\"},\"datePublished\":\"2024-04-14T23:26:02+00:00\",\"dateModified\":\"2024-06-02T16:44:37+00:00\",\"description\":\"Conoce la nueva modalidad de apuestas a los esports de f\u00fatbol con el torneo de la eSoccer Adriatic League \u27a4 Juegos r\u00e1pidos, acci\u00f3n trepidante, y apuestas esports emocionantes.\",\"breadcrumb\":{\"@id\":\"https:\/\/www.esportsbets.com\/es\/esoccer\/adriatic-league\/#breadcrumb\"},\"inLanguage\":\"es\",\"potentialAction\":[{\"@type\":\"ReadAction\",\"target\":[\"https:\/\/www.esportsbets.com\/es\/esoccer\/adriatic-league\/\"]}]},{\"@type\":\"BreadcrumbList\",\"@id\":\"https:\/\/www.esportsbets.com\/es\/esoccer\/adriatic-league\/#breadcrumb\",\"itemListElement\":[{\"@type\":\"ListItem\",\"position\":1,\"name\":\"Home\",\"item\":\"https:\/\/www.esportsbets.com\/es\/\"},{\"@type\":\"ListItem\",\"position\":2,\"name\":\"Batalla de F\u00fatbol electr\u00f3nico: Explorando eSoccer Battle\",\"item\":\"https:\/\/www.esportsbets.com\/es\/esoccer\/\"},{\"@type\":\"ListItem\",\"position\":3,\"name\":\"eSoccer Adriatic League: Un torneo esencial para los esports de simuladores de f\u00fatbol\"}]},{\"@type\":\"WebSite\",\"@id\":\"https:\/\/www.esportsbets.com\/es\/#website\",\"url\":\"https:\/\/www.esportsbets.com\/es\/\",\"name\":\"EsportsBets ES\",\"description\":\"\",\"publisher\":{\"@id\":\"https:\/\/www.esportsbets.com\/es\/#organization\"},\"potentialAction\":[{\"@type\":\"SearchAction\",\"target\":{\"@type\":\"EntryPoint\",\"urlTemplate\":\"https:\/\/www.esportsbets.com\/es\/?s={search_term_string}\"},\"query-input\":\"required name=search_term_string\"}],\"inLanguage\":\"es\"},{\"@type\":\"Organization\",\"@id\":\"https:\/\/www.esportsbets.com\/es\/#organization\",\"name\":\"EsportsBets ES\",\"url\":\"https:\/\/www.esportsbets.com\/es\/\",\"logo\":{\"@type\":\"ImageObject\",\"inLanguage\":\"es\",\"@id\":\"https:\/\/www.esportsbets.com\/es\/#\/schema\/logo\/image\/\",\"url\":\"https:\/\/www.esportsbets.com\/es\/wp-content\/uploads\/sites\/4\/2024\/01\/logo.png\",\"contentUrl\":\"https:\/\/www.esportsbets.com\/es\/wp-content\/uploads\/sites\/4\/2024\/01\/logo.png\",\"width\":1956,\"height\":337,\"caption\":\"EsportsBets ES\"},\"image\":{\"@id\":\"https:\/\/www.esportsbets.com\/es\/#\/schema\/logo\/image\/\"}}]}<\/script>\n<!-- \/ Yoast SEO plugin. -->","yoast_head_json":{"title":"Descubre el f\u00fatbol hecho r\u00e1pido \u25b7 eSoccer Adriatic League","description":"Conoce la nueva modalidad de apuestas a los esports de f\u00fatbol con el torneo de la eSoccer Adriatic League \u27a4 Juegos r\u00e1pidos, acci\u00f3n trepidante, y apuestas esports emocionantes.","robots":{"index":"index","follow":"follow","max-snippet":"max-snippet:-1","max-image-preview":"max-image-preview:large","max-video-preview":"max-video-preview:-1"},"canonical":"https:\/\/www.esportsbets.com\/es\/esoccer\/adriatic-league\/","og_locale":"es_ES","og_type":"article","og_title":"Descubre el f\u00fatbol hecho r\u00e1pido \u25b7 eSoccer Adriatic League","og_description":"Conoce la nueva modalidad de apuestas a los esports de f\u00fatbol con el torneo de la eSoccer Adriatic League \u27a4 Juegos r\u00e1pidos, acci\u00f3n trepidante, y apuestas esports emocionantes.","og_url":"https:\/\/www.esportsbets.com\/es\/esoccer\/adriatic-league\/","og_site_name":"EsportsBets ES","article_modified_time":"2024-06-02T16:44:37+00:00","og_image":[{"width":800,"height":450,"url":"https:\/\/www.esportsbets.com\/es\/wp-content\/uploads\/sites\/4\/2024\/04\/que-es-la-eSoccer-Adriatic-League.jpg","type":"image\/jpeg"}],"twitter_card":"summary_large_image","twitter_misc":{"Tiempo de lectura":"4 minutos"},"schema":{"@context":"https:\/\/schema.org","@graph":[{"@type":"WebPage","@id":"https:\/\/www.esportsbets.com\/es\/esoccer\/adriatic-league\/","url":"https:\/\/www.esportsbets.com\/es\/esoccer\/adriatic-league\/","name":"Descubre el f\u00fatbol hecho r\u00e1pido \u25b7 eSoccer Adriatic League","isPartOf":{"@id":"https:\/\/www.esportsbets.com\/es\/#website"},"datePublished":"2024-04-14T23:26:02+00:00","dateModified":"2024-06-02T16:44:37+00:00","description":"Conoce la nueva modalidad de apuestas a los esports de f\u00fatbol con el torneo de la eSoccer Adriatic League \u27a4 Juegos r\u00e1pidos, acci\u00f3n trepidante, y apuestas esports emocionantes.","breadcrumb":{"@id":"https:\/\/www.esportsbets.com\/es\/esoccer\/adriatic-league\/#breadcrumb"},"inLanguage":"es","potentialAction":[{"@type":"ReadAction","target":["https:\/\/www.esportsbets.com\/es\/esoccer\/adriatic-league\/"]}]},{"@type":"BreadcrumbList","@id":"https:\/\/www.esportsbets.com\/es\/esoccer\/adriatic-league\/#breadcrumb","itemListElement":[{"@type":"ListItem","position":1,"name":"Home","item":"https:\/\/www.esportsbets.com\/es\/"},{"@type":"ListItem","position":2,"name":"Batalla de F\u00fatbol electr\u00f3nico: Explorando eSoccer Battle","item":"https:\/\/www.esportsbets.com\/es\/esoccer\/"},{"@type":"ListItem","position":3,"name":"eSoccer Adriatic League: Un torneo esencial para los esports de simuladores de f\u00fatbol"}]},{"@type":"WebSite","@id":"https:\/\/www.esportsbets.com\/es\/#website","url":"https:\/\/www.esportsbets.com\/es\/","name":"EsportsBets ES","description":"","publisher":{"@id":"https:\/\/www.esportsbets.com\/es\/#organization"},"potentialAction":[{"@type":"SearchAction","target":{"@type":"EntryPoint","urlTemplate":"https:\/\/www.esportsbets.com\/es\/?s={search_term_string}"},"query-input":"required name=search_term_string"}],"inLanguage":"es"},{"@type":"Organization","@id":"https:\/\/www.esportsbets.com\/es\/#organization","name":"EsportsBets ES","url":"https:\/\/www.esportsbets.com\/es\/","logo":{"@type":"ImageObject","inLanguage":"es","@id":"https:\/\/www.esportsbets.com\/es\/#\/schema\/logo\/image\/","url":"https:\/\/www.esportsbets.com\/es\/wp-content\/uploads\/sites\/4\/2024\/01\/logo.png","contentUrl":"https:\/\/www.esportsbets.com\/es\/wp-content\/uploads\/sites\/4\/2024\/01\/logo.png","width":1956,"height":337,"caption":"EsportsBets ES"},"image":{"@id":"https:\/\/www.esportsbets.com\/es\/#\/schema\/logo\/image\/"}}]}},"_links":{"self":[{"href":"https:\/\/www.esportsbets.com\/es\/wp-json\/wp\/v2\/pages\/3239","targetHints":{"allow":["GET"]}}],"collection":[{"href":"https:\/\/www.esportsbets.com\/es\/wp-json\/wp\/v2\/pages"}],"about":[{"href":"https:\/\/www.esportsbets.com\/es\/wp-json\/wp\/v2\/types\/page"}],"author":[{"embeddable":true,"href":"https:\/\/www.esportsbets.com\/es\/wp-json\/wp\/v2\/users\/117"}],"replies":[{"embeddable":true,"href":"https:\/\/www.esportsbets.com\/es\/wp-json\/wp\/v2\/comments?post=3239"}],"version-history":[{"count":0,"href":"https:\/\/www.esportsbets.com\/es\/wp-json\/wp\/v2\/pages\/3239\/revisions"}],"up":[{"embeddable":true,"href":"https:\/\/www.esportsbets.com\/es\/wp-json\/wp\/v2\/pages\/3229"}],"wp:featuredmedia":[{"embeddable":true,"href":"https:\/\/www.esportsbets.com\/es\/wp-json\/wp\/v2\/media\/3243"}],"wp:attachment":[{"href":"https:\/\/www.esportsbets.com\/es\/wp-json\/wp\/v2\/media?parent=3239"}],"curies":[{"name":"wp","href":"https:\/\/api.w.org\/{rel}","templated":true}]}}