{"id":814,"date":"2023-11-06T16:21:44","date_gmt":"2023-11-06T16:21:44","guid":{"rendered":"https:\/\/www.esportsbets.com\/es\/?page_id=814"},"modified":"2024-01-08T11:40:41","modified_gmt":"2024-01-08T11:40:41","slug":"mejores-jugadores-de-cod-mobile","status":"publish","type":"page","link":"https:\/\/www.esportsbets.com\/es\/call-of-duty\/mejores-jugadores-de-cod-mobile\/","title":{"rendered":"Los Mejores Jugadores de COD Mobile &#8211; Lista Actualizada 2025"},"content":{"rendered":"<p>Tener como meta ser uno de los <strong>mejores jugadores de COD Mobile<\/strong> es dif\u00edcil pero nunca imposible. Sobre todo, es necesario tener esa pasi\u00f3n que todo \u201cgamer\u201d posee.<\/p>\n<p>Muchos de los video juegos en la historia han creado cierto impacto a todos los jugadores. Aunque se toma en cuenta a \u201cDoom\u201d como el padre de los FPS (First Person Shooter o Juego de Primera Persona), COD no se queda atr\u00e1s.\u00a0En vez de seguir una realidad alterna donde visitamos a Marte y de repente se genera una invasi\u00f3n terrible, COD sigue nuestra historia. En las primeras versiones de COD (Call of Duty), vemos muchas escenas que representan la segunda guerra mundial.<\/p>\n<p>Gracias al mayor \u00e9xito de la franquicia, se ha aumentado las modalidades de juego (ahora con elementos de Battle Royale) y soporta m\u00e1s dispositivos de juegos. Al mismo tiempo, jugadores distinguidos tienden a dominar las mec\u00e1nicas de juego y sobresaltar con sus habilidades.<\/p>\n<p>En esta parte del articulo te mostraremos aquellos individuos que han sido destacados gracias a sus habilidades y dominancia en COD Mobile. Asi como los <a href=\"https:\/\/www.esportsbets.com\/es\/rocket-league\/mejores-jugadores\/\">mejores jugadores de Rocket League<\/a>, estas personas se han ganado el t\u00edtulo con sus esfuerzos.<\/p>\n<h2 id='top-7-mejores-jugadores-de-cod-mobile'>Top 7 Mejores Jugadores de COD Mobile<\/h2>\n<h3 id='7-bobby-plays'>7. Bobby Plays<\/h3>\n<p>Este es uno de los creadores de contenido leal de CODM. Su carrera en este \u00e1mbito empez\u00f3 en 2015 y en este a\u00f1o ha logrado llegar a tener casi un mill\u00f3n de subscriptores. Al mismo tiempo, ha logrado generar m\u00e1s de 200 millones de vistas en su contenido.<\/p>\n<p>Aunque solo <strong>ha tenido alrededor del $29,000 d\u00f3lares en ganancias con torneos esports<\/strong>, su mayor ingreso ha sido su propio contenido. Adem\u00e1s de mostrar su dominancia en el video juego, tambi\u00e9n ha sido anfitri\u00f3n del CODM World Championship 2021.<\/p>\n<figure id=\"attachment_817\" aria-describedby=\"caption-attachment-817\" style=\"width: 800px\" class=\"wp-caption aligncenter\"><img loading=\"lazy\" decoding=\"async\" class=\"wp-image-817 size-full\" src=\"https:\/\/www.esportsbets.com\/es\/wp-content\/uploads\/sites\/4\/2023\/11\/Bobby-Plays-Mejores-Jugares-de-COD.jpg\" alt=\"Bobby Plays Mejores Jugares de COD\" width=\"800\" height=\"450\" srcset=\"https:\/\/www.esportsbets.com\/es\/wp-content\/uploads\/sites\/4\/2023\/11\/Bobby-Plays-Mejores-Jugares-de-COD.jpg 800w, https:\/\/www.esportsbets.com\/es\/wp-content\/uploads\/sites\/4\/2023\/11\/Bobby-Plays-Mejores-Jugares-de-COD-300x169.jpg 300w, https:\/\/www.esportsbets.com\/es\/wp-content\/uploads\/sites\/4\/2023\/11\/Bobby-Plays-Mejores-Jugares-de-COD-768x432.jpg 768w\" sizes=\"auto, (max-width: 800px) 100vw, 800px\" \/><figcaption id=\"caption-attachment-817\" class=\"wp-caption-text\">Youtube @BobbyPlays<\/figcaption><\/figure>\n<h3 id='6-jakesta'>6. Jakesta<\/h3>\n<p>Cuando tienes a uno de los mejores jugadores de COD Mobile subiendo contenido casi todos los d\u00edas, siempre hay algo entretenido que ver. Jakesta ha tenido \u00e9xito gracias a su perseverancia y ha logrado obtener alrededor de 600,000 subscriptores.<\/p>\n<p>Al mismo tiempo, este jugador ha logrado forjar buenas habilidades dentro de COD Mobile y ha tenido la oportunidad de enfrentarse (y ganar) contra otros profesionales de CODM. Si logras encontrar el canal de Jakesta en Youtube, no te olvides de subscribirte. Al mismo tiempo, aprende sobre las <a href=\"https:\/\/www.esportsbets.com\/es\/call-of-duty\/\">apuestas Call of Duty<\/a> con esos conocimientos.<\/p>\n<figure id=\"attachment_819\" aria-describedby=\"caption-attachment-819\" style=\"width: 800px\" class=\"wp-caption aligncenter\"><img loading=\"lazy\" decoding=\"async\" class=\"wp-image-819 size-full\" src=\"https:\/\/www.esportsbets.com\/es\/wp-content\/uploads\/sites\/4\/2023\/11\/Jakesta-Mejores-Jugares-de-COD.jpg\" alt=\"Jakesta Mejores Jugares de COD\" width=\"800\" height=\"450\" srcset=\"https:\/\/www.esportsbets.com\/es\/wp-content\/uploads\/sites\/4\/2023\/11\/Jakesta-Mejores-Jugares-de-COD.jpg 800w, https:\/\/www.esportsbets.com\/es\/wp-content\/uploads\/sites\/4\/2023\/11\/Jakesta-Mejores-Jugares-de-COD-300x169.jpg 300w, https:\/\/www.esportsbets.com\/es\/wp-content\/uploads\/sites\/4\/2023\/11\/Jakesta-Mejores-Jugares-de-COD-768x432.jpg 768w\" sizes=\"auto, (max-width: 800px) 100vw, 800px\" \/><figcaption id=\"caption-attachment-819\" class=\"wp-caption-text\">Youtube @JakeYT_<\/figcaption><\/figure>\n<h3 id='5-elijah-jackson-hawksnest'>5. Elijah Jackson (HawksNest)<\/h3>\n<p>Llegando a casi 600,000 de seguidores HawksNest ha logrado tener un lugar alto en esta lista. Debido a su maestr\u00eda con COD Mobile, este personaje ha tenido la oportunidad de encontrarse otros profesionales en la arena virtual.<\/p>\n<p>Su manera de ganar ingresos con este juego m\u00f3vil es por medio de \u201cstreaming\u201d o transmisi\u00f3n en vivo en sitios como Twitch. Sobre todo, HawksNest trata de enfocar su contenido en gu\u00edas que puedan ayudar a principiantes que empiezan a descubrir las reglas de COD Mobile.<\/p>\n<figure id=\"attachment_820\" aria-describedby=\"caption-attachment-820\" style=\"width: 800px\" class=\"wp-caption aligncenter\"><img loading=\"lazy\" decoding=\"async\" class=\"wp-image-820 size-full\" src=\"https:\/\/www.esportsbets.com\/es\/wp-content\/uploads\/sites\/4\/2023\/11\/HAWKSNEST-Mejores-Jugares-de-COD.jpg\" alt=\"HAWKSNEST Mejores Jugares de COD\" width=\"800\" height=\"450\" srcset=\"https:\/\/www.esportsbets.com\/es\/wp-content\/uploads\/sites\/4\/2023\/11\/HAWKSNEST-Mejores-Jugares-de-COD.jpg 800w, https:\/\/www.esportsbets.com\/es\/wp-content\/uploads\/sites\/4\/2023\/11\/HAWKSNEST-Mejores-Jugares-de-COD-300x169.jpg 300w, https:\/\/www.esportsbets.com\/es\/wp-content\/uploads\/sites\/4\/2023\/11\/HAWKSNEST-Mejores-Jugares-de-COD-768x432.jpg 768w\" sizes=\"auto, (max-width: 800px) 100vw, 800px\" \/><figcaption id=\"caption-attachment-820\" class=\"wp-caption-text\">Youtube @HawksNestYT<\/figcaption><\/figure>\n<h3 id='4-yanrique-wright'>4. Yanrique Wright<\/h3>\n<p>Teniendo millones (alrededor de 1.3m) de seguidores en sitios como Youtube, no solo genera grandes ganancias, pero tambi\u00e9n prestigio en este video juego.<\/p>\n<p>Una habilidad de los mejores jugadores de COD Mobile es saber el c\u00f3mo compartir tus grandes jugadas a todo el mundo.<\/p>\n<p>Aunque Yanrique no sea uno de los jugadores profesionales de este t\u00edtulo, a\u00fan hay distintas maneras de generar vistas a contenido entretenido. Si quieres seguir los pasos de este jugador, trata de adquirir el equipo necesario para grabar todos tus momentos destacados.<\/p>\n<figure id=\"attachment_822\" aria-describedby=\"caption-attachment-822\" style=\"width: 800px\" class=\"wp-caption aligncenter\"><img loading=\"lazy\" decoding=\"async\" class=\"wp-image-822 size-full\" src=\"https:\/\/www.esportsbets.com\/es\/wp-content\/uploads\/sites\/4\/2023\/11\/YANRIQUE-WRIGHT-Mejores-Jugares-de-COD.jpg\" alt=\"YANRIQUE WRIGHT Mejores Jugares De COD\" width=\"800\" height=\"450\" srcset=\"https:\/\/www.esportsbets.com\/es\/wp-content\/uploads\/sites\/4\/2023\/11\/YANRIQUE-WRIGHT-Mejores-Jugares-de-COD.jpg 800w, https:\/\/www.esportsbets.com\/es\/wp-content\/uploads\/sites\/4\/2023\/11\/YANRIQUE-WRIGHT-Mejores-Jugares-de-COD-300x169.jpg 300w, https:\/\/www.esportsbets.com\/es\/wp-content\/uploads\/sites\/4\/2023\/11\/YANRIQUE-WRIGHT-Mejores-Jugares-de-COD-768x432.jpg 768w\" sizes=\"auto, (max-width: 800px) 100vw, 800px\" \/><figcaption id=\"caption-attachment-822\" class=\"wp-caption-text\">YouTube @Yanrique<\/figcaption><\/figure>\n<h3 id='3-%c3%a1ngel-gonz%c3%a1lez-marshy'>3. \u00c1ngel Gonz\u00e1lez (Marshy)<\/h3>\n<p>Ganador de CODM World Championship en 2021, uno de los t\u00edtulos con mayor prestigio de este juego m\u00f3vil. Luego, Marshy logr\u00f3 conseguir este t\u00edtulo en 2022.<\/p>\n<p>Marshy ha logrado tener una carrera llena de torneos esports, y al mismo tiempo logra subir distinto material informativo sobre COD Mobile en plataformas de creaci\u00f3n de contenidos.<\/p>\n<p>Por el momento, Marshy <strong>ha ganado alrededor de $200 mil gracias a su carrera esports<\/strong>. Hablando de ganancias, puedes comparar el monto con los <a href=\"https:\/\/www.esportsbets.com\/es\/free-fire\/mejores-jugadores\/\">mejores jugadores de Free Fire<\/a>.<\/p>\n<figure id=\"attachment_823\" aria-describedby=\"caption-attachment-823\" style=\"width: 800px\" class=\"wp-caption aligncenter\"><img loading=\"lazy\" decoding=\"async\" class=\"wp-image-823 size-full\" src=\"https:\/\/www.esportsbets.com\/es\/wp-content\/uploads\/sites\/4\/2023\/11\/Marshy-Mejores-Jugares-de-COD.jpg\" alt=\"Marshy Mejores Jugares de COD\" width=\"800\" height=\"450\" srcset=\"https:\/\/www.esportsbets.com\/es\/wp-content\/uploads\/sites\/4\/2023\/11\/Marshy-Mejores-Jugares-de-COD.jpg 800w, https:\/\/www.esportsbets.com\/es\/wp-content\/uploads\/sites\/4\/2023\/11\/Marshy-Mejores-Jugares-de-COD-300x169.jpg 300w, https:\/\/www.esportsbets.com\/es\/wp-content\/uploads\/sites\/4\/2023\/11\/Marshy-Mejores-Jugares-de-COD-768x432.jpg 768w\" sizes=\"auto, (max-width: 800px) 100vw, 800px\" \/><figcaption id=\"caption-attachment-823\" class=\"wp-caption-text\">Tribe Gaming<\/figcaption><\/figure>\n<h3 id='2-boris-lunin-bolu'>2. Boris Lunin (BoLu)<\/h3>\n<p>Una de las personas que ha sabido moverse en el \u00e1mbito de esports y ha logrado tener muchos logros en distintos torneos. Por ejemplo, ha logrado ganar el t\u00edtulo de campe\u00f3n mundial de esports, dos veces.<\/p>\n<p>Todos estos logros han ayudado a BoLu en ganar alrededor de un cuarto de mill\u00f3n de d\u00f3lares. Sin lugar a duda, este jugador es uno de los mejores pagados en COD Mobile.<\/p>\n<p><img loading=\"lazy\" decoding=\"async\" class=\"aligncenter wp-image-825 size-full\" src=\"https:\/\/www.esportsbets.com\/es\/wp-content\/uploads\/sites\/4\/2023\/11\/bOlU-Mejores-Jugares-de-COD.jpg\" alt=\"BOlU Mejores Jugares De COD\" width=\"800\" height=\"450\" srcset=\"https:\/\/www.esportsbets.com\/es\/wp-content\/uploads\/sites\/4\/2023\/11\/bOlU-Mejores-Jugares-de-COD.jpg 800w, https:\/\/www.esportsbets.com\/es\/wp-content\/uploads\/sites\/4\/2023\/11\/bOlU-Mejores-Jugares-de-COD-300x169.jpg 300w, https:\/\/www.esportsbets.com\/es\/wp-content\/uploads\/sites\/4\/2023\/11\/bOlU-Mejores-Jugares-de-COD-768x432.jpg 768w\" sizes=\"auto, (max-width: 800px) 100vw, 800px\" \/><\/p>\n<h3 id='1-luke-fergie-iferg'>1. Luke Fergie (iFerg)<\/h3>\n<p>Este es uno de los jugadores destacados en cualquier juego m\u00f3vil. Gracias a su destreza con cualquier dispositivo m\u00f3vil, iFerg ha logrado superar los rankings en COD Mobile, Fortnite Mobile, y Apex Legends Mobile.<\/p>\n<p>Estos logros han influido con aquellos sitios llenos de sus propios videos. Por ejemplo, en Youtube ha logrado adquirir alrededor de 700 millones de vistas. De igual manera, ha logrado tener el soporte de dos organizaciones esports como Cloud9 y Tribe Gaming.<\/p>\n<p>Debido a que no muestra se\u00f1ales en bajar la guardia, se podr\u00eda decir que seguir\u00e1 siendo uno de los mejores jugadores de COD Mobile.<\/p>\n<figure id=\"attachment_826\" aria-describedby=\"caption-attachment-826\" style=\"width: 800px\" class=\"wp-caption aligncenter\"><img loading=\"lazy\" decoding=\"async\" class=\"wp-image-826 size-full\" src=\"https:\/\/www.esportsbets.com\/es\/wp-content\/uploads\/sites\/4\/2023\/11\/iFerg-Mejores-Jugares-de-COD.jpg\" alt=\"iFerg Mejores Jugares de COD\" width=\"800\" height=\"450\" srcset=\"https:\/\/www.esportsbets.com\/es\/wp-content\/uploads\/sites\/4\/2023\/11\/iFerg-Mejores-Jugares-de-COD.jpg 800w, https:\/\/www.esportsbets.com\/es\/wp-content\/uploads\/sites\/4\/2023\/11\/iFerg-Mejores-Jugares-de-COD-300x169.jpg 300w, https:\/\/www.esportsbets.com\/es\/wp-content\/uploads\/sites\/4\/2023\/11\/iFerg-Mejores-Jugares-de-COD-768x432.jpg 768w\" sizes=\"auto, (max-width: 800px) 100vw, 800px\" \/><figcaption id=\"caption-attachment-826\" class=\"wp-caption-text\">Youtube @iFerg<\/figcaption><\/figure>\n<h3 id='conclusi%c3%b3n'>Conclusi\u00f3n<\/h3>\n<p>Ahora que ya tienes una idea de c\u00f3mo tener alg\u00fan tipo de reconocimiento en COD Mobile, tu puedes probar tu suerte tambi\u00e9n. Te recomendamos que descargues la aplicaci\u00f3n en tu dispositivo m\u00f3vil, y descubras todo lo que este video juego te ofrezca. Si quieres aprender algo de los profesionales, puedes ver los <a href=\"https:\/\/www.esportsbets.com\/es\/call-of-duty\/torneos\/\">mejores torneos de Call of Duty<\/a>.<\/p>\n<p>Luego, si ves el potencial de COD Mobile, trata de buscar gu\u00edas para mejorar tus habilidades. Trata de grabar y compartir tu contenido cuando puedas. Si llega la oportunidad de lograr competir en un evento esports, trata de demostrar lo que sabes.<\/p>\n<hr \/>\n<h2 id='preguntas-frecuentes-sobre-los-mejores-jugadores-de-cod-mobile'>Preguntas Frecuentes sobre los Mejores Jugadores de COD Mobile<\/h2>\n<p>Aqu\u00ed tienes las inc\u00f3gnitas m\u00e1s populares sobre este tema.<\/p>\n<section class=\"faq-container\" itemscope itemtype=\"http:\/\/schema.org\/FAQPage\"><\/p>\n<p><div class=\"faq-wrapper\" itemscope itemprop=\"mainEntity\" itemtype=\"https:\/\/schema.org\/Question\">\n                      <h3 class=\"faq-question\" itemprop=\"name\" class=\"faq-title\">\u00bfPuedo jugar COD Mobile en mi PC? <\/h3>\n                        <div itemscope itemprop=\"acceptedAnswer\" itemtype=\"https:\/\/schema.org\/Answer\">\n                            <div class=\"faq-answer\" itemprop=\"text\"> Aunque no hay un soporte oficial, t\u00fa puedes &#8220;emular&#8221; un dispositivo m\u00f3vil en la PC y jugar COD con distintos controles (teclado\/mouse y mando). <\/div>\n                        <\/div>\n                   <\/div><\/p>\n<p><div class=\"faq-wrapper\" itemscope itemprop=\"mainEntity\" itemtype=\"https:\/\/schema.org\/Question\">\n                      <h3 class=\"faq-question\" itemprop=\"name\" class=\"faq-title\">\u00bfEs COD Mobile Gratis? <\/h3>\n                        <div itemscope itemprop=\"acceptedAnswer\" itemtype=\"https:\/\/schema.org\/Answer\">\n                            <div class=\"faq-answer\" itemprop=\"text\"> S\u00ed, solo tienes que buscar el juego en la tienda virtual de tu dispositivo m\u00f3vil y descargar los archivos. Recuerda que es necesario que cumplas con los requerimientos m\u00ednimos. <\/div>\n                        <\/div>\n                   <\/div><\/p>\n<p><\/section>\n","protected":false},"excerpt":{"rendered":"<p>Tener como meta ser uno de los mejores jugadores de COD Mobile es dif\u00edcil pero nunca imposible. Sobre todo, es necesario&hellip;<\/p>\n","protected":false},"author":121,"featured_media":826,"parent":193,"menu_order":0,"comment_status":"closed","ping_status":"closed","template":"","meta":{"_stopmodifiedupdate":true,"_modified_date":"","footnotes":""},"class_list":["post-814","page","type-page","status-publish","has-post-thumbnail","hentry"],"acf":[],"yoast_head":"<!-- This site is optimized with the Yoast SEO plugin v20.11 - https:\/\/yoast.com\/wordpress\/plugins\/seo\/ -->\n<title>Los Mejores Jugadores de COD Mobile - Lista Actualizada 2026<\/title>\n<meta name=\"description\" content=\"Ent\u00e9rate qui\u00e9nes son los mejores jugadores de COD Mobile. \u2192 Cualquiera tiene el potencial para ser una de las estrellas en COD Mobile.\" \/>\n<meta name=\"robots\" content=\"index, follow, max-snippet:-1, max-image-preview:large, max-video-preview:-1\" \/>\n<link rel=\"canonical\" href=\"https:\/\/www.esportsbets.com\/es\/call-of-duty\/mejores-jugadores-de-cod-mobile\/\" \/>\n<meta property=\"og:locale\" content=\"es_ES\" \/>\n<meta property=\"og:type\" content=\"article\" \/>\n<meta property=\"og:title\" content=\"Los Mejores Jugadores de COD Mobile - Lista Actualizada 2026\" \/>\n<meta property=\"og:description\" content=\"Ent\u00e9rate qui\u00e9nes son los mejores jugadores de COD Mobile. \u2192 Cualquiera tiene el potencial para ser una de las estrellas en COD Mobile.\" \/>\n<meta property=\"og:url\" content=\"https:\/\/www.esportsbets.com\/es\/call-of-duty\/mejores-jugadores-de-cod-mobile\/\" \/>\n<meta property=\"og:site_name\" content=\"EsportsBets ES\" \/>\n<meta property=\"article:modified_time\" content=\"2024-01-08T11:40:41+00:00\" \/>\n<meta property=\"og:image\" content=\"https:\/\/www.esportsbets.com\/es\/wp-content\/uploads\/sites\/4\/2023\/11\/iFerg-Mejores-Jugares-de-COD.jpg\" \/>\n\t<meta property=\"og:image:width\" content=\"800\" \/>\n\t<meta property=\"og:image:height\" content=\"450\" \/>\n\t<meta property=\"og:image:type\" content=\"image\/jpeg\" \/>\n<meta name=\"twitter:card\" content=\"summary_large_image\" \/>\n<meta name=\"twitter:label1\" content=\"Tiempo de lectura\" \/>\n\t<meta name=\"twitter:data1\" content=\"7 minutos\" \/>\n<script type=\"application\/ld+json\" class=\"yoast-schema-graph\">{\"@context\":\"https:\/\/schema.org\",\"@graph\":[{\"@type\":\"WebPage\",\"@id\":\"https:\/\/www.esportsbets.com\/es\/call-of-duty\/mejores-jugadores-de-cod-mobile\/\",\"url\":\"https:\/\/www.esportsbets.com\/es\/call-of-duty\/mejores-jugadores-de-cod-mobile\/\",\"name\":\"Los Mejores Jugadores de COD Mobile - Lista Actualizada [yyyy]\",\"isPartOf\":{\"@id\":\"https:\/\/www.esportsbets.com\/es\/#website\"},\"datePublished\":\"2023-11-06T16:21:44+00:00\",\"dateModified\":\"2024-01-08T11:40:41+00:00\",\"description\":\"Ent\u00e9rate qui\u00e9nes son los mejores jugadores de COD Mobile. \u2192 Cualquiera tiene el potencial para ser una de las estrellas en COD Mobile.\",\"breadcrumb\":{\"@id\":\"https:\/\/www.esportsbets.com\/es\/call-of-duty\/mejores-jugadores-de-cod-mobile\/#breadcrumb\"},\"inLanguage\":\"es\",\"potentialAction\":[{\"@type\":\"ReadAction\",\"target\":[\"https:\/\/www.esportsbets.com\/es\/call-of-duty\/mejores-jugadores-de-cod-mobile\/\"]}]},{\"@type\":\"BreadcrumbList\",\"@id\":\"https:\/\/www.esportsbets.com\/es\/call-of-duty\/mejores-jugadores-de-cod-mobile\/#breadcrumb\",\"itemListElement\":[{\"@type\":\"ListItem\",\"position\":1,\"name\":\"Home\",\"item\":\"https:\/\/www.esportsbets.com\/es\/\"},{\"@type\":\"ListItem\",\"position\":2,\"name\":\"Apuestas en Call Of Duty: Gu\u00eda completa sobre c\u00f3mo apostar en CoD\",\"item\":\"https:\/\/www.esportsbets.com\/es\/call-of-duty\/\"},{\"@type\":\"ListItem\",\"position\":3,\"name\":\"Los Mejores Jugadores de COD Mobile &#8211; Lista Actualizada 2025\"}]},{\"@type\":\"WebSite\",\"@id\":\"https:\/\/www.esportsbets.com\/es\/#website\",\"url\":\"https:\/\/www.esportsbets.com\/es\/\",\"name\":\"EsportsBets ES\",\"description\":\"\",\"publisher\":{\"@id\":\"https:\/\/www.esportsbets.com\/es\/#organization\"},\"potentialAction\":[{\"@type\":\"SearchAction\",\"target\":{\"@type\":\"EntryPoint\",\"urlTemplate\":\"https:\/\/www.esportsbets.com\/es\/?s={search_term_string}\"},\"query-input\":\"required name=search_term_string\"}],\"inLanguage\":\"es\"},{\"@type\":\"Organization\",\"@id\":\"https:\/\/www.esportsbets.com\/es\/#organization\",\"name\":\"EsportsBets ES\",\"url\":\"https:\/\/www.esportsbets.com\/es\/\",\"logo\":{\"@type\":\"ImageObject\",\"inLanguage\":\"es\",\"@id\":\"https:\/\/www.esportsbets.com\/es\/#\/schema\/logo\/image\/\",\"url\":\"https:\/\/www.esportsbets.com\/es\/wp-content\/uploads\/sites\/4\/2024\/01\/logo.png\",\"contentUrl\":\"https:\/\/www.esportsbets.com\/es\/wp-content\/uploads\/sites\/4\/2024\/01\/logo.png\",\"width\":1956,\"height\":337,\"caption\":\"EsportsBets ES\"},\"image\":{\"@id\":\"https:\/\/www.esportsbets.com\/es\/#\/schema\/logo\/image\/\"}}]}<\/script>\n<!-- \/ Yoast SEO plugin. -->","yoast_head_json":{"title":"Los Mejores Jugadores de COD Mobile - Lista Actualizada 2026","description":"Ent\u00e9rate qui\u00e9nes son los mejores jugadores de COD Mobile. \u2192 Cualquiera tiene el potencial para ser una de las estrellas en COD Mobile.","robots":{"index":"index","follow":"follow","max-snippet":"max-snippet:-1","max-image-preview":"max-image-preview:large","max-video-preview":"max-video-preview:-1"},"canonical":"https:\/\/www.esportsbets.com\/es\/call-of-duty\/mejores-jugadores-de-cod-mobile\/","og_locale":"es_ES","og_type":"article","og_title":"Los Mejores Jugadores de COD Mobile - Lista Actualizada 2026","og_description":"Ent\u00e9rate qui\u00e9nes son los mejores jugadores de COD Mobile. \u2192 Cualquiera tiene el potencial para ser una de las estrellas en COD Mobile.","og_url":"https:\/\/www.esportsbets.com\/es\/call-of-duty\/mejores-jugadores-de-cod-mobile\/","og_site_name":"EsportsBets ES","article_modified_time":"2024-01-08T11:40:41+00:00","og_image":[{"width":800,"height":450,"url":"https:\/\/www.esportsbets.com\/es\/wp-content\/uploads\/sites\/4\/2023\/11\/iFerg-Mejores-Jugares-de-COD.jpg","type":"image\/jpeg"}],"twitter_card":"summary_large_image","twitter_misc":{"Tiempo de lectura":"7 minutos"},"schema":{"@context":"https:\/\/schema.org","@graph":[{"@type":"WebPage","@id":"https:\/\/www.esportsbets.com\/es\/call-of-duty\/mejores-jugadores-de-cod-mobile\/","url":"https:\/\/www.esportsbets.com\/es\/call-of-duty\/mejores-jugadores-de-cod-mobile\/","name":"Los Mejores Jugadores de COD Mobile - Lista Actualizada [yyyy]","isPartOf":{"@id":"https:\/\/www.esportsbets.com\/es\/#website"},"datePublished":"2023-11-06T16:21:44+00:00","dateModified":"2024-01-08T11:40:41+00:00","description":"Ent\u00e9rate qui\u00e9nes son los mejores jugadores de COD Mobile. \u2192 Cualquiera tiene el potencial para ser una de las estrellas en COD Mobile.","breadcrumb":{"@id":"https:\/\/www.esportsbets.com\/es\/call-of-duty\/mejores-jugadores-de-cod-mobile\/#breadcrumb"},"inLanguage":"es","potentialAction":[{"@type":"ReadAction","target":["https:\/\/www.esportsbets.com\/es\/call-of-duty\/mejores-jugadores-de-cod-mobile\/"]}]},{"@type":"BreadcrumbList","@id":"https:\/\/www.esportsbets.com\/es\/call-of-duty\/mejores-jugadores-de-cod-mobile\/#breadcrumb","itemListElement":[{"@type":"ListItem","position":1,"name":"Home","item":"https:\/\/www.esportsbets.com\/es\/"},{"@type":"ListItem","position":2,"name":"Apuestas en Call Of Duty: Gu\u00eda completa sobre c\u00f3mo apostar en CoD","item":"https:\/\/www.esportsbets.com\/es\/call-of-duty\/"},{"@type":"ListItem","position":3,"name":"Los Mejores Jugadores de COD Mobile &#8211; Lista Actualizada 2025"}]},{"@type":"WebSite","@id":"https:\/\/www.esportsbets.com\/es\/#website","url":"https:\/\/www.esportsbets.com\/es\/","name":"EsportsBets ES","description":"","publisher":{"@id":"https:\/\/www.esportsbets.com\/es\/#organization"},"potentialAction":[{"@type":"SearchAction","target":{"@type":"EntryPoint","urlTemplate":"https:\/\/www.esportsbets.com\/es\/?s={search_term_string}"},"query-input":"required name=search_term_string"}],"inLanguage":"es"},{"@type":"Organization","@id":"https:\/\/www.esportsbets.com\/es\/#organization","name":"EsportsBets ES","url":"https:\/\/www.esportsbets.com\/es\/","logo":{"@type":"ImageObject","inLanguage":"es","@id":"https:\/\/www.esportsbets.com\/es\/#\/schema\/logo\/image\/","url":"https:\/\/www.esportsbets.com\/es\/wp-content\/uploads\/sites\/4\/2024\/01\/logo.png","contentUrl":"https:\/\/www.esportsbets.com\/es\/wp-content\/uploads\/sites\/4\/2024\/01\/logo.png","width":1956,"height":337,"caption":"EsportsBets ES"},"image":{"@id":"https:\/\/www.esportsbets.com\/es\/#\/schema\/logo\/image\/"}}]}},"_links":{"self":[{"href":"https:\/\/www.esportsbets.com\/es\/wp-json\/wp\/v2\/pages\/814","targetHints":{"allow":["GET"]}}],"collection":[{"href":"https:\/\/www.esportsbets.com\/es\/wp-json\/wp\/v2\/pages"}],"about":[{"href":"https:\/\/www.esportsbets.com\/es\/wp-json\/wp\/v2\/types\/page"}],"author":[{"embeddable":true,"href":"https:\/\/www.esportsbets.com\/es\/wp-json\/wp\/v2\/users\/121"}],"replies":[{"embeddable":true,"href":"https:\/\/www.esportsbets.com\/es\/wp-json\/wp\/v2\/comments?post=814"}],"version-history":[{"count":1,"href":"https:\/\/www.esportsbets.com\/es\/wp-json\/wp\/v2\/pages\/814\/revisions"}],"predecessor-version":[{"id":5265,"href":"https:\/\/www.esportsbets.com\/es\/wp-json\/wp\/v2\/pages\/814\/revisions\/5265"}],"up":[{"embeddable":true,"href":"https:\/\/www.esportsbets.com\/es\/wp-json\/wp\/v2\/pages\/193"}],"wp:featuredmedia":[{"embeddable":true,"href":"https:\/\/www.esportsbets.com\/es\/wp-json\/wp\/v2\/media\/826"}],"wp:attachment":[{"href":"https:\/\/www.esportsbets.com\/es\/wp-json\/wp\/v2\/media?parent=814"}],"curies":[{"name":"wp","href":"https:\/\/api.w.org\/{rel}","templated":true}]}}