{"id":830,"date":"2023-11-06T16:29:56","date_gmt":"2023-11-06T16:29:56","guid":{"rendered":"https:\/\/www.esportsbets.com\/es\/?page_id=830"},"modified":"2024-07-10T03:06:07","modified_gmt":"2024-07-10T03:06:07","slug":"mejores-jugadores","status":"publish","type":"page","link":"https:\/\/www.esportsbets.com\/es\/free-fire\/mejores-jugadores\/","title":{"rendered":"Los Mejores Jugadores de Free Fire: Lista Actualizada 2025"},"content":{"rendered":"<p>Debido a la f\u00e1cil accesibilidad de c\u00f3mo puedes conseguir este video juego y ponerte en pr\u00e1ctica, no todos logran llegar a ser uno de los mejores jugadores de Free Fire. Es necesario tener mucho entrenamiento y alto talento en los juegos m\u00f3viles.<\/p>\n<p>Aunque Free Fire tiene ya alg\u00fan tiempo de estar disponible para todos los jugadores, <strong>cualquiera puede empezar su carrera profesional en esta opci\u00f3n.<\/strong><\/p>\n<p>A veces son pocas las caracter\u00edsticas que hacen falta para sobresalir en este tipo de g\u00e9nero (Battle Royale) y tener esa fortaleza de ganar en m\u00e1s de una ocasi\u00f3n cada d\u00eda.<\/p>\n<h2 id='top-5-mejores-jugadores-de-free-fire-del-mundo'><strong>Top 5 Mejores Jugadores de Free Fire del Mundo<\/strong><\/h2>\n<h3 id='1-ratchanon-kunrayason-moshi'><strong>1. Ratchanon Kunrayason (Moshi)<\/strong><\/h3>\n<p>Uno de los grandes competidores de esports que empez\u00f3 su carrera desde 2021. Con la acumulaci\u00f3n de t\u00edtulos ganados, <strong>ha tenido una ganancia de alrededor de $150 mil d\u00f3lares<\/strong>.\u00a0Moshi obtiene victorias gracias a las habilidades que maneja cuando dentro de Free Fire. Por ejemplo: la destreza al apuntar, manejo de las mejores t\u00e9cnicas y conocimiento del mapa.\u00a0Ademas, ha ganado t\u00edtulos como el \u201cMVP\u201d (Jugador m\u00e1s destacado) en el Free Fire Series del 2022.<\/p>\n<figure id=\"attachment_834\" aria-describedby=\"caption-attachment-834\" style=\"width: 800px\" class=\"wp-caption alignnone\"><img loading=\"lazy\" decoding=\"async\" class=\"wp-image-834 size-full\" src=\"https:\/\/www.esportsbets.com\/es\/wp-content\/uploads\/sites\/4\/2023\/11\/Ratchanon-Kunrayason-Moshi-Mejores-Jugadores-Free-Fire.png\" alt=\"Ratchanon Kunrayason (Moshi) Mejores Jugadores Free Fire\" width=\"800\" height=\"450\" srcset=\"https:\/\/www.esportsbets.com\/es\/wp-content\/uploads\/sites\/4\/2023\/11\/Ratchanon-Kunrayason-Moshi-Mejores-Jugadores-Free-Fire.png 800w, https:\/\/www.esportsbets.com\/es\/wp-content\/uploads\/sites\/4\/2023\/11\/Ratchanon-Kunrayason-Moshi-Mejores-Jugadores-Free-Fire-300x169.png 300w, https:\/\/www.esportsbets.com\/es\/wp-content\/uploads\/sites\/4\/2023\/11\/Ratchanon-Kunrayason-Moshi-Mejores-Jugadores-Free-Fire-768x432.png 768w\" sizes=\"auto, (max-width: 800px) 100vw, 800px\" \/><figcaption id=\"caption-attachment-834\" class=\"wp-caption-text\">Instagram @evos.moshiz<\/figcaption><\/figure>\n<h3 id='2-attapol-kaewchaon-jlx'><strong>2. Attapol Kaewchaon (JLX)<\/strong><\/h3>\n<p>En este puesto se encuentra otro veterano que ha batallado en la arena virtual desde 2019. Debido a que muchas veces domina Free Fire, ha logrado muchas victorias en la <strong>Liga Profesional de Tailandia (Thailand Pro League).\u00a0<\/strong>De igual manera, <strong>JLX ha logrado conseguir segundo lugar en Free Fire Continental Series (FFCS) 2020 en Asia<\/strong>. Sin lugar a duda, este profesional es uno de los mejores jugadores de Free Fire que puedes seguir y aprender de sus habilidades excepcionales.<\/p>\n<figure id=\"attachment_836\" aria-describedby=\"caption-attachment-836\" style=\"width: 800px\" class=\"wp-caption alignnone\"><img loading=\"lazy\" decoding=\"async\" class=\"wp-image-836 size-full\" src=\"https:\/\/www.esportsbets.com\/es\/wp-content\/uploads\/sites\/4\/2023\/11\/Attapol-Kaewchaon-JLX-Mejores-Jugares-de-Free-Fire.jpg\" alt=\"Attapol Kaewchaon (JLX) Mejores Jugares de Free Fire\" width=\"800\" height=\"450\" srcset=\"https:\/\/www.esportsbets.com\/es\/wp-content\/uploads\/sites\/4\/2023\/11\/Attapol-Kaewchaon-JLX-Mejores-Jugares-de-Free-Fire.jpg 800w, https:\/\/www.esportsbets.com\/es\/wp-content\/uploads\/sites\/4\/2023\/11\/Attapol-Kaewchaon-JLX-Mejores-Jugares-de-Free-Fire-300x169.jpg 300w, https:\/\/www.esportsbets.com\/es\/wp-content\/uploads\/sites\/4\/2023\/11\/Attapol-Kaewchaon-JLX-Mejores-Jugares-de-Free-Fire-768x432.jpg 768w\" sizes=\"auto, (max-width: 800px) 100vw, 800px\" \/><figcaption id=\"caption-attachment-836\" class=\"wp-caption-text\">Youtube @jlxch8029<\/figcaption><\/figure>\n<h3 id='3-lucas-laundos-lucka'><strong>3. Lucas Laundos (Lucka)<\/strong><\/h3>\n<p>Un jugador profesional europeo que a\u00fan posee la capacidad de mejorar el rendimiento dentro de los eventos esports.\u00a0Cabe resaltar que Asia (o Brasil) posee aquellos jugadores con alto porcentaje de alcanzar victorias. Sin embargo, a\u00fan hay posibilidades que Europa mejore las herramientas que tiene.\u00a0Lucka empez\u00f3 su carrera esports en 2019 y logr\u00f3 unirse a un equipo (Vasto Mundo) en 2020. Con este grupo, Lucka <strong>ha dominado distintos eventos como Free Fire Ultimate Squad 2021 y la Liga Profesional Europea (Europe Pro League)<\/strong>.<\/p>\n<figure id=\"attachment_838\" aria-describedby=\"caption-attachment-838\" style=\"width: 800px\" class=\"wp-caption alignnone\"><img loading=\"lazy\" decoding=\"async\" class=\"wp-image-838 size-full\" src=\"https:\/\/www.esportsbets.com\/es\/wp-content\/uploads\/sites\/4\/2023\/11\/Lucas-Laundos-Lucka-Mejores-Jugares-de-Free-Fire.jpg\" alt=\"Lucas Laundos (Lucka) Mejores Jugares de Free Fire\" width=\"800\" height=\"450\" srcset=\"https:\/\/www.esportsbets.com\/es\/wp-content\/uploads\/sites\/4\/2023\/11\/Lucas-Laundos-Lucka-Mejores-Jugares-de-Free-Fire.jpg 800w, https:\/\/www.esportsbets.com\/es\/wp-content\/uploads\/sites\/4\/2023\/11\/Lucas-Laundos-Lucka-Mejores-Jugares-de-Free-Fire-300x169.jpg 300w, https:\/\/www.esportsbets.com\/es\/wp-content\/uploads\/sites\/4\/2023\/11\/Lucas-Laundos-Lucka-Mejores-Jugares-de-Free-Fire-768x432.jpg 768w\" sizes=\"auto, (max-width: 800px) 100vw, 800px\" \/><figcaption id=\"caption-attachment-838\" class=\"wp-caption-text\">Esports.net<\/figcaption><\/figure>\n<h3 id='4-rachata-wanaphurksasilp-limit'><strong>4. Rachata Wanaphurksasilp (Limit)<\/strong><\/h3>\n<p>Limit empez\u00f3 su carrera en esports desde 2021 y en todo este tiempo <strong>ha logrado adquirir alrededor de $30 mil d\u00f3lares con su participaci\u00f3n en torneos.\u00a0<\/strong>Este jugador profesional se destaca por una estrategia agresiva y precisa cuando juega Free Fire. De este modo, Limit ha logrado victorias fulminantes donde destruye a sus adversarios r\u00e1pidamente. Sin lugar a duda, los <a href=\"https:\/\/www.esportsbets.com\/es\/pubg\/mejores-jugadores-mobile\/\">mejores jugadores de PUBG Mobile<\/a> ocupan este enfoque.<\/p>\n<figure id=\"attachment_839\" aria-describedby=\"caption-attachment-839\" style=\"width: 800px\" class=\"wp-caption alignnone\"><img loading=\"lazy\" decoding=\"async\" class=\"wp-image-839 size-full\" src=\"https:\/\/www.esportsbets.com\/es\/wp-content\/uploads\/sites\/4\/2023\/11\/Rachata-Wanaphurksasilp-Limit-Mejores-Jugares-de-Free-Fire.jpg\" alt=\"Rachata Wanaphurksasilp (Limit)\" width=\"800\" height=\"450\" srcset=\"https:\/\/www.esportsbets.com\/es\/wp-content\/uploads\/sites\/4\/2023\/11\/Rachata-Wanaphurksasilp-Limit-Mejores-Jugares-de-Free-Fire.jpg 800w, https:\/\/www.esportsbets.com\/es\/wp-content\/uploads\/sites\/4\/2023\/11\/Rachata-Wanaphurksasilp-Limit-Mejores-Jugares-de-Free-Fire-300x169.jpg 300w, https:\/\/www.esportsbets.com\/es\/wp-content\/uploads\/sites\/4\/2023\/11\/Rachata-Wanaphurksasilp-Limit-Mejores-Jugares-de-Free-Fire-768x432.jpg 768w\" sizes=\"auto, (max-width: 800px) 100vw, 800px\" \/><figcaption id=\"caption-attachment-839\" class=\"wp-caption-text\">Instagram @limit_juy<\/figcaption><\/figure>\n<h3 id='5-fernando-fernandes-nando9'><strong>5. Fernando Fernandes (Nando9)<\/strong><\/h3>\n<p>Se le otorga el t\u00edtulo de uno de los mejores jugadores de Free Fire gracias a su dominancia y habilidades mostradas desde el 2020. Por el momento forma parte del equipo \u201cVivo Keyd\u201d con excelentes resultados.\u00a0En ciertas ocasiones ha logrado ser el MVP de su equipo y con su aporte la posici\u00f3n de Vivo Keyd en esports sigue mejorando.<\/p>\n<figure id=\"attachment_840\" aria-describedby=\"caption-attachment-840\" style=\"width: 800px\" class=\"wp-caption alignnone\"><img loading=\"lazy\" decoding=\"async\" class=\"wp-image-840 size-full\" src=\"https:\/\/www.esportsbets.com\/es\/wp-content\/uploads\/sites\/4\/2023\/11\/Fernando-Fernandes-Nando9-Mejores-Jugares-de-Free-Fire.jpg\" alt=\"Fernando Fernandes (Nando9)\" width=\"800\" height=\"450\" srcset=\"https:\/\/www.esportsbets.com\/es\/wp-content\/uploads\/sites\/4\/2023\/11\/Fernando-Fernandes-Nando9-Mejores-Jugares-de-Free-Fire.jpg 800w, https:\/\/www.esportsbets.com\/es\/wp-content\/uploads\/sites\/4\/2023\/11\/Fernando-Fernandes-Nando9-Mejores-Jugares-de-Free-Fire-300x169.jpg 300w, https:\/\/www.esportsbets.com\/es\/wp-content\/uploads\/sites\/4\/2023\/11\/Fernando-Fernandes-Nando9-Mejores-Jugares-de-Free-Fire-768x432.jpg 768w\" sizes=\"auto, (max-width: 800px) 100vw, 800px\" \/><figcaption id=\"caption-attachment-840\" class=\"wp-caption-text\">Instagram @nando9ff<\/figcaption><\/figure>\n<h2 id='top-5-mejores-jugadores-de-free-fire-de-latam'>Top 5 Mejores Jugadores de Free Fire de LATAM<\/h2>\n<ol>\n<li><strong>Mistery (Lucas Assun\u00e7\u00e3o):<\/strong> brasile\u00f1o, campe\u00f3n de la Free Fire Pro League Brazil 2023 y MVP, este jugador brasile\u00f1o de Corinthians es un maestro de la mec\u00e1nica con reflejos r\u00e1pidos.<\/li>\n<li><strong>Ghost (Bruno Lima):<\/strong> el jugador brasile\u00f1o Ghost es capit\u00e1n de LOUD, uno de los equipos m\u00e1s exitosos de la escena competitiva de Free Fire. Gan\u00f3 la Free Fire World Series 2022 con LOUD y ha ganado varios torneos nacionales e internacionales a lo largo de su carrera. Es un jugador vers\u00e1til y l\u00edder excepcional.<\/li>\n<li><strong>Max (Maximiliano Gonz\u00e1lez):<\/strong> este jugador argentino del equipo de Savage es uno de los mejores de Sudam\u00e9rica. Su triunfo m\u00e1s reciente fue en la Free Fire Latin America League 2023 donde se consagr\u00f3 campe\u00f3n junto a su equipo. Inteligente y con gran capacidad para leer el juego, este es un jugador consistente que siempre rinde a un muy alto nivel.<\/li>\n<li><strong>King (Alexis N\u00fa\u00f1ez):<\/strong> este jugador mexicano del equipo de Furious Gaming nunca nos decepciona con su estilo agresivo que aporta mucha emoci\u00f3n al juego. Ha ganado varios torneos regionales a lo largo de su carrera, siendo el m\u00e1s reciente el de la Free Fire Mexico League 2023.<\/li>\n<li><strong>Newz (Jonathan Mora):<\/strong> este jugador costarricense del equipo de The Kings se consagr\u00f3 campe\u00f3n en la Free Fire Central America League 2023 y es considerado uno de los jugadores m\u00e1s experimentados de la escena competitiva en Latinoam\u00e9rica. Vers\u00e1til, y gran estratega con buena capacidad de an\u00e1lisis, Newz es un jugador consistente que siempre rinde a buen nivel.<\/li>\n<\/ol>\n<div class=\"highlight\">\n<h2 id='estrategias-para-llegar-a-conseguir-la-fama-de-mejor-jugador-de-free-fire'><strong>Estrategias para llegar a conseguir la fama de mejor jugador de Free Fire<\/strong><\/h2>\n<p>Por el momento, existen dos formas para ser reconocido por todo el Internet:<\/p>\n<h3 id='jugador-profesional-de-esports'><strong>Jugador Profesional de Esports<\/strong><\/h3>\n<p>Para empezar a responder inc\u00f3gnitas como quien es el mejor jugador de Free Fire, es necesario reconocer la disciplina necesaria.<\/p>\n<p>Muchos (sino todos) de los miembros de la comunidad que quieren tomar parte en el mundo de esports deben tomar mucho tiempo practicando cada d\u00eda. En otras palabras, <strong>se ocupan las mismas horas laborales (alrededor de ocho horas) por d\u00eda en Free Fire<\/strong>.<\/p>\n<p>Siguiendo esta estrategia, cualquier persona puede logar forjar todas las habilidades necesarias para empezar a incrementar sus probabilidades de gane. De igual manera, los <a href=\"https:\/\/www.esportsbets.com\/es\/call-of-duty\/mejores-jugadores-de-cod-mobile\/\">mejores jugadores de COD Mobile<\/a> pasan por un proceso similar. Sin embargo, no es nada f\u00e1cil, la mayor\u00eda de jugadores se frustran al no conseguir los resultados ideales.<\/p>\n<h3 id='convertirte-en-creador-de-contenido-de-free-fire'><strong>Convertirte en Creador de Contenido de Free Fire<\/strong><\/h3>\n<p>Aunque esta opci\u00f3n sea la que requiere menos esfuerzo con tus manos y dentro de Free Fire, tambi\u00e9n posee sus dificultades. Ya que el Internet posee muchas opciones para ver contenido de Free Fire, t\u00fa tienes que ganarte la atenci\u00f3n de esta comunidad.<\/p>\n<p>Innovaci\u00f3n es la clave. Unos \u201cYoutubers\u201d tratan de agregarle m\u00e1s emoci\u00f3n a sus jugadas con comentarios chistosos o ayudando a los jugadores principiantes.<\/p>\n<p>Si tienes las herramientas necesarias para grabar tus partidas de Free Fire, trata de compartir todo el contenido interesante lo m\u00e1s que puedas. Tambi\u00e9n, puedes aprovechar el tiempo para aprender sobre las <a href=\"https:\/\/www.esportsbets.com\/es\/free-fire\/\">apuestas Free Fire<\/a> y ganar m\u00e1s con este video juego.<\/p>\n<\/div>\n<h2 id='conclusi%c3%b3n'><strong>Conclusi\u00f3n<\/strong><\/h2>\n<p>Ahora que tienes una idea clara de los logros a conseguir en Free Fire, empieza a practicar. Primero, es recomendable que aprendas todo lo necesario para jugar en tu dispositivo m\u00f3vil. Luego, descubre como los mejores jugadores de Free Fire se mueven en el mapa.<\/p>\n<p>Otra opcion es comparar los resultados vistos aqui de Free Fire con los adquiridos de los <a href=\"https:\/\/www.esportsbets.com\/es\/rocket-league\/mejores-jugadores\/\">mejores jugadores de Rocket League<\/a> y ver una alternativa.<\/p>\n<p>Por \u00faltimo, trata de analizar los resultados que tengas en Free Fire y busca como mejorarlos. En todo ese tiempo, trata de grabar tus jugadas y comparte en el Internet lo mejor.<\/p>\n<hr \/>\n<h2 id='preguntas-frecuentes-sobre-los-mejores-jugadores-de-free-fire'><strong>Preguntas Frecuentes sobre los Mejores Jugadores de Free Fire<\/strong><\/h2>\n<p>A continuaci\u00f3n, te presentamos las inc\u00f3gnitas m\u00e1s comunes sobre este tema.<\/p>\n<section class=\"faq-container\" itemscope itemtype=\"http:\/\/schema.org\/FAQPage\"><\/p>\n<p><div class=\"faq-wrapper\" itemscope itemprop=\"mainEntity\" itemtype=\"https:\/\/schema.org\/Question\">\n                      <h3 class=\"faq-question\" itemprop=\"name\" class=\"faq-title\">\u00bfQui\u00e9n es el mejor jugador de Free Fire? <\/h3>\n                        <div itemscope itemprop=\"acceptedAnswer\" itemtype=\"https:\/\/schema.org\/Answer\">\n                            <div class=\"faq-answer\" itemprop=\"text\"> Por el momento, hay una lucha entre Moshi y JLX. Ambos jugadores utilizan sus conocimientos para dominar la escena esports de Asia. <\/div>\n                        <\/div>\n                   <\/div><\/p>\n<p><div class=\"faq-wrapper\" itemscope itemprop=\"mainEntity\" itemtype=\"https:\/\/schema.org\/Question\">\n                      <h3 class=\"faq-question\" itemprop=\"name\" class=\"faq-title\">\u00bfEl juego Free Fire es gratis? <\/h3>\n                        <div itemscope itemprop=\"acceptedAnswer\" itemtype=\"https:\/\/schema.org\/Answer\">\n                            <div class=\"faq-answer\" itemprop=\"text\"> S\u00ed, busca &#8220;Free Fire&#8221; en la tienda virtual de tu dispositivo m\u00f3vil y, si cumples los requisitos, encontrar\u00e1s este videojuego r\u00e1pidamente. <\/div>\n                        <\/div>\n                   <\/div><\/p>\n<p><div class=\"faq-wrapper\" itemscope itemprop=\"mainEntity\" itemtype=\"https:\/\/schema.org\/Question\">\n                      <h3 class=\"faq-question\" itemprop=\"name\" class=\"faq-title\">\u00bfCu\u00e1les son los requisitos para jugar Free Fire? <\/h3>\n                        <div itemscope itemprop=\"acceptedAnswer\" itemtype=\"https:\/\/schema.org\/Answer\">\n                            <div class=\"faq-answer\" itemprop=\"text\"> Para iOS, se requiere iOS 9, iPhone 5s, 1GB de RAM y 1.5GB de espacio disponible. Para Android, se necesita Android 4.4, Dual Core 1.2GHz CPU, 1GB de RAM y 1.5GB de espacio libre. <\/div>\n                        <\/div>\n                   <\/div><\/p>\n<p><\/section>\n","protected":false},"excerpt":{"rendered":"<p>Debido a la f\u00e1cil accesibilidad de c\u00f3mo puedes conseguir este video juego y ponerte en pr\u00e1ctica, no todos logran llegar a&hellip;<\/p>\n","protected":false},"author":121,"featured_media":834,"parent":38,"menu_order":0,"comment_status":"closed","ping_status":"closed","template":"","meta":{"_stopmodifiedupdate":true,"_modified_date":"","footnotes":""},"class_list":["post-830","page","type-page","status-publish","has-post-thumbnail","hentry"],"acf":[],"yoast_head":"<!-- This site is optimized with the Yoast SEO plugin v20.11 - https:\/\/yoast.com\/wordpress\/plugins\/seo\/ -->\n<title>Los Mejores Jugadores de Free Fire - Lista Actualizada 2026<\/title>\n<meta name=\"description\" content=\"\u2713 Descubre qui\u00e9nes son los Mejores Jugadores de Free Fire \u27a4 Cu\u00e1nto ganan los mejores jugadores de Free Fire ? y m\u00e1s info aqu\u00ed\" \/>\n<meta name=\"robots\" content=\"index, follow, max-snippet:-1, max-image-preview:large, max-video-preview:-1\" \/>\n<link rel=\"canonical\" href=\"https:\/\/www.esportsbets.com\/es\/free-fire\/mejores-jugadores\/\" \/>\n<meta property=\"og:locale\" content=\"es_ES\" \/>\n<meta property=\"og:type\" content=\"article\" \/>\n<meta property=\"og:title\" content=\"Los Mejores Jugadores de Free Fire - Lista Actualizada 2026\" \/>\n<meta property=\"og:description\" content=\"\u2713 Descubre qui\u00e9nes son los Mejores Jugadores de Free Fire \u27a4 Cu\u00e1nto ganan los mejores jugadores de Free Fire ? y m\u00e1s info aqu\u00ed\" \/>\n<meta property=\"og:url\" content=\"https:\/\/www.esportsbets.com\/es\/free-fire\/mejores-jugadores\/\" \/>\n<meta property=\"og:site_name\" content=\"EsportsBets ES\" \/>\n<meta property=\"article:modified_time\" content=\"2024-07-10T03:06:07+00:00\" \/>\n<meta property=\"og:image\" content=\"https:\/\/www.esportsbets.com\/es\/wp-content\/uploads\/sites\/4\/2023\/11\/Ratchanon-Kunrayason-Moshi-Mejores-Jugadores-Free-Fire.png\" \/>\n\t<meta property=\"og:image:width\" content=\"800\" \/>\n\t<meta property=\"og:image:height\" content=\"450\" \/>\n\t<meta property=\"og:image:type\" content=\"image\/png\" \/>\n<meta name=\"twitter:card\" content=\"summary_large_image\" \/>\n<meta name=\"twitter:label1\" content=\"Tiempo de lectura\" \/>\n\t<meta name=\"twitter:data1\" content=\"7 minutos\" \/>\n<script type=\"application\/ld+json\" class=\"yoast-schema-graph\">{\"@context\":\"https:\/\/schema.org\",\"@graph\":[{\"@type\":\"WebPage\",\"@id\":\"https:\/\/www.esportsbets.com\/es\/free-fire\/mejores-jugadores\/\",\"url\":\"https:\/\/www.esportsbets.com\/es\/free-fire\/mejores-jugadores\/\",\"name\":\"Los Mejores Jugadores de Free Fire - Lista Actualizada [yyyy]\",\"isPartOf\":{\"@id\":\"https:\/\/www.esportsbets.com\/es\/#website\"},\"datePublished\":\"2023-11-06T16:29:56+00:00\",\"dateModified\":\"2024-07-10T03:06:07+00:00\",\"description\":\"\u2713 Descubre qui\u00e9nes son los Mejores Jugadores de Free Fire \u27a4 Cu\u00e1nto ganan los mejores jugadores de Free Fire ? y m\u00e1s info aqu\u00ed\",\"breadcrumb\":{\"@id\":\"https:\/\/www.esportsbets.com\/es\/free-fire\/mejores-jugadores\/#breadcrumb\"},\"inLanguage\":\"es\",\"potentialAction\":[{\"@type\":\"ReadAction\",\"target\":[\"https:\/\/www.esportsbets.com\/es\/free-fire\/mejores-jugadores\/\"]}]},{\"@type\":\"BreadcrumbList\",\"@id\":\"https:\/\/www.esportsbets.com\/es\/free-fire\/mejores-jugadores\/#breadcrumb\",\"itemListElement\":[{\"@type\":\"ListItem\",\"position\":1,\"name\":\"Home\",\"item\":\"https:\/\/www.esportsbets.com\/es\/\"},{\"@type\":\"ListItem\",\"position\":2,\"name\":\"Apuestas Free Fire: Los mejores consejos para apostar en Garena Free Fire\",\"item\":\"https:\/\/www.esportsbets.com\/es\/free-fire\/\"},{\"@type\":\"ListItem\",\"position\":3,\"name\":\"Los Mejores Jugadores de Free Fire: Lista Actualizada 2025\"}]},{\"@type\":\"WebSite\",\"@id\":\"https:\/\/www.esportsbets.com\/es\/#website\",\"url\":\"https:\/\/www.esportsbets.com\/es\/\",\"name\":\"EsportsBets ES\",\"description\":\"\",\"publisher\":{\"@id\":\"https:\/\/www.esportsbets.com\/es\/#organization\"},\"potentialAction\":[{\"@type\":\"SearchAction\",\"target\":{\"@type\":\"EntryPoint\",\"urlTemplate\":\"https:\/\/www.esportsbets.com\/es\/?s={search_term_string}\"},\"query-input\":\"required name=search_term_string\"}],\"inLanguage\":\"es\"},{\"@type\":\"Organization\",\"@id\":\"https:\/\/www.esportsbets.com\/es\/#organization\",\"name\":\"EsportsBets ES\",\"url\":\"https:\/\/www.esportsbets.com\/es\/\",\"logo\":{\"@type\":\"ImageObject\",\"inLanguage\":\"es\",\"@id\":\"https:\/\/www.esportsbets.com\/es\/#\/schema\/logo\/image\/\",\"url\":\"https:\/\/www.esportsbets.com\/es\/wp-content\/uploads\/sites\/4\/2024\/01\/logo.png\",\"contentUrl\":\"https:\/\/www.esportsbets.com\/es\/wp-content\/uploads\/sites\/4\/2024\/01\/logo.png\",\"width\":1956,\"height\":337,\"caption\":\"EsportsBets ES\"},\"image\":{\"@id\":\"https:\/\/www.esportsbets.com\/es\/#\/schema\/logo\/image\/\"}}]}<\/script>\n<!-- \/ Yoast SEO plugin. -->","yoast_head_json":{"title":"Los Mejores Jugadores de Free Fire - Lista Actualizada 2026","description":"\u2713 Descubre qui\u00e9nes son los Mejores Jugadores de Free Fire \u27a4 Cu\u00e1nto ganan los mejores jugadores de Free Fire ? y m\u00e1s info aqu\u00ed","robots":{"index":"index","follow":"follow","max-snippet":"max-snippet:-1","max-image-preview":"max-image-preview:large","max-video-preview":"max-video-preview:-1"},"canonical":"https:\/\/www.esportsbets.com\/es\/free-fire\/mejores-jugadores\/","og_locale":"es_ES","og_type":"article","og_title":"Los Mejores Jugadores de Free Fire - Lista Actualizada 2026","og_description":"\u2713 Descubre qui\u00e9nes son los Mejores Jugadores de Free Fire \u27a4 Cu\u00e1nto ganan los mejores jugadores de Free Fire ? y m\u00e1s info aqu\u00ed","og_url":"https:\/\/www.esportsbets.com\/es\/free-fire\/mejores-jugadores\/","og_site_name":"EsportsBets ES","article_modified_time":"2024-07-10T03:06:07+00:00","og_image":[{"width":800,"height":450,"url":"https:\/\/www.esportsbets.com\/es\/wp-content\/uploads\/sites\/4\/2023\/11\/Ratchanon-Kunrayason-Moshi-Mejores-Jugadores-Free-Fire.png","type":"image\/png"}],"twitter_card":"summary_large_image","twitter_misc":{"Tiempo de lectura":"7 minutos"},"schema":{"@context":"https:\/\/schema.org","@graph":[{"@type":"WebPage","@id":"https:\/\/www.esportsbets.com\/es\/free-fire\/mejores-jugadores\/","url":"https:\/\/www.esportsbets.com\/es\/free-fire\/mejores-jugadores\/","name":"Los Mejores Jugadores de Free Fire - Lista Actualizada [yyyy]","isPartOf":{"@id":"https:\/\/www.esportsbets.com\/es\/#website"},"datePublished":"2023-11-06T16:29:56+00:00","dateModified":"2024-07-10T03:06:07+00:00","description":"\u2713 Descubre qui\u00e9nes son los Mejores Jugadores de Free Fire \u27a4 Cu\u00e1nto ganan los mejores jugadores de Free Fire ? y m\u00e1s info aqu\u00ed","breadcrumb":{"@id":"https:\/\/www.esportsbets.com\/es\/free-fire\/mejores-jugadores\/#breadcrumb"},"inLanguage":"es","potentialAction":[{"@type":"ReadAction","target":["https:\/\/www.esportsbets.com\/es\/free-fire\/mejores-jugadores\/"]}]},{"@type":"BreadcrumbList","@id":"https:\/\/www.esportsbets.com\/es\/free-fire\/mejores-jugadores\/#breadcrumb","itemListElement":[{"@type":"ListItem","position":1,"name":"Home","item":"https:\/\/www.esportsbets.com\/es\/"},{"@type":"ListItem","position":2,"name":"Apuestas Free Fire: Los mejores consejos para apostar en Garena Free Fire","item":"https:\/\/www.esportsbets.com\/es\/free-fire\/"},{"@type":"ListItem","position":3,"name":"Los Mejores Jugadores de Free Fire: Lista Actualizada 2025"}]},{"@type":"WebSite","@id":"https:\/\/www.esportsbets.com\/es\/#website","url":"https:\/\/www.esportsbets.com\/es\/","name":"EsportsBets ES","description":"","publisher":{"@id":"https:\/\/www.esportsbets.com\/es\/#organization"},"potentialAction":[{"@type":"SearchAction","target":{"@type":"EntryPoint","urlTemplate":"https:\/\/www.esportsbets.com\/es\/?s={search_term_string}"},"query-input":"required name=search_term_string"}],"inLanguage":"es"},{"@type":"Organization","@id":"https:\/\/www.esportsbets.com\/es\/#organization","name":"EsportsBets ES","url":"https:\/\/www.esportsbets.com\/es\/","logo":{"@type":"ImageObject","inLanguage":"es","@id":"https:\/\/www.esportsbets.com\/es\/#\/schema\/logo\/image\/","url":"https:\/\/www.esportsbets.com\/es\/wp-content\/uploads\/sites\/4\/2024\/01\/logo.png","contentUrl":"https:\/\/www.esportsbets.com\/es\/wp-content\/uploads\/sites\/4\/2024\/01\/logo.png","width":1956,"height":337,"caption":"EsportsBets ES"},"image":{"@id":"https:\/\/www.esportsbets.com\/es\/#\/schema\/logo\/image\/"}}]}},"_links":{"self":[{"href":"https:\/\/www.esportsbets.com\/es\/wp-json\/wp\/v2\/pages\/830","targetHints":{"allow":["GET"]}}],"collection":[{"href":"https:\/\/www.esportsbets.com\/es\/wp-json\/wp\/v2\/pages"}],"about":[{"href":"https:\/\/www.esportsbets.com\/es\/wp-json\/wp\/v2\/types\/page"}],"author":[{"embeddable":true,"href":"https:\/\/www.esportsbets.com\/es\/wp-json\/wp\/v2\/users\/121"}],"replies":[{"embeddable":true,"href":"https:\/\/www.esportsbets.com\/es\/wp-json\/wp\/v2\/comments?post=830"}],"version-history":[{"count":1,"href":"https:\/\/www.esportsbets.com\/es\/wp-json\/wp\/v2\/pages\/830\/revisions"}],"predecessor-version":[{"id":5272,"href":"https:\/\/www.esportsbets.com\/es\/wp-json\/wp\/v2\/pages\/830\/revisions\/5272"}],"up":[{"embeddable":true,"href":"https:\/\/www.esportsbets.com\/es\/wp-json\/wp\/v2\/pages\/38"}],"wp:featuredmedia":[{"embeddable":true,"href":"https:\/\/www.esportsbets.com\/es\/wp-json\/wp\/v2\/media\/834"}],"wp:attachment":[{"href":"https:\/\/www.esportsbets.com\/es\/wp-json\/wp\/v2\/media?parent=830"}],"curies":[{"name":"wp","href":"https:\/\/api.w.org\/{rel}","templated":true}]}}